{"id":86649,"date":"2026-01-07T15:05:51","date_gmt":"2026-01-07T14:05:51","guid":{"rendered":"https:\/\/amcham.com.al\/young-entrepreneur-innovation-yeic\/"},"modified":"2026-02-23T11:13:14","modified_gmt":"2026-02-23T10:13:14","slug":"sipermarres-te-rinj-dhe-inovacion","status":"publish","type":"page","link":"https:\/\/amcham.com.al\/sq\/sipermarres-te-rinj-dhe-inovacion\/","title":{"rendered":"Te Rinjt\u00eb, Sip\u00ebrmarrja &amp; Inovacioni"},"content":{"rendered":"<p><strong><span>T\u00eb Rinjt\u00eb, Sip\u00ebrmarrja &amp; Inovacioni<\/span><\/strong><\/p>\n<p><span><span><strong>Kryetar &#8211; Klint Berdica<\/strong><\/span><\/span><strong><span>&nbsp;<\/span><\/strong><strong><span>Zv. Kryetar &#8211; Endrit Matraxhiu&nbsp;<\/span><\/strong><strong><span>Zv. Kryetar &#8211; Pranvera Guxho<\/span><\/strong><\/p>\n<p>Komiteti <strong>&#8220;T\u00eb rinjt\u00eb, Sip\u00ebrmarrja<\/strong><b>&amp; Inovacioni<\/b>&#8220;<b>&nbsp;<\/b>&nbsp;i AmCham Albania synon t\u00eb mb\u00ebshtes\u00eb t\u00eb rinjt\u00eb shqiptar\u00eb q\u00eb zhvillojn\u00eb ide dhe iniciativa inovative, duke krijuar nj\u00eb ur\u00eb lidh\u00ebse mes tyre dhe rrjetit transatlantik t\u00eb biznesit. P\u00ebrmes mentorimit, shk\u00ebmbimit t\u00eb njohurive dhe bashk\u00ebpunimit me an\u00ebtar\u00ebt e AmCham dhe partner\u00eb strategjik\u00eb, komiteti kontribuon n\u00eb nd\u00ebrtimin e nj\u00eb ekosistemi q\u00eb promovon inovacionin, integritetin dhe lidershipin.<\/p>\n<p>Gjat\u00eb periudh\u00ebs&nbsp;<b>2025\u20132026<\/b>, Komiteti do t\u00eb zhvilloj\u00eb aktivitete q\u00eb synojn\u00eb fuqizimin profesional t\u00eb t\u00eb rinjve, p\u00ebrmir\u00ebsimin e aft\u00ebsive t\u00eb tyre drejtuese dhe digjitale, si dhe rritjen e mund\u00ebsive p\u00ebr rrjet\u00ebzim dhe bashk\u00ebpunim nd\u00ebrkomb\u00ebtar. Komiteti do t\u00eb angazhohet gjithashtu n\u00eb dialogun me institucionet publike dhe n\u00eb advokimin p\u00ebr politika q\u00eb mb\u00ebshtesin startup-et dhe sip\u00ebrmarrjen inovative n\u00eb Shqip\u00ebri.<\/p>\n<p>P\u00ebrmes eventeve trajnuese, programeve t\u00eb mentorimit dhe iniciativave nd\u00ebrkomb\u00ebtare, YEIC synon t\u00eb krijoj\u00eb nj\u00eb komunitet aktiv dhe t\u00eb q\u00ebndruesh\u00ebm t\u00eb sip\u00ebrmarr\u00ebsve t\u00eb rinj, duke i ndihmuar ata t\u00eb zhvillohen dhe t\u00eb rrisin konkurrueshm\u00ebrin\u00eb e tyre n\u00eb treg.<\/p>\n","protected":false},"excerpt":{"rendered":"<p>T\u00eb Rinjt\u00eb, Sip\u00ebrmarrja &amp; Inovacioni Kryetar &#8211; Klint Berdica&nbsp;Zv. Kryetar &#8211; Endrit Matraxhiu&nbsp;Zv. Kryetar &#8211; Pranvera Guxho Komiteti &#8220;T\u00eb rinjt\u00eb, Sip\u00ebrmarrja&amp; Inovacioni&#8220;&nbsp;&nbsp;i AmCham Albania synon t\u00eb mb\u00ebshtes\u00eb t\u00eb rinjt\u00eb shqiptar\u00eb q\u00eb zhvillojn\u00eb ide dhe iniciativa inovative, duke krijuar nj\u00eb ur\u00eb lidh\u00ebse mes tyre dhe rrjetit transatlantik t\u00eb biznesit. P\u00ebrmes mentorimit, shk\u00ebmbimit t\u00eb njohurive dhe bashk\u00ebpunimit [&hellip;]<\/p>\n","protected":false},"author":16,"featured_media":36849,"parent":0,"menu_order":0,"comment_status":"closed","ping_status":"closed","template":"","meta":{"_acf_changed":false,"_seopress_robots_primary_cat":"","_seopress_titles_title":"AmCham Albania | Tax and Custom Commitee","_seopress_titles_desc":"The committee focuses on tracking and evaluating key updates in tax laws, aiming to keep members informed about tax-related changes and offer specialized guidance in dealings with legislative authorities.","_seopress_robots_index":"","inline_featured_image":false,"footnotes":""},"class_list":["post-86649","page","type-page","status-publish","has-post-thumbnail","hentry","post-wrapper","thrv_wrapper"],"acf":[],"_links":{"self":[{"href":"https:\/\/amcham.com.al\/sq\/wp-json\/wp\/v2\/pages\/86649","targetHints":{"allow":["GET"]}}],"collection":[{"href":"https:\/\/amcham.com.al\/sq\/wp-json\/wp\/v2\/pages"}],"about":[{"href":"https:\/\/amcham.com.al\/sq\/wp-json\/wp\/v2\/types\/page"}],"author":[{"embeddable":true,"href":"https:\/\/amcham.com.al\/sq\/wp-json\/wp\/v2\/users\/16"}],"replies":[{"embeddable":true,"href":"https:\/\/amcham.com.al\/sq\/wp-json\/wp\/v2\/comments?post=86649"}],"version-history":[{"count":0,"href":"https:\/\/amcham.com.al\/sq\/wp-json\/wp\/v2\/pages\/86649\/revisions"}],"wp:featuredmedia":[{"embeddable":true,"href":"https:\/\/amcham.com.al\/sq\/wp-json\/wp\/v2\/media\/36849"}],"wp:attachment":[{"href":"https:\/\/amcham.com.al\/sq\/wp-json\/wp\/v2\/media?parent=86649"}],"curies":[{"name":"wp","href":"https:\/\/api.w.org\/{rel}","templated":true}]}}