{"id":82175,"date":"2025-10-13T15:10:01","date_gmt":"2025-10-13T13:10:01","guid":{"rendered":"https:\/\/amcham.com.al\/?page_id=82175"},"modified":"2025-11-10T12:17:53","modified_gmt":"2025-11-10T11:17:53","slug":"shendetesia","status":"publish","type":"page","link":"https:\/\/amcham.com.al\/sq\/shendetesia\/","title":{"rendered":"Sh\u00ebndet\u00ebsia"},"content":{"rendered":"<p><strong>Komiteti i <b>Sh\u00ebndet\u00ebsis\u00eb<\/b><\/strong><strong><b><strong>Kryetar \u2013&nbsp;<\/strong><\/b><\/strong><strong>Anna Savinkina, La Roche&nbsp;<\/strong><strong><strong>Z\u00ebvend\u00ebskryetar \u2013 Gentiana Peshkatari, Trimed<\/strong><\/strong><\/p>\n<p><b>Q\u00ebllimi dhe Vizioni i Komitetit t\u00eb Sh\u00ebndet\u00ebsis\u00eb<\/b><\/p>\n<p>Komiteti i Sh\u00ebndet\u00ebsis\u00eb synon t\u00eb jet\u00eb nj\u00eb platform\u00eb bashk\u00ebpunimi nd\u00ebrmjet sektorit privat, institucioneve publike dhe aktor\u00ebve t\u00eb tjer\u00eb t\u00eb r\u00ebnd\u00ebsish\u00ebm n\u00eb fush\u00ebn e sh\u00ebndet\u00ebsis\u00eb, me q\u00ebllim p\u00ebrmir\u00ebsimin e sistemeve dhe standardeve sh\u00ebndet\u00ebsore n\u00eb Shqip\u00ebri. Ky komitet luan nj\u00eb rol thelb\u00ebsor n\u00eb promovimin e praktikave t\u00eb mira nd\u00ebrkomb\u00ebtare dhe n\u00eb nxitjen e dialogut konstruktiv p\u00ebr nj\u00eb sistem sh\u00ebndet\u00ebsor m\u00eb efikas dhe m\u00eb t\u00eb q\u00ebndruesh\u00ebm.<\/p>\n<p><b>Q\u00ebllimet kryesore p\u00ebrfshijn\u00eb:<\/b><\/p>\n<ul type=\"disc\">\n<li>Ofrimin e nj\u00eb z\u00ebri t\u00eb unifikuar t\u00eb sektorit privat n\u00eb zhvillimin e politikave sh\u00ebndet\u00ebsore.<\/li>\n<li>Nxitjen e nj\u00eb kuadri ligjor dhe rregullator m\u00eb transparent dhe t\u00eb p\u00ebrputhur me standardet nd\u00ebrkomb\u00ebtare.<\/li>\n<li>Promovimin e inovacionit dhe teknologjive t\u00eb reja n\u00eb sh\u00ebndet\u00ebsi p\u00ebr p\u00ebrmir\u00ebsimin e cil\u00ebsis\u00eb s\u00eb kujdesit sh\u00ebndet\u00ebsor.<\/li>\n<li>Forcimin e bashk\u00ebpunimit publik\u2013privat p\u00ebr t\u00eb rritur aksesin dhe cil\u00ebsin\u00eb e sh\u00ebrbimeve sh\u00ebndet\u00ebsore.<\/li>\n<\/ul>\n<p><b>Vizioni:<\/b>T\u00eb kontribuoj\u00eb n\u00eb nd\u00ebrtimin e nj\u00eb sistemi sh\u00ebndet\u00ebsor modern, t\u00eb q\u00ebndruesh\u00ebm dhe t\u00eb orientuar drejt qytetarit, nj\u00eb sistem q\u00eb mb\u00ebshtet zhvillimin ekonomik dhe social t\u00eb vendit p\u00ebrmes politikave efektive, inovacionit dhe bashk\u00ebpunimit nd\u00ebrsektorial.<\/p>\n<h2 style=\"\">Dokumentet dhe Puna e Komitetit<\/h2>\n<p>Komente mbi projektligjin per taksen mbi pasurine e paluajtshme<\/p>\n<p><!--! Font Awesome Free 6.7.1 by @fontawesome - https:\/\/fontawesome.com License - https:\/\/fontawesome.com\/license\/free (Icons: CC BY 4.0, Fonts: SIL OFL 1.1, Code: MIT License) Copyright 2024 Fonticons, Inc. --><\/p>\n","protected":false},"excerpt":{"rendered":"<p>Komiteti i Sh\u00ebndet\u00ebsis\u00ebKryetar \u2013&nbsp;Anna Savinkina, La Roche&nbsp;Z\u00ebvend\u00ebskryetar \u2013 Gentiana Peshkatari, Trimed Q\u00ebllimi dhe Vizioni i Komitetit t\u00eb Sh\u00ebndet\u00ebsis\u00eb Komiteti i Sh\u00ebndet\u00ebsis\u00eb synon t\u00eb jet\u00eb nj\u00eb platform\u00eb bashk\u00ebpunimi nd\u00ebrmjet sektorit privat, institucioneve publike dhe aktor\u00ebve t\u00eb tjer\u00eb t\u00eb r\u00ebnd\u00ebsish\u00ebm n\u00eb fush\u00ebn e sh\u00ebndet\u00ebsis\u00eb, me q\u00ebllim p\u00ebrmir\u00ebsimin e sistemeve dhe standardeve sh\u00ebndet\u00ebsore n\u00eb Shqip\u00ebri. Ky komitet luan [&hellip;]<\/p>\n","protected":false},"author":15,"featured_media":36849,"parent":0,"menu_order":0,"comment_status":"closed","ping_status":"closed","template":"","meta":{"_acf_changed":false,"_seopress_robots_primary_cat":"","_seopress_titles_title":"AmCham Albania | Tax and Custom Commitee","_seopress_titles_desc":"The committee focuses on tracking and evaluating key updates in tax laws, aiming to keep members informed about tax-related changes and offer specialized guidance in dealings with legislative authorities.","_seopress_robots_index":"","inline_featured_image":false,"footnotes":""},"class_list":["post-82175","page","type-page","status-publish","has-post-thumbnail","hentry","post-wrapper","thrv_wrapper"],"acf":[],"_links":{"self":[{"href":"https:\/\/amcham.com.al\/sq\/wp-json\/wp\/v2\/pages\/82175","targetHints":{"allow":["GET"]}}],"collection":[{"href":"https:\/\/amcham.com.al\/sq\/wp-json\/wp\/v2\/pages"}],"about":[{"href":"https:\/\/amcham.com.al\/sq\/wp-json\/wp\/v2\/types\/page"}],"author":[{"embeddable":true,"href":"https:\/\/amcham.com.al\/sq\/wp-json\/wp\/v2\/users\/15"}],"replies":[{"embeddable":true,"href":"https:\/\/amcham.com.al\/sq\/wp-json\/wp\/v2\/comments?post=82175"}],"version-history":[{"count":0,"href":"https:\/\/amcham.com.al\/sq\/wp-json\/wp\/v2\/pages\/82175\/revisions"}],"wp:featuredmedia":[{"embeddable":true,"href":"https:\/\/amcham.com.al\/sq\/wp-json\/wp\/v2\/media\/36849"}],"wp:attachment":[{"href":"https:\/\/amcham.com.al\/sq\/wp-json\/wp\/v2\/media?parent=82175"}],"curies":[{"name":"wp","href":"https:\/\/api.w.org\/{rel}","templated":true}]}}