{"id":81619,"date":"2020-10-08T17:13:04","date_gmt":"2020-10-08T16:13:04","guid":{"rendered":"https:\/\/amcham.com.al\/media-interviews\/"},"modified":"2025-10-10T12:58:55","modified_gmt":"2025-10-10T11:58:55","slug":"media-interviews-sq","status":"publish","type":"page","link":"https:\/\/amcham.com.al\/sq\/media-interviews-sq\/","title":{"rendered":"Intervista p\u00ebr median"},"content":{"rendered":"<h2>Intervista p\u00ebr median<\/h2>\n<p><a href=\"https:\/\/amcham.com.al\/sq\/presidenti-i-amcham-enio-jaco-dy-investimet-amerikane-shqiperia-do-testohet-vazhdimisht-shqiperia-mundesi-te-fitoje-garen-rajonale\/\" dynamic-postlink=\"tcb_post_the_permalink\" data-shortcode-id=\"30257\"><\/p>\n<p style=\"\">Intervista p\u00ebr median<\/p>\n<p><\/a><\/p>\n<p style=\"\"><span data-attr-date-format=\"j F Y\" data-attr-date-format-select=\"custom\" data-attr-link=\"0\" data-attr-rel=\"0\" data-attr-show-time=\"0\" data-attr-target=\"0\" data-attr-time-format=\"\" data-attr-time-format-select=\"g:i a\" data-attr-type=\"published\" data-extra_key=\"\" data-option-inline=\"1\" data-shortcode=\"tcb_post_published_date\" data-shortcode-name=\"Post date\" style=\"\">24 April 2021 <\/span><\/p>\n<h2 style=\"\"><span data-attr-css=\"tve-u-199a097b4fd\" data-attr-link=\"1\" data-attr-rel=\"0\" data-attr-static-link=\"{&quot;className&quot;:&quot;&quot;,&quot;href&quot;:&quot;https:\/\/amcham.com.al\/sq\/presidenti-i-amcham-enio-jaco-dy-investimet-amerikane-shqiperia-do-testohet-vazhdimisht-shqiperia-mundesi-te-fitoje-garen-rajonale\/&quot;,&quot;title&quot;:&quot;Presidenti i AmCham, Enio Jaco: Dy investimet Amerikane, Shqip\u00ebria do testohet vazhdimisht. Shqip\u00ebria, mund\u00ebsi t\u00eb fitoj\u00eb gar\u00ebn rajonale.&quot;,&quot;data-css&quot;:&quot;tve-u-199a097b4fd&quot;,&quot;class&quot;:&quot;&quot;}\" data-attr-target=\"0\" data-extra_key=\"\" data-option-inline=\"1\" data-shortcode=\"tcb_post_title\" data-shortcode-name=\"Post title\" style=\"\"><a href=\"https:\/\/amcham.com.al\/sq\/presidenti-i-amcham-enio-jaco-dy-investimet-amerikane-shqiperia-do-testohet-vazhdimisht-shqiperia-mundesi-te-fitoje-garen-rajonale\/\" title=\"Presidenti i AmCham, Enio Jaco: Dy investimet Amerikane, Shqip\u00ebria do testohet vazhdimisht. Shqip\u00ebria, mund\u00ebsi t\u00eb fitoj\u00eb gar\u00ebn rajonale.\">Presidenti i AmCham, Enio Jaco: Dy investimet Amerikane, Shqip\u00ebria do testohet vazhdimisht. Shqip\u00ebria, mund\u00ebsi t\u00eb fitoj\u00eb gar\u00ebn rajonale.<\/a><\/span><\/h2>\n<p><a href=\"https:\/\/amcham.com.al\/sq\/presidenti-i-amcham-enio-jaco-dy-investimet-amerikane-shqiperia-do-testohet-vazhdimisht-shqiperia-mundesi-te-fitoje-garen-rajonale\/\" style=\"\"><span><!--! Font Awesome Free 6.7.1 by @fontawesome - https:\/\/fontawesome.com License - https:\/\/fontawesome.com\/license\/free (Icons: CC BY 4.0, Fonts: SIL OFL 1.1, Code: MIT License) Copyright 2024 Fonticons, Inc. --><\/span><span style=\"\"><span style=\"\">View details&nbsp;<\/span><\/span><\/a><a href=\"https:\/\/amcham.com.al\/sq\/presidenti-i-amcham-enio-jaco-skavica-dhe-tec-i-i-vlores-e-kthejne-shqiperine-ne-qender-rajonale-energjie-mundesi-te-tjera-investimesh-nese-adresohen-reformat\/\" dynamic-postlink=\"tcb_post_the_permalink\" data-shortcode-id=\"30257\"><\/p>\n<p style=\"\">Intervista p\u00ebr median<\/p>\n<p><\/a><\/p>\n<p style=\"\"><span data-attr-date-format=\"j F Y\" data-attr-date-format-select=\"custom\" data-attr-link=\"0\" data-attr-rel=\"0\" data-attr-show-time=\"0\" data-attr-target=\"0\" data-attr-time-format=\"\" data-attr-time-format-select=\"g:i a\" data-attr-type=\"published\" data-extra_key=\"\" data-option-inline=\"1\" data-shortcode=\"tcb_post_published_date\" data-shortcode-name=\"Post date\" style=\"\">16 March 2021 <\/span><\/p>\n<h2 style=\"\"><span data-attr-css=\"tve-u-199a097b4fd\" data-attr-link=\"1\" data-attr-rel=\"0\" data-attr-static-link=\"{&quot;className&quot;:&quot;&quot;,&quot;href&quot;:&quot;https:\/\/amcham.com.al\/sq\/presidenti-i-amcham-enio-jaco-dy-investimet-amerikane-shqiperia-do-testohet-vazhdimisht-shqiperia-mundesi-te-fitoje-garen-rajonale\/&quot;,&quot;title&quot;:&quot;Presidenti i AmCham, Enio Jaco: Dy investimet Amerikane, Shqip\u00ebria do testohet vazhdimisht. Shqip\u00ebria, mund\u00ebsi t\u00eb fitoj\u00eb gar\u00ebn rajonale.&quot;,&quot;data-css&quot;:&quot;tve-u-199a097b4fd&quot;,&quot;class&quot;:&quot;&quot;}\" data-attr-target=\"0\" data-extra_key=\"\" data-option-inline=\"1\" data-shortcode=\"tcb_post_title\" data-shortcode-name=\"Post title\" style=\"\"><a href=\"https:\/\/amcham.com.al\/sq\/presidenti-i-amcham-enio-jaco-skavica-dhe-tec-i-i-vlores-e-kthejne-shqiperine-ne-qender-rajonale-energjie-mundesi-te-tjera-investimesh-nese-adresohen-reformat\/\" title=\"Presidenti i AmCham, Enio Jaco: Skavica dhe TEC-i i Vlor\u00ebs e kthejn\u00eb Shqip\u00ebrin\u00eb n\u00eb q\u00ebnd\u00ebr rajonale energjie. Mund\u00ebsi t\u00eb tjera Investimesh n\u00ebse adresohen Reformat\">Presidenti i AmCham, Enio Jaco: Skavica dhe TEC-i i Vlor\u00ebs e kthejn\u00eb Shqip\u00ebrin\u00eb n\u00eb q\u00ebnd\u00ebr rajonale energjie. Mund\u00ebsi t\u00eb tjera Investimesh n\u00ebse adresohen Reformat<\/a><\/span><\/h2>\n<p><a href=\"https:\/\/amcham.com.al\/sq\/presidenti-i-amcham-enio-jaco-skavica-dhe-tec-i-i-vlores-e-kthejne-shqiperine-ne-qender-rajonale-energjie-mundesi-te-tjera-investimesh-nese-adresohen-reformat\/\" style=\"\"><span><!--! Font Awesome Free 6.7.1 by @fontawesome - https:\/\/fontawesome.com License - https:\/\/fontawesome.com\/license\/free (Icons: CC BY 4.0, Fonts: SIL OFL 1.1, Code: MIT License) Copyright 2024 Fonticons, Inc. --><\/span><span style=\"\"><span style=\"\">View details&nbsp;<\/span><\/span><\/a><a href=\"https:\/\/amcham.com.al\/sq\/20-vjetori-amcham-jaco-marreveshja-me-shba-oportunitet-i-madh-per-investimet-amerikane-ne-shqiperi\/\" dynamic-postlink=\"tcb_post_the_permalink\" data-shortcode-id=\"30257\"><\/p>\n<p style=\"\">Intervista p\u00ebr median<\/p>\n<p><\/a><\/p>\n<p style=\"\"><span data-attr-date-format=\"j F Y\" data-attr-date-format-select=\"custom\" data-attr-link=\"0\" data-attr-rel=\"0\" data-attr-show-time=\"0\" data-attr-target=\"0\" data-attr-time-format=\"\" data-attr-time-format-select=\"g:i a\" data-attr-type=\"published\" data-extra_key=\"\" data-option-inline=\"1\" data-shortcode=\"tcb_post_published_date\" data-shortcode-name=\"Post date\" style=\"\">13 October 2020 <\/span><\/p>\n<h2 style=\"\"><span data-attr-css=\"tve-u-199a097b4fd\" data-attr-link=\"1\" data-attr-rel=\"0\" data-attr-static-link=\"{&quot;className&quot;:&quot;&quot;,&quot;href&quot;:&quot;https:\/\/amcham.com.al\/sq\/presidenti-i-amcham-enio-jaco-dy-investimet-amerikane-shqiperia-do-testohet-vazhdimisht-shqiperia-mundesi-te-fitoje-garen-rajonale\/&quot;,&quot;title&quot;:&quot;Presidenti i AmCham, Enio Jaco: Dy investimet Amerikane, Shqip\u00ebria do testohet vazhdimisht. Shqip\u00ebria, mund\u00ebsi t\u00eb fitoj\u00eb gar\u00ebn rajonale.&quot;,&quot;data-css&quot;:&quot;tve-u-199a097b4fd&quot;,&quot;class&quot;:&quot;&quot;}\" data-attr-target=\"0\" data-extra_key=\"\" data-option-inline=\"1\" data-shortcode=\"tcb_post_title\" data-shortcode-name=\"Post title\" style=\"\"><a href=\"https:\/\/amcham.com.al\/sq\/20-vjetori-amcham-jaco-marreveshja-me-shba-oportunitet-i-madh-per-investimet-amerikane-ne-shqiperi\/\" title=\"20 \u2013 Vjetori AmCham. Ja\u00e7o: Marr\u00ebveshja me SHBA, Oportunitet i Madh p\u00ebr Investimet Amerikane n\u00eb Shqip\u00ebri\">20 \u2013 Vjetori AmCham. Ja\u00e7o: Marr\u00ebveshja me SHBA, Oportunitet i Madh p\u00ebr Investimet Amerikane n\u00eb Shqip\u00ebri<\/a><\/span><\/h2>\n<p><a href=\"https:\/\/amcham.com.al\/sq\/20-vjetori-amcham-jaco-marreveshja-me-shba-oportunitet-i-madh-per-investimet-amerikane-ne-shqiperi\/\" style=\"\"><span><!--! Font Awesome Free 6.7.1 by @fontawesome - https:\/\/fontawesome.com License - https:\/\/fontawesome.com\/license\/free (Icons: CC BY 4.0, Fonts: SIL OFL 1.1, Code: MIT License) Copyright 2024 Fonticons, Inc. --><\/span><span style=\"\"><span style=\"\">View details&nbsp;<\/span><\/span><\/a><a href=\"https:\/\/amcham.com.al\/sq\/interviste-e-presidentit-te-dhomes-amerikane-te-tregtise-ne-news24\/\" dynamic-postlink=\"tcb_post_the_permalink\" data-shortcode-id=\"30257\"><\/p>\n<p style=\"\">Intervista p\u00ebr median<\/p>\n<p><\/a><\/p>\n<p style=\"\"><span data-attr-date-format=\"j F Y\" data-attr-date-format-select=\"custom\" data-attr-link=\"0\" data-attr-rel=\"0\" data-attr-show-time=\"0\" data-attr-target=\"0\" data-attr-time-format=\"\" data-attr-time-format-select=\"g:i a\" data-attr-type=\"published\" data-extra_key=\"\" data-option-inline=\"1\" data-shortcode=\"tcb_post_published_date\" data-shortcode-name=\"Post date\" style=\"\">26 April 2020 <\/span><\/p>\n<h2 style=\"\"><span data-attr-css=\"tve-u-199a097b4fd\" data-attr-link=\"1\" data-attr-rel=\"0\" data-attr-static-link=\"{&quot;className&quot;:&quot;&quot;,&quot;href&quot;:&quot;https:\/\/amcham.com.al\/sq\/presidenti-i-amcham-enio-jaco-dy-investimet-amerikane-shqiperia-do-testohet-vazhdimisht-shqiperia-mundesi-te-fitoje-garen-rajonale\/&quot;,&quot;title&quot;:&quot;Presidenti i AmCham, Enio Jaco: Dy investimet Amerikane, Shqip\u00ebria do testohet vazhdimisht. Shqip\u00ebria, mund\u00ebsi t\u00eb fitoj\u00eb gar\u00ebn rajonale.&quot;,&quot;data-css&quot;:&quot;tve-u-199a097b4fd&quot;,&quot;class&quot;:&quot;&quot;}\" data-attr-target=\"0\" data-extra_key=\"\" data-option-inline=\"1\" data-shortcode=\"tcb_post_title\" data-shortcode-name=\"Post title\" style=\"\"><a href=\"https:\/\/amcham.com.al\/sq\/interviste-e-presidentit-te-dhomes-amerikane-te-tregtise-ne-news24\/\" title=\"Intervist\u00eb e Presidentit t\u00eb Dhom\u00ebs Amerikane t\u00eb Tregtis\u00eb n\u00eb News24\">Intervist\u00eb e Presidentit t\u00eb Dhom\u00ebs Amerikane t\u00eb Tregtis\u00eb n\u00eb News24<\/a><\/span><\/h2>\n<p><a href=\"https:\/\/amcham.com.al\/sq\/interviste-e-presidentit-te-dhomes-amerikane-te-tregtise-ne-news24\/\" style=\"\"><span><!--! Font Awesome Free 6.7.1 by @fontawesome - https:\/\/fontawesome.com License - https:\/\/fontawesome.com\/license\/free (Icons: CC BY 4.0, Fonts: SIL OFL 1.1, Code: MIT License) Copyright 2024 Fonticons, Inc. --><\/span><span style=\"\"><span style=\"\">View details&nbsp;<\/span><\/span><\/a><a href=\"https:\/\/amcham.com.al\/sq\/enio-jaco-president-i-dhomes-amerikane-te-tregtise-interviste-per-euronews-albania\/\" dynamic-postlink=\"tcb_post_the_permalink\" data-shortcode-id=\"30257\"><\/p>\n<p style=\"\">Intervista p\u00ebr median<\/p>\n<p><\/a><\/p>\n<p style=\"\"><span data-attr-date-format=\"j F Y\" data-attr-date-format-select=\"custom\" data-attr-link=\"0\" data-attr-rel=\"0\" data-attr-show-time=\"0\" data-attr-target=\"0\" data-attr-time-format=\"\" data-attr-time-format-select=\"g:i a\" data-attr-type=\"published\" data-extra_key=\"\" data-option-inline=\"1\" data-shortcode=\"tcb_post_published_date\" data-shortcode-name=\"Post date\" style=\"\">31 March 2020 <\/span><\/p>\n<h2 style=\"\"><span data-attr-css=\"tve-u-199a097b4fd\" data-attr-link=\"1\" data-attr-rel=\"0\" data-attr-static-link=\"{&quot;className&quot;:&quot;&quot;,&quot;href&quot;:&quot;https:\/\/amcham.com.al\/sq\/presidenti-i-amcham-enio-jaco-dy-investimet-amerikane-shqiperia-do-testohet-vazhdimisht-shqiperia-mundesi-te-fitoje-garen-rajonale\/&quot;,&quot;title&quot;:&quot;Presidenti i AmCham, Enio Jaco: Dy investimet Amerikane, Shqip\u00ebria do testohet vazhdimisht. Shqip\u00ebria, mund\u00ebsi t\u00eb fitoj\u00eb gar\u00ebn rajonale.&quot;,&quot;data-css&quot;:&quot;tve-u-199a097b4fd&quot;,&quot;class&quot;:&quot;&quot;}\" data-attr-target=\"0\" data-extra_key=\"\" data-option-inline=\"1\" data-shortcode=\"tcb_post_title\" data-shortcode-name=\"Post title\" style=\"\"><a href=\"https:\/\/amcham.com.al\/sq\/enio-jaco-president-i-dhomes-amerikane-te-tregtise-interviste-per-euronews-albania\/\" title=\"ENIO JA\u00c7O, PRESIDENT I DHOM\u00cbS AMERIKANE T\u00cb TREGTIS\u00cb INTERVIST\u00cb P\u00cbR EURONEWS ALBANIA\">ENIO JA\u00c7O, PRESIDENT I DHOM\u00cbS AMERIKANE T\u00cb TREGTIS\u00cb INTERVIST\u00cb P\u00cbR EURONEWS ALBANIA<\/a><\/span><\/h2>\n<p><a href=\"https:\/\/amcham.com.al\/sq\/enio-jaco-president-i-dhomes-amerikane-te-tregtise-interviste-per-euronews-albania\/\" style=\"\"><span><!--! Font Awesome Free 6.7.1 by @fontawesome - https:\/\/fontawesome.com License - https:\/\/fontawesome.com\/license\/free (Icons: CC BY 4.0, Fonts: SIL OFL 1.1, Code: MIT License) Copyright 2024 Fonticons, Inc. --><\/span><span style=\"\"><span style=\"\">View details&nbsp;<\/span><\/span><\/a><a href=\"javascript:void(0)\"><span><span>Load More<\/span><\/span><\/a><\/p>\n","protected":false},"excerpt":{"rendered":"<p>Intervista p\u00ebr median Intervista p\u00ebr median 24 April 2021 Presidenti i AmCham, Enio Jaco: Dy investimet Amerikane, Shqip\u00ebria do testohet vazhdimisht. Shqip\u00ebria, mund\u00ebsi t\u00eb fitoj\u00eb gar\u00ebn rajonale. View details&nbsp; Intervista p\u00ebr median 16 March 2021 Presidenti i AmCham, Enio Jaco: Skavica dhe TEC-i i Vlor\u00ebs e kthejn\u00eb Shqip\u00ebrin\u00eb n\u00eb q\u00ebnd\u00ebr rajonale energjie. Mund\u00ebsi t\u00eb tjera [&hellip;]<\/p>\n","protected":false},"author":5,"featured_media":37502,"parent":0,"menu_order":0,"comment_status":"closed","ping_status":"closed","template":"","meta":{"_acf_changed":false,"_seopress_robots_primary_cat":"","_seopress_titles_title":"Media interviews | AmCham Albania","_seopress_titles_desc":"President of AmCham Albania: Two American investments, Albania will be tested continuously. Albania, the chance to win the regional race.","_seopress_robots_index":"","inline_featured_image":false,"footnotes":""},"class_list":["post-81619","page","type-page","status-publish","has-post-thumbnail","hentry","post-wrapper","thrv_wrapper"],"acf":[],"_links":{"self":[{"href":"https:\/\/amcham.com.al\/sq\/wp-json\/wp\/v2\/pages\/81619","targetHints":{"allow":["GET"]}}],"collection":[{"href":"https:\/\/amcham.com.al\/sq\/wp-json\/wp\/v2\/pages"}],"about":[{"href":"https:\/\/amcham.com.al\/sq\/wp-json\/wp\/v2\/types\/page"}],"author":[{"embeddable":true,"href":"https:\/\/amcham.com.al\/sq\/wp-json\/wp\/v2\/users\/5"}],"replies":[{"embeddable":true,"href":"https:\/\/amcham.com.al\/sq\/wp-json\/wp\/v2\/comments?post=81619"}],"version-history":[{"count":0,"href":"https:\/\/amcham.com.al\/sq\/wp-json\/wp\/v2\/pages\/81619\/revisions"}],"wp:featuredmedia":[{"embeddable":true,"href":"https:\/\/amcham.com.al\/sq\/wp-json\/wp\/v2\/media\/37502"}],"wp:attachment":[{"href":"https:\/\/amcham.com.al\/sq\/wp-json\/wp\/v2\/media?parent=81619"}],"curies":[{"name":"wp","href":"https:\/\/api.w.org\/{rel}","templated":true}]}}