{"id":81609,"date":"2020-10-08T17:04:16","date_gmt":"2020-10-08T16:04:16","guid":{"rendered":"https:\/\/amcham.com.al\/press-releases\/"},"modified":"2025-10-10T12:58:04","modified_gmt":"2025-10-10T11:58:04","slug":"press-releases-sq","status":"publish","type":"page","link":"https:\/\/amcham.com.al\/sq\/press-releases-sq\/","title":{"rendered":"Njoftime p\u00ebr shtyp"},"content":{"rendered":"<h2>Njoftime p\u00ebr shtyp<\/h2>\n<p><a href=\"https:\/\/amcham.com.al\/sq\/deklarate-per-shtyp-2\/\" dynamic-postlink=\"tcb_post_the_permalink\" data-shortcode-id=\"76688\"><\/p>\n<p style=\"text-align: center;\">Lajme<\/p>\n<p><\/a><\/p>\n<p style=\"\"><span data-attr-date-format=\"j F Y\" data-attr-date-format-select=\"custom\" data-attr-link=\"0\" data-attr-rel=\"0\" data-attr-show-time=\"0\" data-attr-target=\"0\" data-attr-time-format=\"\" data-attr-time-format-select=\"g:i a\" data-attr-type=\"published\" data-extra_key=\"\" data-option-inline=\"1\" data-shortcode=\"tcb_post_published_date\" data-shortcode-name=\"Post date\" style=\"\">10 July 2025 <\/span><\/p>\n<h2 style=\"\"><span data-attr-css=\"tve-u-17f6fc45a76\" data-attr-link=\"1\" data-attr-rel=\"0\" data-attr-static-link=\"{&quot;className&quot;:&quot;&quot;,&quot;href&quot;:&quot;https:\/\/amcham.com.al\/sq\/deklarate-per-shtyp-2\/&quot;,&quot;title&quot;:&quot;Deklarat\u00eb p\u00ebr Shtyp&quot;,&quot;data-css&quot;:&quot;tve-u-17f6fc45a76&quot;,&quot;class&quot;:&quot;&quot;}\" data-attr-target=\"0\" data-extra_key=\"\" data-option-inline=\"1\" data-shortcode=\"tcb_post_title\" data-shortcode-name=\"Post title\" style=\"\"><a href=\"https:\/\/amcham.com.al\/sq\/deklarate-per-shtyp-2\/\" title=\"Deklarat\u00eb p\u00ebr Shtyp\">Deklarat\u00eb p\u00ebr Shtyp<\/a><\/span><\/h2>\n<p><a href=\"https:\/\/amcham.com.al\/sq\/deklarate-per-shtyp-2\/\" style=\"\"><span><!--! Font Awesome Free 6.7.1 by @fontawesome - https:\/\/fontawesome.com License - https:\/\/fontawesome.com\/license\/free (Icons: CC BY 4.0, Fonts: SIL OFL 1.1, Code: MIT License) Copyright 2024 Fonticons, Inc. --><\/span><span style=\"\"><span style=\"\">View details&nbsp;<\/span><\/span><\/a><a href=\"https:\/\/amcham.com.al\/sq\/miratimi-i-listes-se-barnave-dhe-medikamenteve-nga-keshilli-i-ministrave\/\" dynamic-postlink=\"tcb_post_the_permalink\" data-shortcode-id=\"76688\"><\/p>\n<p style=\"text-align: center;\">Lajme<\/p>\n<p><\/a><\/p>\n<p style=\"\"><span data-attr-date-format=\"j F Y\" data-attr-date-format-select=\"custom\" data-attr-link=\"0\" data-attr-rel=\"0\" data-attr-show-time=\"0\" data-attr-target=\"0\" data-attr-time-format=\"\" data-attr-time-format-select=\"g:i a\" data-attr-type=\"published\" data-extra_key=\"\" data-option-inline=\"1\" data-shortcode=\"tcb_post_published_date\" data-shortcode-name=\"Post date\" style=\"\">29 July 2024 <\/span><\/p>\n<h2 style=\"\"><span data-attr-css=\"tve-u-17f6fc45a76\" data-attr-link=\"1\" data-attr-rel=\"0\" data-attr-static-link=\"{&quot;className&quot;:&quot;&quot;,&quot;href&quot;:&quot;https:\/\/amcham.com.al\/sq\/deklarate-per-shtyp-2\/&quot;,&quot;title&quot;:&quot;Deklarat\u00eb p\u00ebr Shtyp&quot;,&quot;data-css&quot;:&quot;tve-u-17f6fc45a76&quot;,&quot;class&quot;:&quot;&quot;}\" data-attr-target=\"0\" data-extra_key=\"\" data-option-inline=\"1\" data-shortcode=\"tcb_post_title\" data-shortcode-name=\"Post title\" style=\"\"><a href=\"https:\/\/amcham.com.al\/sq\/miratimi-i-listes-se-barnave-dhe-medikamenteve-nga-keshilli-i-ministrave\/\" title=\"Miratimi i List\u00ebs s\u00eb Barnave dhe Medikamenteve nga K\u00ebshilli i Ministrave\">Miratimi i List\u00ebs s\u00eb Barnave dhe Medikamenteve nga K\u00ebshilli i Ministrave<\/a><\/span><\/h2>\n<p><a href=\"https:\/\/amcham.com.al\/sq\/miratimi-i-listes-se-barnave-dhe-medikamenteve-nga-keshilli-i-ministrave\/\" style=\"\"><span><!--! Font Awesome Free 6.7.1 by @fontawesome - https:\/\/fontawesome.com License - https:\/\/fontawesome.com\/license\/free (Icons: CC BY 4.0, Fonts: SIL OFL 1.1, Code: MIT License) Copyright 2024 Fonticons, Inc. --><\/span><span style=\"\"><span style=\"\">View details&nbsp;<\/span><\/span><\/a><a href=\"https:\/\/amcham.com.al\/sq\/deklarate-e-perbashket\/\" dynamic-postlink=\"tcb_post_the_permalink\" data-shortcode-id=\"76688\"><\/p>\n<p style=\"text-align: center;\">Lajme<\/p>\n<p><\/a><\/p>\n<p style=\"\"><span data-attr-date-format=\"j F Y\" data-attr-date-format-select=\"custom\" data-attr-link=\"0\" data-attr-rel=\"0\" data-attr-show-time=\"0\" data-attr-target=\"0\" data-attr-time-format=\"\" data-attr-time-format-select=\"g:i a\" data-attr-type=\"published\" data-extra_key=\"\" data-option-inline=\"1\" data-shortcode=\"tcb_post_published_date\" data-shortcode-name=\"Post date\" style=\"\">20 July 2023 <\/span><\/p>\n<h2 style=\"\"><span data-attr-css=\"tve-u-17f6fc45a76\" data-attr-link=\"1\" data-attr-rel=\"0\" data-attr-static-link=\"{&quot;className&quot;:&quot;&quot;,&quot;href&quot;:&quot;https:\/\/amcham.com.al\/sq\/deklarate-per-shtyp-2\/&quot;,&quot;title&quot;:&quot;Deklarat\u00eb p\u00ebr Shtyp&quot;,&quot;data-css&quot;:&quot;tve-u-17f6fc45a76&quot;,&quot;class&quot;:&quot;&quot;}\" data-attr-target=\"0\" data-extra_key=\"\" data-option-inline=\"1\" data-shortcode=\"tcb_post_title\" data-shortcode-name=\"Post title\" style=\"\"><a href=\"https:\/\/amcham.com.al\/sq\/deklarate-e-perbashket\/\" title=\"Deklarat\u00eb e P\u00ebrbashk\u00ebt\">Deklarat\u00eb e P\u00ebrbashk\u00ebt<\/a><\/span><\/h2>\n<p><a href=\"https:\/\/amcham.com.al\/sq\/deklarate-e-perbashket\/\" style=\"\"><span><!--! Font Awesome Free 6.7.1 by @fontawesome - https:\/\/fontawesome.com License - https:\/\/fontawesome.com\/license\/free (Icons: CC BY 4.0, Fonts: SIL OFL 1.1, Code: MIT License) Copyright 2024 Fonticons, Inc. --><\/span><span style=\"\"><span style=\"\">View details&nbsp;<\/span><\/span><\/a><a href=\"https:\/\/amcham.com.al\/sq\/konferenca-rajonale-per-qytetet-inteligjente-mundesi-drejt-terheqjes-se-investimeve-te-teknologjise-ne-vendet-e-ballkanit\/\" dynamic-postlink=\"tcb_post_the_permalink\" data-shortcode-id=\"76688\"><\/p>\n<p style=\"text-align: center;\">Lajme<\/p>\n<p><\/a><\/p>\n<p style=\"\"><span data-attr-date-format=\"j F Y\" data-attr-date-format-select=\"custom\" data-attr-link=\"0\" data-attr-rel=\"0\" data-attr-show-time=\"0\" data-attr-target=\"0\" data-attr-time-format=\"\" data-attr-time-format-select=\"g:i a\" data-attr-type=\"published\" data-extra_key=\"\" data-option-inline=\"1\" data-shortcode=\"tcb_post_published_date\" data-shortcode-name=\"Post date\" style=\"\">23 September 2022 <\/span><\/p>\n<h2 style=\"\"><span data-attr-css=\"tve-u-17f6fc45a76\" data-attr-link=\"1\" data-attr-rel=\"0\" data-attr-static-link=\"{&quot;className&quot;:&quot;&quot;,&quot;href&quot;:&quot;https:\/\/amcham.com.al\/sq\/deklarate-per-shtyp-2\/&quot;,&quot;title&quot;:&quot;Deklarat\u00eb p\u00ebr Shtyp&quot;,&quot;data-css&quot;:&quot;tve-u-17f6fc45a76&quot;,&quot;class&quot;:&quot;&quot;}\" data-attr-target=\"0\" data-extra_key=\"\" data-option-inline=\"1\" data-shortcode=\"tcb_post_title\" data-shortcode-name=\"Post title\" style=\"\"><a href=\"https:\/\/amcham.com.al\/sq\/konferenca-rajonale-per-qytetet-inteligjente-mundesi-drejt-terheqjes-se-investimeve-te-teknologjise-ne-vendet-e-ballkanit\/\" title=\"Konferenca Rajonale p\u00ebr Qytetet Inteligjente, Mund\u00ebsi drejt T\u00ebrheqjes s\u00eb Investimeve t\u00eb Teknologjis\u00eb n\u00eb Vendet e Ballkanit\">Konferenca Rajonale p\u00ebr Qytetet Inteligjente, Mund\u00ebsi drejt T\u00ebrheqjes s\u00eb Investimeve t\u00eb Teknologjis\u00eb n\u00eb Vendet e Ballkanit<\/a><\/span><\/h2>\n<p><a href=\"https:\/\/amcham.com.al\/sq\/konferenca-rajonale-per-qytetet-inteligjente-mundesi-drejt-terheqjes-se-investimeve-te-teknologjise-ne-vendet-e-ballkanit\/\" style=\"\"><span><!--! Font Awesome Free 6.7.1 by @fontawesome - https:\/\/fontawesome.com License - https:\/\/fontawesome.com\/license\/free (Icons: CC BY 4.0, Fonts: SIL OFL 1.1, Code: MIT License) Copyright 2024 Fonticons, Inc. --><\/span><span style=\"\"><span style=\"\">View details&nbsp;<\/span><\/span><\/a><a href=\"https:\/\/amcham.com.al\/sq\/statement-of-amcham-albania-on-the-draft-low-on-fiscal-amnesty\/\" dynamic-postlink=\"tcb_post_the_permalink\" data-shortcode-id=\"76688\"><\/p>\n<p style=\"text-align: center;\">Lajme<\/p>\n<p><\/a><\/p>\n<p style=\"\"><span data-attr-date-format=\"j F Y\" data-attr-date-format-select=\"custom\" data-attr-link=\"0\" data-attr-rel=\"0\" data-attr-show-time=\"0\" data-attr-target=\"0\" data-attr-time-format=\"\" data-attr-time-format-select=\"g:i a\" data-attr-type=\"published\" data-extra_key=\"\" data-option-inline=\"1\" data-shortcode=\"tcb_post_published_date\" data-shortcode-name=\"Post date\" style=\"\">13 July 2022 <\/span><\/p>\n<h2 style=\"\"><span data-attr-css=\"tve-u-17f6fc45a76\" data-attr-link=\"1\" data-attr-rel=\"0\" data-attr-static-link=\"{&quot;className&quot;:&quot;&quot;,&quot;href&quot;:&quot;https:\/\/amcham.com.al\/sq\/deklarate-per-shtyp-2\/&quot;,&quot;title&quot;:&quot;Deklarat\u00eb p\u00ebr Shtyp&quot;,&quot;data-css&quot;:&quot;tve-u-17f6fc45a76&quot;,&quot;class&quot;:&quot;&quot;}\" data-attr-target=\"0\" data-extra_key=\"\" data-option-inline=\"1\" data-shortcode=\"tcb_post_title\" data-shortcode-name=\"Post title\" style=\"\"><a href=\"https:\/\/amcham.com.al\/sq\/statement-of-amcham-albania-on-the-draft-low-on-fiscal-amnesty\/\" title=\"Statement of AmCham Albania on the draft law on fiscal amnesty\">Statement of AmCham Albania on the draft law on fiscal amnesty<\/a><\/span><\/h2>\n<p><a href=\"https:\/\/amcham.com.al\/sq\/statement-of-amcham-albania-on-the-draft-low-on-fiscal-amnesty\/\" style=\"\"><span><!--! Font Awesome Free 6.7.1 by @fontawesome - https:\/\/fontawesome.com License - https:\/\/fontawesome.com\/license\/free (Icons: CC BY 4.0, Fonts: SIL OFL 1.1, Code: MIT License) Copyright 2024 Fonticons, Inc. --><\/span><span style=\"\"><span style=\"\">View details&nbsp;<\/span><\/span><\/a><a href=\"https:\/\/amcham.com.al\/sq\/organizohet-edicioni-i-21-te-i-asamblese-se-pergjithshme-ne-amcham\/\" dynamic-postlink=\"tcb_post_the_permalink\" data-shortcode-id=\"76688\"><\/p>\n<p style=\"text-align: center;\">Lajme<\/p>\n<p><\/a><\/p>\n<p style=\"\"><span data-attr-date-format=\"j F Y\" data-attr-date-format-select=\"custom\" data-attr-link=\"0\" data-attr-rel=\"0\" data-attr-show-time=\"0\" data-attr-target=\"0\" data-attr-time-format=\"\" data-attr-time-format-select=\"g:i a\" data-attr-type=\"published\" data-extra_key=\"\" data-option-inline=\"1\" data-shortcode=\"tcb_post_published_date\" data-shortcode-name=\"Post date\" style=\"\">15 October 2021 <\/span><\/p>\n<h2 style=\"\"><span data-attr-css=\"tve-u-17f6fc45a76\" data-attr-link=\"1\" data-attr-rel=\"0\" data-attr-static-link=\"{&quot;className&quot;:&quot;&quot;,&quot;href&quot;:&quot;https:\/\/amcham.com.al\/sq\/deklarate-per-shtyp-2\/&quot;,&quot;title&quot;:&quot;Deklarat\u00eb p\u00ebr Shtyp&quot;,&quot;data-css&quot;:&quot;tve-u-17f6fc45a76&quot;,&quot;class&quot;:&quot;&quot;}\" data-attr-target=\"0\" data-extra_key=\"\" data-option-inline=\"1\" data-shortcode=\"tcb_post_title\" data-shortcode-name=\"Post title\" style=\"\"><a href=\"https:\/\/amcham.com.al\/sq\/organizohet-edicioni-i-21-te-i-asamblese-se-pergjithshme-ne-amcham\/\" title=\"Organizohet edicioni i 21-t\u00eb i Asambles\u00eb s\u00eb P\u00ebrgjithshme n\u00eb AmCham\">Organizohet edicioni i 21-t\u00eb i Asambles\u00eb s\u00eb P\u00ebrgjithshme n\u00eb AmCham<\/a><\/span><\/h2>\n<p><a href=\"https:\/\/amcham.com.al\/sq\/organizohet-edicioni-i-21-te-i-asamblese-se-pergjithshme-ne-amcham\/\" style=\"\"><span><!--! Font Awesome Free 6.7.1 by @fontawesome - https:\/\/fontawesome.com License - https:\/\/fontawesome.com\/license\/free (Icons: CC BY 4.0, Fonts: SIL OFL 1.1, Code: MIT License) Copyright 2024 Fonticons, Inc. --><\/span><span style=\"\"><span style=\"\">View details&nbsp;<\/span><\/span><\/a><a href=\"https:\/\/amcham.com.al\/sq\/amcham-publikon-axhenden-e-investimeve-40-rekomandime-per-permiresimin-e-klimes-se-biznesit\/\" dynamic-postlink=\"tcb_post_the_permalink\" data-shortcode-id=\"76688\"><\/p>\n<p style=\"text-align: center;\">Lajme<\/p>\n<p><\/a><\/p>\n<p style=\"\"><span data-attr-date-format=\"j F Y\" data-attr-date-format-select=\"custom\" data-attr-link=\"0\" data-attr-rel=\"0\" data-attr-show-time=\"0\" data-attr-target=\"0\" data-attr-time-format=\"\" data-attr-time-format-select=\"g:i a\" data-attr-type=\"published\" data-extra_key=\"\" data-option-inline=\"1\" data-shortcode=\"tcb_post_published_date\" data-shortcode-name=\"Post date\" style=\"\">28 June 2021 <\/span><\/p>\n<h2 style=\"\"><span data-attr-css=\"tve-u-17f6fc45a76\" data-attr-link=\"1\" data-attr-rel=\"0\" data-attr-static-link=\"{&quot;className&quot;:&quot;&quot;,&quot;href&quot;:&quot;https:\/\/amcham.com.al\/sq\/deklarate-per-shtyp-2\/&quot;,&quot;title&quot;:&quot;Deklarat\u00eb p\u00ebr Shtyp&quot;,&quot;data-css&quot;:&quot;tve-u-17f6fc45a76&quot;,&quot;class&quot;:&quot;&quot;}\" data-attr-target=\"0\" data-extra_key=\"\" data-option-inline=\"1\" data-shortcode=\"tcb_post_title\" data-shortcode-name=\"Post title\" style=\"\"><a href=\"https:\/\/amcham.com.al\/sq\/amcham-publikon-axhenden-e-investimeve-40-rekomandime-per-permiresimin-e-klimes-se-biznesit\/\" title=\"AmCham Publikon Axhend\u00ebn e Investimeve: 40 Rekomandime p\u00ebr P\u00ebrmir\u00ebsimin e Klim\u00ebs s\u00eb Biznesit\">AmCham Publikon Axhend\u00ebn e Investimeve: 40 Rekomandime p\u00ebr P\u00ebrmir\u00ebsimin e Klim\u00ebs s\u00eb Biznesit<\/a><\/span><\/h2>\n<p><a href=\"https:\/\/amcham.com.al\/sq\/amcham-publikon-axhenden-e-investimeve-40-rekomandime-per-permiresimin-e-klimes-se-biznesit\/\" style=\"\"><span><!--! Font Awesome Free 6.7.1 by @fontawesome - https:\/\/fontawesome.com License - https:\/\/fontawesome.com\/license\/free (Icons: CC BY 4.0, Fonts: SIL OFL 1.1, Code: MIT License) Copyright 2024 Fonticons, Inc. --><\/span><span style=\"\"><span style=\"\">View details&nbsp;<\/span><\/span><\/a><a href=\"https:\/\/amcham.com.al\/sq\/konferenca-vjetore-e-dhomes-amerikane-te-tregtise\/\" dynamic-postlink=\"tcb_post_the_permalink\" data-shortcode-id=\"76688\"><\/p>\n<p style=\"text-align: center;\">Lajme<\/p>\n<p><\/a><\/p>\n<p style=\"\"><span data-attr-date-format=\"j F Y\" data-attr-date-format-select=\"custom\" data-attr-link=\"0\" data-attr-rel=\"0\" data-attr-show-time=\"0\" data-attr-target=\"0\" data-attr-time-format=\"\" data-attr-time-format-select=\"g:i a\" data-attr-type=\"published\" data-extra_key=\"\" data-option-inline=\"1\" data-shortcode=\"tcb_post_published_date\" data-shortcode-name=\"Post date\" style=\"\">10 March 2021 <\/span><\/p>\n<h2 style=\"\"><span data-attr-css=\"tve-u-17f6fc45a76\" data-attr-link=\"1\" data-attr-rel=\"0\" data-attr-static-link=\"{&quot;className&quot;:&quot;&quot;,&quot;href&quot;:&quot;https:\/\/amcham.com.al\/sq\/deklarate-per-shtyp-2\/&quot;,&quot;title&quot;:&quot;Deklarat\u00eb p\u00ebr Shtyp&quot;,&quot;data-css&quot;:&quot;tve-u-17f6fc45a76&quot;,&quot;class&quot;:&quot;&quot;}\" data-attr-target=\"0\" data-extra_key=\"\" data-option-inline=\"1\" data-shortcode=\"tcb_post_title\" data-shortcode-name=\"Post title\" style=\"\"><a href=\"https:\/\/amcham.com.al\/sq\/konferenca-vjetore-e-dhomes-amerikane-te-tregtise\/\" title=\"Dhoma Amerikane mbi 40 rekomandime p\u00ebr Klim\u00ebn e Biznesit, Presidenti Ja\u00e7o: Do monitorojm\u00eb votat e deputet\u00ebve\">Dhoma Amerikane mbi 40 rekomandime p\u00ebr Klim\u00ebn e Biznesit, Presidenti Ja\u00e7o: Do monitorojm\u00eb votat e deputet\u00ebve<\/a><\/span><\/h2>\n<p><a href=\"https:\/\/amcham.com.al\/sq\/konferenca-vjetore-e-dhomes-amerikane-te-tregtise\/\" style=\"\"><span><!--! Font Awesome Free 6.7.1 by @fontawesome - https:\/\/fontawesome.com License - https:\/\/fontawesome.com\/license\/free (Icons: CC BY 4.0, Fonts: SIL OFL 1.1, Code: MIT License) Copyright 2024 Fonticons, Inc. --><\/span><span style=\"\"><span style=\"\">View details&nbsp;<\/span><\/span><\/a><a href=\"https:\/\/amcham.com.al\/sq\/dhoma-amerikane-feston-20-vjetorin-e-themelimit-dhe-zgjedh-me-votim-elektronik-strukturat-e-reja-ekzekutive\/\" dynamic-postlink=\"tcb_post_the_permalink\" data-shortcode-id=\"76688\"><\/p>\n<p style=\"text-align: center;\">Lajme<\/p>\n<p><\/a><\/p>\n<p style=\"\"><span data-attr-date-format=\"j F Y\" data-attr-date-format-select=\"custom\" data-attr-link=\"0\" data-attr-rel=\"0\" data-attr-show-time=\"0\" data-attr-target=\"0\" data-attr-time-format=\"\" data-attr-time-format-select=\"g:i a\" data-attr-type=\"published\" data-extra_key=\"\" data-option-inline=\"1\" data-shortcode=\"tcb_post_published_date\" data-shortcode-name=\"Post date\" style=\"\">16 October 2020 <\/span><\/p>\n<h2 style=\"\"><span data-attr-css=\"tve-u-17f6fc45a76\" data-attr-link=\"1\" data-attr-rel=\"0\" data-attr-static-link=\"{&quot;className&quot;:&quot;&quot;,&quot;href&quot;:&quot;https:\/\/amcham.com.al\/sq\/deklarate-per-shtyp-2\/&quot;,&quot;title&quot;:&quot;Deklarat\u00eb p\u00ebr Shtyp&quot;,&quot;data-css&quot;:&quot;tve-u-17f6fc45a76&quot;,&quot;class&quot;:&quot;&quot;}\" data-attr-target=\"0\" data-extra_key=\"\" data-option-inline=\"1\" data-shortcode=\"tcb_post_title\" data-shortcode-name=\"Post title\" style=\"\"><a href=\"https:\/\/amcham.com.al\/sq\/dhoma-amerikane-feston-20-vjetorin-e-themelimit-dhe-zgjedh-me-votim-elektronik-strukturat-e-reja-ekzekutive\/\" title=\"Dhoma Amerikane feston 20-vjetorin e Themelimit dhe Zgjedh me Votim Elektronik Strukturat e Reja Ekzekutive\">Dhoma Amerikane feston 20-vjetorin e Themelimit dhe Zgjedh me Votim Elektronik Strukturat e Reja Ekzekutive<\/a><\/span><\/h2>\n<p><a href=\"https:\/\/amcham.com.al\/sq\/dhoma-amerikane-feston-20-vjetorin-e-themelimit-dhe-zgjedh-me-votim-elektronik-strukturat-e-reja-ekzekutive\/\" style=\"\"><span><!--! Font Awesome Free 6.7.1 by @fontawesome - https:\/\/fontawesome.com License - https:\/\/fontawesome.com\/license\/free (Icons: CC BY 4.0, Fonts: SIL OFL 1.1, Code: MIT License) Copyright 2024 Fonticons, Inc. --><\/span><span style=\"\"><span style=\"\">View details&nbsp;<\/span><\/span><\/a><a href=\"https:\/\/amcham.com.al\/sq\/nje-identitet-i-ri-i-markes-ne-prag-te-20-vjetorit\/\" dynamic-postlink=\"tcb_post_the_permalink\" data-shortcode-id=\"76688\"><\/p>\n<p style=\"text-align: center;\">Lajme<\/p>\n<p><\/a><\/p>\n<p style=\"\"><span data-attr-date-format=\"j F Y\" data-attr-date-format-select=\"custom\" data-attr-link=\"0\" data-attr-rel=\"0\" data-attr-show-time=\"0\" data-attr-target=\"0\" data-attr-time-format=\"\" data-attr-time-format-select=\"g:i a\" data-attr-type=\"published\" data-extra_key=\"\" data-option-inline=\"1\" data-shortcode=\"tcb_post_published_date\" data-shortcode-name=\"Post date\" style=\"\">10 October 2020 <\/span><\/p>\n<h2 style=\"\"><span data-attr-css=\"tve-u-17f6fc45a76\" data-attr-link=\"1\" data-attr-rel=\"0\" data-attr-static-link=\"{&quot;className&quot;:&quot;&quot;,&quot;href&quot;:&quot;https:\/\/amcham.com.al\/sq\/deklarate-per-shtyp-2\/&quot;,&quot;title&quot;:&quot;Deklarat\u00eb p\u00ebr Shtyp&quot;,&quot;data-css&quot;:&quot;tve-u-17f6fc45a76&quot;,&quot;class&quot;:&quot;&quot;}\" data-attr-target=\"0\" data-extra_key=\"\" data-option-inline=\"1\" data-shortcode=\"tcb_post_title\" data-shortcode-name=\"Post title\" style=\"\"><a href=\"https:\/\/amcham.com.al\/sq\/nje-identitet-i-ri-i-markes-ne-prag-te-20-vjetorit\/\" title=\"Nj\u00eb identitet i ri i mark\u00ebs n\u00eb prag t\u00eb 20 vjetorit\">Nj\u00eb identitet i ri i mark\u00ebs n\u00eb prag t\u00eb 20 vjetorit<\/a><\/span><\/h2>\n<p><a href=\"https:\/\/amcham.com.al\/sq\/nje-identitet-i-ri-i-markes-ne-prag-te-20-vjetorit\/\" style=\"\"><span><!--! Font Awesome Free 6.7.1 by @fontawesome - https:\/\/fontawesome.com License - https:\/\/fontawesome.com\/license\/free (Icons: CC BY 4.0, Fonts: SIL OFL 1.1, Code: MIT License) Copyright 2024 Fonticons, Inc. --><\/span><span style=\"\"><span style=\"\">View details&nbsp;<\/span><\/span><\/a><a href=\"https:\/\/amcham.com.al\/sq\/deklarate-per-shtyp-e-amcham-anketa-e-papunesise\/\" dynamic-postlink=\"tcb_post_the_permalink\" data-shortcode-id=\"76688\"><\/p>\n<p style=\"text-align: center;\">Lajme<\/p>\n<p><\/a><\/p>\n<p style=\"\"><span data-attr-date-format=\"j F Y\" data-attr-date-format-select=\"custom\" data-attr-link=\"0\" data-attr-rel=\"0\" data-attr-show-time=\"0\" data-attr-target=\"0\" data-attr-time-format=\"\" data-attr-time-format-select=\"g:i a\" data-attr-type=\"published\" data-extra_key=\"\" data-option-inline=\"1\" data-shortcode=\"tcb_post_published_date\" data-shortcode-name=\"Post date\" style=\"\">21 April 2020 <\/span><\/p>\n<h2 style=\"\"><span data-attr-css=\"tve-u-17f6fc45a76\" data-attr-link=\"1\" data-attr-rel=\"0\" data-attr-static-link=\"{&quot;className&quot;:&quot;&quot;,&quot;href&quot;:&quot;https:\/\/amcham.com.al\/sq\/deklarate-per-shtyp-2\/&quot;,&quot;title&quot;:&quot;Deklarat\u00eb p\u00ebr Shtyp&quot;,&quot;data-css&quot;:&quot;tve-u-17f6fc45a76&quot;,&quot;class&quot;:&quot;&quot;}\" data-attr-target=\"0\" data-extra_key=\"\" data-option-inline=\"1\" data-shortcode=\"tcb_post_title\" data-shortcode-name=\"Post title\" style=\"\"><a href=\"https:\/\/amcham.com.al\/sq\/deklarate-per-shtyp-e-amcham-anketa-e-papunesise\/\" title=\"Deklarat\u00eb p\u00ebr shtyp e AmCham \u2013 Anketa e Papun\u00ebsis\u00eb\">Deklarat\u00eb p\u00ebr shtyp e AmCham \u2013 Anketa e Papun\u00ebsis\u00eb<\/a><\/span><\/h2>\n<p><a href=\"https:\/\/amcham.com.al\/sq\/deklarate-per-shtyp-e-amcham-anketa-e-papunesise\/\" style=\"\"><span><!--! Font Awesome Free 6.7.1 by @fontawesome - https:\/\/fontawesome.com License - https:\/\/fontawesome.com\/license\/free (Icons: CC BY 4.0, Fonts: SIL OFL 1.1, Code: MIT License) Copyright 2024 Fonticons, Inc. --><\/span><span style=\"\"><span style=\"\">View details&nbsp;<\/span><\/span><\/a><a href=\"https:\/\/amcham.com.al\/sq\/deklarate-per-shtyp-pandemia-globale-e-covid-19\/\" dynamic-postlink=\"tcb_post_the_permalink\" data-shortcode-id=\"76688\"><\/p>\n<p style=\"text-align: center;\">Lajme<\/p>\n<p><\/a><\/p>\n<p style=\"\"><span data-attr-date-format=\"j F Y\" data-attr-date-format-select=\"custom\" data-attr-link=\"0\" data-attr-rel=\"0\" data-attr-show-time=\"0\" data-attr-target=\"0\" data-attr-time-format=\"\" data-attr-time-format-select=\"g:i a\" data-attr-type=\"published\" data-extra_key=\"\" data-option-inline=\"1\" data-shortcode=\"tcb_post_published_date\" data-shortcode-name=\"Post date\" style=\"\">17 March 2020 <\/span><\/p>\n<h2 style=\"\"><span data-attr-css=\"tve-u-17f6fc45a76\" data-attr-link=\"1\" data-attr-rel=\"0\" data-attr-static-link=\"{&quot;className&quot;:&quot;&quot;,&quot;href&quot;:&quot;https:\/\/amcham.com.al\/sq\/deklarate-per-shtyp-2\/&quot;,&quot;title&quot;:&quot;Deklarat\u00eb p\u00ebr Shtyp&quot;,&quot;data-css&quot;:&quot;tve-u-17f6fc45a76&quot;,&quot;class&quot;:&quot;&quot;}\" data-attr-target=\"0\" data-extra_key=\"\" data-option-inline=\"1\" data-shortcode=\"tcb_post_title\" data-shortcode-name=\"Post title\" style=\"\"><a href=\"https:\/\/amcham.com.al\/sq\/deklarate-per-shtyp-pandemia-globale-e-covid-19\/\" title=\"Deklarat\u00eb p\u00ebr shtyp \u2013 pandemia globale e COVID \u2013 19\">Deklarat\u00eb p\u00ebr shtyp \u2013 pandemia globale e COVID \u2013 19<\/a><\/span><\/h2>\n<p><a href=\"https:\/\/amcham.com.al\/sq\/deklarate-per-shtyp-pandemia-globale-e-covid-19\/\" style=\"\"><span><!--! Font Awesome Free 6.7.1 by @fontawesome - https:\/\/fontawesome.com License - https:\/\/fontawesome.com\/license\/free (Icons: CC BY 4.0, Fonts: SIL OFL 1.1, Code: MIT License) Copyright 2024 Fonticons, Inc. --><\/span><span style=\"\"><span style=\"\">View details&nbsp;<\/span><\/span><\/a><a href=\"javascript:void(0)\"><span><span>Load More<\/span><\/span><\/a><\/p>\n","protected":false},"excerpt":{"rendered":"<p>Njoftime p\u00ebr shtyp Lajme 10 July 2025 Deklarat\u00eb p\u00ebr Shtyp View details&nbsp; Lajme 29 July 2024 Miratimi i List\u00ebs s\u00eb Barnave dhe Medikamenteve nga K\u00ebshilli i Ministrave View details&nbsp; Lajme 20 July 2023 Deklarat\u00eb e P\u00ebrbashk\u00ebt View details&nbsp; Lajme 23 September 2022 Konferenca Rajonale p\u00ebr Qytetet Inteligjente, Mund\u00ebsi drejt T\u00ebrheqjes s\u00eb Investimeve t\u00eb Teknologjis\u00eb n\u00eb [&hellip;]<\/p>\n","protected":false},"author":5,"featured_media":38779,"parent":0,"menu_order":0,"comment_status":"closed","ping_status":"closed","template":"","meta":{"_acf_changed":false,"_seopress_robots_primary_cat":"","_seopress_titles_title":"Press Releases | AmCham Albania","_seopress_titles_desc":"Stay informed with business news from AmCham Albania and press release covering business insights, investment opportunities, and developments.","_seopress_robots_index":"","inline_featured_image":false,"footnotes":""},"class_list":["post-81609","page","type-page","status-publish","has-post-thumbnail","hentry","post-wrapper","thrv_wrapper"],"acf":[],"_links":{"self":[{"href":"https:\/\/amcham.com.al\/sq\/wp-json\/wp\/v2\/pages\/81609","targetHints":{"allow":["GET"]}}],"collection":[{"href":"https:\/\/amcham.com.al\/sq\/wp-json\/wp\/v2\/pages"}],"about":[{"href":"https:\/\/amcham.com.al\/sq\/wp-json\/wp\/v2\/types\/page"}],"author":[{"embeddable":true,"href":"https:\/\/amcham.com.al\/sq\/wp-json\/wp\/v2\/users\/5"}],"replies":[{"embeddable":true,"href":"https:\/\/amcham.com.al\/sq\/wp-json\/wp\/v2\/comments?post=81609"}],"version-history":[{"count":0,"href":"https:\/\/amcham.com.al\/sq\/wp-json\/wp\/v2\/pages\/81609\/revisions"}],"wp:featuredmedia":[{"embeddable":true,"href":"https:\/\/amcham.com.al\/sq\/wp-json\/wp\/v2\/media\/38779"}],"wp:attachment":[{"href":"https:\/\/amcham.com.al\/sq\/wp-json\/wp\/v2\/media?parent=81609"}],"curies":[{"name":"wp","href":"https:\/\/api.w.org\/{rel}","templated":true}]}}