{"id":81564,"date":"2021-02-05T10:37:48","date_gmt":"2021-02-05T09:37:48","guid":{"rendered":"https:\/\/amcham.com.al\/we-lobby\/"},"modified":"2025-10-08T16:50:51","modified_gmt":"2025-10-08T15:50:51","slug":"we-lobby-sq","status":"publish","type":"page","link":"https:\/\/amcham.com.al\/sq\/we-lobby-sq\/","title":{"rendered":"We Advocate"},"content":{"rendered":"<h3 style=\"\">We Advocate Shqip<\/h3>\n<p style=\"\">Propozim AmCham Paketa Fiskale 2019<\/p>\n<p><a href=\"https:\/\/amcham.com.al\/wp-content\/uploads\/2020\/10\/Propozim-AmCham-Paketa-Fiskale-2019.doc\"><!--! Font Awesome Free 6.7.1 by @fontawesome - https:\/\/fontawesome.com License - https:\/\/fontawesome.com\/license\/free (Icons: CC BY 4.0, Fonts: SIL OFL 1.1, Code: MIT License) Copyright 2024 Fonticons, Inc. --><\/a><\/p>\n<p style=\"\">Komente per project-ligji per faturen dhe sistemin e monitorimit te qarkullimit<\/p>\n<p><a href=\"https:\/\/amcham.com.al\/wp-content\/uploads\/2020\/10\/Komente-per-projekt-ligji-per-faturen-dhe-sistemin-e-monitorimit-te-qarkullimit.docx\"><!--! Font Awesome Free 6.7.1 by @fontawesome - https:\/\/fontawesome.com License - https:\/\/fontawesome.com\/license\/free (Icons: CC BY 4.0, Fonts: SIL OFL 1.1, Code: MIT License) Copyright 2024 Fonticons, Inc. --><\/a><\/p>\n<p style=\"\">Komente te Dhomes Amerikane te Tregtise lidhur me Paketen Fiskale 2020<\/p>\n<p><a href=\"https:\/\/amcham.com.al\/wp-content\/uploads\/2020\/10\/Komente-te-Dhomes-Amerikane-te-Tregtise-lidhur-me-Paketen-Fiskale-2020.docx\"><!--! Font Awesome Free 6.7.1 by @fontawesome - https:\/\/fontawesome.com License - https:\/\/fontawesome.com\/license\/free (Icons: CC BY 4.0, Fonts: SIL OFL 1.1, Code: MIT License) Copyright 2024 Fonticons, Inc. --><\/a><\/p>\n<h2 style=\"\">Latest lobbying activities<\/h2>\n<p><a href=\"https:\/\/amcham.com.al\/sq\/dhoma-amerikane-diskuton-me-doganat-per-problematikat-e-biznesit\/\" dynamic-postlink=\"tcb_post_the_permalink\" data-shortcode-id=\"25428\" tabindex=\"0\"><\/p>\n<p style=\"padding-bottom: 0px !important; margin-bottom: 0px !important;\">Lobbying activities<\/p>\n<p><\/a><\/p>\n<p style=\"\"><span data-attr-date-format=\"j F Y\" data-attr-date-format-select=\"custom\" data-attr-link=\"0\" data-attr-rel=\"0\" data-attr-show-time=\"0\" data-attr-target=\"0\" data-attr-time-format=\"\" data-attr-time-format-select=\"g:i a\" data-attr-type=\"published\" data-extra_key=\"\" data-option-inline=\"1\" data-shortcode=\"tcb_post_published_date\" data-shortcode-name=\"Post date\" style=\"\">4 February 2021 <\/span><\/p>\n<h2 style=\"\"><span data-attr-css=\"tve-u-199b9f980f7\" data-attr-link=\"1\" data-attr-rel=\"0\" data-attr-static-link=\"{&quot;className&quot;:&quot;&quot;,&quot;href&quot;:&quot;https:\/\/amcham.com.al\/sq\/dhoma-amerikane-diskuton-me-doganat-per-problematikat-e-biznesit\/&quot;,&quot;title&quot;:&quot;Dhoma Amerikane diskuton me doganat p\u00ebr problematikat e biznesit&quot;,&quot;data-css&quot;:&quot;tve-u-199b9f980f7&quot;,&quot;class&quot;:&quot;&quot;,&quot;tabindex&quot;:&quot;0&quot;}\" data-attr-target=\"0\" data-extra_key=\"\" data-option-inline=\"1\" data-shortcode=\"tcb_post_title\" data-shortcode-name=\"Post title\" style=\"\"><a href=\"https:\/\/amcham.com.al\/sq\/dhoma-amerikane-diskuton-me-doganat-per-problematikat-e-biznesit\/\" title=\"Dhoma Amerikane diskuton me doganat p\u00ebr problematikat e biznesit\">Dhoma Amerikane diskuton me doganat p\u00ebr problematikat e biznesit<\/a><\/span><\/h2>\n<p><a href=\"https:\/\/amcham.com.al\/sq\/dhoma-amerikane-diskuton-me-doganat-per-problematikat-e-biznesit\/\" style=\"\" tabindex=\"0\"><span><!--! Font Awesome Free 6.7.1 by @fontawesome - https:\/\/fontawesome.com License - https:\/\/fontawesome.com\/license\/free (Icons: CC BY 4.0, Fonts: SIL OFL 1.1, Code: MIT License) Copyright 2024 Fonticons, Inc. --><\/span><span style=\"\"><span style=\"\">View details&nbsp;<\/span><\/span><\/a><a href=\"https:\/\/amcham.com.al\/sq\/fiskalizimi-ne-fokus-te-eksperteve\/\" dynamic-postlink=\"tcb_post_the_permalink\" data-shortcode-id=\"25428\" tabindex=\"0\"><\/p>\n<p style=\"padding-bottom: 0px !important; margin-bottom: 0px !important;\">Lobbying activities<\/p>\n<p><\/a><\/p>\n<p style=\"\"><span data-attr-date-format=\"j F Y\" data-attr-date-format-select=\"custom\" data-attr-link=\"0\" data-attr-rel=\"0\" data-attr-show-time=\"0\" data-attr-target=\"0\" data-attr-time-format=\"\" data-attr-time-format-select=\"g:i a\" data-attr-type=\"published\" data-extra_key=\"\" data-option-inline=\"1\" data-shortcode=\"tcb_post_published_date\" data-shortcode-name=\"Post date\" style=\"\">27 January 2021 <\/span><\/p>\n<h2 style=\"\"><span data-attr-css=\"tve-u-199b9f980f7\" data-attr-link=\"1\" data-attr-rel=\"0\" data-attr-static-link=\"{&quot;className&quot;:&quot;&quot;,&quot;href&quot;:&quot;https:\/\/amcham.com.al\/sq\/dhoma-amerikane-diskuton-me-doganat-per-problematikat-e-biznesit\/&quot;,&quot;title&quot;:&quot;Dhoma Amerikane diskuton me doganat p\u00ebr problematikat e biznesit&quot;,&quot;data-css&quot;:&quot;tve-u-199b9f980f7&quot;,&quot;class&quot;:&quot;&quot;,&quot;tabindex&quot;:&quot;0&quot;}\" data-attr-target=\"0\" data-extra_key=\"\" data-option-inline=\"1\" data-shortcode=\"tcb_post_title\" data-shortcode-name=\"Post title\" style=\"\"><a href=\"https:\/\/amcham.com.al\/sq\/fiskalizimi-ne-fokus-te-eksperteve\/\" title=\"Fiskalizimi n\u00eb fokus t\u00eb ekspert\u00ebve\">Fiskalizimi n\u00eb fokus t\u00eb ekspert\u00ebve<\/a><\/span><\/h2>\n<p><a href=\"https:\/\/amcham.com.al\/sq\/fiskalizimi-ne-fokus-te-eksperteve\/\" style=\"\" tabindex=\"0\"><span><!--! Font Awesome Free 6.7.1 by @fontawesome - https:\/\/fontawesome.com License - https:\/\/fontawesome.com\/license\/free (Icons: CC BY 4.0, Fonts: SIL OFL 1.1, Code: MIT License) Copyright 2024 Fonticons, Inc. --><\/span><span style=\"\"><span style=\"\">View details&nbsp;<\/span><\/span><\/a><a href=\"https:\/\/amcham.com.al\/sq\/amcham-dhe-facilization-flasin-per-automatizim-dhe-digjitalizim-te-proceseve-te-biznesit\/\" dynamic-postlink=\"tcb_post_the_permalink\" data-shortcode-id=\"25428\" tabindex=\"0\"><\/p>\n<p style=\"padding-bottom: 0px !important; margin-bottom: 0px !important;\">Lobbying activities<\/p>\n<p><\/a><\/p>\n<p style=\"\"><span data-attr-date-format=\"j F Y\" data-attr-date-format-select=\"custom\" data-attr-link=\"0\" data-attr-rel=\"0\" data-attr-show-time=\"0\" data-attr-target=\"0\" data-attr-time-format=\"\" data-attr-time-format-select=\"g:i a\" data-attr-type=\"published\" data-extra_key=\"\" data-option-inline=\"1\" data-shortcode=\"tcb_post_published_date\" data-shortcode-name=\"Post date\" style=\"\">18 December 2020 <\/span><\/p>\n<h2 style=\"\"><span data-attr-css=\"tve-u-199b9f980f7\" data-attr-link=\"1\" data-attr-rel=\"0\" data-attr-static-link=\"{&quot;className&quot;:&quot;&quot;,&quot;href&quot;:&quot;https:\/\/amcham.com.al\/sq\/dhoma-amerikane-diskuton-me-doganat-per-problematikat-e-biznesit\/&quot;,&quot;title&quot;:&quot;Dhoma Amerikane diskuton me doganat p\u00ebr problematikat e biznesit&quot;,&quot;data-css&quot;:&quot;tve-u-199b9f980f7&quot;,&quot;class&quot;:&quot;&quot;,&quot;tabindex&quot;:&quot;0&quot;}\" data-attr-target=\"0\" data-extra_key=\"\" data-option-inline=\"1\" data-shortcode=\"tcb_post_title\" data-shortcode-name=\"Post title\" style=\"\"><a href=\"https:\/\/amcham.com.al\/sq\/amcham-dhe-facilization-flasin-per-automatizim-dhe-digjitalizim-te-proceseve-te-biznesit\/\" title=\"AmCham dhe Facilization flasin p\u00ebr: Automatizim dhe digjitalizim t\u00eb pro\u00e7eseve t\u00eb biznesit\">AmCham dhe Facilization flasin p\u00ebr: Automatizim dhe digjitalizim t\u00eb pro\u00e7eseve t\u00eb biznesit<\/a><\/span><\/h2>\n<p><a href=\"https:\/\/amcham.com.al\/sq\/amcham-dhe-facilization-flasin-per-automatizim-dhe-digjitalizim-te-proceseve-te-biznesit\/\" style=\"\" tabindex=\"0\"><span><!--! Font Awesome Free 6.7.1 by @fontawesome - https:\/\/fontawesome.com License - https:\/\/fontawesome.com\/license\/free (Icons: CC BY 4.0, Fonts: SIL OFL 1.1, Code: MIT License) Copyright 2024 Fonticons, Inc. --><\/span><span style=\"\"><span style=\"\">View details&nbsp;<\/span><\/span><\/a><a href=\"https:\/\/amcham.com.al\/sq\/leterleter-e-amcham-lidhur-me-masat-ekonomike-covid-19-e-amcham-lidhur-me-masat-ekonomike-covid-19-amcham-letter-on-government-actions-related-to-covid-19-2\/\" dynamic-postlink=\"tcb_post_the_permalink\" data-shortcode-id=\"25428\" tabindex=\"0\"><\/p>\n<p style=\"padding-bottom: 0px !important; margin-bottom: 0px !important;\">Lobbying activities<\/p>\n<p><\/a><\/p>\n<p style=\"\"><span data-attr-date-format=\"j F Y\" data-attr-date-format-select=\"custom\" data-attr-link=\"0\" data-attr-rel=\"0\" data-attr-show-time=\"0\" data-attr-target=\"0\" data-attr-time-format=\"\" data-attr-time-format-select=\"g:i a\" data-attr-type=\"published\" data-extra_key=\"\" data-option-inline=\"1\" data-shortcode=\"tcb_post_published_date\" data-shortcode-name=\"Post date\" style=\"\">8 April 2020 <\/span><\/p>\n<h2 style=\"\"><span data-attr-css=\"tve-u-199b9f980f7\" data-attr-link=\"1\" data-attr-rel=\"0\" data-attr-static-link=\"{&quot;className&quot;:&quot;&quot;,&quot;href&quot;:&quot;https:\/\/amcham.com.al\/sq\/dhoma-amerikane-diskuton-me-doganat-per-problematikat-e-biznesit\/&quot;,&quot;title&quot;:&quot;Dhoma Amerikane diskuton me doganat p\u00ebr problematikat e biznesit&quot;,&quot;data-css&quot;:&quot;tve-u-199b9f980f7&quot;,&quot;class&quot;:&quot;&quot;,&quot;tabindex&quot;:&quot;0&quot;}\" data-attr-target=\"0\" data-extra_key=\"\" data-option-inline=\"1\" data-shortcode=\"tcb_post_title\" data-shortcode-name=\"Post title\" style=\"\"><a href=\"https:\/\/amcham.com.al\/sq\/leterleter-e-amcham-lidhur-me-masat-ekonomike-covid-19-e-amcham-lidhur-me-masat-ekonomike-covid-19-amcham-letter-on-government-actions-related-to-covid-19-2\/\" title=\"Let\u00ebr e AmCham lidhur me masat ekonomike COVID-19\">Let\u00ebr e AmCham lidhur me masat ekonomike COVID-19<\/a><\/span><\/h2>\n<p><a href=\"https:\/\/amcham.com.al\/sq\/leterleter-e-amcham-lidhur-me-masat-ekonomike-covid-19-e-amcham-lidhur-me-masat-ekonomike-covid-19-amcham-letter-on-government-actions-related-to-covid-19-2\/\" style=\"\" tabindex=\"0\"><span><!--! Font Awesome Free 6.7.1 by @fontawesome - https:\/\/fontawesome.com License - https:\/\/fontawesome.com\/license\/free (Icons: CC BY 4.0, Fonts: SIL OFL 1.1, Code: MIT License) Copyright 2024 Fonticons, Inc. --><\/span><span style=\"\"><span style=\"\">View details&nbsp;<\/span><\/span><\/a><a href=\"javascript:void(0)\"><span><span> Load More <\/span><\/span><\/a><\/p>\n","protected":false},"excerpt":{"rendered":"<p>We Advocate Shqip Propozim AmCham Paketa Fiskale 2019 Komente per project-ligji per faturen dhe sistemin e monitorimit te qarkullimit Komente te Dhomes Amerikane te Tregtise lidhur me Paketen Fiskale 2020 Latest lobbying activities Lobbying activities 4 February 2021 Dhoma Amerikane diskuton me doganat p\u00ebr problematikat e biznesit View details&nbsp; Lobbying activities 27 January 2021 Fiskalizimi [&hellip;]<\/p>\n","protected":false},"author":5,"featured_media":38812,"parent":0,"menu_order":0,"comment_status":"closed","ping_status":"closed","template":"","meta":{"_acf_changed":false,"_seopress_robots_primary_cat":"","_seopress_titles_title":"We Advocate | AmCham Albania","_seopress_titles_desc":"AmCham Albania advocates for anti-corruption measures, fiscal issues, and investment promotion. As a member of the AmChams in Europe.","_seopress_robots_index":"","inline_featured_image":false,"footnotes":""},"class_list":["post-81564","page","type-page","status-publish","has-post-thumbnail","hentry","post-wrapper","thrv_wrapper"],"acf":[],"_links":{"self":[{"href":"https:\/\/amcham.com.al\/sq\/wp-json\/wp\/v2\/pages\/81564","targetHints":{"allow":["GET"]}}],"collection":[{"href":"https:\/\/amcham.com.al\/sq\/wp-json\/wp\/v2\/pages"}],"about":[{"href":"https:\/\/amcham.com.al\/sq\/wp-json\/wp\/v2\/types\/page"}],"author":[{"embeddable":true,"href":"https:\/\/amcham.com.al\/sq\/wp-json\/wp\/v2\/users\/5"}],"replies":[{"embeddable":true,"href":"https:\/\/amcham.com.al\/sq\/wp-json\/wp\/v2\/comments?post=81564"}],"version-history":[{"count":0,"href":"https:\/\/amcham.com.al\/sq\/wp-json\/wp\/v2\/pages\/81564\/revisions"}],"wp:featuredmedia":[{"embeddable":true,"href":"https:\/\/amcham.com.al\/sq\/wp-json\/wp\/v2\/media\/38812"}],"wp:attachment":[{"href":"https:\/\/amcham.com.al\/sq\/wp-json\/wp\/v2\/media?parent=81564"}],"curies":[{"name":"wp","href":"https:\/\/api.w.org\/{rel}","templated":true}]}}