{"id":81556,"date":"2025-10-08T16:41:18","date_gmt":"2025-10-08T15:41:18","guid":{"rendered":"https:\/\/amcham.com.al\/?page_id=81556"},"modified":"2025-10-08T16:41:53","modified_gmt":"2025-10-08T15:41:53","slug":"we-train-sq","status":"publish","type":"page","link":"https:\/\/amcham.com.al\/sq\/we-train-sq\/","title":{"rendered":"We Train"},"content":{"rendered":"<h2>Latest Training Activities shqip prap<\/h2>\n<p><a href=\"https:\/\/amcham.com.al\/sq\/amcham-dhe-facilization-flasin-per-automatizim-dhe-digjitalizim-te-proceseve-te-biznesit\/\" dynamic-postlink=\"tcb_post_the_permalink\" data-shortcode-id=\"25374\"><\/p>\n<p style=\"text-align: center;\"><strong>Training<\/strong><\/p>\n<p><\/a><\/p>\n<p style=\"\"><span data-attr-date-format=\"j F Y\" data-attr-date-format-select=\"custom\" data-attr-link=\"0\" data-attr-rel=\"0\" data-attr-show-time=\"0\" data-attr-target=\"0\" data-attr-time-format=\"\" data-attr-time-format-select=\"g:i a\" data-attr-type=\"published\" data-extra_key=\"\" data-option-inline=\"1\" data-shortcode=\"tcb_post_published_date\" data-shortcode-name=\"Post date\" style=\"\">18 December 2020 <\/span><\/p>\n<h2 style=\"\"><span data-attr-css=\"tve-u-199bdfd2a60\" data-attr-link=\"1\" data-attr-rel=\"0\" data-attr-static-link=\"{&quot;className&quot;:&quot;&quot;,&quot;href&quot;:&quot;https:\/\/amcham.com.al\/sq\/amcham-dhe-facilization-flasin-per-automatizim-dhe-digjitalizim-te-proceseve-te-biznesit\/&quot;,&quot;title&quot;:&quot;AmCham dhe Facilization flasin p\u00ebr: Automatizim dhe digjitalizim t\u00eb pro\u00e7eseve t\u00eb biznesit&quot;,&quot;data-css&quot;:&quot;tve-u-199bdfd2a60&quot;,&quot;class&quot;:&quot;&quot;}\" data-attr-target=\"0\" data-extra_key=\"\" data-option-inline=\"1\" data-shortcode=\"tcb_post_title\" data-shortcode-name=\"Post title\" style=\"\"><a href=\"https:\/\/amcham.com.al\/sq\/amcham-dhe-facilization-flasin-per-automatizim-dhe-digjitalizim-te-proceseve-te-biznesit\/\" title=\"AmCham dhe Facilization flasin p\u00ebr: Automatizim dhe digjitalizim t\u00eb pro\u00e7eseve t\u00eb biznesit\">AmCham dhe Facilization flasin p\u00ebr: Automatizim dhe digjitalizim t\u00eb pro\u00e7eseve t\u00eb biznesit<\/a><\/span><\/h2>\n<p><a href=\"https:\/\/amcham.com.al\/sq\/amcham-dhe-facilization-flasin-per-automatizim-dhe-digjitalizim-te-proceseve-te-biznesit\/\" style=\"\"><span><!--! Font Awesome Free 6.7.1 by @fontawesome - https:\/\/fontawesome.com License - https:\/\/fontawesome.com\/license\/free (Icons: CC BY 4.0, Fonts: SIL OFL 1.1, Code: MIT License) Copyright 2024 Fonticons, Inc. --><\/span><span style=\"\"><span style=\"\">View details&nbsp;<\/span><\/span><\/a><a href=\"https:\/\/amcham.com.al\/sq\/workshopi-bashkepunimi-ne-ekip-ne-mjedise-virtuale\/\" dynamic-postlink=\"tcb_post_the_permalink\" data-shortcode-id=\"25374\"><\/p>\n<p style=\"text-align: center;\"><strong>Training<\/strong><\/p>\n<p><\/a><\/p>\n<p style=\"\"><span data-attr-date-format=\"j F Y\" data-attr-date-format-select=\"custom\" data-attr-link=\"0\" data-attr-rel=\"0\" data-attr-show-time=\"0\" data-attr-target=\"0\" data-attr-time-format=\"\" data-attr-time-format-select=\"g:i a\" data-attr-type=\"published\" data-extra_key=\"\" data-option-inline=\"1\" data-shortcode=\"tcb_post_published_date\" data-shortcode-name=\"Post date\" style=\"\">28 October 2020 <\/span><\/p>\n<h2 style=\"\"><span data-attr-css=\"tve-u-199bdfd2a60\" data-attr-link=\"1\" data-attr-rel=\"0\" data-attr-static-link=\"{&quot;className&quot;:&quot;&quot;,&quot;href&quot;:&quot;https:\/\/amcham.com.al\/sq\/amcham-dhe-facilization-flasin-per-automatizim-dhe-digjitalizim-te-proceseve-te-biznesit\/&quot;,&quot;title&quot;:&quot;AmCham dhe Facilization flasin p\u00ebr: Automatizim dhe digjitalizim t\u00eb pro\u00e7eseve t\u00eb biznesit&quot;,&quot;data-css&quot;:&quot;tve-u-199bdfd2a60&quot;,&quot;class&quot;:&quot;&quot;}\" data-attr-target=\"0\" data-extra_key=\"\" data-option-inline=\"1\" data-shortcode=\"tcb_post_title\" data-shortcode-name=\"Post title\" style=\"\"><a href=\"https:\/\/amcham.com.al\/sq\/workshopi-bashkepunimi-ne-ekip-ne-mjedise-virtuale\/\" title=\"Workshopi \u201cBashk\u00ebpunimi n\u00eb ekip, n\u00eb mjedise virtuale\u201d\">Workshopi \u201cBashk\u00ebpunimi n\u00eb ekip, n\u00eb mjedise virtuale\u201d<\/a><\/span><\/h2>\n<p><a href=\"https:\/\/amcham.com.al\/sq\/workshopi-bashkepunimi-ne-ekip-ne-mjedise-virtuale\/\" style=\"\"><span><!--! Font Awesome Free 6.7.1 by @fontawesome - https:\/\/fontawesome.com License - https:\/\/fontawesome.com\/license\/free (Icons: CC BY 4.0, Fonts: SIL OFL 1.1, Code: MIT License) Copyright 2024 Fonticons, Inc. --><\/span><span style=\"\"><span style=\"\">View details&nbsp;<\/span><\/span><\/a><a href=\"https:\/\/amcham.com.al\/sq\/komisioni-i-punes-dhe-etikes-i-dhomes-amerikane-u-shpjegon-ceshtjet-anetareve\/\" dynamic-postlink=\"tcb_post_the_permalink\" data-shortcode-id=\"25374\"><\/p>\n<p style=\"text-align: center;\"><strong>Training<\/strong><\/p>\n<p><\/a><\/p>\n<p style=\"\"><span data-attr-date-format=\"j F Y\" data-attr-date-format-select=\"custom\" data-attr-link=\"0\" data-attr-rel=\"0\" data-attr-show-time=\"0\" data-attr-target=\"0\" data-attr-time-format=\"\" data-attr-time-format-select=\"g:i a\" data-attr-type=\"published\" data-extra_key=\"\" data-option-inline=\"1\" data-shortcode=\"tcb_post_published_date\" data-shortcode-name=\"Post date\" style=\"\">16 July 2020 <\/span><\/p>\n<h2 style=\"\"><span data-attr-css=\"tve-u-199bdfd2a60\" data-attr-link=\"1\" data-attr-rel=\"0\" data-attr-static-link=\"{&quot;className&quot;:&quot;&quot;,&quot;href&quot;:&quot;https:\/\/amcham.com.al\/sq\/amcham-dhe-facilization-flasin-per-automatizim-dhe-digjitalizim-te-proceseve-te-biznesit\/&quot;,&quot;title&quot;:&quot;AmCham dhe Facilization flasin p\u00ebr: Automatizim dhe digjitalizim t\u00eb pro\u00e7eseve t\u00eb biznesit&quot;,&quot;data-css&quot;:&quot;tve-u-199bdfd2a60&quot;,&quot;class&quot;:&quot;&quot;}\" data-attr-target=\"0\" data-extra_key=\"\" data-option-inline=\"1\" data-shortcode=\"tcb_post_title\" data-shortcode-name=\"Post title\" style=\"\"><a href=\"https:\/\/amcham.com.al\/sq\/komisioni-i-punes-dhe-etikes-i-dhomes-amerikane-u-shpjegon-ceshtjet-anetareve\/\" title=\"Komisioni i Pun\u00ebs dhe Etik\u00ebs i Dhom\u00ebs Amerikane u shpjegon \u00e7\u00ebshtjet an\u00ebtar\u00ebve\">Komisioni i Pun\u00ebs dhe Etik\u00ebs i Dhom\u00ebs Amerikane u shpjegon \u00e7\u00ebshtjet an\u00ebtar\u00ebve<\/a><\/span><\/h2>\n<p><a href=\"https:\/\/amcham.com.al\/sq\/komisioni-i-punes-dhe-etikes-i-dhomes-amerikane-u-shpjegon-ceshtjet-anetareve\/\" style=\"\"><span><!--! Font Awesome Free 6.7.1 by @fontawesome - https:\/\/fontawesome.com License - https:\/\/fontawesome.com\/license\/free (Icons: CC BY 4.0, Fonts: SIL OFL 1.1, Code: MIT License) Copyright 2024 Fonticons, Inc. --><\/span><span style=\"\"><span style=\"\">View details&nbsp;<\/span><\/span><\/a><a href=\"javascript:void(0)\"><span><span> Load More <\/span><\/span><\/a><\/p>\n","protected":false},"excerpt":{"rendered":"<p>Latest Training Activities shqip prap Training 18 December 2020 AmCham dhe Facilization flasin p\u00ebr: Automatizim dhe digjitalizim t\u00eb pro\u00e7eseve t\u00eb biznesit View details&nbsp; Training 28 October 2020 Workshopi \u201cBashk\u00ebpunimi n\u00eb ekip, n\u00eb mjedise virtuale\u201d View details&nbsp; Training 16 July 2020 Komisioni i Pun\u00ebs dhe Etik\u00ebs i Dhom\u00ebs Amerikane u shpjegon \u00e7\u00ebshtjet an\u00ebtar\u00ebve View details&nbsp; Load [&hellip;]<\/p>\n","protected":false},"author":18,"featured_media":38820,"parent":0,"menu_order":0,"comment_status":"closed","ping_status":"closed","template":"","meta":{"_acf_changed":false,"_seopress_robots_primary_cat":"","_seopress_titles_title":"We Train | AmCham Albania","_seopress_titles_desc":"Discover transformative training programs. Elevate your skills, boost efficiency, and stay ahead in today\u2019s dynamic business landscape. Explore our expert-led workshops.","_seopress_robots_index":"","inline_featured_image":false,"footnotes":""},"class_list":["post-81556","page","type-page","status-publish","has-post-thumbnail","hentry","post-wrapper","thrv_wrapper"],"acf":[],"_links":{"self":[{"href":"https:\/\/amcham.com.al\/sq\/wp-json\/wp\/v2\/pages\/81556","targetHints":{"allow":["GET"]}}],"collection":[{"href":"https:\/\/amcham.com.al\/sq\/wp-json\/wp\/v2\/pages"}],"about":[{"href":"https:\/\/amcham.com.al\/sq\/wp-json\/wp\/v2\/types\/page"}],"author":[{"embeddable":true,"href":"https:\/\/amcham.com.al\/sq\/wp-json\/wp\/v2\/users\/18"}],"replies":[{"embeddable":true,"href":"https:\/\/amcham.com.al\/sq\/wp-json\/wp\/v2\/comments?post=81556"}],"version-history":[{"count":0,"href":"https:\/\/amcham.com.al\/sq\/wp-json\/wp\/v2\/pages\/81556\/revisions"}],"wp:featuredmedia":[{"embeddable":true,"href":"https:\/\/amcham.com.al\/sq\/wp-json\/wp\/v2\/media\/38820"}],"wp:attachment":[{"href":"https:\/\/amcham.com.al\/sq\/wp-json\/wp\/v2\/media?parent=81556"}],"curies":[{"name":"wp","href":"https:\/\/api.w.org\/{rel}","templated":true}]}}