{"id":81535,"date":"2025-10-08T16:06:23","date_gmt":"2025-10-08T14:06:23","guid":{"rendered":"https:\/\/amcham.com.al\/?page_id=81535"},"modified":"2025-11-13T15:20:58","modified_gmt":"2025-11-13T14:20:58","slug":"anetare-premium","status":"publish","type":"page","link":"https:\/\/amcham.com.al\/sq\/anetare-premium\/","title":{"rendered":"An\u00ebtar\u00eb Premium"},"content":{"rendered":"<h2>An\u00ebtar\u00eb Premium<\/h2>\n<p style=\"\">Premium \u00ebsht\u00eb kategoria m\u00eb e lart\u00eb dhe m\u00eb ekskluzive e biznesit, e p\u00ebrb\u00ebr\u00eb vet\u00ebm nga disa kompani t\u00eb miratuara nga Bordi i Drejtor\u00ebve, t\u00eb cilat do t\u00eb g\u00ebzojn\u00eb status t\u00eb p\u00ebrmir\u00ebsuar udh\u00ebheq\u00ebs, qasje t\u00eb avancuar n\u00eb politika dhe vendimmarrje, si dhe marketing t\u00eb vler\u00ebsuar t\u00eb mark\u00ebs p\u00ebr biznesin e tyre.<\/p>\n<p><a href=\"https:\/\/amcham.com.al\/sq\/balfin\/\" target=\"_blank\"><\/a><\/p>\n<p style=\"\"><a href=\"https:\/\/amcham.com.al\/sq\/balfin\/\" target=\"_blank\" style=\"outline: none;\">Balfin<\/a><\/p>\n<p><a href=\"https:\/\/amcham.com.al\/sq\/balfin\/\" target=\"_blank\"><!--! Font Awesome Free 6.7.1 by @fontawesome - https:\/\/fontawesome.com License - https:\/\/fontawesome.com\/license\/free (Icons: CC BY 4.0, Fonts: SIL OFL 1.1, Code: MIT License) Copyright 2024 Fonticons, Inc. --><\/a><a href=\"https:\/\/amcham.com.al\/sq\/grant-thornton\/\" target=\"_blank\"><\/a><\/p>\n<p style=\"\"><a href=\"https:\/\/amcham.com.al\/sq\/grant-thornton\/\" target=\"_blank\" style=\"outline: none;\">Grant Thornton<\/a><\/p>\n<p><a href=\"https:\/\/amcham.com.al\/sq\/grant-thornton\/\" target=\"_blank\"><!--! Font Awesome Free 6.7.1 by @fontawesome - https:\/\/fontawesome.com License - https:\/\/fontawesome.com\/license\/free (Icons: CC BY 4.0, Fonts: SIL OFL 1.1, Code: MIT License) Copyright 2024 Fonticons, Inc. --><\/a><a href=\"https:\/\/amcham.com.al\/sq\/gjonaj-group-holdings\/\" target=\"_blank\"><\/a><\/p>\n<p style=\"\"><a href=\"https:\/\/amcham.com.al\/sq\/gjonaj-group-holdings\/\" target=\"_blank\" style=\"outline: none;\">Gjonaj Group Holding<\/a><\/p>\n<p><a href=\"https:\/\/amcham.com.al\/sq\/gjonaj-group-holdings\/\" target=\"_blank\"><!--! Font Awesome Free 6.7.1 by @fontawesome - https:\/\/fontawesome.com License - https:\/\/fontawesome.com\/license\/free (Icons: CC BY 4.0, Fonts: SIL OFL 1.1, Code: MIT License) Copyright 2024 Fonticons, Inc. --><\/a><a href=\"https:\/\/amcham.com.al\/sq\/philip-morris-international\/\"><\/a><\/p>\n<p style=\"\"><a href=\"https:\/\/amcham.com.al\/sq\/philip-morris-international\/\" target=\"_blank\" style=\"outline: none;\">Philip Morris International<\/a><\/p>\n<p><a href=\"https:\/\/amcham.com.al\/sq\/philip-morris-international\/\" target=\"_blank\"><!--! Font Awesome Free 6.7.1 by @fontawesome - https:\/\/fontawesome.com License - https:\/\/fontawesome.com\/license\/free (Icons: CC BY 4.0, Fonts: SIL OFL 1.1, Code: MIT License) Copyright 2024 Fonticons, Inc. --><\/a><a href=\"https:\/\/amcham.com.al\/sq\/tcn\/\" target=\"_blank\"><\/a><\/p>\n<p style=\"\"><a href=\"https:\/\/amcham.com.al\/sq\/tcn\/\" target=\"_blank\" style=\"outline: none;\">TCN<\/a><\/p>\n<p><a href=\"https:\/\/amcham.com.al\/sq\/tcn\/\" target=\"_blank\"><!--! Font Awesome Free 6.7.1 by @fontawesome - https:\/\/fontawesome.com License - https:\/\/fontawesome.com\/license\/free (Icons: CC BY 4.0, Fonts: SIL OFL 1.1, Code: MIT License) Copyright 2024 Fonticons, Inc. --><\/a><a href=\"https:\/\/amcham.com.al\/sq\/kastrati-group\/\" target=\"_blank\"><\/a><\/p>\n<p style=\"\"><a href=\"https:\/\/amcham.com.al\/sq\/kastrati-group\/\" target=\"_blank\" style=\"outline: none;\">Kastrati Group<\/a><\/p>\n<p><a href=\"https:\/\/amcham.com.al\/sq\/kastrati-group\/\" target=\"_blank\"><!--! Font Awesome Free 6.7.1 by @fontawesome - https:\/\/fontawesome.com License - https:\/\/fontawesome.com\/license\/free (Icons: CC BY 4.0, Fonts: SIL OFL 1.1, Code: MIT License) Copyright 2024 Fonticons, Inc. --><\/a><a href=\"https:\/\/amcham.com.al\/antea-cement\/\" target=\"_blank\"><\/a><\/p>\n<p style=\"\"><a href=\"https:\/\/amcham.com.al\/sq\/antea-cement\/\" target=\"_blank\" style=\"outline: none;\">Titan<strong><strong>&#8211;<\/strong><\/strong>Antea Cement<\/a><\/p>\n<p><a href=\"https:\/\/amcham.com.al\/sq\/antea-cement\/\" target=\"_blank\"><!--! Font Awesome Free 6.7.1 by @fontawesome - https:\/\/fontawesome.com License - https:\/\/fontawesome.com\/license\/free (Icons: CC BY 4.0, Fonts: SIL OFL 1.1, Code: MIT License) Copyright 2024 Fonticons, Inc. --><\/a><a href=\"https:\/\/amcham.com.al\/sq\/vibtis\/\" target=\"_blank\"><\/a><\/p>\n<p style=\"\">Vibtis<\/p>\n<p><a href=\"https:\/\/amcham.com.al\/sq\/vibtis\/\" target=\"_blank\"><!--! Font Awesome Free 6.7.1 by @fontawesome - https:\/\/fontawesome.com License - https:\/\/fontawesome.com\/license\/free (Icons: CC BY 4.0, Fonts: SIL OFL 1.1, Code: MIT License) Copyright 2024 Fonticons, Inc. --><\/a><a href=\"https:\/\/amcham.com.al\/sq\/vodafone-albania\/\" target=\"_blank\"><\/a><\/p>\n<p style=\"\"><a href=\"https:\/\/amcham.com.al\/sq\/vodafone-albania\/\" target=\"_blank\" style=\"outline: none;\">Vodafone<\/a><\/p>\n<p><a href=\"https:\/\/amcham.com.al\/sq\/vodafone-albania\/\" target=\"_blank\"><!--! Font Awesome Free 6.7.1 by @fontawesome - https:\/\/fontawesome.com License - https:\/\/fontawesome.com\/license\/free (Icons: CC BY 4.0, Fonts: SIL OFL 1.1, Code: MIT License) Copyright 2024 Fonticons, Inc. --><\/a><a href=\"https:\/\/amcham.com.al\/sq\/western-union-financial-services\/\" target=\"_blank\"><\/a><\/p>\n<p style=\"\"><a href=\"https:\/\/amcham.com.al\/sq\/western-union-financial-services\/\" target=\"_blank\" style=\"outline: none;\">Western Union<\/a><\/p>\n<p><a href=\"https:\/\/amcham.com.al\/sq\/western-union-financial-services\/\" target=\"_blank\"><!--! Font Awesome Free 6.7.1 by @fontawesome - https:\/\/fontawesome.com License - https:\/\/fontawesome.com\/license\/free (Icons: CC BY 4.0, Fonts: SIL OFL 1.1, Code: MIT License) Copyright 2024 Fonticons, Inc. --><\/a><\/p>\n","protected":false},"excerpt":{"rendered":"<p>An\u00ebtar\u00eb Premium Premium \u00ebsht\u00eb kategoria m\u00eb e lart\u00eb dhe m\u00eb ekskluzive e biznesit, e p\u00ebrb\u00ebr\u00eb vet\u00ebm nga disa kompani t\u00eb miratuara nga Bordi i Drejtor\u00ebve, t\u00eb cilat do t\u00eb g\u00ebzojn\u00eb status t\u00eb p\u00ebrmir\u00ebsuar udh\u00ebheq\u00ebs, qasje t\u00eb avancuar n\u00eb politika dhe vendimmarrje, si dhe marketing t\u00eb vler\u00ebsuar t\u00eb mark\u00ebs p\u00ebr biznesin e tyre. Balfin Grant Thornton [&hellip;]<\/p>\n","protected":false},"author":18,"featured_media":37541,"parent":0,"menu_order":0,"comment_status":"closed","ping_status":"closed","template":"","meta":{"_acf_changed":false,"_seopress_robots_primary_cat":"","_seopress_titles_title":"Premium Membership | AmCham Albania","_seopress_titles_desc":"Premium is the highest, most exclusive value business category, composed of only a few companies approved by the Board of Directors at AmCham.","_seopress_robots_index":"","inline_featured_image":false,"footnotes":""},"class_list":["post-81535","page","type-page","status-publish","has-post-thumbnail","hentry","post-wrapper","thrv_wrapper"],"acf":[],"_links":{"self":[{"href":"https:\/\/amcham.com.al\/sq\/wp-json\/wp\/v2\/pages\/81535","targetHints":{"allow":["GET"]}}],"collection":[{"href":"https:\/\/amcham.com.al\/sq\/wp-json\/wp\/v2\/pages"}],"about":[{"href":"https:\/\/amcham.com.al\/sq\/wp-json\/wp\/v2\/types\/page"}],"author":[{"embeddable":true,"href":"https:\/\/amcham.com.al\/sq\/wp-json\/wp\/v2\/users\/18"}],"replies":[{"embeddable":true,"href":"https:\/\/amcham.com.al\/sq\/wp-json\/wp\/v2\/comments?post=81535"}],"version-history":[{"count":0,"href":"https:\/\/amcham.com.al\/sq\/wp-json\/wp\/v2\/pages\/81535\/revisions"}],"wp:featuredmedia":[{"embeddable":true,"href":"https:\/\/amcham.com.al\/sq\/wp-json\/wp\/v2\/media\/37541"}],"wp:attachment":[{"href":"https:\/\/amcham.com.al\/sq\/wp-json\/wp\/v2\/media?parent=81535"}],"curies":[{"name":"wp","href":"https:\/\/api.w.org\/{rel}","templated":true}]}}