{"id":81374,"date":"2021-02-05T13:24:15","date_gmt":"2021-02-05T12:24:15","guid":{"rendered":"https:\/\/amcham.com.al\/why-join-amcham\/"},"modified":"2026-01-15T14:39:50","modified_gmt":"2026-01-15T13:39:50","slug":"why-join-amcham","status":"publish","type":"page","link":"https:\/\/amcham.com.al\/sq\/why-join-amcham\/","title":{"rendered":"Why Join AmCham"},"content":{"rendered":"<h2 style=\"\">AmCham Albania \u00ebsht\u00eb z\u00ebri i interesave t\u00eb biznesit amerikan dhe shqiptar n\u00eb Shqip\u00ebri.<\/h2>\n<p style=\"\">T\u00eb qenit an\u00ebtar i AmCham-it i fuqizon bizneset t\u00eb lobojn\u00eb n\u00eb nj\u00eb grup me kompani kryesore, t\u00eb zgjerojn\u00eb rrjet\u00ebzimin me qarqe me ndikim dhe t\u00eb marrin pjes\u00eb n\u00eb ngjarje t\u00eb p\u00ebrshtatura sipas nevojave t\u00eb tyre.<\/p>\n<h2>Pse t\u2019i bashkoheni lobimit t\u00eb AmCham Albania?<\/h2>\n<p>AmCham lobon me sukses n\u00eb em\u00ebr t\u00eb an\u00ebtar\u00ebve t\u00eb saj me Qeverin\u00eb Shqiptare. Ajo \u00ebsht\u00eb e vendosur t\u00eb vazhdoj\u00eb t\u00eb jet\u00eb nj\u00eb kontribues serioz n\u00eb diskutimin publik mbi politikat fiskale dhe ekonomike n\u00eb Shqip\u00ebri, duke qen\u00eb nj\u00eb z\u00eb i fort\u00eb n\u00eb mbrojtjen e interesave t\u00eb an\u00ebtar\u00ebve t\u00eb saj dhe t\u00eb komunitetit t\u00eb biznesit shqiptar n\u00eb p\u00ebrgjith\u00ebsi. Ajo sh\u00ebrben gjithashtu si nj\u00eb forum p\u00ebr vizitor\u00ebt nd\u00ebrkomb\u00ebtar\u00eb q\u00eb d\u00ebshirojn\u00eb t&#8217;u drejtohen udh\u00ebheq\u00ebsve t\u00eb biznesit dhe politik\u00ebs shqiptare. Dhoma po punon p\u00ebr t\u00eb nd\u00ebrtuar nj\u00eb klim\u00eb m\u00eb t\u00eb mir\u00eb biznesi dhe p\u00ebr t\u00eb rritur stimujt p\u00ebr investitor\u00ebt e huaj n\u00eb Shqip\u00ebri.<\/p>\n<p><span style=\"\"><img decoding=\"async\" alt=\"\" data-id=\"62548\" width=\"330\" data-init-width=\"2560\" height=\"221\" data-init-height=\"1709\" title=\"Amcham Gala_WV (42)\" loading=\"lazy\" src=\"https:\/\/amcham.com.al\/wp-content\/uploads\/2024\/12\/Amcham-Gala_WV-42-scaled.jpg\" data-width=\"330\" data-height=\"221\" style=\"aspect-ratio: auto 2560 \/ 1709;\" ml-d=\"0\" mt-d=\"0\"><\/span><span style=\"\"><img decoding=\"async\" alt=\"Smart City Conference - Day 1 moments (51)\" data-id=\"32024\" width=\"405\" data-init-width=\"2184\" height=\"270\" data-init-height=\"1456\" title=\"Smart City Conference - Day 1 moments (51)\" loading=\"lazy\" src=\"https:\/\/amcham.com.al\/wp-content\/uploads\/2022\/09\/Smart-City-Conference-Day-1-moments-51.jpg\" data-width=\"405\" data-height=\"270\" style=\"aspect-ratio: auto 2184 \/ 1456;\" ml-d=\"-30.131\" mt-d=\"0\"><\/span><!--! Font Awesome Free 6.7.1 by @fontawesome - https:\/\/fontawesome.com License - https:\/\/fontawesome.com\/license\/free (Icons: CC BY 4.0, Fonts: SIL OFL 1.1, Code: MIT License) Copyright 2024 Fonticons, Inc. --><\/p>\n<h2>Rrjet\u00ebzimi<\/h2>\n<p>AmCham ofron nj\u00eb vend ku bizneset amerikane dhe ato shqiptare mund t\u00eb krijojn\u00eb rrjete, t\u00eb k\u00ebrkojn\u00eb partner\u00eb biznesi dhe t\u00eb marrin informacion mbi mund\u00ebsi specifike biznesi.AmCham \u00ebsht\u00eb e p\u00ebrkushtuar t\u00eb promovoj\u00eb biznesin p\u00ebr an\u00ebtar\u00ebt e saj duke organizuar ngjarje q\u00eb u lejojn\u00eb atyre t\u00eb krijojn\u00eb kontakte midis tyre, si dhe t&#8217;i ndihmojn\u00eb ata t\u00eb takohen me mysafir\u00eb t\u00eb r\u00ebnd\u00ebsish\u00ebm.<\/p>\n<p><!--! Font Awesome Free 6.7.1 by @fontawesome - https:\/\/fontawesome.com License - https:\/\/fontawesome.com\/license\/free (Icons: CC BY 4.0, Fonts: SIL OFL 1.1, Code: MIT License) Copyright 2024 Fonticons, Inc. --><\/p>\n<h2>Zhvillimi i biznesit<\/h2>\n<p>AmCham u jep mund\u00ebsin\u00eb an\u00ebtar\u00ebve t\u00eb saj t\u00eb zhvillojn\u00eb dhe prezantojn\u00eb bizneset e tyre duke p\u00ebrdorur rrjetin e krijuar brenda Dhom\u00ebs. N\u00eb t\u00eb nj\u00ebjt\u00ebn koh\u00eb, an\u00ebtar\u00ebt mund t\u00eb zhvillojn\u00eb bizneset e tyre duke p\u00ebrfituar nga pjes\u00ebmarrja e tyre n\u00eb forume biznesi, takime me drejtues institucionesh, evente pune pas orarit t\u00eb pun\u00ebs, takime B2B n\u00eb Shqip\u00ebri dhe n\u00eb rajon dhe misione tregtare n\u00eb SHBA dhe\/ose Evrop\u00eb.AmCham Albania ofron kat\u00ebr nivele an\u00ebtar\u00ebsimi. Pas interesit dhe aplikimit tuaj, an\u00ebtar\u00ebsimi juaj do t\u00eb miratohet nga Bordi i Drejtor\u00ebve t\u00eb AmCham. Pasi an\u00ebtar\u00ebsimi t\u00eb miratohet zyrtarisht, ju b\u00ebheni an\u00ebtar me akses t\u00eb plot\u00eb n\u00eb vlerat unike q\u00eb ofron rrjeti i AmCham.<\/p>\n<table data-rows=\"5\" data-cols=\"4\" data-v=\"top\">\n<thead>\n<tr>\n<th style=\"\">\n<h4><strong>Kategorit\u00eb e an\u00ebtar\u00ebsimit<\/strong><\/h4>\n<\/th>\n<th style=\"\">\n<h4><strong>P\u00ebrfitimet themelore<\/strong><\/h4>\n<\/th>\n<th style=\"\">\n<h4><strong>P\u00ebrfitimet e biznesit<\/strong><\/h4>\n<\/th>\n<th style=\"\">\n<h4><strong>P\u00ebrfitime nga marketingu<\/strong><\/h4>\n<\/th>\n<\/tr>\n<\/thead>\n<tbody>\n<tr>\n<td data-th=\"Kategorit\u00eb e an\u00ebtar\u00ebsimit\" style=\"\">\n<h5 style=\"text-align: center;\">Patron<\/h5>\n<p style=\"text-align: center;\"><strong><span style=\"--tcb-applied-color: var$(--tcb-color-2) !important; color: var(--tcb-color-2) !important;\">150,000 ALL<\/span><\/strong><\/p>\n<\/td>\n<td data-th=\"P\u00ebrfitimet themelore\" style=\"\">\n<h6>P\u00ebrpunim falas i aplikimit p\u00ebr an\u00ebtar\u00ebsim dhe regjistrim (Tre p\u00ebrfaq\u00ebsues)\u2022 Ftes\u00eb p\u00ebr t\u00eb gjitha aktivitetet e rregullta (p.sh. Forume Biznesi, evente rrjet\u00ebzimi, workshops dhe zhvillimi profesional, etj.)\u2022 I\/E kualifikuar p\u00ebr t\u2019u zgjedhur n\u00eb Bordin e Drejtor\u00ebve\/An\u00ebtar i nj\u00eb Komiteti dhe\/ose Grupi Pune Ad-Hoc<\/h6>\n<h6>\u2022 E drejta e vot\u00ebs (Nj\u00eb)<\/h6>\n<h6>\u2022 Certifikat\u00eb An\u00ebtar\u00ebsie q\u00eb deklaron Kategorin\u00eb Ekskluzive t\u00eb An\u00ebtar\u00ebsis\u00eb dhe Let\u00ebr Konfirmimi<\/h6>\n<h6>\u2022 Ndihm\u00eb me dokumentet e aplikimit dhe rregullimet logjistike p\u00ebr udh\u00ebtimet n\u00eb panaire tregtare n\u00eb SHBA (kund\u00ebr nj\u00eb tarife dhe n\u00eb bashk\u00ebpunim me Ambasad\u00ebn e SHBA-s\u00eb)<\/h6>\n<h6>\u2022 Pjes\u00ebmarrje n\u00eb Forumin e CEO-ve. I\/E kualifikuar p\u00ebr t\u00eb pritur nj\u00eb takim t\u00eb Forumit t\u00eb CEO-ve dhe e drejta p\u00ebr t\u00eb prezantuar biznesin e tij. \u201cNumri 1\u201d i kompanis\u00eb duhet t\u00eb jet\u00eb pjes\u00eb e k\u00ebtij Forumi<\/h6>\n<\/td>\n<td data-th=\"P\u00ebrfitimet e biznesit\" style=\"\">\n<h6>Takim vjetor me zyrtar\u00eb t\u00eb lart\u00eb qeveritar\u00eb p\u00ebr t\u00eb diskutuar politikat sektoriale q\u00eb ndikojn\u00eb n\u00eb k\u00ebto biznese<\/h6>\n<h6>\u2022 Forum Specifik Biznesi i p\u00ebrshtatur sipas nevojave t\u00eb tyre<\/h6>\n<h6>\u2022 M\u00ebngjes Pune n\u00eb nj\u00eb grup ekspert\u00ebsh (nj\u00eb her\u00eb n\u00eb vit kundrejt nj\u00eb tarife)<\/h6>\n<h6>\u2022 Trajnime ose sesione informuese specifike p\u00ebr t\u00eb rritur kapacitetin e tyre n\u00eb njohjen e legjislacionit, procedurave, teknikave t\u00eb reja t\u00eb financimit etj.<\/h6>\n<h6>\u2022 Bashk\u00ebpunim n\u00eb projekte specifike ose lobim p\u00ebr sektorin ku b\u00ebjn\u00eb pjes\u00eb<\/h6>\n<\/td>\n<td data-th=\"P\u00ebrfitime nga marketingu\" style=\"\">\n<h6>\u2022 T\u00eb dh\u00ebnat e kontaktit t\u00eb kompanis\u00eb, Logoja dhe profili i kompanis\u00eb n\u00eb Librin Vjetor t\u00eb Dhom\u00ebs Amerikane. Libri Vjetor shp\u00ebrndahet si tek an\u00ebtar\u00ebt ashtu edhe tek organizatat nd\u00ebrkomb\u00ebtare dhe misionet e huaja.<\/h6>\n<h6>\u2022 Logoja e kompanis\u00eb n\u00eb \u00e7do botim t\u00eb revist\u00ebs s\u00eb Dhom\u00ebs Amerikane.<\/h6>\n<h6>\u2022 T\u00eb dh\u00ebnat e kontaktit dhe Logoja e kompanis\u00eb n\u00eb faqen e internetit t\u00eb Dhom\u00ebs Amerikane.<\/h6>\n<h6>\u2022 Prezantimi i nj\u00ebhersh\u00ebm i an\u00ebtar\u00ebve n\u00eb faqen e internetit dhe revist\u00ebn e Dhom\u00ebs Amerikane (departamenti i an\u00ebtar\u00ebve t\u00eb rinj, kur an\u00ebtar\u00ebsohet p\u00ebr her\u00eb t\u00eb par\u00eb).<\/h6>\n<h6>\u2022 Mund\u00ebsi sponsorizimi p\u00ebr ngjarjet e Dhom\u00ebs Amerikane (jan\u00eb t\u00eb mundshme paketa t\u00eb ndryshme).<\/h6>\n<\/td>\n<\/tr>\n<tr>\n<td data-th=\"Kategorit\u00eb e an\u00ebtar\u00ebsimit\" style=\"\">\n<h5 style=\"text-align: center;\"><strong>Bizneset e M\u00ebdha<\/strong><\/h5>\n<h6 style=\"text-align: center;\">Kompanit\u00eb me nj\u00eb xhiro vjetore prej 14,000,000 lek\u00ebsh e lart<\/h6>\n<p style=\"text-align: center;\"><strong><span style=\"--tcb-applied-color: var$(--tcb-color-2) !important; color: var(--tcb-color-2) !important;\">75,000 ALL<\/span><\/strong><\/p>\n<\/td>\n<td data-th=\"P\u00ebrfitimet themelore\" style=\"\">\n<h6>P\u00ebrpunim falas i aplikimit p\u00ebr an\u00ebtar\u00ebsim dhe regjistrim (Dy p\u00ebrfaq\u00ebsues)<\/h6>\n<h6>\u2022 Ftes\u00eb p\u00ebr t\u00eb gjitha ngjarjet e rregullta (p.sh. Forume Biznesi, evente rrjet\u00ebzimi, workshops dhe zhvillimi profesional, etj.)<\/h6>\n<h6>\u2022 I\/E kualifikuar p\u00ebr t\u2019u zgjedhur n\u00eb Bordin e Drejtor\u00ebve\/ An\u00ebtar i nj\u00eb Komiteti dhe\/ose Grupi Punues Ad-Hoc<\/h6>\n<h6>\u2022 E drejta e vot\u00ebs (Nj\u00eb)<\/h6>\n<h6>\u2022 Certifikat\u00eb An\u00ebtar\u00ebsimi dhe Let\u00ebr Konfirmimi<\/h6>\n<h6>\u2022 Ndihm\u00eb me dokumentet e aplikimit dhe rregullimet logjistike p\u00ebr udh\u00ebtimet n\u00eb panaire tregtare n\u00eb SHBA (kund\u00ebr nj\u00eb tarife dhe n\u00eb bashk\u00ebpunim me Ambasad\u00ebn e SHBA-s\u00eb)<\/h6>\n<\/td>\n<td data-th=\"P\u00ebrfitimet e biznesit\" style=\"\">\n<h6>\u2022 M\u00ebngjes pune n\u00eb nj\u00eb grup n\u00eb nivel ekspert\u00ebsh.<\/h6>\n<h6>\u2022 Forum specifik biznesi i p\u00ebrshtatur sipas nevojave t\u00eb tyre<\/h6>\n<h6>\u2022 Trajnime specifike ose sesione informuese p\u00ebr t\u00eb rritur kapacitetin e tyre n\u00eb njohjen e legjislacionit, procedurave, teknikave t\u00eb reja t\u00eb financimit etj.<\/h6>\n<h6>\u2022 Bashk\u00ebpunim n\u00eb projekte specifike ose lobim p\u00ebr sektorin ku b\u00ebjn\u00eb pjes\u00eb.<\/h6>\n<\/td>\n<td data-th=\"P\u00ebrfitime nga marketingu\" style=\"\">\n<h6>\u2022 T\u00eb dh\u00ebnat e kontaktit t\u00eb kompanis\u00eb dhe logoja n\u00eb Librin Vjetor t\u00eb Dhom\u00ebs Amerikane. Libri Vjetor shp\u00ebrndahet si tek an\u00ebtar\u00ebt, ashtu edhe tek organizatat nd\u00ebrkomb\u00ebtare dhe misionet e huaja.<\/h6>\n<h6>\u2022 T\u00eb dh\u00ebnat e kontaktit t\u00eb kompanis\u00eb dhe logoja n\u00eb faqen e internetit t\u00eb Dhom\u00ebs Amerikane.<\/h6>\n<h6>\u2022 Prezantimi i vet\u00ebm i an\u00ebtar\u00ebve n\u00eb faqen e internetit dhe revist\u00ebn e Dhom\u00ebs Amerikane (departamenti i an\u00ebtar\u00ebve t\u00eb rinj, kur an\u00ebtar\u00ebsohet p\u00ebr her\u00eb t\u00eb par\u00eb).<\/h6>\n<h6>\u2022 Mund\u00ebsi sponsorizimi p\u00ebr ngjarjet e Dhom\u00ebs Amerikane (jan\u00eb t\u00eb mundshme paketa t\u00eb ndryshme).<\/h6>\n<\/td>\n<\/tr>\n<tr>\n<td data-th=\"Kategorit\u00eb e an\u00ebtar\u00ebsimit\" style=\"\">\n<h5 style=\"text-align: center;\"><strong>Bizneset e vogla dhe OJQ-t\u00eb<\/strong><\/h5>\n<h6 style=\"text-align: center;\">Kompanit\u00eb me nj\u00eb xhiro vjetore prej 14,000,000 lek\u00ebsh e lart<\/h6>\n<p style=\"text-align: center;\"><strong><span style=\"--tcb-applied-color: var$(--tcb-color-2) !important; color: var(--tcb-color-2) !important;\">45,000 ALL<\/span><\/strong><\/p>\n<\/td>\n<td data-th=\"P\u00ebrfitimet themelore\" style=\"\">\n<h6>\u2022 P\u00ebrpunim falas i aplikimit p\u00ebr an\u00ebtar\u00ebsim dhe regjistrim (Nj\u00eb p\u00ebrfaq\u00ebsues)<\/h6>\n<h6>\u2022 Ftes\u00eb p\u00ebr t\u00eb gjitha ngjarjet e rregullta (p.sh. Forume Biznesi, Ngjarje Rrjeti, Pun\u00ebtori Trajnimi dhe Zhvillimi Profesional, etj.)<\/h6>\n<h6>\u2022 I\/E kualifikuar p\u00ebr t\u2019u zgjedhur n\u00eb Bordin e Drejtor\u00ebve\/ An\u00ebtar i nj\u00eb Komiteti dhe\/ose Grupi Punues Ad-Hoc<\/h6>\n<h6>\u2022 E drejta e vot\u00ebs (Nj\u00eb)<\/h6>\n<h6>\u2022 Certifikat\u00eb An\u00ebtar\u00ebsimi dhe Let\u00ebr Konfirmimi<\/h6>\n<\/td>\n<td data-th=\"P\u00ebrfitimet e biznesit\" style=\"\">\n<h6>\u2022 Trajnime specifike ose sesione informuese p\u00ebr t\u00eb rritur kapacitetin e tyre n\u00eb njohjen e legjislacionit, procedurave, teknikave t\u00eb reja t\u00eb financimit etj.<\/h6>\n<h6>\u2022 Bashk\u00ebpunim n\u00eb projekte specifike ose lobim p\u00ebr sektorin ku b\u00ebjn\u00eb pjes\u00eb<\/h6>\n<\/td>\n<td data-th=\"P\u00ebrfitime nga marketingu\" style=\"\">\n<h6>\u2022 T\u00eb dh\u00ebnat e kontaktit t\u00eb kompanis\u00eb n\u00eb Librin Vjetor t\u00eb Dhom\u00ebs Amerikane. Libri Vjetor shp\u00ebrndahet si tek an\u00ebtar\u00ebt, ashtu edhe tek organizatat nd\u00ebrkomb\u00ebtare dhe misionet e huaja.<\/h6>\n<h6>\u2022 T\u00eb dh\u00ebnat e kontaktit t\u00eb kompanis\u00eb dhe Logoja n\u00eb faqen e internetit t\u00eb Dhom\u00ebs Amerikane.<\/h6>\n<h6>\u2022 Prezantimi i vet\u00ebm i an\u00ebtar\u00ebve n\u00eb faqen e internetit dhe revist\u00ebn e Dhom\u00ebs Amerikane (departamenti i an\u00ebtar\u00ebve t\u00eb rinj, kur an\u00ebtar\u00ebsohet p\u00ebr her\u00eb t\u00eb par\u00eb).<\/h6>\n<h6>\u2022 Mund\u00ebsi sponsorizimi p\u00ebr ngjarjet e Dhom\u00ebs Amerikane (jan\u00eb t\u00eb mundshme paketa t\u00eb ndryshme).<\/h6>\n<\/td>\n<\/tr>\n<tr>\n<td data-th=\"Kategorit\u00eb e an\u00ebtar\u00ebsimit\" rowspan=\"1\" colspan=\"1\" style=\"\">\n<h5 style=\"text-align: center;\"><strong>Bashk\u00ebpun\u00ebtor\u00eb (Individ\u00eb, Biznese t\u00eb Reja dhe Jo-Rezident\u00eb)<\/strong><\/h5>\n<h6 style=\"text-align: center;\">Nuk ka k\u00ebrkes\u00eb p\u00ebr xhiro<\/h6>\n<p style=\"text-align: center;\"><strong><span style=\"--tcb-applied-color: var$(--tcb-color-2) !important; color: var(--tcb-color-2) !important;\">32,500 ALL<\/span><\/strong><\/p>\n<\/td>\n<td data-th=\"P\u00ebrfitimet themelore\" rowspan=\"1\" colspan=\"1\" style=\"\">\n<h6>\u2022 P\u00ebrpunim falas i aplikimit p\u00ebr an\u00ebtar\u00ebsim dhe regjistrim (Nj\u00eb p\u00ebrfaq\u00ebsues)<\/h6>\n<h6>\u2022 Ftes\u00eb p\u00ebr t\u00eb gjitha ngjarjet e rregullta (p.sh. Forume Biznesi, Ngjarje Rrjeti, Pun\u00ebtori Trajnimi dhe Zhvillimi Profesional, etj.)<\/h6>\n<h6>\u2022 Certifikat\u00eb An\u00ebtar\u00ebsimi dhe Let\u00ebr Konfirmimi<\/h6>\n<h6>\u2022 Pa t\u00eb drejt\u00eb vote<\/h6>\n<\/td>\n<td data-th=\"P\u00ebrfitimet e biznesit\" rowspan=\"1\" colspan=\"1\" style=\"\">\n<h6 style=\"\">\u2022 Trajnime specifike ose sesione informuese p\u00ebr t\u00eb rritur kapacitetin e tyre n\u00eb njohjen e legjislacionit, procedurave, teknikave t\u00eb reja t\u00eb financimit etj.<\/h6>\n<\/td>\n<td data-th=\"P\u00ebrfitime nga marketingu\" rowspan=\"1\" colspan=\"1\" style=\"\">\n<h6>\u2022 T\u00eb dh\u00ebnat e kontaktit t\u00eb kompanis\u00eb n\u00eb Librin Vjetor t\u00eb Dhom\u00ebs Amerikane. Libri Vjetor shp\u00ebrndahet si tek an\u00ebtar\u00ebt, ashtu edhe tek organizatat nd\u00ebrkomb\u00ebtare dhe misionet e huaja.<\/h6>\n<h6>\u2022 T\u00eb dh\u00ebnat e kontaktit t\u00eb kompanis\u00eb dhe Logoja n\u00eb faqen e internetit t\u00eb Dhom\u00ebs Amerikane.<\/h6>\n<h6>\u2022 Prezantimi i vet\u00ebm i an\u00ebtar\u00ebve n\u00eb faqen e internetit dhe revist\u00ebn e Dhom\u00ebs Amerikane (departamenti i an\u00ebtar\u00ebve t\u00eb rinj, kur an\u00ebtar\u00ebsohet p\u00ebr her\u00eb t\u00eb par\u00eb).<\/h6>\n<h6>\u2022 Mund\u00ebsi sponsorizimi p\u00ebr ngjarjet e Dhom\u00ebs Amerikane (jan\u00eb t\u00eb mundshme paketa t\u00eb ndryshme).<\/h6>\n<\/td>\n<\/tr>\n<\/tbody>\n<\/table>\n","protected":false},"excerpt":{"rendered":"<p>AmCham Albania \u00ebsht\u00eb z\u00ebri i interesave t\u00eb biznesit amerikan dhe shqiptar n\u00eb Shqip\u00ebri. T\u00eb qenit an\u00ebtar i AmCham-it i fuqizon bizneset t\u00eb lobojn\u00eb n\u00eb nj\u00eb grup me kompani kryesore, t\u00eb zgjerojn\u00eb rrjet\u00ebzimin me qarqe me ndikim dhe t\u00eb marrin pjes\u00eb n\u00eb ngjarje t\u00eb p\u00ebrshtatura sipas nevojave t\u00eb tyre. Pse t\u2019i bashkoheni lobimit t\u00eb AmCham Albania? [&hellip;]<\/p>\n","protected":false},"author":3,"featured_media":62586,"parent":0,"menu_order":0,"comment_status":"closed","ping_status":"closed","template":"","meta":{"_acf_changed":false,"_seopress_robots_primary_cat":"","_seopress_titles_title":"Why Join AmCham | AmCham Albania","_seopress_titles_desc":"AmCham Albania is the voice of U.S. and Albanian business interests in Albania and works towards specific economic development incentives.","_seopress_robots_index":"","inline_featured_image":false,"footnotes":""},"class_list":["post-81374","page","type-page","status-publish","has-post-thumbnail","hentry","post-wrapper","thrv_wrapper"],"acf":[],"_links":{"self":[{"href":"https:\/\/amcham.com.al\/sq\/wp-json\/wp\/v2\/pages\/81374","targetHints":{"allow":["GET"]}}],"collection":[{"href":"https:\/\/amcham.com.al\/sq\/wp-json\/wp\/v2\/pages"}],"about":[{"href":"https:\/\/amcham.com.al\/sq\/wp-json\/wp\/v2\/types\/page"}],"author":[{"embeddable":true,"href":"https:\/\/amcham.com.al\/sq\/wp-json\/wp\/v2\/users\/3"}],"replies":[{"embeddable":true,"href":"https:\/\/amcham.com.al\/sq\/wp-json\/wp\/v2\/comments?post=81374"}],"version-history":[{"count":0,"href":"https:\/\/amcham.com.al\/sq\/wp-json\/wp\/v2\/pages\/81374\/revisions"}],"wp:featuredmedia":[{"embeddable":true,"href":"https:\/\/amcham.com.al\/sq\/wp-json\/wp\/v2\/media\/62586"}],"wp:attachment":[{"href":"https:\/\/amcham.com.al\/sq\/wp-json\/wp\/v2\/media?parent=81374"}],"curies":[{"name":"wp","href":"https:\/\/api.w.org\/{rel}","templated":true}]}}