{"id":81153,"date":"2025-10-01T14:17:45","date_gmt":"2025-10-01T13:17:45","guid":{"rendered":"https:\/\/amcham.com.al\/?page_id=81153"},"modified":"2025-10-17T15:23:05","modified_gmt":"2025-10-17T13:23:05","slug":"tourism-hospitality-new","status":"publish","type":"page","link":"https:\/\/amcham.com.al\/sq\/tourism-hospitality-new\/","title":{"rendered":"Turiz\u00ebm dhe Mikpritje"},"content":{"rendered":"<p><strong>Komiteti i Turizmit dhe Mikpritjes<\/strong><\/p>\n<p><strong>Kryetar \u2013 Elvis Kotherja &#8211; Elite Travel Group<\/strong><\/p>\n<p><strong>Z\u00ebvend\u00ebskryetar \u2013 Nikolla Gjoni \u2013 Safecom<\/strong><\/p>\n<p><strong>Misioni<\/strong><\/p>\n<p>Komiteti i Turizmit dhe Mikpritjes promovon industrin\u00eb e Turizmit dhe Mikpritjes s\u00eb Shqip\u00ebris\u00eb dhe SHBA-s\u00eb duke leht\u00ebsuar komunikimin dhe duke zhvilluar biznesin midis sektorit privat dhe publik t\u00eb Shqip\u00ebris\u00eb, si dhe brenda komunitetit t\u00eb bizneseve AMCHAM. THC diskuton trendet dhe \u00e7\u00ebshtjet e udh\u00ebtimit brenda dhe q\u00eb ndikojn\u00eb n\u00eb industrit\u00eb e linjave ajrore, hoteleve, kompanive turistike, konventave, ekspozitave, udh\u00ebtimeve t\u00eb biznesit, turizmit mjek\u00ebsor dhe transportit tok\u00ebsor.<\/p>\n<p><strong>Objektivat<\/strong><\/p>\n<p>Leht\u00ebsimi i dialogut publik-privat mbi strategjit\u00eb p\u00ebr t\u00eb rihapur Shqip\u00ebrin\u00eb n\u00eb m\u00ebnyr\u00eb t\u00eb sigurt dhe t\u00eb q\u00ebndrueshme p\u00ebr udh\u00ebtar\u00ebt nd\u00ebrkomb\u00ebtar\u00eb, promovimi i turizmit vendas dhe ofrimi i leht\u00ebsirave financiare p\u00ebr pronar\u00ebt, operator\u00ebt dhe punonj\u00ebsit e industris\u00eb.<\/p>\n<p>Zhvillimi dhe p\u00ebrmir\u00ebsimi i sektorit t\u00eb Mikpritjes, Udh\u00ebtimeve dhe Turizmit n\u00eb vend.<\/p>\n","protected":false},"excerpt":{"rendered":"<p>Komiteti i Turizmit dhe Mikpritjes Kryetar \u2013 Elvis Kotherja &#8211; Elite Travel Group Z\u00ebvend\u00ebskryetar \u2013 Nikolla Gjoni \u2013 Safecom Misioni Komiteti i Turizmit dhe Mikpritjes promovon industrin\u00eb e Turizmit dhe Mikpritjes s\u00eb Shqip\u00ebris\u00eb dhe SHBA-s\u00eb duke leht\u00ebsuar komunikimin dhe duke zhvilluar biznesin midis sektorit privat dhe publik t\u00eb Shqip\u00ebris\u00eb, si dhe brenda komunitetit t\u00eb bizneseve [&hellip;]<\/p>\n","protected":false},"author":16,"featured_media":0,"parent":0,"menu_order":0,"comment_status":"closed","ping_status":"closed","template":"","meta":{"_acf_changed":false,"_seopress_robots_primary_cat":"","_seopress_titles_title":"","_seopress_titles_desc":"","_seopress_robots_index":"","inline_featured_image":false,"footnotes":""},"class_list":["post-81153","page","type-page","status-publish","hentry","post-wrapper","thrv_wrapper"],"acf":[],"_links":{"self":[{"href":"https:\/\/amcham.com.al\/sq\/wp-json\/wp\/v2\/pages\/81153","targetHints":{"allow":["GET"]}}],"collection":[{"href":"https:\/\/amcham.com.al\/sq\/wp-json\/wp\/v2\/pages"}],"about":[{"href":"https:\/\/amcham.com.al\/sq\/wp-json\/wp\/v2\/types\/page"}],"author":[{"embeddable":true,"href":"https:\/\/amcham.com.al\/sq\/wp-json\/wp\/v2\/users\/16"}],"replies":[{"embeddable":true,"href":"https:\/\/amcham.com.al\/sq\/wp-json\/wp\/v2\/comments?post=81153"}],"version-history":[{"count":0,"href":"https:\/\/amcham.com.al\/sq\/wp-json\/wp\/v2\/pages\/81153\/revisions"}],"wp:attachment":[{"href":"https:\/\/amcham.com.al\/sq\/wp-json\/wp\/v2\/media?parent=81153"}],"curies":[{"name":"wp","href":"https:\/\/api.w.org\/{rel}","templated":true}]}}