{"id":49570,"date":"2024-06-11T10:00:12","date_gmt":"2024-06-11T08:00:12","guid":{"rendered":"https:\/\/amcham.com.al\/gjonaj-group\/"},"modified":"2025-10-02T16:36:41","modified_gmt":"2025-10-02T15:36:41","slug":"gjonaj-group-holdings","status":"publish","type":"page","link":"https:\/\/amcham.com.al\/sq\/gjonaj-group-holdings\/","title":{"rendered":"Gjonaj Group Holdings"},"content":{"rendered":"<p>\u201d<\/p>\n<p>&#8220;Grupi Gjonaj operon me krenari nd\u00ebrkomb\u00ebtarisht si nj\u00eb korporat\u00eb biznesi shqiptare me Selin\u00eb Qendrore n\u00eb Tiran\u00eb. Grupi yn\u00eb ka partneritete me korporatat m\u00eb t\u00eb m\u00ebdha n\u00eb fush\u00ebn e telekomunikacionit, gjenerimit dhe tregtimit t\u00eb energjis\u00eb elektrike, tregtimit t\u00eb gazit dhe naft\u00ebs, dhe pasurive t\u00eb paluajtshme n\u00eb Evrop\u00eb, Lindjen e Mesme, Afrik\u00eb dhe Amerik\u00eb. Me zyra n\u00eb t\u00eb gjith\u00eb Ballkanin, Evrop\u00ebn dhe SHBA, ne punojm\u00eb p\u00ebr t\u00eb sjell\u00eb m\u00eb t\u00eb mir\u00ebn p\u00ebr partner\u00ebt tan\u00eb t\u00eb biznesit, kryesisht n\u00eb nivelin B2B. Duke i dh\u00ebn\u00eb r\u00ebnd\u00ebsi t\u00eb ve\u00e7ant\u00eb burimeve njer\u00ebzore t\u00eb kualifikuara dhe nj\u00eb qasje menaxhimi t\u00eb orientuar drejt punonj\u00ebsve, Grupi Gjonaj i p\u00ebrmbah\u00ebt objektivave t\u00eb tij t\u00eb q\u00ebndrueshm\u00ebris\u00eb ekonomike, mjedisore dhe shoq\u00ebrore n\u00eb t\u00eb gjitha operacionet e tij t\u00eb biznesit.&#8221;<\/p>\n<p style=\"\">Z. Marin Gjonaj \u2013 Kryetar i Bordit, Gjonaj Group Holdings<\/p>\n<p data-end=\"578\" data-start=\"0\"><strong data-end=\"22\" data-start=\"0\">Profili i Biznesit<\/strong>Gjonaj Group \u00ebsht\u00eb i pranish\u00ebm me kompanit\u00eb e tij n\u00eb 13 shtete t\u00eb bot\u00ebs n\u00eb fushat e telekomunikacionit, prodhimit dhe shitjes s\u00eb energjis\u00eb, marketingut (sh\u00ebrbime digjitale t\u00eb biznesit), pasurive t\u00eb paluajtshme dhe mikpritjes. Nj\u00eb ekip nd\u00ebrkomb\u00ebtar dinamik profesionist\u00ebsh n\u00eb biznes, q\u00eb menaxhon kompanit\u00eb e Grupit, ka nd\u00ebrtuar bashk\u00ebpunime afatgjata me kompani globale p\u00ebr shkak t\u00eb operacioneve t\u00eb vazhdueshme n\u00eb m\u00eb shum\u00eb se 50 shtete t\u00eb ndryshme t\u00eb bot\u00ebs. Gjonaj Group zhvillon modele t\u00eb reja biznesi q\u00eb sjellin vler\u00eb n\u00eb vendet dhe shoq\u00ebrit\u00eb ku operon.<\/p>\n<p data-end=\"608\" data-start=\"580\"><strong data-end=\"608\" data-start=\"580\">Kompanit\u00eb e Gjonaj Group<\/strong><\/p>\n<p data-end=\"1477\" data-start=\"610\"><strong data-end=\"625\" data-start=\"610\">INFOTelecom<\/strong>&nbsp;mbetet agregatori m\u00eb i madh rajonal, i specializuar n\u00eb nd\u00ebrtimin e Platformave t\u00eb Telekomunikacionit p\u00ebr Operator\u00ebt Mobil\u00eb n\u00eb mbar\u00eb bot\u00ebn dhe \u00ebsht\u00eb aktiv n\u00eb sh\u00ebrbimet me shumic\u00eb n\u00eb SMS A2P, Roaming, Z\u00eb dhe RCS mes 400 operator\u00ebve mobil\u00eb globalisht dhe m\u00eb shum\u00eb se 50+ aplikacioneve globale si META, Bigo, Google e t\u00eb tjer\u00eb. Aktiviteti i saj kryesor \u00ebsht\u00eb i p\u00ebrqendruar n\u00eb Afrik\u00eb, Azi dhe Lindjen e Mesme. Me m\u00eb shum\u00eb se 80 punonj\u00ebs, INFOTelecom mbetet nj\u00eb lider n\u00eb k\u00ebt\u00eb industri n\u00eb Evrop\u00eb duke sh\u00ebrbyer globalisht industrin\u00eb e telekomunikacionit me shumic\u00eb.&nbsp;<strong data-end=\"1199\" data-start=\"1184\">Mactal Corp<\/strong>, nj\u00eb kompani bij\u00eb e INFOTelecom, e themeluar n\u00eb vitin 2017 n\u00eb Florida, SHBA, me zyra n\u00eb New York City, ofron me sukses t\u00eb nj\u00ebjtat sh\u00ebrbime si INFOTelecom, por ekskluzivisht n\u00eb tregun e SHBA-s\u00eb, Kanadas\u00eb dhe Amerik\u00ebs s\u00eb Jugut. Mactal ka shfaqur rritje t\u00eb ndjeshme n\u00eb k\u00ebt\u00eb rajon.<\/p>\n<p data-end=\"2502\" data-start=\"1479\"><strong data-end=\"1493\" data-start=\"1479\">Ener Trade<\/strong>&nbsp;\u00ebsht\u00eb sot nj\u00eb nga kompanit\u00eb m\u00eb t\u00eb r\u00ebnd\u00ebsishme t\u00eb Gjonaj Group me aktivitetin e saj kryesor n\u00eb blerjen dhe tregtimin me shumic\u00eb t\u00eb energjis\u00eb elektrike. Ajo u bashk\u00eb-themelua n\u00eb Tiran\u00eb n\u00eb vitin 2018 nga Z. Marin Gjonaj dhe Z. Artur Micko. Ener Trade \u00ebsht\u00eb nd\u00ebr furnizuesit kryesor\u00eb t\u00eb besuar n\u00eb Evrop\u00ebn Juglindore, nga Hungaria n\u00eb Greqi, duke p\u00ebrfshir\u00eb licencat lokale p\u00ebrmes kompanive bij\u00eb,&nbsp;<strong data-end=\"1899\" data-start=\"1884\">ETMT Energy<\/strong>&nbsp;n\u00eb Hungari, Serbi, Maqedoni e Veriut, Bosnje, Bullgari, Slloveni dhe Kosov\u00eb. N\u00eb vitin 2022, Ener Trade arriti nj\u00eb sukses t\u00eb r\u00ebnd\u00ebsish\u00ebm duke kaluar nj\u00eb mesatare prej 200 000 MWh portofol n\u00eb muaj, duke u b\u00ebr\u00eb nj\u00eb nga tregtar\u00ebt m\u00eb t\u00eb m\u00ebdhenj fizik\u00eb t\u00eb energjis\u00eb n\u00eb rajon dhe nd\u00ebr 10 kompanit\u00eb m\u00eb t\u00eb m\u00ebdha n\u00eb Shqip\u00ebri. Kompania \u00ebsht\u00eb aktive n\u00eb&nbsp;<strong data-end=\"2266\" data-start=\"2241\">Alpex Market Exchange<\/strong>&nbsp;(Shqip\u00ebri &amp; Kosov\u00eb). Kompanit\u00eb bij\u00eb,&nbsp;<strong data-end=\"2334\" data-start=\"2304\">ETMT Energija Doo Slovenia<\/strong>&nbsp;\u00ebsht\u00eb e pranishme n\u00eb&nbsp;<strong data-end=\"2364\" data-start=\"2356\">Ibex<\/strong>&nbsp;(bursa bullgare) dhe&nbsp;<strong data-end=\"2394\" data-start=\"2386\">Hupx<\/strong>&nbsp;(bursa hungareze), nd\u00ebrsa&nbsp;<strong data-end=\"2452\" data-start=\"2421\">ETMT Energy North Macedonia<\/strong>&nbsp;\u00ebsht\u00eb e pranishme n\u00eb&nbsp;<strong data-end=\"2482\" data-start=\"2474\">MEMO<\/strong>&nbsp;(bursa maqedonase).<\/p>\n<p data-end=\"3125\" data-start=\"2504\"><strong data-end=\"2537\" data-start=\"2504\">Promarketing Albania &amp; Italia<\/strong>&nbsp;\u00ebsht\u00eb konsoliduar si lider shqiptar n\u00eb sh\u00ebrbimet digjitale t\u00eb biznesit, duke kombinuar teknologjin\u00eb e avancuar me ndjeshm\u00ebrin\u00eb njer\u00ebzore (BPO). E themeluar n\u00eb shtator t\u00eb vitit 2011, ProMarketing p\u00ebrfshin disa hapa, hyrje, dalje dhe var\u00ebsi. Q\u00ebllimi kryesor \u00ebsht\u00eb t\u00eb reduktoj\u00eb kostot, t\u00eb kursej\u00eb koh\u00eb dhe t\u00eb p\u00ebrqendrohet n\u00eb aspektet kryesore t\u00eb biznesit. E vendosur mes Shqip\u00ebris\u00eb dhe Italis\u00eb p\u00ebr t\u00eb p\u00ebrmbushur m\u00eb mir\u00eb nevojat e klient\u00ebve, ProMarketing bashk\u00ebpunon ekskluzivisht me&nbsp;<strong data-end=\"3036\" data-start=\"3018\">Vodafone Italy<\/strong>&nbsp;dhe&nbsp;<strong data-end=\"3058\" data-start=\"3041\">Windtre Italy<\/strong>, si nj\u00eb nga aktor\u00ebt m\u00eb t\u00eb r\u00ebnd\u00ebsish\u00ebm, dhe ka mbi 300 t\u00eb pun\u00ebsuar.<\/p>\n<p data-end=\"3535\" data-start=\"3127\"><strong data-end=\"3140\" data-start=\"3127\">ProBroker<\/strong>&nbsp;\u00ebsht\u00eb nj\u00eb firm\u00eb nd\u00ebrmjet\u00ebsimi dhe investimi n\u00eb pasuri t\u00eb paluajtshme e Gjonaj Group q\u00eb operon n\u00eb nivel komb\u00ebtar n\u00eb Shqip\u00ebri, duke ofruar nj\u00eb gam\u00eb t\u00eb gjer\u00eb sh\u00ebrbimesh p\u00ebr klient\u00ebt n\u00eb fush\u00ebn e pasurive t\u00eb paluajtshme. Suksesi i saj n\u00eb treg bazohet n\u00eb p\u00ebrvoj\u00ebn, profesionalizmin dhe qasjen gjith\u00ebp\u00ebrfshir\u00ebse p\u00ebr t\u00eb ndihmuar klient\u00ebt gjat\u00eb gjith\u00eb proceseve t\u00eb ndryshme t\u00eb transaksioneve imobiliare.<\/p>\n<p data-end=\"4062\" data-start=\"3537\"><strong data-end=\"3574\" data-start=\"3537\">ALB Solar \u2013 Gjonaj Group Holdings<\/strong>, p\u00ebrve\u00e7 tregtimit t\u00eb energjis\u00eb n\u00eb Shqip\u00ebri dhe rajon, \u00ebsht\u00eb gjithashtu e fokusuar n\u00eb prodhimin e energjis\u00eb nga burime t\u00eb rinovueshme, duke kompletuar k\u00ebshtu portofolin e saj n\u00eb k\u00ebt\u00eb fush\u00eb. \u00cbsht\u00eb p\u00ebrshpejtuar puna p\u00ebr nd\u00ebrtimin e parqeve fotovoltaike p\u00ebr projekte si&nbsp;<strong data-end=\"3856\" data-start=\"3841\">ALB Solar 1<\/strong>,&nbsp;<strong data-end=\"3873\" data-start=\"3858\">ALB Solar 2<\/strong>,&nbsp;<strong data-end=\"3893\" data-start=\"3875\">Green Vitality<\/strong>, etj. Projekti m\u00eb i fundit,&nbsp;<strong data-end=\"3937\" data-start=\"3922\">ALB Solar 3<\/strong>, \u00ebsht\u00eb nd\u00ebrtimi dhe menaxhimi i parkut t\u00eb dyt\u00eb m\u00eb t\u00eb madh n\u00eb Shqip\u00ebri&nbsp;<strong data-end=\"4041\" data-start=\"4008\">\u201cGreen Nat Solar Park Ballsh\u201d<\/strong>&nbsp;me kapacitet 100 MW.<\/p>\n<p data-end=\"4532\" data-start=\"4064\"><strong data-end=\"4075\" data-start=\"4064\">Digicom<\/strong>&nbsp;ka krijuar dominimin e saj si nj\u00eb operator telekomunikacioni n\u00eb Shqip\u00ebri me abonime n\u00eb sh\u00ebrbimet Triple-Play: Internet me Fib\u00ebr, TV dhe Telefon Fiks. N\u00eb vitin 2023, Digicom ka arritur pothuajse&nbsp;<strong data-end=\"4289\" data-start=\"4270\">40 000 abonent\u00eb<\/strong>&nbsp;n\u00eb nivel komb\u00ebtar, duke u renditur si operatori i tret\u00eb m\u00eb i madh n\u00eb Shqip\u00ebri p\u00ebr sa i p\u00ebrket baz\u00ebs s\u00eb klient\u00ebve dhe absolutisht m\u00eb i madhi n\u00eb baz\u00ebn e klient\u00ebve me fib\u00ebr n\u00ebn menaxhimin e partnerit ton\u00eb&nbsp;<strong data-end=\"4499\" data-start=\"4492\">ATU<\/strong>, si aksionari kryesor i Digicom.<\/p>\n<p data-end=\"4858\" data-is-last-node=\"\" data-is-only-node=\"\" data-start=\"4534\"><strong data-end=\"4569\" data-start=\"4534\">Lake Drive \u201cRooms &amp; Apartments\u201d<\/strong>&nbsp;ka sjell\u00eb me sukses konceptin&nbsp;<strong data-end=\"4617\" data-start=\"4600\">Airbnb Luxury<\/strong>&nbsp;n\u00eb Tiran\u00eb, duke u pozicionuar si nj\u00eb aktor i spikatur n\u00eb treg. E themeluar n\u00eb qershor 2021, ofron akomodim ekskluzivisht p\u00ebrmes&nbsp;<strong data-end=\"4756\" data-start=\"4746\">Airbnb<\/strong>&nbsp;dhe&nbsp;<strong data-end=\"4772\" data-start=\"4761\">Booking<\/strong>&nbsp;me&nbsp;<strong data-end=\"4788\" data-start=\"4776\">17 Dhoma<\/strong>,&nbsp;<strong data-end=\"4808\" data-start=\"4790\">10 Apartamente<\/strong>&nbsp;dhe&nbsp;<strong data-end=\"4824\" data-start=\"4813\">dy vila<\/strong>, t\u00eb gjitha me standarde t\u00eb larta.<\/p>\n<p style=\"\"><a href=\"tel:0035544509250\" target=\"_blank\" style=\"outline: none;\"><\/a><a href=\"tel:+35545600000\" target=\"_blank\" style=\"outline: none;\">+355 45600000<\/a><\/p>\n<p style=\"\"><a href=\"mailto:info@balfin.al\" target=\"_blank\" style=\"outline: none;\"><\/a><a href=\"mailto:communications@gjonajholdings.com\" target=\"_blank\" style=\"outline: none;\">communications@gjonajholdings.com<\/a><\/p>\n<p style=\"\"><a href=\"https:\/\/balfin.al\" target=\"_blank\" style=\"outline: none;\"><\/a><a href=\"https:\/\/www.gjonajholdings.com\/\" target=\"_blank\" style=\"outline: none;\">https:\/\/www.gjonajholdings.com<\/a><\/p>\n<p style=\"\">Park Gate Building, Rr. e Elbasanit, Nr. 1, Tiran\u00eb, Albania<\/p>\n<h3 style=\"\">Gjonaj Goup- lajme<\/h3>\n<p><a href=\"https:\/\/amcham.com.al\/sq\/infotelecom-merr-pjese-ne-javen-nderkombetare-te-telekomit-international-telecom-week-2024-ne-uashington-dc\/\" dynamic-postlink=\"tcb_post_the_permalink\" data-shortcode-id=\"50299\"><\/p>\n<p style=\"text-align: center;\">Gjonaj group<\/p>\n<p><\/a><\/p>\n<p style=\"\"><span data-attr-date-format=\"j F Y\" data-attr-date-format-select=\"custom\" data-attr-link=\"0\" data-attr-rel=\"0\" data-attr-show-time=\"0\" data-attr-target=\"0\" data-attr-time-format=\"\" data-attr-time-format-select=\"g:i a\" data-attr-type=\"published\" data-extra_key=\"\" data-option-inline=\"1\" data-shortcode=\"tcb_post_published_date\" data-shortcode-name=\"Post date\" style=\"\">2 July 2024 <\/span><\/p>\n<h2 style=\"\"><span data-attr-css=\"tve-u-199a5574162\" data-attr-link=\"1\" data-attr-rel=\"0\" data-attr-static-link=\"{&quot;className&quot;:&quot;&quot;,&quot;href&quot;:&quot;https:\/\/amcham.com.al\/sq\/infotelecom-merr-pjese-ne-javen-nderkombetare-te-telekomit-international-telecom-week-2024-ne-uashington-dc\/&quot;,&quot;title&quot;:&quot;INFOTelecom merr pjes\u00eb n\u00eb Jav\u00ebn Nd\u00ebrkomb\u00ebtare t\u00eb Telekomit (International Telecom Week) 2024 n\u00eb Uashington, DC&quot;,&quot;data-css&quot;:&quot;tve-u-199a5574162&quot;,&quot;class&quot;:&quot;&quot;}\" data-attr-target=\"0\" data-extra_key=\"\" data-option-inline=\"1\" data-shortcode=\"tcb_post_title\" data-shortcode-name=\"Post title\" style=\"\"><a href=\"https:\/\/amcham.com.al\/sq\/infotelecom-merr-pjese-ne-javen-nderkombetare-te-telekomit-international-telecom-week-2024-ne-uashington-dc\/\" title=\"INFOTelecom merr pjes\u00eb n\u00eb Jav\u00ebn Nd\u00ebrkomb\u00ebtare t\u00eb Telekomit (International Telecom Week) 2024 n\u00eb Uashington, DC\">INFOTelecom merr pjes\u00eb n\u00eb Jav\u00ebn Nd\u00ebrkomb\u00ebtare t\u00eb Telekomit (International Telecom Week) 2024 n\u00eb Uashington, DC<\/a><\/span><\/h2>\n<p><a href=\"https:\/\/amcham.com.al\/sq\/infotelecom-merr-pjese-ne-javen-nderkombetare-te-telekomit-international-telecom-week-2024-ne-uashington-dc\/\" style=\"\"><span><!--! Font Awesome Free 6.7.1 by @fontawesome - https:\/\/fontawesome.com License - https:\/\/fontawesome.com\/license\/free (Icons: CC BY 4.0, Fonts: SIL OFL 1.1, Code: MIT License) Copyright 2024 Fonticons, Inc. --><\/span><span style=\"\"><span style=\"\">View details&nbsp;<\/span><\/span><\/a><\/p>\n","protected":false},"excerpt":{"rendered":"<p>\u201d &#8220;Grupi Gjonaj operon me krenari nd\u00ebrkomb\u00ebtarisht si nj\u00eb korporat\u00eb biznesi shqiptare me Selin\u00eb Qendrore n\u00eb Tiran\u00eb. Grupi yn\u00eb ka partneritete me korporatat m\u00eb t\u00eb m\u00ebdha n\u00eb fush\u00ebn e telekomunikacionit, gjenerimit dhe tregtimit t\u00eb energjis\u00eb elektrike, tregtimit t\u00eb gazit dhe naft\u00ebs, dhe pasurive t\u00eb paluajtshme n\u00eb Evrop\u00eb, Lindjen e Mesme, Afrik\u00eb dhe Amerik\u00eb. Me zyra [&hellip;]<\/p>\n","protected":false},"author":5,"featured_media":49561,"parent":0,"menu_order":0,"comment_status":"closed","ping_status":"closed","template":"","meta":{"_acf_changed":false,"_seopress_robots_primary_cat":"","_seopress_titles_title":"Gjonaj Group Holdings - Premium Member","_seopress_titles_desc":"Gjonaj Group \u00ebsht\u00eb prezent me kompanit\u00eb n\u00eb 13 vende t\u00eb bot\u00ebs n\u00eb fush\u00ebn e telekomunikacionit, prodhimit dhe shitjes s\u00eb energjis\u00eb, marketingut (sh\u00ebrbimet dixhitale t\u00eb biznesit), pasurive t\u00eb paluajtshme dhe mikpritjes, eksportit dhe operacioneve t\u00eb shitjes s\u00eb fruta-perimeve t\u00eb fresk\u00ebta me shumic\u00eb. Nj\u00eb ekip dinamik i profesionist\u00ebve t\u00eb biznesit q\u00eb menaxhojn\u00eb kompanit\u00eb e Grupit ka krijuar nj\u00eb bashk\u00ebpunim afatgjat\u00eb me kompani globale si pjes\u00eb e operacioneve t\u00eb vazhdueshme n\u00eb rajone t\u00eb ndryshme t\u00eb bot\u00ebs n\u00eb m\u00eb shum\u00eb se 50 vende. Gjonaj Group zhvillon modele t\u00eb reja biznesi q\u00eb sjellin vler\u00eb p\u00ebr vendet dhe shoq\u00ebrit\u00eb ku operon.","_seopress_robots_index":"","inline_featured_image":false,"footnotes":""},"class_list":["post-49570","page","type-page","status-publish","has-post-thumbnail","hentry","post-wrapper","thrv_wrapper"],"acf":[],"_links":{"self":[{"href":"https:\/\/amcham.com.al\/sq\/wp-json\/wp\/v2\/pages\/49570","targetHints":{"allow":["GET"]}}],"collection":[{"href":"https:\/\/amcham.com.al\/sq\/wp-json\/wp\/v2\/pages"}],"about":[{"href":"https:\/\/amcham.com.al\/sq\/wp-json\/wp\/v2\/types\/page"}],"author":[{"embeddable":true,"href":"https:\/\/amcham.com.al\/sq\/wp-json\/wp\/v2\/users\/5"}],"replies":[{"embeddable":true,"href":"https:\/\/amcham.com.al\/sq\/wp-json\/wp\/v2\/comments?post=49570"}],"version-history":[{"count":0,"href":"https:\/\/amcham.com.al\/sq\/wp-json\/wp\/v2\/pages\/49570\/revisions"}],"wp:featuredmedia":[{"embeddable":true,"href":"https:\/\/amcham.com.al\/sq\/wp-json\/wp\/v2\/media\/49561"}],"wp:attachment":[{"href":"https:\/\/amcham.com.al\/sq\/wp-json\/wp\/v2\/media?parent=49570"}],"curies":[{"name":"wp","href":"https:\/\/api.w.org\/{rel}","templated":true}]}}