{"id":36276,"date":"2024-04-06T21:39:38","date_gmt":"2024-04-06T20:39:38","guid":{"rendered":"https:\/\/amcham.com.al\/boga-associates\/"},"modified":"2024-07-12T11:54:12","modified_gmt":"2024-07-12T10:54:12","slug":"boga-associates","status":"publish","type":"page","link":"https:\/\/amcham.com.al\/sq\/boga-associates\/","title":{"rendered":"Boga &#038; Associates"},"content":{"rendered":"<p>\u201d<\/p>\n<p><em>\u201cMe nj\u00eb histori arritjesh t\u00eb jasht\u00ebzakonshme q\u00eb daton tre dekada m\u00eb par\u00eb, Boga &amp; Associates mbetet e p\u00ebrkushtuar p\u00ebr t\u00eb ofruar cil\u00ebsin\u00eb m\u00eb t\u00eb lart\u00eb t\u00eb sh\u00ebrbimeve ligjore, fiskale dhe kontab\u00ebl n\u00eb mb\u00ebshtetje t\u00eb suksesit t\u00eb klient\u00ebve tan\u00eb n\u00eb Shqip\u00ebri dhe Kosov\u00eb.<\/em><\/p>\n<p><em>&nbsp;Si Partner Menaxhues i Boga &amp; Associates, ndjehem krenar p\u00ebr rrug\u00ebtimin q\u00eb kemi patur q\u00eb nga themelimi yn\u00eb n\u00eb vitin 1993. P\u00ebrpjekjet tona t\u00eb vazhdueshme p\u00ebr t\u00eb arritur standardet m\u00eb t\u00eb larta, kan\u00eb b\u00ebr\u00eb q\u00eb sot t\u00eb jemi lider n\u00eb fushat ligjore, fiskale dhe kontab\u00ebl si n\u00eb Shqip\u00ebri dhe n\u00eb Kosov\u00eb&#8221;.<\/em><\/p>\n<p style=\"color: rgba(0, 0, 0, 0.6) !important; --tcb-applied-color:rgba(0, 0, 0, 0.6)  !important;\">&#8211; Genc Boga, PARTNER MENAXHUES<\/p>\n<h5 style=\"\"><b>Profili<\/b><\/h5>\n<p><strong>Boga &amp; Associates<\/strong>, e themeluar n\u00eb vitin 1993, \u00ebsht\u00eb firm\u00eb konsulence q\u00eb operon n\u00eb Shqip\u00ebri dhe Kosov\u00eb, e cila njihet p\u00ebr ofrimin e cil\u00ebsis\u00eb m\u00eb t\u00eb lart\u00eb t\u00eb sh\u00ebrbimeve ligjore, fiskale dhe kontab\u00ebl p\u00ebr klient\u00ebt e saj. Firma punon me institucione t\u00eb r\u00ebnd\u00ebsishme financiare dhe kompani n\u00eb industri t\u00eb ndryshme, si banka dhe financa, energjia, infrastruktura, teknologjia dhe kujdesi sh\u00ebndet\u00ebsor.<\/p>\n<p>Zyra ofron t\u00eb gjitha sh\u00ebrbimet ligjore, fiskale dhe kontab\u00ebl t\u00eb nevojshme p\u00ebr t\u00eb themeluar dhe ushtruar aktivitetin tregtar n\u00eb Shqip\u00ebri dhe Kosov\u00eb.<\/p>\n<p>Gjat\u00eb k\u00ebtyre 30 viteve, zyra ka ofruar asistenc\u00eb ligjore n\u00eb fush\u00ebn e privatizimit t\u00eb nd\u00ebrmarrjeve shteterore, koncensioneve, transaksioneve me pasuri t\u00eb paluajtshme, n\u00eb fush\u00ebn e tatimeve dhe doganave si dhe sherbime kontabiliteti duke u orientuar vazhdimisht nga zhvillimet m\u00eb t\u00eb fundit n\u00eb Shqip\u00ebri dhe Kosov\u00eb.<\/p>\n<p><strong> <\/strong><\/p>\n<h5 style=\"\"><b>FUSHAT E SH<strong>\u00eb<\/strong>RBIMEVE<\/b><\/h5>\n<p style=\"\"><strong>Sh\u00ebrbime Ligjore:<\/strong>&nbsp;<\/p>\n<p>E drejta tregtare, e drejta bankare dhe financiare, e drejta e konkurrences, e drejta e punes, ndertimi dhe sipermarrja, komunikime elektronike, energji dhe nafte, prokurime, mjedisi, e drejta e pasurive te paluajtshme, e pronesise intelektuale, perfaqesim ne procedurat gjyqesore, arbitrazh etj.<\/p>\n<p style=\"\"><strong>Sh\u00ebrbime Fiskale: <\/strong><\/p>\n<p>Konsulenc\u00eb fiskale, rishikim\/kontroll fiskal, asistenc\u00eb mbi realizimin e k\u00ebrkesave fiskale, p\u00ebrfaq\u00ebsim n\u00eb \u00e7eshtje gjyq\u00ebsore tatimore.<\/p>\n<p style=\"\"><strong>Sh\u00ebrbime Kontab<strong>\u00eb<\/strong>l:&nbsp;<\/strong><\/p>\n<p>Sh\u00ebrbime t\u00eb mbajtjes s\u00eb kontabilitetit, konsulenc\u00eb kontab\u00ebl, asistenc\u00eb n\u00eb fush\u00ebn e investigimeve financiare.<\/p>\n<p style=\"\"><b>VLER<strong>\u00cb<\/strong>SIME DHE CMIME ND<strong>\u00cb<\/strong>RKOMB<strong>\u00cb<\/strong>TARE<\/b><\/p>\n<p><b><\/b>Boga &amp; Associates vler\u00ebsohet nd\u00ebrkomb\u00ebtarisht n\u00eb fushat ligjore dhe fiskale dhe vazhdimisht kryeson renditjen n\u00eb publikime t\u00eb ndryshme prestigjioze. E njohur p\u00ebr pun\u00ebn dhe p\u00ebrkushtimin e saj p\u00ebr t&#8217;u ofruar klient\u00ebve sh\u00ebrbimin m\u00eb cil\u00ebsor, firma \u00ebsht\u00eb nj\u00eb em\u00ebr i besuar n\u00eb industrin\u00eb ligjore dhe fiskale.<\/p>\n<p><b>Boga &amp; Associates<\/b>&nbsp;listohet <b>BAND 1<\/b> n\u00eb fush\u00ebn e Korporatave\/Marr\u00ebveshjeve Tregtare, Zgjidhjen e Mosmarr\u00ebveshjeve dhe Pron\u00ebsine Intelektuale nga <b>Chambers Europe (2024) dhe Chambers Global (2024<\/b>), <b>TIER 1<\/b> n\u00eb <strong>The Legal 500 (2024<\/strong>), n\u00eb t\u00eb Drejt\u00ebn Bankare dhe Financiare dhe at\u00eb t\u00eb Korporatave nga <strong>IFLR1000 (2024),<\/strong> dhe Pron\u00ebsi Intelektuale nga <strong>Trademark World Review (2024).<\/strong><\/p>\n<p>Firma vler\u00ebsohet nga klient\u00ebt dhe koleg\u00ebt e saj si nj\u00eb &#8220;<em>firm\u00eb ligjore me ekspertiz\u00eb t\u00eb kalibrit t\u00eb lart\u00eb<\/em>&#8221; dhe dallohet &#8220;<em>midis elitave n\u00eb Shqip\u00ebri<\/em>&#8220;.<\/p>\n<p>&#8220;Udh\u00ebheq n\u00eb m\u00ebnyr\u00eb t\u00eb vazhdueshme transaksionet dhe ve\u00e7ohet p\u00ebr reputacionin e paarritsh\u00ebm n\u00eb aren\u00ebn e korporatave dhe at\u00eb komerciale&#8221; (<b>Chambers Europe 2024<\/b>).<\/p>\n<h5 style=\"\"><b>EKIPI<\/b><\/h5>\n<p>Genc Boga \u2013 Themelues dhe Partner Menaxhues: <a href=\"mailto:gboga@bogalaw.com\" style=\"outline: none;\">gboga@bogalaw.com<\/a><\/p>\n<p>Sokol Elmazaj \u2013 Partner: <a href=\"mailto:selmazi@bogalaw.com\" style=\"outline: none;\">selmazi@bogalaw.com<\/a><\/p>\n<p>Renata Leka \u2013 Partner: <a href=\"mailto:rleka@bogalaw.com\" style=\"outline: none;\">rleka@bogalaw.com<\/a><\/p>\n<p>Alketa Uru\u00e7i \u2013 Partner: <a href=\"mailto:auruci@bogalaw.com\" style=\"outline: none;\">auruci@bogalaw.com<\/a><\/p>\n<p>Gerhard Velaj \u2013 Partner: <a href=\"mailto:gvelaj@bogalaw.com\" style=\"outline: none;\">gvelaj@bogalaw.com<\/a><\/p>\n<p>Andi Pacani \u2013 Partner: <a href=\"mailto:apacani@bogalaw.com\" style=\"outline: none;\">apacani@bogalaw.com<\/a><\/p>\n<\/p>\n<p><b>Kosov\u00eb<\/b><\/p>\n<p style=\"\"><a href=\"tel:+38338223152\" target=\"_blank\" style=\"outline: none;\" rel=\"noopener\">+383 38 223 152<\/a> (Phone)<\/p>\n<p style=\"\"><a href=\"tel:+38338223153\" target=\"_blank\" style=\"outline: none;\" rel=\"noopener\">+383 38 223 153<\/a> (Fax)<\/p>\n<p style=\"\"><a href=\"mailto:boga@bogalaw.com\" target=\"_blank\" style=\"outline: none;\" rel=\"noopener\">boga@bogalaw.com<\/a><\/p>\n<p style=\"\"><a href=\"https:\/\/www.bogalaw.com\/\" target=\"_blank\" style=\"outline: none;\" rel=\"noopener\">https:\/\/www.bogalaw.com\/<\/a><\/p>\n<p>50\/3 Sylejman Vokshi Str. 10000 Pristina<\/p>\n<p><b>Shqip\u00ebri<\/b><\/p>\n<p style=\"\"><a href=\"tel:+35542251050\" target=\"_blank\" style=\"outline: none;\" rel=\"noopener\">+355 4 2251 050<\/a> (Phone)<\/p>\n<p style=\"\"><a href=\"tel:+35542251055\" target=\"_blank\" style=\"outline: none;\" rel=\"noopener\">+355 4 2251 055<\/a>&nbsp;(Fax)<\/p>\n<p style=\"\"><a href=\"mailto:boga@bogalaw.com\" target=\"_blank\" style=\"outline: none;\" rel=\"noopener\">boga@bogalaw.com<\/a><\/p>\n<p style=\"\"><a href=\"https:\/\/www.bogalaw.com\/\" target=\"_blank\" style=\"outline: none;\" rel=\"noopener\">https:\/\/www.bogalaw.com\/<\/a><\/p>\n<p>40\/3 Ibrahim Rugova Str. 1019 Tirana, Albania<\/p>\n","protected":false},"excerpt":{"rendered":"<p>\u201d \u201cMe nj\u00eb histori arritjesh t\u00eb jasht\u00ebzakonshme q\u00eb daton tre dekada m\u00eb par\u00eb, Boga &amp; Associates mbetet e p\u00ebrkushtuar p\u00ebr t\u00eb ofruar cil\u00ebsin\u00eb m\u00eb t\u00eb lart\u00eb t\u00eb sh\u00ebrbimeve ligjore, fiskale dhe kontab\u00ebl n\u00eb mb\u00ebshtetje t\u00eb suksesit t\u00eb klient\u00ebve tan\u00eb n\u00eb Shqip\u00ebri dhe Kosov\u00eb. &nbsp;Si Partner Menaxhues i Boga &amp; Associates, ndjehem krenar p\u00ebr rrug\u00ebtimin q\u00eb [&hellip;]<\/p>\n","protected":false},"author":5,"featured_media":0,"parent":0,"menu_order":0,"comment_status":"closed","ping_status":"closed","template":"","meta":{"_acf_changed":false,"_seopress_robots_primary_cat":"","_seopress_titles_title":"Boga & Associates - Premium Member","_seopress_titles_desc":"E themeluar n\u00eb vitin 1993, \u00ebsht\u00eb firm\u00eb konsulence q\u00eb operon n\u00eb Shqip\u00ebri dhe Kosov\u00eb, e cila njihet p\u00ebr ofrimin e sh\u00ebrbimeve ligjore, fiskale dhe kontab\u00ebl","_seopress_robots_index":"","inline_featured_image":false,"footnotes":""},"class_list":["post-36276","page","type-page","status-publish","hentry","post-wrapper","thrv_wrapper"],"acf":[],"_links":{"self":[{"href":"https:\/\/amcham.com.al\/sq\/wp-json\/wp\/v2\/pages\/36276","targetHints":{"allow":["GET"]}}],"collection":[{"href":"https:\/\/amcham.com.al\/sq\/wp-json\/wp\/v2\/pages"}],"about":[{"href":"https:\/\/amcham.com.al\/sq\/wp-json\/wp\/v2\/types\/page"}],"author":[{"embeddable":true,"href":"https:\/\/amcham.com.al\/sq\/wp-json\/wp\/v2\/users\/5"}],"replies":[{"embeddable":true,"href":"https:\/\/amcham.com.al\/sq\/wp-json\/wp\/v2\/comments?post=36276"}],"version-history":[{"count":0,"href":"https:\/\/amcham.com.al\/sq\/wp-json\/wp\/v2\/pages\/36276\/revisions"}],"wp:attachment":[{"href":"https:\/\/amcham.com.al\/sq\/wp-json\/wp\/v2\/media?parent=36276"}],"curies":[{"name":"wp","href":"https:\/\/api.w.org\/{rel}","templated":true}]}}