{"id":36237,"date":"2024-04-06T20:55:41","date_gmt":"2024-04-06T19:55:41","guid":{"rendered":"https:\/\/amcham.com.al\/kastrati-group\/"},"modified":"2025-10-02T16:37:11","modified_gmt":"2025-10-02T15:37:11","slug":"kastrati-group","status":"publish","type":"page","link":"https:\/\/amcham.com.al\/sq\/kastrati-group\/","title":{"rendered":"Kastrati Group"},"content":{"rendered":"<p>\u201d<\/p>\n<p>Q\u00eb n\u00eb fillim, misioni im ishte i qart\u00eb: t\u00eb sillja standardet evropiane n\u00eb Shqip\u00ebri dhe t\u00eb kontribuoja n\u00eb form\u00ebsimin e ekonomis\u00eb s\u00eb vendit ton\u00eb p\u00ebrmes themelimit t\u00eb bizneseve q\u00eb sjellin m\u00eb t\u00eb mir\u00ebn n\u00eb industrin\u00eb e tyre p\u00ebrkat\u00ebse. Kjo vizion na ka udh\u00ebhequr n\u00eb \u00e7do hap t\u00eb udh\u00ebtimit ton\u00eb, nga fillimet tona modeste deri tek nd\u00ebrmarrja e suksesshme q\u00eb \u00ebsht\u00eb sot Grupi Kastrati, duke operuar me sukses n\u00eb shtat\u00eb industri. Jam jasht\u00ebzakonisht krenar p\u00ebr ekipin ton\u00eb prej mbi 4000 punonj\u00ebsish, t\u00eb cil\u00ebt i jan\u00eb p\u00ebrkushtuar misionit ton\u00eb t\u00eb p\u00ebrbashk\u00ebt, secili duke sjell\u00eb talentet unike dhe p\u00ebrkushtimin e pal\u00ebkundur ndaj suksesit ton\u00eb kolektiv. Nd\u00ebrsa vazhdojm\u00eb t\u00eb rritemi dhe t\u00eb zhvillohemi, ndihem i entuziazmuar t\u00eb shoh q\u00eb investimet tona po sjellin rezultate transformuese, ve\u00e7an\u00ebrisht investimi yn\u00eb strategjik n\u00eb Aeroportin Nd\u00ebrkomb\u00ebtar t\u00eb Tiran\u00ebs. Me k\u00ebt\u00eb nism\u00eb, ne jo vet\u00ebm q\u00eb po riform\u00ebsojm\u00eb industrin\u00eb e aviacionit n\u00eb Shqip\u00ebri, por po e pozicionojm\u00eb vendin ton\u00eb si nj\u00eb pionier n\u00eb Ballkanin Per\u00ebndimor. Udh\u00ebtimi yn\u00eb \u00ebsht\u00eb larg p\u00ebrfundimit dhe, nd\u00ebrsa shikojm\u00eb nga e ardhmja, do t\u00eb mbetemi besnik\u00eb ndaj p\u00ebrkushtimit ton\u00eb p\u00ebr ekscelenc\u00eb, inovacion dhe vlerat q\u00eb na kan\u00eb udh\u00ebhequr deri m\u00eb sot. S\u00eb bashku, do t\u00eb vazhdojm\u00eb t\u00eb form\u00ebsojm\u00eb t\u00eb ardhmen e Shqip\u00ebris\u00eb dhe t\u00eb zgjerojm\u00eb ekselenc\u00ebn shqiptare p\u00ebrtej kufijve, duke l\u00ebn\u00eb nj\u00eb trash\u00ebgimi t\u00eb q\u00ebndrueshme p\u00ebr brezat q\u00eb do t\u00eb vijn\u00eb.<\/p>\n<p style=\"\">&#8211; Shefqet Kastrati, Founder, President Kastrati Group.<\/p>\n<p style=\"\"><strong data-end=\"453\" data-start=\"58\">Union Financiar Tiran\u00eb u themelua dhe vazhdon aktivitetin e saj n\u00eb p\u00ebrputhje me standardet m\u00eb t\u00eb mira t\u00eb sh\u00ebrbimit, duke qen\u00eb pran\u00eb familjeve dhe bizneseve n\u00eb Shqip\u00ebri, n\u00eb koh\u00eb t\u00eb mira dhe t\u00eb v\u00ebshtira, duke plot\u00ebsuar nevojat e tyre dhe gjithashtu duke luajtur nj\u00eb rol t\u00eb r\u00ebnd\u00ebsish\u00ebm n\u00eb ringjalljen e ekonomis\u00eb shqiptare dhe krijimin e nj\u00eb mjedisi jetese t\u00eb favorsh\u00ebm p\u00ebr qytetar\u00ebt shqiptar\u00eb.<\/strong><\/p>\n<p data-end=\"617\" data-start=\"455\">N\u00eb kuad\u00ebr t\u00eb nj\u00eb tregu q\u00eb ndryshon vazhdimisht dhe si p\u00ebrgjigje ndaj nevojave t\u00eb konsumator\u00ebve, Union Financiar Tiran\u00eb ec\u00ebn p\u00ebrpara me hapa konkret\u00eb, duke ofruar:<\/p>\n<ul data-end=\"794\" data-start=\"619\">\n<li data-end=\"662\" data-start=\"619\" style=\"\">Nj\u00eb gam\u00eb t\u00eb gjer\u00eb sh\u00ebrbimesh financiare<\/li>\n<li data-end=\"761\" data-start=\"663\" style=\"\">Nj\u00eb rrjet shum\u00eb kapilar, i projektuar p\u00ebr t\u00eb arritur konsumator\u00ebt tradicional\u00eb kudo q\u00eb ndodhen<\/li>\n<li data-end=\"794\" data-start=\"762\" style=\"\">Sh\u00ebrbime digjitale inovative<\/li>\n<\/ul>\n<p data-end=\"1131\" data-start=\"796\" style=\"\">Q\u00eb nga viti 2021, Union Financiar Tiran\u00eb ka lansuar UPay, nj\u00eb platform\u00eb pagese online q\u00eb ofron gam\u00ebn m\u00eb t\u00eb gjer\u00eb t\u00eb pagesave digjitale n\u00eb Shqip\u00ebri, duke konfirmuar pozicionin ton\u00eb udh\u00ebheq\u00ebs n\u00eb sektorin e pagesave financiare. Ne vazhdojm\u00eb t\u00eb zhvillojm\u00eb dhe p\u00ebrmir\u00ebsojm\u00eb sh\u00ebrbimet tona duke ndjekur trendet e industris\u00eb dhe teknologjis\u00eb.<\/p>\n<h2><\/h2>\n<p style=\"\"><a href=\"tel:0035544509250\" target=\"_blank\" style=\"outline: none;\"><\/a><a href=\"tel:0035552265168\" target=\"_blank\" style=\"outline: none;\">+355 52 265 168<\/a><\/p>\n<p style=\"\"><a href=\"mailto:info@balfin.al\" target=\"_blank\" style=\"outline: none;\"><\/a><a href=\"mailto:info@kastratigroup.al\" target=\"_blank\" style=\"outline: none;\">info@kastratigroup.al<\/a><\/p>\n<p style=\"\"><a href=\"https:\/\/balfin.al\" target=\"_blank\" style=\"outline: none;\"><\/a><a href=\"https:\/\/kastrati.al\/\" target=\"_blank\" style=\"outline: none;\">www.kastrati.al<\/a><\/p>\n<p style=\"\">MakAlbania Hotel, Sheshi Italia, Tiran\u00eb 1000, Albania<\/p>\n<h3 style=\"\"><b><span data-contrast=\"auto\" lang=\"EN-GB\" style=\"\"><span data-contrast=\"none\" lang=\"EN-GB\" style=\"\"><strong><strong>Kastrati Group- lajme<\/strong><\/strong><\/span><\/span><\/b><\/h3>\n<p><a href=\"https:\/\/amcham.com.al\/sq\/kastrati-group\/\" dynamic-postlink=\"tcb_post_the_permalink\" data-shortcode-id=\"80847\"><\/p>\n<p style=\"text-align: center;\">Interviews<\/p>\n<p><\/a><\/p>\n<p style=\"\"><span data-attr-date-format=\"j F Y\" data-attr-date-format-select=\"custom\" data-attr-link=\"0\" data-attr-rel=\"0\" data-attr-show-time=\"0\" data-attr-target=\"0\" data-attr-time-format=\"\" data-attr-time-format-select=\"g:i a\" data-attr-type=\"published\" data-extra_key=\"\" data-option-inline=\"1\" data-shortcode=\"tcb_post_published_date\" data-shortcode-name=\"Post date\" style=\"\">6 April 2024 <\/span><\/p>\n<h2 style=\"\"><span data-attr-css=\"tve-u-199a5224e7c\" data-attr-link=\"1\" data-attr-rel=\"0\" data-attr-static-link=\"{&quot;className&quot;:&quot;&quot;,&quot;href&quot;:&quot;#&quot;,&quot;title&quot;:&quot;Kastrati Group&quot;,&quot;data-css&quot;:&quot;tve-u-199a5224e7c&quot;,&quot;class&quot;:&quot;&quot;}\" data-attr-target=\"0\" data-extra_key=\"\" data-option-inline=\"1\" data-shortcode=\"tcb_post_title\" data-shortcode-name=\"Post title\" style=\"\"><a href=\"https:\/\/amcham.com.al\/sq\/kastrati-group\/\" title=\"Kastrati Group\">Kastrati Group<\/a><\/span><\/h2>\n<p><a href=\"https:\/\/amcham.com.al\/sq\/kastrati-group\/\"><span><!--! Font Awesome Free 6.7.1 by @fontawesome - https:\/\/fontawesome.com License - https:\/\/fontawesome.com\/license\/free (Icons: CC BY 4.0, Fonts: SIL OFL 1.1, Code: MIT License) Copyright 2024 Fonticons, Inc. --><\/span><span style=\"\"><span style=\"\">View details&nbsp;<\/span><\/span><\/a><\/p>\n","protected":false},"excerpt":{"rendered":"<p>\u201d Q\u00eb n\u00eb fillim, misioni im ishte i qart\u00eb: t\u00eb sillja standardet evropiane n\u00eb Shqip\u00ebri dhe t\u00eb kontribuoja n\u00eb form\u00ebsimin e ekonomis\u00eb s\u00eb vendit ton\u00eb p\u00ebrmes themelimit t\u00eb bizneseve q\u00eb sjellin m\u00eb t\u00eb mir\u00ebn n\u00eb industrin\u00eb e tyre p\u00ebrkat\u00ebse. Kjo vizion na ka udh\u00ebhequr n\u00eb \u00e7do hap t\u00eb udh\u00ebtimit ton\u00eb, nga fillimet tona modeste deri [&hellip;]<\/p>\n","protected":false},"author":5,"featured_media":62043,"parent":0,"menu_order":0,"comment_status":"closed","ping_status":"closed","template":"","meta":{"_acf_changed":false,"_seopress_robots_primary_cat":"","_seopress_titles_title":"Kastrati Group - Premium Member","_seopress_titles_desc":"Kastrati filloi si nj\u00eb biznes i vog\u00ebl familjar dhe 30 vjet m\u00eb von\u00eb ne jemi b\u00ebr\u00eb nj\u00eb familje me m\u00eb shum\u00eb se 4000 an\u00ebtar\u00eb.","_seopress_robots_index":"","inline_featured_image":false,"footnotes":""},"class_list":["post-36237","page","type-page","status-publish","has-post-thumbnail","hentry","post-wrapper","thrv_wrapper"],"acf":[],"_links":{"self":[{"href":"https:\/\/amcham.com.al\/sq\/wp-json\/wp\/v2\/pages\/36237","targetHints":{"allow":["GET"]}}],"collection":[{"href":"https:\/\/amcham.com.al\/sq\/wp-json\/wp\/v2\/pages"}],"about":[{"href":"https:\/\/amcham.com.al\/sq\/wp-json\/wp\/v2\/types\/page"}],"author":[{"embeddable":true,"href":"https:\/\/amcham.com.al\/sq\/wp-json\/wp\/v2\/users\/5"}],"replies":[{"embeddable":true,"href":"https:\/\/amcham.com.al\/sq\/wp-json\/wp\/v2\/comments?post=36237"}],"version-history":[{"count":0,"href":"https:\/\/amcham.com.al\/sq\/wp-json\/wp\/v2\/pages\/36237\/revisions"}],"wp:featuredmedia":[{"embeddable":true,"href":"https:\/\/amcham.com.al\/sq\/wp-json\/wp\/v2\/media\/62043"}],"wp:attachment":[{"href":"https:\/\/amcham.com.al\/sq\/wp-json\/wp\/v2\/media?parent=36237"}],"curies":[{"name":"wp","href":"https:\/\/api.w.org\/{rel}","templated":true}]}}