{"id":35708,"date":"2024-03-19T14:39:27","date_gmt":"2024-03-19T13:39:27","guid":{"rendered":"https:\/\/amcham.com.al\/kalendari-i-aktiviteteve-2024\/"},"modified":"2026-04-10T19:33:26","modified_gmt":"2026-04-10T17:33:26","slug":"kalendari-i-aktiviteteve-2026","status":"publish","type":"page","link":"https:\/\/amcham.com.al\/sq\/kalendari-i-aktiviteteve-2026\/","title":{"rendered":"Kalendari i Aktiviteteve 2026"},"content":{"rendered":"\n<div data-wp-interactive=\"core\/file\" class=\"wp-block-file\"><object data-wp-bind--hidden=\"!state.hasPdfPreview\" hidden class=\"wp-block-file__embed\" data=\"https:\/\/amcham.com.al\/wp-content\/uploads\/2026\/04\/Calendar-of-Events-2026-v2-1.pdf\" type=\"application\/pdf\" style=\"width:100%;height:600px\" aria-label=\"Embed of Calendar of Events 2026 v2.\"><\/object><a id=\"wp-block-file--media-4863439a-ca6b-4f91-9773-4a5fc73cf7a6\" href=\"https:\/\/amcham.com.al\/wp-content\/uploads\/2026\/04\/Calendar-of-Events-2026-v2-1.pdf\">Calendar of Events 2026 v2<\/a><a href=\"https:\/\/amcham.com.al\/wp-content\/uploads\/2026\/04\/Calendar-of-Events-2026-v2-1.pdf\" class=\"wp-block-file__button wp-element-button\" download aria-describedby=\"wp-block-file--media-4863439a-ca6b-4f91-9773-4a5fc73cf7a6\">Download<\/a><\/div>\n","protected":false},"excerpt":{"rendered":"","protected":false},"author":5,"featured_media":90394,"parent":0,"menu_order":0,"comment_status":"closed","ping_status":"closed","template":"","meta":{"_acf_changed":false,"_seopress_robots_primary_cat":"","_seopress_titles_title":"Kalendari i Aktiviteteve 2024","_seopress_titles_desc":"Zbuloni eventet p\u00ebr rrjet\u00ebzim t\u00eb biznesit dhe rritje. Lidhuni me udh\u00ebheq\u00ebsit, bashkohuni n\u00eb trajnime, angazhohuni me sektorin e biznesit t\u00eb Shqip\u00ebris\u00eb.","_seopress_robots_index":"","inline_featured_image":false,"footnotes":""},"class_list":["post-35708","page","type-page","status-publish","has-post-thumbnail","hentry","post-wrapper","thrv_wrapper"],"acf":[],"_links":{"self":[{"href":"https:\/\/amcham.com.al\/sq\/wp-json\/wp\/v2\/pages\/35708","targetHints":{"allow":["GET"]}}],"collection":[{"href":"https:\/\/amcham.com.al\/sq\/wp-json\/wp\/v2\/pages"}],"about":[{"href":"https:\/\/amcham.com.al\/sq\/wp-json\/wp\/v2\/types\/page"}],"author":[{"embeddable":true,"href":"https:\/\/amcham.com.al\/sq\/wp-json\/wp\/v2\/users\/5"}],"replies":[{"embeddable":true,"href":"https:\/\/amcham.com.al\/sq\/wp-json\/wp\/v2\/comments?post=35708"}],"version-history":[{"count":1,"href":"https:\/\/amcham.com.al\/sq\/wp-json\/wp\/v2\/pages\/35708\/revisions"}],"predecessor-version":[{"id":102420,"href":"https:\/\/amcham.com.al\/sq\/wp-json\/wp\/v2\/pages\/35708\/revisions\/102420"}],"wp:featuredmedia":[{"embeddable":true,"href":"https:\/\/amcham.com.al\/sq\/wp-json\/wp\/v2\/media\/90394"}],"wp:attachment":[{"href":"https:\/\/amcham.com.al\/sq\/wp-json\/wp\/v2\/media?parent=35708"}],"curies":[{"name":"wp","href":"https:\/\/api.w.org\/{rel}","templated":true}]}}