{"id":32742,"date":"2022-12-22T10:17:32","date_gmt":"2022-12-22T09:17:32","guid":{"rendered":"https:\/\/amcham.com.al\/business-matching-platform\/"},"modified":"2024-04-25T14:40:49","modified_gmt":"2024-04-25T13:40:49","slug":"business-matching-platform","status":"publish","type":"page","link":"https:\/\/amcham.com.al\/sq\/business-matching-platform\/","title":{"rendered":"Platforma e P\u00ebrputhjes s\u00eb Biznesit"},"content":{"rendered":"<p><span><img decoding=\"async\" alt=\"Business Matching Platform\" data-id=\"32716\" data-init-width=\"2560\" data-init-height=\"997\" title=\"Business Matching Platform\" loading=\"lazy\" src=\"https:\/\/amcham.com.al\/wp-content\/uploads\/2022\/12\/Business-Matching-Platform-3-01-scaled.jpg\" data-width=\"1096\" width=\"1096\" height=\"997\"><\/span><\/p>\n<h4 style=\"\">I nderuar an\u00ebtar i AmCham-it<\/h4>\n<p>Elementi m\u00eb i vlefsh\u00ebm kur hyn n\u00eb nj\u00eb biznes \u00ebsht\u00eb informacioni. Mbi baz\u00ebn e tij, ju vendosni p\u00ebr kontrat\u00ebn m\u00eb fitimprur\u00ebse, p\u00ebr bashk\u00ebpun\u00ebtorin m\u00eb efikas, p\u00ebr marr\u00ebveshjen m\u00eb t\u00eb mir\u00eb. Esht\u00eb b\u00ebr\u00eb e natyrshme q\u00eb partnerin n\u00eb biznes ta takosh n\u00eb nj\u00eb Panair. Ne po tentojm\u00eb n\u00ebp\u00ebrmjet k\u00ebsaj rubrike t\u00eb re, t\u00eb sjellim n\u00eb v\u00ebmendjen tuaj ekskluzivitetin e informacionit dhe kontaktet e nevojshme q\u00eb ju mund t\u2019i merrni vet\u00ebm n\u00ebp\u00ebrmjet nj\u00eb Panairi. Lajmi i mirw wshtw se kompani amerikane kan\u00eb kthyer kok\u00ebn nga tregu shqiptar dhe k\u00ebrkojn\u00eb bashk\u00ebpun\u00ebtor\u00eb.&nbsp; P\u00ebr t\u00eb mb\u00ebshtetur k\u00ebt\u00eb bashk\u00ebpunim, n\u00eb web-in e Dhom\u00ebs dhe n\u00eb Bulletinin javor, ne po hapim nj\u00eb seksion q\u00ebllimi i tw cilit&nbsp; \u00ebsht\u00eb t\u00eb realizoj\u00eb kryq\u00ebzimin e informacionit, p\u00ebr t\u2019ju treguar ju se cilat jan\u00eb k\u00ebto kompani, sektori ku b\u00ebjn\u00eb pjes\u00eb dhe bashk\u00ebpun\u00ebtori q\u00eb duan. N\u00ebse p\u00ebr ju profili i kompanis\u00eb amerikane p\u00ebrputhet me pun\u00ebn q\u00eb b\u00ebni, keni potencialisht mund\u00ebsin\u00eb p\u00ebr t\u00eb gjetur nj\u00eb partner biznesi.<\/p>\n<p style=\"\">Dhoma Amerikane n\u00eb bashk\u00ebpunim me Zyr\u00ebn Ekonomike t\u00eb Ambasad\u00ebs Amerikane i sh\u00ebrbejn\u00eb n\u00ebp\u00ebrmjet k\u00ebsaj rubrike jo vet\u00ebm nj\u00eb q\u00ebllimi t\u00eb madh, p\u00ebr t\u00eb sjell\u00eb n\u00eb vend kompani amerikane dhe p\u00ebr t\u00eb rritur bashk\u00ebpunimin ekonomik, por mbi t\u00eb gjitha interesit tuaj p\u00ebr t\u00eb gjetur bashk\u00ebpun\u00ebtor\u00ebt e duhur dhe p\u00ebr t\u00eb lidhur kontrata &nbsp;fituese.<\/p>\n<p><strong><em>N\u00ebse jeni t\u00eb interesuar, lutem kontaktoni<\/em><\/strong><\/p>\n<p><strong>Edi Ja\u00e7ellari<\/strong><\/p>\n<p><strong><em>Commercial Specialist<\/em><\/strong><strong>U.S. Embassy Tirana, Albania<\/strong><strong>Political and Economic Section<\/strong><strong><em>e-mail<\/em><\/strong>:&nbsp;<a href=\"https:\/\/amcham.com.al\/business-matching-platform\/javascript%3Avoid(0);\" onclick=\"Webmail.Widgets.Email.Message.evAddressClick(this);\">JacellariE@state.gov<\/a><strong><em>Tel.:<\/em><\/strong><strong><em>&nbsp;<\/em><\/strong><strong>+355 4224 7285 ext. 3116<\/strong><strong><em>Mob.:<\/em><\/strong><strong><em>&nbsp;<\/em><\/strong><strong>+355 68 208 0367<\/strong><\/p>\n<h4 style=\"\">OMEGA Concrete Mixers<\/h4>\n<h4 style=\"\">SHAW Technology<\/h4>\n<p>Kompani amerikane e specializuar n\u00eb muret mbajt\u00ebse. SHAW TECHNOLOGIES \u00ebsht\u00eb nj\u00eb kompani me baz\u00eb n\u00eb Teksas, e cila aktualisht po k\u00ebrkon partner\u00eb p\u00ebr t\u00eb nd\u00ebrtuar dhe shp\u00ebrndar\u00eb teknologjin\u00eb\/sistemet e tyre n\u00eb Itali dhe Shqip\u00ebri.<\/p>\n","protected":false},"excerpt":{"rendered":"<p>I nderuar an\u00ebtar i AmCham-it Elementi m\u00eb i vlefsh\u00ebm kur hyn n\u00eb nj\u00eb biznes \u00ebsht\u00eb informacioni. Mbi baz\u00ebn e tij, ju vendosni p\u00ebr kontrat\u00ebn m\u00eb fitimprur\u00ebse, p\u00ebr bashk\u00ebpun\u00ebtorin m\u00eb efikas, p\u00ebr marr\u00ebveshjen m\u00eb t\u00eb mir\u00eb. Esht\u00eb b\u00ebr\u00eb e natyrshme q\u00eb partnerin n\u00eb biznes ta takosh n\u00eb nj\u00eb Panair. Ne po tentojm\u00eb n\u00ebp\u00ebrmjet k\u00ebsaj rubrike t\u00eb [&hellip;]<\/p>\n","protected":false},"author":5,"featured_media":32717,"parent":0,"menu_order":0,"comment_status":"closed","ping_status":"closed","template":"","meta":{"_acf_changed":false,"_seopress_robots_primary_cat":"","_seopress_titles_title":"","_seopress_titles_desc":"Platforma jon\u00eb ofron nj\u00eb panair virtual p\u00ebr t\u00eb lidhur kompanit\u00eb amerikane q\u00eb k\u00ebrkojn\u00eb partner\u00eb me bizneset shqiptare.","_seopress_robots_index":"","inline_featured_image":false,"footnotes":""},"class_list":["post-32742","page","type-page","status-publish","has-post-thumbnail","hentry","post-wrapper","thrv_wrapper"],"acf":[],"_links":{"self":[{"href":"https:\/\/amcham.com.al\/sq\/wp-json\/wp\/v2\/pages\/32742","targetHints":{"allow":["GET"]}}],"collection":[{"href":"https:\/\/amcham.com.al\/sq\/wp-json\/wp\/v2\/pages"}],"about":[{"href":"https:\/\/amcham.com.al\/sq\/wp-json\/wp\/v2\/types\/page"}],"author":[{"embeddable":true,"href":"https:\/\/amcham.com.al\/sq\/wp-json\/wp\/v2\/users\/5"}],"replies":[{"embeddable":true,"href":"https:\/\/amcham.com.al\/sq\/wp-json\/wp\/v2\/comments?post=32742"}],"version-history":[{"count":0,"href":"https:\/\/amcham.com.al\/sq\/wp-json\/wp\/v2\/pages\/32742\/revisions"}],"wp:featuredmedia":[{"embeddable":true,"href":"https:\/\/amcham.com.al\/sq\/wp-json\/wp\/v2\/media\/32717"}],"wp:attachment":[{"href":"https:\/\/amcham.com.al\/sq\/wp-json\/wp\/v2\/media?parent=32742"}],"curies":[{"name":"wp","href":"https:\/\/api.w.org\/{rel}","templated":true}]}}