{"id":30646,"date":"2021-06-30T09:18:17","date_gmt":"2021-06-30T08:18:17","guid":{"rendered":"https:\/\/amcham.com.al\/vodafone-albania\/"},"modified":"2025-10-13T15:27:06","modified_gmt":"2025-10-13T14:27:06","slug":"vodafone-albania","status":"publish","type":"page","link":"https:\/\/amcham.com.al\/sq\/vodafone-albania\/","title":{"rendered":"Vodafone Albania"},"content":{"rendered":"<p>\u201d<\/p>\n<p style=\"\">&#8211; balazs revesz &#8211; Vodafone albania<\/p>\n<h3 data-end=\"156\" data-start=\"112\" style=\"\">Vodafone Albania \u2014 Biografia e Kompanis\u00eb<\/h3>\n<p data-end=\"749\" data-start=\"158\">Vodafone Albania \u00ebsht\u00eb pjes\u00eb e Vodafone Group Plc, nj\u00eb kompani udh\u00ebheq\u00ebse n\u00eb fush\u00ebn e telekomunikacionit n\u00eb Evrop\u00eb dhe Afrik\u00eb. Q\u00ebllimi yn\u00eb \u00ebsht\u00eb&nbsp;<strong data-end=\"347\" data-start=\"303\">\u201ct\u00eb lidhim p\u00ebr nj\u00eb t\u00eb ardhme m\u00eb t\u00eb mir\u00eb\u201d<\/strong>, duke mund\u00ebsuar nj\u00eb shoq\u00ebri dixhitale gjith\u00ebp\u00ebrfshir\u00ebse dhe t\u00eb q\u00ebndrueshme. Ekspertiza dhe shkalla jon\u00eb na japin nj\u00eb mund\u00ebsi unike p\u00ebr t\u00eb sjell\u00eb ndryshim pozitiv n\u00eb shoq\u00ebri. Rrjetet tona mbajn\u00eb t\u00eb lidhur familjet, miqt\u00eb, bizneset dhe qeverit\u00eb, dhe si\u00e7 tregoi qart\u00eb pandemia COVID-19, luajm\u00eb nj\u00eb rol jetik n\u00eb mbajtjen n\u00eb pun\u00eb t\u00eb ekonomive dhe funksionimin e sektor\u00ebve kritik\u00eb si arsimi dhe sh\u00ebndet\u00ebsia.<\/p>\n<p data-end=\"1039\" data-start=\"751\">Vodafone Albania filloi t\u00eb ofroj\u00eb sh\u00ebrbimet GSM p\u00ebr her\u00eb t\u00eb par\u00eb n\u00eb Shqip\u00ebri m\u00eb 3 Gusht 2001. Q\u00eb nga ajo koh\u00eb, Vodafone ka sh\u00ebnuar nj\u00eb performanc\u00eb t\u00eb suksesshme n\u00eb treg, duke arritur sot mbi 1.8 milion klient\u00eb q\u00eb kan\u00eb zgjedhur Vodafone p\u00ebr sh\u00ebrbimet e tyre t\u00eb komunikimit mobil dhe fikse.<\/p>\n<p data-end=\"1454\" data-start=\"1041\">Si nj\u00eb nga markat m\u00eb t\u00eb vlefshme n\u00eb bot\u00eb, Vodafone Albania \u00ebsht\u00eb lider n\u00eb tregun shqiptar, jo vet\u00ebm si operator n\u00eb industrin\u00eb e komunikimeve elektronike, por edhe si nj\u00eb kontribues i r\u00ebnd\u00ebsish\u00ebm n\u00eb zhvillimin ekonomik dhe social t\u00eb vendit. Vodafone ka qen\u00eb pionier n\u00eb sjelljen e p\u00ebrfitimeve t\u00eb revolucionit mobil dhe dixhital n\u00eb Shqip\u00ebri dhe forc\u00eb shtyt\u00ebse n\u00eb zhvillimin e industris\u00eb s\u00eb telefonis\u00eb mobile n\u00eb vend.<\/p>\n<p data-end=\"1766\" data-start=\"1456\" style=\"\">N\u00eb koh\u00eb kur k\u00ebrkesat e klient\u00ebve rriten me shpejt\u00ebsi, Vodafone investon vazhdimisht p\u00ebr t\u00eb ofruar m\u00eb t\u00eb mir\u00ebn p\u00ebr klient\u00ebt. Nj\u00eb shembull i p\u00ebrsosur \u00ebsht\u00eb futja e teknologjis\u00eb m\u00eb t\u00eb fundit, Interneti i Gj\u00ebrave (IoT), p\u00ebrmes produkteve dhe sh\u00ebrbimeve inovative q\u00eb do t\u00eb sh\u00ebrbejn\u00eb klient\u00ebt dhe bizneset shqiptare.<\/p>\n<h3 data-end=\"1796\" data-start=\"1773\" style=\"\">P\u00ebrmbledhje Biznesi<\/h3>\n<p data-end=\"2007\" data-start=\"1798\" style=\"\">Vodafone Albania ofron nj\u00eb gam\u00eb t\u00eb gjer\u00eb produktesh dhe sh\u00ebrbimesh p\u00ebr konsumator\u00eb, biznese, qeveri dhe organizata partnere, fal\u00eb rrjetit ton\u00eb m\u00eb t\u00eb mir\u00eb mobil dhe fikse dhe platform\u00ebs m\u00eb t\u00eb madhe IoT n\u00eb vend.<\/p>\n<ul data-end=\"2219\" data-start=\"2009\">\n<li data-end=\"2039\" data-start=\"2009\">\n<p data-end=\"2039\" data-start=\"2011\" style=\"\"><strong data-end=\"2037\" data-start=\"2011\">Komunikime elektronike<\/strong><\/p>\n<\/li>\n<li data-end=\"2057\" data-start=\"2040\">\n<p data-end=\"2057\" data-start=\"2042\" style=\"\"><strong data-end=\"2055\" data-start=\"2042\">Inovacion<\/strong><\/p>\n<\/li>\n<li data-end=\"2084\" data-start=\"2058\">\n<p data-end=\"2084\" data-start=\"2060\" style=\"\"><strong data-end=\"2082\" data-start=\"2060\">Sh\u00ebrbime dixhitale<\/strong><\/p>\n<\/li>\n<li data-end=\"2141\" data-start=\"2085\">\n<p data-end=\"2141\" data-start=\"2087\" style=\"\"><strong data-end=\"2139\" data-start=\"2087\">ICT (Teknologji e Informacionit dhe Komunikimit)<\/strong><\/p>\n<\/li>\n<li data-end=\"2160\" data-start=\"2142\">\n<p data-end=\"2160\" data-start=\"2144\" style=\"\"><strong data-end=\"2158\" data-start=\"2144\">Teknologji<\/strong><\/p>\n<\/li>\n<li data-end=\"2179\" data-start=\"2161\">\n<p data-end=\"2179\" data-start=\"2163\" style=\"\"><strong data-end=\"2177\" data-start=\"2163\">Lidhshm\u00ebri<\/strong><\/p>\n<\/li>\n<li data-end=\"2195\" data-start=\"2180\">\n<p data-end=\"2195\" data-start=\"2182\" style=\"\"><strong data-end=\"2193\" data-start=\"2182\">Pajisje<\/strong><\/p>\n<\/li>\n<li data-end=\"2219\" data-start=\"2196\">\n<p data-end=\"2219\" data-start=\"2198\" style=\"\"><strong data-end=\"2219\" data-start=\"2198\">Zhvillim software<\/strong><\/p>\n<\/li>\n<\/ul>\n<p data-end=\"2383\" data-start=\"2221\">P\u00ebrmes k\u00ebtyre fushave, Vodafone Albania mbetet e p\u00ebrkushtuar p\u00ebr t\u00eb lidhur njer\u00ebzit, bizneset dhe institucionet drejt nj\u00eb t\u00eb ardhme m\u00eb t\u00eb zgjuar dhe m\u00eb t\u00eb lidhur.<\/p>\n<p style=\"\"><a href=\"tel:0035544509250\" target=\"_blank\" style=\"outline: none;\"><\/a><a href=\"tel:00355\" target=\"_blank\" style=\"outline: none;\">+355 (0)&nbsp;<\/a><\/p>\n<p style=\"\"><a href=\"mailto:info@balfin.al\" target=\"_blank\" style=\"outline: none;\"><\/a><a href=\"mailto:balazs.revesz@vodafone.com\" target=\"_blank\" style=\"outline: none;\">balazs.revesz@vodafone.com<\/a><\/p>\n<p style=\"\"><a href=\"https:\/\/balfin.al\" target=\"_blank\" style=\"outline: none;\"><\/a><a href=\"https:\/\/vodafone.al\/\" target=\"_blank\" style=\"outline: none;\">www.vodafone.al<\/a><\/p>\n<p style=\"\">Autostrada Tiran\u00eb-Durr\u00ebs, Rr. Pavar\u00ebsia, Nr. 61, Kashar, Tirana<\/p>\n<h3 style=\"\">Vodafone- lajme<\/h3>\n<p><a href=\"https:\/\/amcham.com.al\/sq\/vodafone-albania\/\" dynamic-postlink=\"tcb_post_the_permalink\" data-shortcode-id=\"80847\"><\/p>\n<p style=\"text-align: center;\">Vodafone<\/p>\n<p><\/a><\/p>\n<p style=\"\"><span data-attr-date-format=\"j F Y\" data-attr-date-format-select=\"custom\" data-attr-link=\"0\" data-attr-rel=\"0\" data-attr-show-time=\"0\" data-attr-target=\"0\" data-attr-time-format=\"\" data-attr-time-format-select=\"g:i a\" data-attr-type=\"published\" data-extra_key=\"\" data-option-inline=\"1\" data-shortcode=\"tcb_post_published_date\" data-shortcode-name=\"Post date\" style=\"\">30 June 2021 <\/span><\/p>\n<h2 style=\"\"><span data-attr-css=\"tve-u-199a546d603\" data-attr-link=\"1\" data-attr-rel=\"0\" data-attr-static-link=\"{&quot;className&quot;:&quot;&quot;,&quot;href&quot;:&quot;https:\/\/amcham.com.al\/sq\/newsletter-nr-1-shqip\/&quot;,&quot;title&quot;:&quot;Newsletter Nr.1 (Shqip)&quot;,&quot;data-css&quot;:&quot;tve-u-199a546d603&quot;,&quot;class&quot;:&quot;&quot;}\" data-attr-target=\"0\" data-extra_key=\"\" data-option-inline=\"1\" data-shortcode=\"tcb_post_title\" data-shortcode-name=\"Post title\" style=\"\"><a href=\"https:\/\/amcham.com.al\/sq\/vodafone-albania\/\" title=\"Vodafone Albania\">Vodafone Albania<\/a><\/span><\/h2>\n<p><a href=\"https:\/\/amcham.com.al\/sq\/vodafone-albania\/\" style=\"\"><span><!--! Font Awesome Free 6.7.1 by @fontawesome - https:\/\/fontawesome.com License - https:\/\/fontawesome.com\/license\/free (Icons: CC BY 4.0, Fonts: SIL OFL 1.1, Code: MIT License) Copyright 2024 Fonticons, Inc. --><\/span><span style=\"\"><span style=\"\">View details&nbsp;<\/span><\/span><\/a><\/p>\n","protected":false},"excerpt":{"rendered":"<p>\u201d &#8211; balazs revesz &#8211; Vodafone albania Vodafone Albania \u2014 Biografia e Kompanis\u00eb Vodafone Albania \u00ebsht\u00eb pjes\u00eb e Vodafone Group Plc, nj\u00eb kompani udh\u00ebheq\u00ebse n\u00eb fush\u00ebn e telekomunikacionit n\u00eb Evrop\u00eb dhe Afrik\u00eb. Q\u00ebllimi yn\u00eb \u00ebsht\u00eb&nbsp;\u201ct\u00eb lidhim p\u00ebr nj\u00eb t\u00eb ardhme m\u00eb t\u00eb mir\u00eb\u201d, duke mund\u00ebsuar nj\u00eb shoq\u00ebri dixhitale gjith\u00ebp\u00ebrfshir\u00ebse dhe t\u00eb q\u00ebndrueshme. Ekspertiza dhe shkalla [&hellip;]<\/p>\n","protected":false},"author":5,"featured_media":0,"parent":0,"menu_order":0,"comment_status":"closed","ping_status":"closed","template":"","meta":{"_acf_changed":false,"_seopress_robots_primary_cat":"","_seopress_titles_title":"Vodafone Albania - Premium Member","_seopress_titles_desc":"","_seopress_robots_index":"","inline_featured_image":false,"footnotes":""},"class_list":["post-30646","page","type-page","status-publish","hentry","post-wrapper","thrv_wrapper"],"acf":[],"_links":{"self":[{"href":"https:\/\/amcham.com.al\/sq\/wp-json\/wp\/v2\/pages\/30646","targetHints":{"allow":["GET"]}}],"collection":[{"href":"https:\/\/amcham.com.al\/sq\/wp-json\/wp\/v2\/pages"}],"about":[{"href":"https:\/\/amcham.com.al\/sq\/wp-json\/wp\/v2\/types\/page"}],"author":[{"embeddable":true,"href":"https:\/\/amcham.com.al\/sq\/wp-json\/wp\/v2\/users\/5"}],"replies":[{"embeddable":true,"href":"https:\/\/amcham.com.al\/sq\/wp-json\/wp\/v2\/comments?post=30646"}],"version-history":[{"count":0,"href":"https:\/\/amcham.com.al\/sq\/wp-json\/wp\/v2\/pages\/30646\/revisions"}],"wp:attachment":[{"href":"https:\/\/amcham.com.al\/sq\/wp-json\/wp\/v2\/media?parent=30646"}],"curies":[{"name":"wp","href":"https:\/\/api.w.org\/{rel}","templated":true}]}}