{"id":30632,"date":"2021-06-21T09:39:02","date_gmt":"2021-06-21T07:39:02","guid":{"rendered":"https:\/\/amcham.com.al\/antea-cement\/"},"modified":"2025-10-28T13:13:22","modified_gmt":"2025-10-28T12:13:22","slug":"antea-cement","status":"publish","type":"page","link":"https:\/\/amcham.com.al\/sq\/antea-cement\/","title":{"rendered":"ANTEA Cement"},"content":{"rendered":"<p>\u201d<\/p>\n<p>Nd\u00ebrtojm\u00eb s\u00eb Bashku t\u00eb Ardhmen Ton\u00eb<\/p>\n<p style=\"\">&#8211; Dimitrios dimoui &#8211; titan ALBANIA (antea cement)<\/p>\n<p style=\"\"><strong>Pikat Kryesore t\u00eb Biznesit<\/strong>Titan Albania \u2013 fabrika e \u00e7imentos ANTEA \u00ebsht\u00eb nj\u00eb nga investimet m\u00eb t\u00eb m\u00ebdha \u201cgreenfield\u201d me standardet m\u00eb t\u00eb larta t\u00eb aplikuara n\u00eb nd\u00ebrtim dhe operim n\u00eb Shqip\u00ebri, me nj\u00eb vler\u00eb totale mbi 200 milion\u00eb euro. P\u00ebr t\u00eb siguruar efikasitet energjetik dhe efektivitet mjedisor, fabrika \u00ebsht\u00eb nd\u00ebrtuar me teknologjit\u00eb m\u00eb t\u00eb avancuara t\u00eb disponueshme. ANTEA ka nj\u00eb fabrik\u00eb \u00e7imentoje n\u00eb Shqip\u00ebri dhe zot\u00ebron dy terminale \u00e7imentoje n\u00eb Tiran\u00eb dhe Ortona. Ka nj\u00eb kapacitet prodhimi prej 1.4 milion ton \u00e7imento n\u00eb vit dhe 3,300 ton klinker n\u00eb dit\u00eb. Fabrika e \u00e7imentos ndodhet 50 km larg kryeqytetit, Tiran\u00ebs, n\u00eb zon\u00ebn e Boka e Kuqe, Borizan\u00eb. Duke p\u00ebrqafuar standardet dhe praktikat nd\u00ebrkomb\u00ebtare, TITAN Albania \u00ebsht\u00eb e angazhuar p\u00ebr p\u00ebrmir\u00ebsim t\u00eb vazhduesh\u00ebm n\u00eb q\u00ebndrueshm\u00ebri. N\u00eb nj\u00eb epok\u00eb t\u00eb p\u00ebrcaktuar nga kompleksiteti dhe nevojat shoq\u00ebrore n\u00eb zhvillim, ne q\u00ebndrojm\u00eb fleksib\u00ebl dhe t\u00eb p\u00ebrshtatsh\u00ebm, t\u00eb p\u00ebrkushtuar p\u00ebr t\u00eb sh\u00ebrbyer komunitetin ton\u00eb nd\u00ebrkoh\u00eb q\u00eb promovojm\u00eb rritjen e q\u00ebndrueshme me integritet t\u00eb pal\u00ebkundur. P\u00ebrkushtimi yn\u00eb p\u00ebr ndikim pozitiv u vler\u00ebsua me \u00e7mimin prestigjioz \u201cThe SDG Business Pioneers in Albania 2023\u201d nga Programi i Kombeve t\u00eb Bashkuara p\u00ebr Zhvillim (UNDP).<\/p>\n<p><strong>Elementet e mark\u00ebs dhe sh\u00ebrbimet p\u00ebr tregun<\/strong>Produktet dhe sh\u00ebrbimet tona p\u00ebrdoren n\u00eb aktivitete t\u00eb ndryshme, duke filluar nga projektet e m\u00ebdha infrastrukturore (rrug\u00eb, ura, aeroporte, spitale, shkolla, etj.) deri te banesat rezidenciale, nd\u00ebrtesat komerciale dhe projektet sociale. P\u00ebrve\u00e7 transportit dhe shp\u00ebrndarjes s\u00eb produkteve tona, ne transferojm\u00eb njohurit\u00eb dhe ekspertiz\u00ebn ton\u00eb p\u00ebrmes bashk\u00ebpunimeve me klient\u00ebt tan\u00eb, partner\u00ebt e biznesit, komunitetet lokale dhe akademin\u00eb.<\/p>\n<p><strong>Produktet e tyre<\/strong><\/p>\n<ol>\n<li><strong>CEM II \/ A-LL 42.5 R:<\/strong> \u00c7imento Portland me g\u00eblqere me p\u00ebrb\u00ebr\u00ebs kryesor\u00eb 80-94% klinker, 6-20% g\u00eblqere dhe p\u00ebrb\u00ebr\u00ebs shtes\u00eb t\u00eb vegj\u00ebl 0-5%<\/li>\n<li><strong>CEM II\/B-LL 42.5 R:<\/strong> \u00c7imento Portland me g\u00eblqere me p\u00ebrb\u00ebr\u00ebs kryesor\u00eb 65-79% klinker, 21-35% g\u00eblqere dhe p\u00ebrb\u00ebr\u00ebs shtes\u00eb t\u00eb vegj\u00ebl 0-5%<\/li>\n<li><strong>CEM II \/ B-LL 32.5 R: <\/strong>\u00c7imento Portland me g\u00eblqere me p\u00ebrb\u00ebr\u00ebs kryesor\u00eb 65-79% klinker, 21-35% g\u00eblqere dhe p\u00ebrb\u00ebr\u00ebs shtes\u00eb t\u00eb vegj\u00ebl 0-5%<\/li>\n<\/ol>\n<p><strong>TITAN Group<\/strong>&nbsp;\u00ebsht\u00eb nj\u00eb prodhues nd\u00ebrkomb\u00ebtar i \u00e7imentos dhe materialeve t\u00eb nd\u00ebrtimit me 120 vjet p\u00ebrvoj\u00eb n\u00eb industrin\u00eb e tij dhe p\u00ebrkushtim ndaj rritjes s\u00eb q\u00ebndrueshme, duke sh\u00ebrbyer klient\u00eb n\u00eb m\u00eb shum\u00eb se 25 vende p\u00ebrmes nj\u00eb rrjeti prej 14 fabrikash t\u00eb integruara t\u00eb \u00e7imentos dhe tre fabrikash p\u00ebr bluarjen e \u00e7imentos. Titan Albania (ANTEA) \u00ebsht\u00eb deg\u00eb e Grupit q\u00eb koordinon operacionet dhe \u00ebsht\u00eb nj\u00eb nga prodhuesit m\u00eb t\u00eb m\u00ebdhenj t\u00eb materialeve t\u00eb nd\u00ebrtimit n\u00eb Shqip\u00ebri, duke aplikuar standardet m\u00eb t\u00eb larta nd\u00ebrkomb\u00ebtare.<\/p>\n<p>Operacionet e integruara t\u00eb Titan Albania (fabrika ANTEA Cement) p\u00ebrfshijn\u00eb dy terminale \u00e7imentoje n\u00eb Tiran\u00eb dhe Ortona. Fabrika ndodhet 50 km larg kryeqytetit dhe pozicionohet n\u00eb Boka e Kuqe, Borizan\u00eb. Aktivitetet kryesore t\u00eb Titan Albania (ANTEA Cement) p\u00ebrfshijn\u00eb prodhimin dhe shp\u00ebrndarjen e \u00e7imentos me nj\u00eb kapacitet prej 3,300 ton klinker n\u00eb dit\u00eb, duke prodhuar mesatarisht 1.4 milion ton \u00e7imento n\u00eb vit.<\/p>\n<p><strong>Misioni yn\u00eb<\/strong>N\u00eb TITAN, misioni yn\u00eb \u00ebsht\u00eb t\u00eb ofrojm\u00eb materiale nd\u00ebrtimi inovative, zgjidhje dhe sh\u00ebrbime q\u00eb nevojiten p\u00ebr sht\u00ebpi, nd\u00ebrtesa dhe infrastruktur\u00eb t\u00eb sigurta dhe t\u00eb q\u00ebndrueshme, q\u00eb mund\u00ebsojn\u00eb njer\u00ebzit t\u00eb shijojn\u00eb jet\u00ebn. Ne e p\u00ebrballojm\u00eb \u00e7do sfid\u00eb me nj\u00eb frym\u00eb sip\u00ebrmarr\u00ebse, duke u fokusuar n\u00eb tre fusha ky\u00e7e: sigurimin e operacioneve dhe zinxhirit t\u00eb furnizimit me emetim t\u00eb ul\u00ebt karboni, dixhitalizimin e organizat\u00ebs p\u00ebr efikasitet maksimal, dhe ofrimin e zgjidhjeve inovative p\u00ebr t\u00eb p\u00ebrmbushur nevojat e klient\u00ebve tan\u00eb. S\u00eb bashku me t\u00eb gjith\u00eb pal\u00ebt tona t\u00eb interesuara, jemi t\u00eb p\u00ebrkushtuar t\u00eb gjejm\u00eb m\u00ebnyra m\u00eb t\u00eb mira p\u00ebr t\u00eb nd\u00ebrtuar dhe p\u00ebr t\u00eb p\u00ebrmir\u00ebsuar cil\u00ebsin\u00eb e jet\u00ebs. Veprojm\u00eb \u00e7do dit\u00eb me integritet, empati dhe p\u00ebrgjegj\u00ebsi mjedisore p\u00ebr t\u00eb form\u00ebsuar nj\u00eb t\u00eb ardhme m\u00eb t\u00eb ndritshme p\u00ebr t\u00eb gjith\u00eb.<\/p>\n<p><strong>TITAN Group<\/strong>&nbsp;\u00ebsht\u00eb nd\u00ebr kompanit\u00eb e para t\u00eb \u00e7imentos n\u00eb bot\u00eb me objektiva dekarbonizimi t\u00eb v\u00ebrtetuara nga iniciativa Science Based Targets (SBTi). Adresimi i ndryshimeve klimatike \u00ebsht\u00eb gjithmon\u00eb prioritet n\u00eb agjend\u00ebn e q\u00ebndrueshm\u00ebris\u00eb p\u00ebr Grupin TITAN dhe Titan Albania (ANTEA). Para COP26, TITAN Group n\u00ebnshkroi letr\u00ebn e angazhimit \u201cBusiness Ambition for 1.5\u00b0C\u201d, duke iu bashkuar kompanive kryesore q\u00eb synojn\u00eb t\u00eb mbajn\u00eb ngrohjen n\u00eb 1.5\u00b0C dhe t\u00eb arrijn\u00eb zero neto emetime deri n\u00eb vitin 2050. N\u00eb Titan Albania (ANTEA), ne k\u00ebrkojm\u00eb t\u00eb rritemi duke transformuar biznesin ton\u00eb, duke u fokusuar n\u00eb rezilienc\u00eb dhe inovacion p\u00ebr t\u00eb sh\u00ebrbyer m\u00eb mir\u00eb klient\u00ebt nd\u00ebrsa l\u00ebvizim drejt nj\u00eb bote me emetime zero karboni. Strategjia jon\u00eb e dekarbonizimit p\u00ebrfshin nj\u00eb gam\u00eb t\u00eb gjer\u00eb mjetesh p\u00ebr uljen e emetimeve t\u00eb prodhimit t\u00eb \u00e7imentos, duke ofruar produkte inovative q\u00eb plot\u00ebsojn\u00eb nevojat p\u00ebr materiale nd\u00ebrtimi t\u00eb q\u00ebndrueshme dhe t\u00eb q\u00ebndrueshme, duke shfryt\u00ebzuar asetet dhe kompetencat unike t\u00eb Grupit.<\/p>\n<p>Objektivat ESG t\u00eb Titan p\u00ebrqendrohen n\u00eb kat\u00ebr shtylla: Dekarbonizim dhe dixhitalizim; Mjedis pune q\u00eb nxit rritjen; Ndikim pozitiv lokal; dhe Furnizim i p\u00ebrgjegjsh\u00ebm, t\u00eb gjitha t\u00eb mb\u00ebshtetura nga qeverisja e mir\u00eb, transparenca dhe etika e biznesit.<\/p>\n<p>N\u00eb Titan Albania (ANTEA), promovojm\u00eb nj\u00eb kultur\u00eb hapjeje, transparence dhe p\u00ebrgjegjshm\u00ebrie, e cila \u00ebsht\u00eb thelb\u00ebsore p\u00ebr ruajtjen e qeverisjes s\u00eb mir\u00eb dhe integritetit. Jemi t\u00eb p\u00ebrkushtuar t\u00eb zbatojm\u00eb dhe monitorojm\u00eb performanc\u00ebn ton\u00eb ESG, duke p\u00ebrdorur standarde globale dhe sektoriale t\u00eb q\u00ebndrueshm\u00ebris\u00eb dhe duke komunikuar progresin n\u00eb m\u00ebnyr\u00eb transparente me pal\u00ebt e interesuara.<\/p>\n<p>Ne kemi vazhduar t\u00eb forcojm\u00eb dhe rifreskojm\u00eb Strategjin\u00eb ton\u00eb t\u00eb Q\u00ebndrueshm\u00ebris\u00eb, duke frym\u00ebzuar nj\u00eb bot\u00eb m\u00eb t\u00eb mir\u00eb me p\u00ebrfshirje dhe barazi; duke mbrojtur mjedisin; dhe duke mb\u00ebshtetur komunitetet tona. Planet tona t\u00eb angazhimit komunitar jan\u00eb n\u00eb p\u00ebrputhje me \u00e7\u00ebshtjet materiale p\u00ebr pal\u00ebt tona t\u00eb interesuara dhe Objektivat e Zhvillimit t\u00eb Q\u00ebndruesh\u00ebm t\u00eb OKB-s\u00eb 2030.<\/p>\n<p>Efikasiteti energjetik, p\u00ebrdorimi i vet\u00ebdijsh\u00ebm i l\u00ebnd\u00ebve t\u00eb para dhe karburanteve fosile dhe z\u00ebvend\u00ebsimi i tyre me alternativa, si dhe implementimi i sistemeve efikase t\u00eb menaxhimit t\u00eb mbeturinave jan\u00eb m\u00ebnyra t\u00eb provuara p\u00ebr t\u00eb shtuar vler\u00eb p\u00ebrgjat\u00eb zinxhirit t\u00eb vler\u00ebs dhe p\u00ebr t\u00eb ofruar zgjidhje menaxhimi t\u00eb mbeturinave n\u00eb nivel lokal. Titan Albania (ANTEA) monitoron me kujdes konsumin dhe efikasitetin e energjis\u00eb p\u00ebr t\u00eb reduktuar gjurm\u00ebn e saj mjedisore dhe p\u00ebr t\u00eb ulur kostot. Meqen\u00ebse menaxhimi i energjis\u00eb lidhet ngusht\u00eb me hart\u00ebn e rrug\u00ebs s\u00eb dekarbonizimit t\u00eb sektorit dhe efikasitetin e burimeve, investimet gjat\u00eb faz\u00ebs s\u00eb nd\u00ebrtimit t\u00eb fabrik\u00ebs jan\u00eb kryer n\u00eb pajisje me k\u00ebrkes\u00eb t\u00eb ul\u00ebt p\u00ebr energji dhe n\u00eb menaxhimin e efikasitetit energjetik.<\/p>\n<p>Titan Albania (ANTEA) ka p\u00ebrballuar me sukses sfidat e k\u00ebrkes\u00ebs p\u00ebr \u00e7imento n\u00eb tregun vendas dhe at\u00eb t\u00eb eksportit dhe ka kapitalizuar rezultatet e saj mbi k\u00ebt\u00eb k\u00ebrkes\u00eb. N\u00eb t\u00eb nj\u00ebjt\u00ebn koh\u00eb, Titan Albania (ANTEA) ka mbetur e fokusuar n\u00eb objektivin e q\u00ebndruesh\u00ebm p\u00ebr rritje t\u00eb balancuar, t\u00eb p\u00ebrgjegjshme dhe afatgjat\u00eb, duke pranuar ndryshimin si organizat\u00eb dhe duke inovuar me ritme t\u00eb shpejta.<\/p>\n<h2><\/h2>\n<p style=\"\"><a href=\"tel:0035544509250\" target=\"_blank\" style=\"outline: none;\"><\/a><a href=\"tel:0035544502490\" target=\"_blank\" style=\"outline: none;\">+355 (0) 44502490<\/a><\/p>\n<p style=\"\"><a href=\"mailto:info@balfin.al\" target=\"_blank\" style=\"outline: none;\"><\/a><a href=\"http:\/\/emailto:info@anteacement.com\/\" target=\"_blank\" style=\"outline: none;\">info@anteacement.com<\/a><\/p>\n<p style=\"\"><a href=\"https:\/\/balfin.al\" target=\"_blank\" style=\"outline: none;\"><\/a><a href=\"https:\/\/anteacement.com\/\" target=\"_blank\" style=\"outline: none;\">www.anteacement.com<\/a><\/p>\n<p style=\"\">\u201cRruga Durresit\u201d Pallati mbrapa Ring Center, K.1 &#8211; 1001 Tirane (AL), PO BOX 1746<\/p>\n<h3 style=\"\">Titan Albania- lajme<\/h3>\n<p><a href=\"https:\/\/amcham.com.al\/sq\/antea-cement\/\" dynamic-postlink=\"tcb_post_the_permalink\" data-shortcode-id=\"30257\"><\/p>\n<p style=\"text-align: center;\">Titan Albania<\/p>\n<p><\/a><\/p>\n<p style=\"\"><span data-attr-date-format=\"j F Y\" data-attr-date-format-select=\"custom\" data-attr-link=\"0\" data-attr-rel=\"0\" data-attr-show-time=\"0\" data-attr-target=\"0\" data-attr-time-format=\"\" data-attr-time-format-select=\"g:i a\" data-attr-type=\"published\" data-extra_key=\"\" data-option-inline=\"1\" data-shortcode=\"tcb_post_published_date\" data-shortcode-name=\"Post date\" style=\"\">21 June 2021 <\/span><\/p>\n<h2 style=\"\"><span data-attr-css=\"tve-u-199a53f933c\" data-attr-link=\"1\" data-attr-rel=\"0\" data-attr-static-link=\"{&quot;className&quot;:&quot;&quot;,&quot;href&quot;:&quot;#&quot;,&quot;title&quot;:&quot;ANTEA Cement&quot;,&quot;data-css&quot;:&quot;tve-u-199a53f933c&quot;,&quot;class&quot;:&quot;&quot;}\" data-attr-target=\"0\" data-extra_key=\"\" data-option-inline=\"1\" data-shortcode=\"tcb_post_title\" data-shortcode-name=\"Post title\" style=\"\"><a href=\"https:\/\/amcham.com.al\/sq\/antea-cement\/\" title=\"ANTEA Cement\">ANTEA Cement<\/a><\/span><\/h2>\n<p><a href=\"https:\/\/amcham.com.al\/sq\/antea-cement\/\" style=\"\"><span><!--! Font Awesome Free 6.7.1 by @fontawesome - https:\/\/fontawesome.com License - https:\/\/fontawesome.com\/license\/free (Icons: CC BY 4.0, Fonts: SIL OFL 1.1, Code: MIT License) Copyright 2024 Fonticons, Inc. --><\/span><span style=\"\"><span style=\"\">View details&nbsp;<\/span><\/span><\/a><\/p>\n","protected":false},"excerpt":{"rendered":"<p>\u201d Nd\u00ebrtojm\u00eb s\u00eb Bashku t\u00eb Ardhmen Ton\u00eb &#8211; Dimitrios dimoui &#8211; titan ALBANIA (antea cement) Pikat Kryesore t\u00eb BiznesitTitan Albania \u2013 fabrika e \u00e7imentos ANTEA \u00ebsht\u00eb nj\u00eb nga investimet m\u00eb t\u00eb m\u00ebdha \u201cgreenfield\u201d me standardet m\u00eb t\u00eb larta t\u00eb aplikuara n\u00eb nd\u00ebrtim dhe operim n\u00eb Shqip\u00ebri, me nj\u00eb vler\u00eb totale mbi 200 milion\u00eb euro. P\u00ebr [&hellip;]<\/p>\n","protected":false},"author":5,"featured_media":0,"parent":0,"menu_order":0,"comment_status":"closed","ping_status":"closed","template":"","meta":{"_acf_changed":false,"_seopress_robots_primary_cat":"","_seopress_titles_title":"ALTEA Cement - Premium Member","_seopress_titles_desc":"","_seopress_robots_index":"","inline_featured_image":false,"footnotes":""},"class_list":["post-30632","page","type-page","status-publish","hentry","post-wrapper","thrv_wrapper"],"acf":[],"_links":{"self":[{"href":"https:\/\/amcham.com.al\/sq\/wp-json\/wp\/v2\/pages\/30632","targetHints":{"allow":["GET"]}}],"collection":[{"href":"https:\/\/amcham.com.al\/sq\/wp-json\/wp\/v2\/pages"}],"about":[{"href":"https:\/\/amcham.com.al\/sq\/wp-json\/wp\/v2\/types\/page"}],"author":[{"embeddable":true,"href":"https:\/\/amcham.com.al\/sq\/wp-json\/wp\/v2\/users\/5"}],"replies":[{"embeddable":true,"href":"https:\/\/amcham.com.al\/sq\/wp-json\/wp\/v2\/comments?post=30632"}],"version-history":[{"count":0,"href":"https:\/\/amcham.com.al\/sq\/wp-json\/wp\/v2\/pages\/30632\/revisions"}],"wp:attachment":[{"href":"https:\/\/amcham.com.al\/sq\/wp-json\/wp\/v2\/media?parent=30632"}],"curies":[{"name":"wp","href":"https:\/\/api.w.org\/{rel}","templated":true}]}}