{"id":30616,"date":"2021-06-30T09:18:17","date_gmt":"2021-06-30T08:18:17","guid":{"rendered":"https:\/\/amcham.com.al\/tcn\/"},"modified":"2025-10-02T16:37:44","modified_gmt":"2025-10-02T15:37:44","slug":"tcn","status":"publish","type":"page","link":"https:\/\/amcham.com.al\/sq\/tcn\/","title":{"rendered":"TCN"},"content":{"rendered":"<p>\u201d<\/p>\n<p>TCN \u00ebsht\u00eb lider rajonal n\u00eb ofrimin e infrastruktur\u00ebs t\u00eb gjenerat\u00ebs s\u00eb ardhshme dhe me vler\u00eb m\u00eb t\u00eb lart\u00eb, sistemeve dhe zgjidhjeve sh\u00ebrbimore t\u00eb kritike p\u00ebr mision, p\u00ebr klient\u00eb me k\u00ebrkesa t\u00eb larta n\u00eb fushat e mbrojtjes, siguris\u00eb dhe siguris\u00eb publike.<\/p>\n<p style=\"\">&#8211; Adrian shehu- TCN<\/p>\n<p><strong>Pikat Kryesore t\u00eb Biznesit<\/strong>TCN \u00ebsht\u00eb nj\u00eb nga integruesit kryesor\u00eb t\u00eb sistemeve dhe kompani infrastrukture, e cila furnizon sisteme teknologjike t\u00eb avancuara, produkte, zgjidhje dhe sh\u00ebrbime n\u00eb fushat e elektronik\u00ebs, teknologjis\u00eb s\u00eb informacionit, telekomunikacionit, mbrojtjes, aeroportit dhe kontrollit t\u00eb trafikut ajror p\u00ebr klient\u00eb qeveritar\u00eb dhe komercial\u00eb n\u00eb rajonin e Ballkanit dhe m\u00eb gjer\u00eb.<\/p>\n<p>TCN u themelua n\u00eb Shqip\u00ebri n\u00eb vitin 1996. Para 25 vitesh, TCN nisi si kompani IT dhe Telekomunikacioni. Sot, TCN realizon projekte t\u00eb avancuara teknologjike \u201cturn key\u201d n\u00eb shum\u00eb vende.<\/p>\n<p>TCN kombinon teknologjit\u00eb m\u00eb t\u00eb avancuara multivendor dhe softuer\u00ebt m\u00eb modern\u00eb n\u00eb sisteme t\u00eb avancuara dhe zgjidhje t\u00eb integruara plot\u00ebsisht p\u00ebr t\u00eb mb\u00ebshtetur klient\u00ebt n\u00eb arritjen e misionit t\u00eb tyre.<\/p>\n<p><strong>Vlerat Kryesore:<\/strong>&nbsp;Integritet, Besueshm\u00ebri, Respekt, P\u00ebrmir\u00ebsim, Angazhim<\/p>\n<p><strong>Linjat Kryesore t\u00eb Biznesit:<\/strong><\/p>\n<ul>\n<li>Kontrolli i Trafikut Ajror dhe Teknologjia e Aeroportit<\/li>\n<li>Mbrojtja dhe Siguria<\/li>\n<li>Siguria Publike dhe Zbatimi i Ligjit<\/li>\n<li>Teknologjia e Informacionit dhe Telekomunikacioni<\/li>\n<li>Menaxhimi i Trafikut Detar<\/li>\n<\/ul>\n<p>TCN operon n\u00eb Ballkanin Per\u00ebndimor si drejtp\u00ebrdrejt ashtu edhe p\u00ebrmes nd\u00ebrmarrjeve n\u00eb pron\u00ebsi t\u00eb plot\u00eb n\u00eb Kosov\u00eb dhe Maqedonin\u00eb e Veriut. Gjithashtu ka zyra p\u00ebrfaq\u00ebsuese n\u00eb Mal t\u00eb Zi dhe Bosnje-Hercegovin\u00eb.<\/p>\n<p>Q\u00eb nga viti 2010, TCN realizon projekte shum\u00eb komplekse t\u00eb NATO-s n\u00eb disa vende an\u00ebtare dhe n\u00eb zona t\u00eb tjera ku NATO \u00ebsht\u00eb aktive.<\/p>\n<p>TCN ka certifikim t\u00eb plot\u00eb t\u00eb cil\u00ebsis\u00eb nga TUV Austria dhe \u00ebsht\u00eb i certifikuar me standardet ISO 9001, ISO 14001, ISO 18001, PAS 99, ISO 20000-1 dhe ISO 27001. TCN aplikon parimin e Cil\u00ebsis\u00eb Totale n\u00eb dizajnin, inxhinierin\u00eb dhe implementimin e sistemeve.<\/p>\n<p>P\u00ebr t\u00eb arritur misionin, TCN bashk\u00ebpunon me shum\u00eb partner\u00eb biznesi t\u00eb njohur globalisht, prodhues dhe integrues kryesor\u00eb t\u00eb teknologjive t\u00eb larta, kryesisht nga SHBA, BE, MB, Izraeli, Kanadaja, Japonia, etj. Partner\u00ebt sjellin n\u00eb projektet e TCN teknologjit\u00eb m\u00eb t\u00eb avancuara, modelet m\u00eb moderne t\u00eb biznesit dhe kultur\u00ebn m\u00eb t\u00eb mir\u00eb t\u00eb biznesit.<\/p>\n<p>TCN ofron teknologji m\u00eb t\u00eb mir\u00eb n\u00eb klas\u00ebn e vet dhe vler\u00eb optimale p\u00ebr investimin. TCN mb\u00ebshtet klient\u00ebt gjat\u00eb gjith\u00eb ciklit t\u00eb jet\u00ebs s\u00eb produktit deri n\u00eb fund t\u00eb p\u00ebrdorimit, duke siguruar kostot m\u00eb t\u00eb ul\u00ebta t\u00eb pron\u00ebsis\u00eb. Ky mb\u00ebshtetje pas shitjes p\u00ebrfshin garanci, p\u00ebrmir\u00ebsime dhe sh\u00ebrbime proaktive dhe reaktive t\u00eb mir\u00ebmbajtjes.<\/p>\n<p style=\"\"><a href=\"tel:0035544509250\" target=\"_blank\" style=\"outline: none;\"><\/a><a href=\"tel:+355%204%20225%207711\" target=\"_blank\" style=\"outline: none;\">+355 4 225 7711<\/a><\/p>\n<p style=\"\"><a href=\"mailto:info@balfin.al\" target=\"_blank\" style=\"outline: none;\"><\/a><a href=\"mailto:tcn@tcn.al\" target=\"_blank\" style=\"outline: none;\">tcn@tcn.al<\/a><\/p>\n<p style=\"\"><a href=\"https:\/\/balfin.al\" target=\"_blank\" style=\"outline: none;\"><\/a><a href=\"http:\/\/www.tcn.al\/\" target=\"_blank\" style=\"outline: none;\">http:\/\/www.tcn.al<\/a><\/p>\n<p style=\"\">Bulevardi \u201cZog I\u201d P53 H3\/77,1016, Tiran\u00eb, Albania<\/p>\n<h3 style=\"\"><b><span data-contrast=\"auto\" lang=\"EN-GB\" style=\"\"><span data-contrast=\"none\" lang=\"EN-GB\" style=\"\"><strong><strong>Tcn- lajme<\/strong><\/strong><\/span><\/span><\/b><\/h3>\n<p><a href=\"https:\/\/amcham.com.al\/sq\/tcn\/\" dynamic-postlink=\"tcb_post_the_permalink\" data-shortcode-id=\"26057\"><\/p>\n<p style=\"text-align: center;\">Interviews<\/p>\n<p><\/a><\/p>\n<p style=\"\"><span data-attr-date-format=\"j F Y\" data-attr-date-format-select=\"custom\" data-attr-link=\"0\" data-attr-rel=\"0\" data-attr-show-time=\"0\" data-attr-target=\"0\" data-attr-time-format=\"\" data-attr-time-format-select=\"g:i a\" data-attr-type=\"published\" data-extra_key=\"\" data-option-inline=\"1\" data-shortcode=\"tcb_post_published_date\" data-shortcode-name=\"Post date\" style=\"\">30 June 2021 <\/span><\/p>\n<h2 style=\"\"><span data-attr-css=\"tve-u-199a535cdcf\" data-attr-link=\"1\" data-attr-rel=\"0\" data-attr-static-link=\"{&quot;className&quot;:&quot;&quot;,&quot;href&quot;:&quot;#&quot;,&quot;title&quot;:&quot;TCN&quot;,&quot;data-css&quot;:&quot;tve-u-199a535cdcf&quot;,&quot;class&quot;:&quot;&quot;}\" data-attr-target=\"0\" data-extra_key=\"\" data-option-inline=\"1\" data-shortcode=\"tcb_post_title\" data-shortcode-name=\"Post title\" style=\"\"><a href=\"https:\/\/amcham.com.al\/sq\/tcn\/\" title=\"TCN\">TCN<\/a><\/span><\/h2>\n<p><a href=\"https:\/\/amcham.com.al\/sq\/tcn\/\" style=\"\"><span><!--! Font Awesome Free 6.7.1 by @fontawesome - https:\/\/fontawesome.com License - https:\/\/fontawesome.com\/license\/free (Icons: CC BY 4.0, Fonts: SIL OFL 1.1, Code: MIT License) Copyright 2024 Fonticons, Inc. --><\/span><span style=\"\"><span style=\"\">View details&nbsp;<\/span><\/span><\/a><\/p>\n","protected":false},"excerpt":{"rendered":"<p>\u201d TCN \u00ebsht\u00eb lider rajonal n\u00eb ofrimin e infrastruktur\u00ebs t\u00eb gjenerat\u00ebs s\u00eb ardhshme dhe me vler\u00eb m\u00eb t\u00eb lart\u00eb, sistemeve dhe zgjidhjeve sh\u00ebrbimore t\u00eb kritike p\u00ebr mision, p\u00ebr klient\u00eb me k\u00ebrkesa t\u00eb larta n\u00eb fushat e mbrojtjes, siguris\u00eb dhe siguris\u00eb publike. &#8211; Adrian shehu- TCN Pikat Kryesore t\u00eb BiznesitTCN \u00ebsht\u00eb nj\u00eb nga integruesit kryesor\u00eb t\u00eb [&hellip;]<\/p>\n","protected":false},"author":5,"featured_media":0,"parent":0,"menu_order":0,"comment_status":"closed","ping_status":"closed","template":"","meta":{"_acf_changed":false,"_seopress_robots_primary_cat":"","_seopress_titles_title":"TCN - Premium Member","_seopress_titles_desc":"TCN is a regional leader in providing next-generation and best-value infrastructure, mission critical systems and service solutions for high demand customers in the defense, security and public safety domains.","_seopress_robots_index":"","inline_featured_image":false,"footnotes":""},"class_list":["post-30616","page","type-page","status-publish","hentry","post-wrapper","thrv_wrapper"],"acf":[],"_links":{"self":[{"href":"https:\/\/amcham.com.al\/sq\/wp-json\/wp\/v2\/pages\/30616","targetHints":{"allow":["GET"]}}],"collection":[{"href":"https:\/\/amcham.com.al\/sq\/wp-json\/wp\/v2\/pages"}],"about":[{"href":"https:\/\/amcham.com.al\/sq\/wp-json\/wp\/v2\/types\/page"}],"author":[{"embeddable":true,"href":"https:\/\/amcham.com.al\/sq\/wp-json\/wp\/v2\/users\/5"}],"replies":[{"embeddable":true,"href":"https:\/\/amcham.com.al\/sq\/wp-json\/wp\/v2\/comments?post=30616"}],"version-history":[{"count":0,"href":"https:\/\/amcham.com.al\/sq\/wp-json\/wp\/v2\/pages\/30616\/revisions"}],"wp:attachment":[{"href":"https:\/\/amcham.com.al\/sq\/wp-json\/wp\/v2\/media?parent=30616"}],"curies":[{"name":"wp","href":"https:\/\/api.w.org\/{rel}","templated":true}]}}