{"id":30589,"date":"2021-06-21T10:23:01","date_gmt":"2021-06-21T09:23:01","guid":{"rendered":"https:\/\/amcham.com.al\/grant-thornton\/"},"modified":"2025-10-13T15:17:46","modified_gmt":"2025-10-13T14:17:46","slug":"grant-thornton","status":"publish","type":"page","link":"https:\/\/amcham.com.al\/sq\/grant-thornton\/","title":{"rendered":"Grant Thornton"},"content":{"rendered":"<p>\u201d<\/p>\n<p>P\u00ebrvoja jon\u00eb e gjer\u00eb n\u00eb sektor\u00eb t\u00eb ndrysh\u00ebm, e kombinuar me profesionist\u00eb ekspert\u00eb, ka formuar baz\u00ebn e suksesit ton\u00eb t\u00eb vazhduesh\u00ebm n\u00eb sh\u00ebrbimin ndaj klient\u00ebve n\u00eb m\u00ebnyr\u00ebn m\u00eb t\u00eb mir\u00eb t\u00eb mundshme.<\/p>\n<p style=\"\">\u2013 Kledi Kodra, Partner Menaxhues<\/p>\n<p><strong>P\u00ebrshkrimi i Kompanis\u00eb<\/strong>Grant Thornton \u00ebsht\u00eb nj\u00eb firm\u00eb e njohur e sh\u00ebrbimeve profesionale, e p\u00ebrkushtuar n\u00eb sh\u00ebrbimin e nj\u00eb baze t\u00eb gjer\u00eb dhe t\u00eb larmishme klient\u00ebsh q\u00eb p\u00ebrfshin korporata, institucione financiare dhe qeveri, duke u ndihmuar t\u00eb \u00e7lirojn\u00eb potencialin e tyre p\u00ebr rritje p\u00ebrmes k\u00ebshillave t\u00eb vlefshme dhe t\u00eb zbatueshme n\u00eb nj\u00eb gam\u00eb t\u00eb gjer\u00eb sh\u00ebrbimesh auditimi, tatimore dhe konsulence. Ne bashkojm\u00eb ekspertiz\u00ebn ton\u00eb teknike t\u00eb vler\u00ebsuar me \u00e7mime me intuit\u00ebn, njohurit\u00eb dhe besimin q\u00eb vijn\u00eb nga p\u00ebrvoja jon\u00eb e thell\u00eb n\u00eb sektor\u00eb t\u00eb ndrysh\u00ebm dhe nga nj\u00eb kuptim i thelluar i klient\u00ebve tan\u00eb, duke ofruar sh\u00ebrbime t\u00eb personalizuara dhe zgjidhje gjith\u00ebp\u00ebrfshir\u00ebse. Kombinojm\u00eb fuqin\u00eb e t\u00eb gjitha linjave tona t\u00eb sh\u00ebrbimit dhe operojm\u00eb si nj\u00eb firm\u00eb e integruar. P\u00ebrmes ekipeve t\u00eb fuqizuara t\u00eb sh\u00ebrbimit ndaj klient\u00ebve, partner\u00ebve t\u00eb qassh\u00ebm dhe zinxhir\u00ebve t\u00eb shkurt\u00ebr vendimmarrjeje, ne ofrojm\u00eb nj\u00eb perspektiv\u00eb m\u00eb t\u00eb gjer\u00eb dhe veprojm\u00eb me t\u00eb nj\u00ebjt\u00ebn shpejt\u00ebsi dhe fleksibilitet si klient\u00ebt tan\u00eb.<\/p>\n<p>Prej 15 vitesh, Grant Thornton \u00ebsht\u00eb an\u00ebtare e Grant Thornton International, duke kombinuar njohurit\u00eb dhe p\u00ebrvoj\u00ebn n\u00eb tregun vendas me teknologjit\u00eb, metodologjit\u00eb dhe burimet e specializuara t\u00eb nj\u00eb organizate sh\u00ebrbimesh profesionale q\u00eb q\u00ebndron n\u00eb pararoj\u00eb t\u00eb profesionit t\u00eb kontabilitetit n\u00eb nivel global.<\/p>\n<p><strong>Pikat Kryesore t\u00eb Biznesit<\/strong>Jemi nj\u00eb rrjet firmash t\u00eb pavarura q\u00eb ofrojn\u00eb sh\u00ebrbime t\u00eb sigurimit, tatimore dhe konsulence, me m\u00eb shum\u00eb se&nbsp;<strong>62,000 profesionist\u00eb n\u00eb 140 vende<\/strong>. Jemi k\u00ebtu p\u00ebr t\u00eb ndihmuar organizatat dinamike t\u00eb \u00e7lirojn\u00eb potencialin e tyre p\u00ebr rritje.<\/p>\n<p><strong>Nj\u00eb m\u00ebnyr\u00eb ndryshe p\u00ebr t\u00eb b\u00ebr\u00eb biznes<\/strong>Nd\u00ebrmarrjet private, kompanit\u00eb e listuara n\u00eb bursa dhe organizatat e sektorit publik na zgjedhin p\u00ebr shkall\u00ebn ton\u00eb globale, cil\u00ebsin\u00eb, njohurit\u00eb p\u00ebr industrin\u00eb dhe ekspertiz\u00ebn ton\u00eb t\u00eb thell\u00eb teknike. Por ajo q\u00eb na ve\u00e7on \u00ebsht\u00eb p\u00ebrvoja unike e klientit, e cila sjell k\u00ebshilla m\u00eb t\u00eb vlefshme dhe nj\u00eb marr\u00ebdh\u00ebnie pune m\u00eb t\u00eb mir\u00eb.<\/p>\n<p><strong>Sh\u00ebrbimet<\/strong>P\u00ebr t\u00eb realizuar ambiciet e tyre, mij\u00ebra organizata dinamike n\u00eb \u00e7do industri n\u00eb mbar\u00eb bot\u00ebn i drejtohen firmave an\u00ebtare t\u00eb Grant Thornton p\u00ebr sh\u00ebrbimet e tyre n\u00eb fush\u00ebn e sigurimit, tatimeve dhe konsulenc\u00ebs.<\/p>\n<p style=\"\"><a href=\"tel:0035544509250\" target=\"_blank\" style=\"outline: none;\"><\/a><a href=\"tel:+355%2044%20525%20880\" target=\"_blank\" style=\"outline: none;\">+355 44 525 880<\/a><\/p>\n<p style=\"\"><a href=\"mailto:info@balfin.al\" target=\"_blank\" style=\"outline: none;\"><\/a><a href=\"mailto:contact@al.gt.com\" target=\"_blank\" style=\"outline: none;\">contact@al.gt.com<\/a><\/p>\n<p style=\"\"><a href=\"https:\/\/balfin.al\" target=\"_blank\" style=\"outline: none;\"><\/a><a href=\"https:\/\/www.grantthornton.al\/\" target=\"_blank\" style=\"outline: none;\">https:\/\/www.grantthornton.al<\/a><\/p>\n<p style=\"\">Rr. Sami Frash\u00ebri, Complex T.I.D, Pall. B, Kati 1, Tirana<\/p>\n<h3 style=\"\">Grant Thornton- lajme<\/h3>\n<p><a href=\"https:\/\/amcham.com.al\/sq\/grant-thornton\/\" dynamic-postlink=\"tcb_post_the_permalink\" data-shortcode-id=\"30257\"><\/p>\n<p style=\"text-align: center;\">Grant Thornton<\/p>\n<p><\/a><\/p>\n<p style=\"\"><span data-attr-date-format=\"j F Y\" data-attr-date-format-select=\"custom\" data-attr-link=\"0\" data-attr-rel=\"0\" data-attr-show-time=\"0\" data-attr-target=\"0\" data-attr-time-format=\"\" data-attr-time-format-select=\"g:i a\" data-attr-type=\"published\" data-extra_key=\"\" data-option-inline=\"1\" data-shortcode=\"tcb_post_published_date\" data-shortcode-name=\"Post date\" style=\"\">21 June 2021 <\/span><\/p>\n<h2 style=\"\"><span data-attr-css=\"tve-u-199a55ac5eb\" data-attr-link=\"1\" data-attr-rel=\"0\" data-attr-static-link=\"{&quot;className&quot;:&quot;&quot;,&quot;href&quot;:&quot;#&quot;,&quot;title&quot;:&quot;Grant Thornton&quot;,&quot;data-css&quot;:&quot;tve-u-199a55ac5eb&quot;,&quot;class&quot;:&quot;&quot;}\" data-attr-target=\"0\" data-extra_key=\"\" data-option-inline=\"1\" data-shortcode=\"tcb_post_title\" data-shortcode-name=\"Post title\" style=\"\"><a href=\"https:\/\/amcham.com.al\/sq\/grant-thornton\/\" title=\"Grant Thornton\">Grant Thornton<\/a><\/span><\/h2>\n<p><a href=\"https:\/\/amcham.com.al\/sq\/grant-thornton\/\" style=\"\"><span><!--! Font Awesome Free 6.7.1 by @fontawesome - https:\/\/fontawesome.com License - https:\/\/fontawesome.com\/license\/free (Icons: CC BY 4.0, Fonts: SIL OFL 1.1, Code: MIT License) Copyright 2024 Fonticons, Inc. --><\/span><span style=\"\"><span style=\"\">View details&nbsp;<\/span><\/span><\/a><\/p>\n","protected":false},"excerpt":{"rendered":"<p>\u201d P\u00ebrvoja jon\u00eb e gjer\u00eb n\u00eb sektor\u00eb t\u00eb ndrysh\u00ebm, e kombinuar me profesionist\u00eb ekspert\u00eb, ka formuar baz\u00ebn e suksesit ton\u00eb t\u00eb vazhduesh\u00ebm n\u00eb sh\u00ebrbimin ndaj klient\u00ebve n\u00eb m\u00ebnyr\u00ebn m\u00eb t\u00eb mir\u00eb t\u00eb mundshme. \u2013 Kledi Kodra, Partner Menaxhues P\u00ebrshkrimi i Kompanis\u00ebGrant Thornton \u00ebsht\u00eb nj\u00eb firm\u00eb e njohur e sh\u00ebrbimeve profesionale, e p\u00ebrkushtuar n\u00eb sh\u00ebrbimin e [&hellip;]<\/p>\n","protected":false},"author":5,"featured_media":28761,"parent":0,"menu_order":0,"comment_status":"closed","ping_status":"closed","template":"","meta":{"_acf_changed":false,"_seopress_robots_primary_cat":"","_seopress_titles_title":"Grant Thornton - Premium Member","_seopress_titles_desc":"","_seopress_robots_index":"","inline_featured_image":false,"footnotes":""},"class_list":["post-30589","page","type-page","status-publish","has-post-thumbnail","hentry","post-wrapper","thrv_wrapper"],"acf":[],"_links":{"self":[{"href":"https:\/\/amcham.com.al\/sq\/wp-json\/wp\/v2\/pages\/30589","targetHints":{"allow":["GET"]}}],"collection":[{"href":"https:\/\/amcham.com.al\/sq\/wp-json\/wp\/v2\/pages"}],"about":[{"href":"https:\/\/amcham.com.al\/sq\/wp-json\/wp\/v2\/types\/page"}],"author":[{"embeddable":true,"href":"https:\/\/amcham.com.al\/sq\/wp-json\/wp\/v2\/users\/5"}],"replies":[{"embeddable":true,"href":"https:\/\/amcham.com.al\/sq\/wp-json\/wp\/v2\/comments?post=30589"}],"version-history":[{"count":0,"href":"https:\/\/amcham.com.al\/sq\/wp-json\/wp\/v2\/pages\/30589\/revisions"}],"wp:featuredmedia":[{"embeddable":true,"href":"https:\/\/amcham.com.al\/sq\/wp-json\/wp\/v2\/media\/28761"}],"wp:attachment":[{"href":"https:\/\/amcham.com.al\/sq\/wp-json\/wp\/v2\/media?parent=30589"}],"curies":[{"name":"wp","href":"https:\/\/api.w.org\/{rel}","templated":true}]}}