{"id":30580,"date":"2021-06-21T08:47:36","date_gmt":"2021-06-21T07:47:36","guid":{"rendered":"https:\/\/amcham.com.al\/balfin\/"},"modified":"2025-10-02T16:35:17","modified_gmt":"2025-10-02T15:35:17","slug":"balfin","status":"publish","type":"page","link":"https:\/\/amcham.com.al\/sq\/balfin\/","title":{"rendered":"BALFIN"},"content":{"rendered":"<p>\u201d<\/p>\n<p>&#8220;Kemi guxuar t\u00eb prezantojm\u00eb gjigand\u00eb nd\u00ebrkomb\u00ebtar\u00eb n\u00eb tregje t\u00eb reja m\u00eb t\u00eb vogla, bazuar n\u00eb besimin se Grupi BALFIN ka potencialin p\u00ebr t\u00eb nxitur ndryshim n\u00eb ekonomi dhe shoq\u00ebri, dhe t\u00eb mb\u00ebshtetur nga partner\u00ebt m\u00eb prestigjioze. Kemi pasuruar modelet evropiane t\u00eb biznesit me tipare lokale, t\u00eb mund\u00ebsuara nga ekipet tona t\u00eb ekspert\u00ebve n\u00ebp\u00ebr vende dhe industri, dhe t\u00eb udh\u00ebhequra nga vlerat tona dhe standardet e rrepta. Kemi dh\u00ebn\u00eb tonin n\u00eb fush\u00ebn ekonomike t\u00eb rajonit dhe kemi krijuar potencialin p\u00ebr t\u00eb u zgjeruar. 30 vjet e historis\u00eb son\u00eb e konfirmojn\u00eb k\u00ebt\u00eb dhe na sigurojn\u00eb p\u00ebr sukseset q\u00eb do t\u00eb vijn\u00eb.&#8221;<\/p>\n<p style=\"\"><strong>&#8211; edlira muka, ceo BALFIN Group.<\/strong><\/p>\n<p data-end=\"30\" data-start=\"0\" style=\"\"><strong data-end=\"30\" data-start=\"0\">Pikat Kryesore t\u00eb Biznesit<\/strong><\/p>\n<p data-end=\"108\" data-start=\"32\"><strong data-end=\"108\" data-start=\"32\">30 vite BALFIN \u2013 Nga themelet n\u00eb Vjen\u00eb te mbi 5 mij\u00eb punonj\u00ebs n\u00eb 9 vende<\/strong><\/p>\n<p data-end=\"606\" data-start=\"110\">Grupi Balkan Finance Investment \u2013 i njohur gjer\u00ebsisht si BALFIN Group \u2013 ka luajtur p\u00ebr 30 vite nj\u00eb rol aktiv si nj\u00eb nga grupet m\u00eb t\u00eb r\u00ebnd\u00ebsishme dhe t\u00eb suksesshme investimi n\u00eb Ballkanin Per\u00ebndimor. Fillimi ishte me Samir Manen n\u00eb tregtin\u00eb me pakic\u00eb n\u00eb Vjen\u00eb, Austri. Nj\u00eb televizor ishte produkti i par\u00eb i shitur, n\u00eb vitin 1993. \u00c7far\u00eb pasoi ishte nj\u00eb rritje e pandalshme dhe nj\u00eb diversifikim i vazhduesh\u00ebm. Fillimisht grupi u zgjerua n\u00eb rajonin ton\u00eb, dhe sot gjurma e tij shtrihet n\u00eb n\u00ebnt\u00eb shtete.<\/p>\n<p data-end=\"840\" data-start=\"608\">Pas sektorit t\u00eb shitjes me pakic\u00eb, n\u00eb aktivitetin e Grupit iu bashkua sektori i pasurive t\u00eb paluajtshme. N\u00eb vitin 2002, Mane TCI filloi t\u00eb zhvilloj\u00eb dhe nd\u00ebrtoj\u00eb objekte rezidenciale, tregtare dhe industriale n\u00eb Shqip\u00ebri dhe Austri.<\/p>\n<p data-end=\"1135\" data-start=\"842\">Nj\u00eb moment ky\u00e7 ishte hapja e QTU-s\u00eb, qendra e par\u00eb tregtare n\u00eb Shqip\u00ebri, n\u00eb vitin 2005. Ajo transformoi t\u00ebr\u00ebsisht sjelljen dhe pritshm\u00ebrit\u00eb e konsumator\u00ebve n\u00eb vend. Modeli i suksessh\u00ebm u replikua menj\u00ebher\u00eb, dhe sot tre nga qendrat tregtare m\u00eb t\u00eb m\u00ebdha n\u00eb rajon jan\u00eb n\u00eb pron\u00ebsi t\u00eb BALFIN Group.<\/p>\n<p data-end=\"1391\" data-start=\"1137\">Green Coast nga BALFIN Group solli turizmin elitar, duke i dh\u00ebn\u00eb jet\u00eb t\u00eb re zon\u00ebs p\u00ebrreth. Nd\u00ebrtesat dhe infrastruktura moderne, t\u00eb q\u00ebndrueshme n\u00eb nj\u00eb peizazh tipik mesdhetar, u japin pushuesve ndjesin\u00eb e ndodhur n\u00eb destinacionet m\u00eb t\u00eb njohura europiane.<\/p>\n<p data-end=\"1571\" data-start=\"1393\">Grupi hyri n\u00eb sektorin bankar n\u00eb vitin 2019 me Tirana Bank. Banka e par\u00eb private n\u00eb Shqip\u00ebri mori hov, dhe vitin e kaluar sh\u00ebnoi rritjen m\u00eb t\u00eb shpejt\u00eb n\u00eb sektorin bankar n\u00eb vend.<\/p>\n<p data-end=\"1872\" data-start=\"1573\">Nj\u00eb sektor m\u00eb pak i njohur p\u00ebr publikun \u00ebsht\u00eb ai i transportit dhe logjistik\u00ebs, ku kompanit\u00eb e BALFIN Group l\u00ebvizin mallra n\u00eb t\u00eb gjitha kontinentet, n\u00eb partneritet me gjigant\u00eb bot\u00ebror\u00eb t\u00eb transportit detar dhe tok\u00ebsor. Cikli i transportit p\u00ebrmbyllet me sh\u00ebrbime magazinimi, doganimi dhe shp\u00ebrndarje.<\/p>\n<p data-end=\"2284\" data-start=\"1874\">Sot, portofoli i BALFIN Group p\u00ebrfshin aktivitete tregtare n\u00eb pasuri t\u00eb paluajtshme, shitje me shumic\u00eb dhe pakic\u00eb, bank\u00eb, menaxhim asetesh, turiz\u00ebm, media dhe logjistik\u00eb. \u00cbsht\u00eb nj\u00eb partner i besuesh\u00ebm p\u00ebr organizata vendase dhe nd\u00ebrkomb\u00ebtare, si lider\u00eb bot\u00ebror\u00eb n\u00eb elektronik\u00eb konsumatore, rrjete supermarketi, studio prestigjioze zhvillimi dhe nd\u00ebrtimi, si dhe banka apo institucione financiare nd\u00ebrkomb\u00ebtare.<\/p>\n<p data-end=\"2622\" data-start=\"2286\">Mbi 5.000 punonj\u00ebs jan\u00eb forca l\u00ebviz\u00ebse e Grupit, n\u00eb nj\u00eb ambient q\u00eb mund\u00ebson secilin individ t\u00eb shpreh\u00eb m\u00eb t\u00eb mir\u00ebn prej vetes, me standardet m\u00eb t\u00eb larta t\u00eb biznesit dhe etik\u00ebs. Zhvillimi ekonomik dhe pun\u00ebsimi i gjeneruar nga BALFIN Group, s\u00eb bashku me angazhimin e tij social, kan\u00eb ndikuar ndjesh\u00ebm n\u00eb p\u00ebrmir\u00ebsimin e jet\u00ebs n\u00eb komunitet.<\/p>\n<p data-end=\"2655\" data-start=\"2629\"><strong data-end=\"2655\" data-start=\"2629\">BALFIN Group n\u00eb Shifra<\/strong><\/p>\n<ul data-end=\"3640\" data-start=\"2657\">\n<li data-end=\"2681\" data-start=\"2657\">\n<p data-end=\"2681\" data-start=\"2659\" style=\"\"><strong data-end=\"2681\" data-start=\"2659\">Prezent n\u00eb 9 vende<\/strong><\/p>\n<\/li>\n<li data-end=\"2716\" data-start=\"2682\">\n<p data-end=\"2716\" data-start=\"2684\" style=\"\"><strong data-end=\"2716\" data-start=\"2684\">Aktiv n\u00eb 8 industri kryesore<\/strong><\/p>\n<\/li>\n<li data-end=\"2761\" data-start=\"2717\">\n<p data-end=\"2761\" data-start=\"2719\" style=\"\"><strong data-end=\"2761\" data-start=\"2719\">819 milion \u20ac investime kapitale totale<\/strong><\/p>\n<\/li>\n<li data-end=\"2808\" data-start=\"2762\">\n<p data-end=\"2808\" data-start=\"2764\" style=\"\"><strong data-end=\"2808\" data-start=\"2764\">1.6 miliard \u20ac asete totale n\u00eb vitin 2022<\/strong><\/p>\n<\/li>\n<li data-end=\"2857\" data-start=\"2809\">\n<p data-end=\"2857\" data-start=\"2811\" style=\"\"><strong data-end=\"2857\" data-start=\"2811\">60 milion \u20ac taksa t\u00eb paguara vet\u00ebm n\u00eb 2022<\/strong><\/p>\n<\/li>\n<li data-end=\"2906\" data-start=\"2858\">\n<p data-end=\"2906\" data-start=\"2860\" style=\"\"><strong data-end=\"2906\" data-start=\"2860\">85 milion \u20ac investime vet\u00ebm p\u00ebr vitin 2022<\/strong><\/p>\n<\/li>\n<li data-end=\"2949\" data-start=\"2907\">\n<p data-end=\"2949\" data-start=\"2909\" style=\"\"><strong data-end=\"2949\" data-start=\"2909\">50,000+ klient\u00eb t\u00eb sh\u00ebrbyer \u00e7do dit\u00eb<\/strong><\/p>\n<\/li>\n<li data-end=\"3046\" data-start=\"2950\">\n<p data-end=\"3046\" data-start=\"2952\" style=\"\"><strong data-end=\"3046\" data-start=\"2952\">5,000+ punonj\u00ebs direkt dhe rreth 10,000 t\u00eb tjer\u00eb t\u00eb pun\u00ebsuar indirekt p\u00ebrmes kontraktor\u00ebve<\/strong><\/p>\n<\/li>\n<li data-end=\"3131\" data-start=\"3047\">\n<p data-end=\"3131\" data-start=\"3049\" style=\"\"><strong data-end=\"3131\" data-start=\"3049\">40% e punonj\u00ebsve jan\u00eb gra; 50% e pozicioneve drejtuese t\u00eb larta mbahen nga gra<\/strong><\/p>\n<\/li>\n<li data-end=\"3183\" data-start=\"3132\">\n<p data-end=\"3183\" data-start=\"3134\" style=\"\"><strong data-end=\"3183\" data-start=\"3134\">30,000 p\u00ebrfitues nga nismat CSR n\u00eb vitin 2022<\/strong><\/p>\n<\/li>\n<li data-end=\"3260\" data-start=\"3184\">\n<p data-end=\"3260\" data-start=\"3186\" style=\"\"><strong data-end=\"3260\" data-start=\"3186\">Partner i besuar p\u00ebr kompani dhe institucione financiare nd\u00ebrkomb\u00ebtare<\/strong><\/p>\n<\/li>\n<li data-end=\"3328\" data-start=\"3261\">\n<p data-end=\"3328\" data-start=\"3263\" style=\"\"><strong data-end=\"3328\" data-start=\"3263\">KidZone n\u00eb 4 vende me 22 dyqane Jumbo dhe mbi 30,000 produkte<\/strong><\/p>\n<\/li>\n<li data-end=\"3382\" data-start=\"3329\">\n<p data-end=\"3382\" data-start=\"3331\" style=\"\"><strong data-end=\"3382\" data-start=\"3331\">28+ milion vizitor\u00eb vjetor\u00eb n\u00eb QTU, TEG dhe EGM<\/strong><\/p>\n<\/li>\n<li data-end=\"3444\" data-start=\"3383\">\n<p data-end=\"3444\" data-start=\"3385\" style=\"\"><strong data-end=\"3444\" data-start=\"3385\">Tirana Bank sh\u00ebnoi rritje 23.5% n\u00eb portofolin e kredive<\/strong><\/p>\n<\/li>\n<li data-end=\"3532\" data-start=\"3445\">\n<p data-end=\"3532\" data-start=\"3447\" style=\"\"><strong data-end=\"3532\" data-start=\"3447\">ALBA-TRADE (1993) \u00ebsht\u00eb nd\u00ebr aktor\u00ebt kryesor\u00eb n\u00eb tregun e elektronik\u00ebs n\u00eb Ballkan<\/strong><\/p>\n<\/li>\n<li data-end=\"3640\" data-start=\"3533\">\n<p data-end=\"3640\" data-start=\"3535\" style=\"\"><strong data-end=\"3640\" data-start=\"3535\">Programet e besnik\u00ebris\u00eb Happy n\u00eb Shqip\u00ebri, Maqedonin\u00eb e Veriut dhe Kosov\u00eb jan\u00eb m\u00eb t\u00eb m\u00ebdhat\u00eb n\u00eb rajon<\/strong><\/p>\n<\/li>\n<\/ul>\n<p style=\"\"><a href=\"tel:0035544509250\" target=\"_blank\" style=\"outline: none;\">+355 44509250<\/a><\/p>\n<p style=\"\"><a href=\"mailto:info@balfin.al\" target=\"_blank\" style=\"outline: none;\">info@balfin.al<\/a><\/p>\n<p style=\"\"><a href=\"https:\/\/balfin.al\" target=\"_blank\" style=\"outline: none;\">https:\/\/balfin.al<\/a><\/p>\n<p style=\"\">Rruga \u2018Papa Gjon Pali II\u2019, Floor 11, ABA Center, P.O. Box. 1010, Tirana, Albania&nbsp;<\/p>\n<h3 style=\"\">Balfin- lajme<\/h3>\n<p><a href=\"https:\/\/amcham.com.al\/sq\/grupi-balfin-feston-pervjetorin-e-tij-te-30-te-lajme-te-rendesishme-ne-zgjerime-dhe-filantropi\/\" dynamic-postlink=\"tcb_post_the_permalink\" data-shortcode-id=\"34022\"><\/p>\n<p style=\"text-align: center;\">Balfin<\/p>\n<p><\/a><\/p>\n<p style=\"\"><span data-attr-date-format=\"j F Y\" data-attr-date-format-select=\"custom\" data-attr-link=\"0\" data-attr-rel=\"0\" data-attr-show-time=\"0\" data-attr-target=\"0\" data-attr-time-format=\"\" data-attr-time-format-select=\"g:i a\" data-attr-type=\"published\" data-extra_key=\"\" data-option-inline=\"1\" data-shortcode=\"tcb_post_published_date\" data-shortcode-name=\"Post date\" style=\"\">20 July 2023 <\/span><\/p>\n<h2 style=\"\"><span data-attr-css=\"tve-u-199a55368cc\" data-attr-link=\"1\" data-attr-rel=\"0\" data-attr-static-link=\"{&quot;className&quot;:&quot;&quot;,&quot;href&quot;:&quot;https:\/\/amcham.com.al\/sq\/grupi-balfin-feston-pervjetorin-e-tij-te-30-te-lajme-te-rendesishme-ne-zgjerime-dhe-filantropi\/&quot;,&quot;title&quot;:&quot;Grupi BALFIN feston p\u00ebrvjetorin e tij t\u00eb 30-t\u00eb: Lajme t\u00eb r\u00ebnd\u00ebsishme n\u00eb Zgjerime dhe Filantropi&quot;,&quot;data-css&quot;:&quot;tve-u-199a55368cc&quot;,&quot;class&quot;:&quot;&quot;}\" data-attr-target=\"0\" data-extra_key=\"\" data-option-inline=\"1\" data-shortcode=\"tcb_post_title\" data-shortcode-name=\"Post title\" style=\"\"><a href=\"https:\/\/amcham.com.al\/sq\/grupi-balfin-feston-pervjetorin-e-tij-te-30-te-lajme-te-rendesishme-ne-zgjerime-dhe-filantropi\/\" title=\"Grupi BALFIN feston p\u00ebrvjetorin e tij t\u00eb 30-t\u00eb: Lajme t\u00eb r\u00ebnd\u00ebsishme n\u00eb Zgjerime dhe Filantropi\">Grupi BALFIN feston p\u00ebrvjetorin e tij t\u00eb 30-t\u00eb: Lajme t\u00eb r\u00ebnd\u00ebsishme n\u00eb Zgjerime dhe Filantropi<\/a><\/span><\/h2>\n<p><a href=\"https:\/\/amcham.com.al\/sq\/grupi-balfin-feston-pervjetorin-e-tij-te-30-te-lajme-te-rendesishme-ne-zgjerime-dhe-filantropi\/\" style=\"\"><span><!--! Font Awesome Free 6.7.1 by @fontawesome - https:\/\/fontawesome.com License - https:\/\/fontawesome.com\/license\/free (Icons: CC BY 4.0, Fonts: SIL OFL 1.1, Code: MIT License) Copyright 2024 Fonticons, Inc. --><\/span><span style=\"\"><span style=\"\">View details&nbsp;<\/span><\/span><\/a><a href=\"https:\/\/amcham.com.al\/sq\/grupi-balfin-kthehet-ne-aksionerin-kryesor-te-tbu-nderkohe-qe-shpaloset-nje-kapitull-i-ri-per-zhvillimin-e-tbu\/\" dynamic-postlink=\"tcb_post_the_permalink\" data-shortcode-id=\"34022\"><\/p>\n<p style=\"text-align: center;\">Balfin<\/p>\n<p><\/a><\/p>\n<p style=\"\"><span data-attr-date-format=\"j F Y\" data-attr-date-format-select=\"custom\" data-attr-link=\"0\" data-attr-rel=\"0\" data-attr-show-time=\"0\" data-attr-target=\"0\" data-attr-time-format=\"\" data-attr-time-format-select=\"g:i a\" data-attr-type=\"published\" data-extra_key=\"\" data-option-inline=\"1\" data-shortcode=\"tcb_post_published_date\" data-shortcode-name=\"Post date\" style=\"\">20 July 2023 <\/span><\/p>\n<h2 style=\"\"><span data-attr-css=\"tve-u-199a55368cc\" data-attr-link=\"1\" data-attr-rel=\"0\" data-attr-static-link=\"{&quot;className&quot;:&quot;&quot;,&quot;href&quot;:&quot;https:\/\/amcham.com.al\/sq\/grupi-balfin-feston-pervjetorin-e-tij-te-30-te-lajme-te-rendesishme-ne-zgjerime-dhe-filantropi\/&quot;,&quot;title&quot;:&quot;Grupi BALFIN feston p\u00ebrvjetorin e tij t\u00eb 30-t\u00eb: Lajme t\u00eb r\u00ebnd\u00ebsishme n\u00eb Zgjerime dhe Filantropi&quot;,&quot;data-css&quot;:&quot;tve-u-199a55368cc&quot;,&quot;class&quot;:&quot;&quot;}\" data-attr-target=\"0\" data-extra_key=\"\" data-option-inline=\"1\" data-shortcode=\"tcb_post_title\" data-shortcode-name=\"Post title\" style=\"\"><a href=\"https:\/\/amcham.com.al\/sq\/grupi-balfin-kthehet-ne-aksionerin-kryesor-te-tbu-nderkohe-qe-shpaloset-nje-kapitull-i-ri-per-zhvillimin-e-tbu\/\" title=\"Grupi BALFIN kthehet n\u00eb aksionerin kryesor t\u00eb TBU, nd\u00ebrkoh\u00eb q\u00eb shpaloset nj\u00eb kapitull i ri p\u00ebr zhvillimin e TBU.\">Grupi BALFIN kthehet n\u00eb aksionerin kryesor t\u00eb TBU, nd\u00ebrkoh\u00eb q\u00eb shpaloset nj\u00eb kapitull i ri p\u00ebr zhvillimin e TBU.<\/a><\/span><\/h2>\n<p><a href=\"https:\/\/amcham.com.al\/sq\/grupi-balfin-kthehet-ne-aksionerin-kryesor-te-tbu-nderkohe-qe-shpaloset-nje-kapitull-i-ri-per-zhvillimin-e-tbu\/\" style=\"\"><span><!--! Font Awesome Free 6.7.1 by @fontawesome - https:\/\/fontawesome.com License - https:\/\/fontawesome.com\/license\/free (Icons: CC BY 4.0, Fonts: SIL OFL 1.1, Code: MIT License) Copyright 2024 Fonticons, Inc. --><\/span><span style=\"\"><span style=\"\">View details&nbsp;<\/span><\/span><\/a><a href=\"https:\/\/amcham.com.al\/sq\/grupi-balfin-merr-pjese-ne-samitin-esg-te-ballkanit-perendimor-ne-mal-te-zi\/\" dynamic-postlink=\"tcb_post_the_permalink\" data-shortcode-id=\"34022\"><\/p>\n<p style=\"text-align: center;\">Balfin<\/p>\n<p><\/a><\/p>\n<p style=\"\"><span data-attr-date-format=\"j F Y\" data-attr-date-format-select=\"custom\" data-attr-link=\"0\" data-attr-rel=\"0\" data-attr-show-time=\"0\" data-attr-target=\"0\" data-attr-time-format=\"\" data-attr-time-format-select=\"g:i a\" data-attr-type=\"published\" data-extra_key=\"\" data-option-inline=\"1\" data-shortcode=\"tcb_post_published_date\" data-shortcode-name=\"Post date\" style=\"\">20 July 2023 <\/span><\/p>\n<h2 style=\"\"><span data-attr-css=\"tve-u-199a55368cc\" data-attr-link=\"1\" data-attr-rel=\"0\" data-attr-static-link=\"{&quot;className&quot;:&quot;&quot;,&quot;href&quot;:&quot;https:\/\/amcham.com.al\/sq\/grupi-balfin-feston-pervjetorin-e-tij-te-30-te-lajme-te-rendesishme-ne-zgjerime-dhe-filantropi\/&quot;,&quot;title&quot;:&quot;Grupi BALFIN feston p\u00ebrvjetorin e tij t\u00eb 30-t\u00eb: Lajme t\u00eb r\u00ebnd\u00ebsishme n\u00eb Zgjerime dhe Filantropi&quot;,&quot;data-css&quot;:&quot;tve-u-199a55368cc&quot;,&quot;class&quot;:&quot;&quot;}\" data-attr-target=\"0\" data-extra_key=\"\" data-option-inline=\"1\" data-shortcode=\"tcb_post_title\" data-shortcode-name=\"Post title\" style=\"\"><a href=\"https:\/\/amcham.com.al\/sq\/grupi-balfin-merr-pjese-ne-samitin-esg-te-ballkanit-perendimor-ne-mal-te-zi\/\" title=\"Grupi BALFIN merr pjes\u00eb n\u00eb Samitin ESG t\u00eb Ballkanit Per\u00ebndimor n\u00eb Mal t\u00eb Zi\">Grupi BALFIN merr pjes\u00eb n\u00eb Samitin ESG t\u00eb Ballkanit Per\u00ebndimor n\u00eb Mal t\u00eb Zi<\/a><\/span><\/h2>\n<p><a href=\"https:\/\/amcham.com.al\/sq\/grupi-balfin-merr-pjese-ne-samitin-esg-te-ballkanit-perendimor-ne-mal-te-zi\/\" style=\"\"><span><!--! Font Awesome Free 6.7.1 by @fontawesome - https:\/\/fontawesome.com License - https:\/\/fontawesome.com\/license\/free (Icons: CC BY 4.0, Fonts: SIL OFL 1.1, Code: MIT License) Copyright 2024 Fonticons, Inc. --><\/span><span style=\"\"><span style=\"\">View details&nbsp;<\/span><\/span><\/a><a href=\"https:\/\/amcham.com.al\/sq\/balfin-merr-pjese-ne-forumin-evropian-te-ifc-se-ne-kroaci-ceo-muka-ne-punojme-se-bashku-ne-zbatimin-e-projekteve-te-medha\/\" dynamic-postlink=\"tcb_post_the_permalink\" data-shortcode-id=\"34022\"><\/p>\n<p style=\"text-align: center;\">Balfin<\/p>\n<p><\/a><\/p>\n<p style=\"\"><span data-attr-date-format=\"j F Y\" data-attr-date-format-select=\"custom\" data-attr-link=\"0\" data-attr-rel=\"0\" data-attr-show-time=\"0\" data-attr-target=\"0\" data-attr-time-format=\"\" data-attr-time-format-select=\"g:i a\" data-attr-type=\"published\" data-extra_key=\"\" data-option-inline=\"1\" data-shortcode=\"tcb_post_published_date\" data-shortcode-name=\"Post date\" style=\"\">20 July 2023 <\/span><\/p>\n<h2 style=\"\"><span data-attr-css=\"tve-u-199a55368cc\" data-attr-link=\"1\" data-attr-rel=\"0\" data-attr-static-link=\"{&quot;className&quot;:&quot;&quot;,&quot;href&quot;:&quot;https:\/\/amcham.com.al\/sq\/grupi-balfin-feston-pervjetorin-e-tij-te-30-te-lajme-te-rendesishme-ne-zgjerime-dhe-filantropi\/&quot;,&quot;title&quot;:&quot;Grupi BALFIN feston p\u00ebrvjetorin e tij t\u00eb 30-t\u00eb: Lajme t\u00eb r\u00ebnd\u00ebsishme n\u00eb Zgjerime dhe Filantropi&quot;,&quot;data-css&quot;:&quot;tve-u-199a55368cc&quot;,&quot;class&quot;:&quot;&quot;}\" data-attr-target=\"0\" data-extra_key=\"\" data-option-inline=\"1\" data-shortcode=\"tcb_post_title\" data-shortcode-name=\"Post title\" style=\"\"><a href=\"https:\/\/amcham.com.al\/sq\/balfin-merr-pjese-ne-forumin-evropian-te-ifc-se-ne-kroaci-ceo-muka-ne-punojme-se-bashku-ne-zbatimin-e-projekteve-te-medha\/\" title=\"BALFIN merr pjes\u00eb n\u00eb Forumin Evropian t\u00eb IFC-s\u00eb n\u00eb Kroaci, CEO Muka: Ne punojm\u00eb s\u00eb bashku n\u00eb zbatimin e projekteve t\u00eb m\u00ebdha.\">BALFIN merr pjes\u00eb n\u00eb Forumin Evropian t\u00eb IFC-s\u00eb n\u00eb Kroaci, CEO Muka: Ne punojm\u00eb s\u00eb bashku n\u00eb zbatimin e projekteve t\u00eb m\u00ebdha.<\/a><\/span><\/h2>\n<p><a href=\"https:\/\/amcham.com.al\/sq\/balfin-merr-pjese-ne-forumin-evropian-te-ifc-se-ne-kroaci-ceo-muka-ne-punojme-se-bashku-ne-zbatimin-e-projekteve-te-medha\/\" style=\"\"><span><!--! Font Awesome Free 6.7.1 by @fontawesome - https:\/\/fontawesome.com License - https:\/\/fontawesome.com\/license\/free (Icons: CC BY 4.0, Fonts: SIL OFL 1.1, Code: MIT License) Copyright 2024 Fonticons, Inc. --><\/span><span style=\"\"><span style=\"\">View details&nbsp;<\/span><\/span><\/a><\/p>\n","protected":false},"excerpt":{"rendered":"<p>\u201d &#8220;Kemi guxuar t\u00eb prezantojm\u00eb gjigand\u00eb nd\u00ebrkomb\u00ebtar\u00eb n\u00eb tregje t\u00eb reja m\u00eb t\u00eb vogla, bazuar n\u00eb besimin se Grupi BALFIN ka potencialin p\u00ebr t\u00eb nxitur ndryshim n\u00eb ekonomi dhe shoq\u00ebri, dhe t\u00eb mb\u00ebshtetur nga partner\u00ebt m\u00eb prestigjioze. Kemi pasuruar modelet evropiane t\u00eb biznesit me tipare lokale, t\u00eb mund\u00ebsuara nga ekipet tona t\u00eb ekspert\u00ebve n\u00ebp\u00ebr vende [&hellip;]<\/p>\n","protected":false},"author":5,"featured_media":36886,"parent":0,"menu_order":0,"comment_status":"closed","ping_status":"closed","template":"","meta":{"_acf_changed":false,"_seopress_robots_primary_cat":"","_seopress_titles_title":"BALFIN - Antar i kategoris\u00eb Premium | Dhoma Amerikane e Tregtis\u00eb","_seopress_titles_desc":"","_seopress_robots_index":"","inline_featured_image":false,"footnotes":""},"class_list":["post-30580","page","type-page","status-publish","has-post-thumbnail","hentry","post-wrapper","thrv_wrapper"],"acf":[],"_links":{"self":[{"href":"https:\/\/amcham.com.al\/sq\/wp-json\/wp\/v2\/pages\/30580","targetHints":{"allow":["GET"]}}],"collection":[{"href":"https:\/\/amcham.com.al\/sq\/wp-json\/wp\/v2\/pages"}],"about":[{"href":"https:\/\/amcham.com.al\/sq\/wp-json\/wp\/v2\/types\/page"}],"author":[{"embeddable":true,"href":"https:\/\/amcham.com.al\/sq\/wp-json\/wp\/v2\/users\/5"}],"replies":[{"embeddable":true,"href":"https:\/\/amcham.com.al\/sq\/wp-json\/wp\/v2\/comments?post=30580"}],"version-history":[{"count":0,"href":"https:\/\/amcham.com.al\/sq\/wp-json\/wp\/v2\/pages\/30580\/revisions"}],"wp:featuredmedia":[{"embeddable":true,"href":"https:\/\/amcham.com.al\/sq\/wp-json\/wp\/v2\/media\/36886"}],"wp:attachment":[{"href":"https:\/\/amcham.com.al\/sq\/wp-json\/wp\/v2\/media?parent=30580"}],"curies":[{"name":"wp","href":"https:\/\/api.w.org\/{rel}","templated":true}]}}