{"id":30565,"date":"2020-12-10T11:56:04","date_gmt":"2020-12-10T11:56:04","guid":{"rendered":"https:\/\/amcham.com.al\/past-events\/"},"modified":"2024-04-26T13:41:56","modified_gmt":"2024-04-26T12:41:56","slug":"ngjarjet-e-kaluara","status":"publish","type":"page","link":"https:\/\/amcham.com.al\/sq\/ngjarjet-e-kaluara\/","title":{"rendered":"Ngjarjet e kaluara"},"content":{"rendered":"<p><a href=\"https:\/\/amcham.com.al\/sq\/ekspertet-e-amcham-perfshihen-ne-grupet-e-punes-per-zbatimin-e-reformes\/\" dynamic-postlink=\"tcb_post_the_permalink\" data-shortcode-id=\"30541\"><\/a><\/p>\n<h2 style=\"\"><span data-attr-css=\"tve-u-189bab4656a\" data-attr-link=\"1\" data-attr-rel=\"0\" data-attr-static-link=\"{&quot;className&quot;:&quot;&quot;,&quot;href&quot;:&quot;https:\/\/amcham.com.al\/sq\/deklarate-e-perbashket\/&quot;,&quot;title&quot;:&quot;Deklarat\u00eb e P\u00ebrbashk\u00ebt&quot;,&quot;data-css&quot;:&quot;tve-u-189bab4656a&quot;,&quot;class&quot;:&quot;&quot;}\" data-attr-target=\"0\" data-extra_key=\"\" data-option-inline=\"1\" data-shortcode=\"tcb_post_title\" data-shortcode-name=\"Post title\"><a href=\"https:\/\/amcham.com.al\/sq\/ekspertet-e-amcham-perfshihen-ne-grupet-e-punes-per-zbatimin-e-reformes\/\" title=\"Ekspert\u00ebt e AmCham p\u00ebrfshihen n\u00eb grupet e pun\u00ebs p\u00ebr zbatimin e reform\u00ebs\">Ekspert\u00ebt e AmCham p\u00ebrfshihen n\u00eb grupet e pun\u00ebs p\u00ebr zbatimin e reform\u00ebs<\/a><\/span><\/h2>\n<p><span data-extra_key=\"\" data-option-inline=\"1\" data-attr-date-format=\"F j, Y\" data-attr-date-format-select=\"F j, Y\" data-attr-show-time=\"0\" data-attr-time-format=\"\" data-attr-time-format-select=\"g:i a\" data-attr-type=\"published\" data-shortcode=\"tcb_post_published_date\" data-shortcode-name=\"Post date\">March 8, 2022 <\/span><\/p>\n<p>Ekspert\u00eb p\u00ebrfaq\u00ebsues t\u00eb Dhom\u00ebs Amerikane t\u00eb Tregtis\u00eb, i jan\u00eb bashkuar tryezave&nbsp; t\u00eb pun\u00ebs t\u00eb organizuar <a href=\"https:\/\/amcham.com.al\/sq\/ekspertet-e-amcham-perfshihen-ne-grupet-e-punes-per-zbatimin-e-reformes\/#more-30541\">&#8230; Read more<\/a><\/p>\n<p><a href=\"https:\/\/amcham.com.al\/sq\/iqvia-prezanton-aplikacionin-mbi-analizen-e-tregut-per-industrine-e-farmaceutikes\/\" dynamic-postlink=\"tcb_post_the_permalink\" data-shortcode-id=\"30541\"><\/a><\/p>\n<h2 style=\"\"><span data-attr-css=\"tve-u-189bab4656a\" data-attr-link=\"1\" data-attr-rel=\"0\" data-attr-static-link=\"{&quot;className&quot;:&quot;&quot;,&quot;href&quot;:&quot;https:\/\/amcham.com.al\/sq\/deklarate-e-perbashket\/&quot;,&quot;title&quot;:&quot;Deklarat\u00eb e P\u00ebrbashk\u00ebt&quot;,&quot;data-css&quot;:&quot;tve-u-189bab4656a&quot;,&quot;class&quot;:&quot;&quot;}\" data-attr-target=\"0\" data-extra_key=\"\" data-option-inline=\"1\" data-shortcode=\"tcb_post_title\" data-shortcode-name=\"Post title\"><a href=\"https:\/\/amcham.com.al\/sq\/iqvia-prezanton-aplikacionin-mbi-analizen-e-tregut-per-industrine-e-farmaceutikes\/\" title=\"&lt;strong&gt;&lt;em&gt;IQVIA prezanton aplikacionin mbi analiz\u00ebn e tregut&lt;\/em&gt;&lt;\/strong&gt;&lt;em&gt; &lt;strong&gt;p\u00ebr industrin\u00eb e farmaceutik\u00ebs&lt;\/strong&gt;&lt;\/em&gt;\"><strong><em>IQVIA prezanton aplikacionin mbi analiz\u00ebn e tregut<\/em><\/strong><em> <strong>p\u00ebr industrin\u00eb e farmaceutik\u00ebs<\/strong><\/em><\/a><\/span><\/h2>\n<p><span data-extra_key=\"\" data-option-inline=\"1\" data-attr-date-format=\"F j, Y\" data-attr-date-format-select=\"F j, Y\" data-attr-show-time=\"0\" data-attr-time-format=\"\" data-attr-time-format-select=\"g:i a\" data-attr-type=\"published\" data-shortcode=\"tcb_post_published_date\" data-shortcode-name=\"Post date\">March 8, 2022 <\/span><\/p>\n<p>Analiza sektoriale, teknologji t\u00eb avancuara dhe ekspertiza sh\u00ebndet\u00ebsore t\u00eb kombinuara s\u00eb bashku, do ti japin <a href=\"https:\/\/amcham.com.al\/sq\/iqvia-prezanton-aplikacionin-mbi-analizen-e-tregut-per-industrine-e-farmaceutikes\/#more-30533\">&#8230; Read more<\/a><\/p>\n<p><a href=\"https:\/\/amcham.com.al\/sq\/dhomat-amerikane-ne-evrope-solidarizohen-me-popullin-e-ukraines\/\" dynamic-postlink=\"tcb_post_the_permalink\" data-shortcode-id=\"30541\"><\/a><\/p>\n<h2 style=\"\"><span data-attr-css=\"tve-u-189bab4656a\" data-attr-link=\"1\" data-attr-rel=\"0\" data-attr-static-link=\"{&quot;className&quot;:&quot;&quot;,&quot;href&quot;:&quot;https:\/\/amcham.com.al\/sq\/deklarate-e-perbashket\/&quot;,&quot;title&quot;:&quot;Deklarat\u00eb e P\u00ebrbashk\u00ebt&quot;,&quot;data-css&quot;:&quot;tve-u-189bab4656a&quot;,&quot;class&quot;:&quot;&quot;}\" data-attr-target=\"0\" data-extra_key=\"\" data-option-inline=\"1\" data-shortcode=\"tcb_post_title\" data-shortcode-name=\"Post title\"><a href=\"https:\/\/amcham.com.al\/sq\/dhomat-amerikane-ne-evrope-solidarizohen-me-popullin-e-ukraines\/\" title=\"Dhomat Amerikane n\u00eb Evrop\u00eb solidarizohen me popullin e Ukrain\u00ebs\">Dhomat Amerikane n\u00eb Evrop\u00eb solidarizohen me popullin e Ukrain\u00ebs<\/a><\/span><\/h2>\n<p><span data-extra_key=\"\" data-option-inline=\"1\" data-attr-date-format=\"F j, Y\" data-attr-date-format-select=\"F j, Y\" data-attr-show-time=\"0\" data-attr-time-format=\"\" data-attr-time-format-select=\"g:i a\" data-attr-type=\"published\" data-shortcode=\"tcb_post_published_date\" data-shortcode-name=\"Post date\">March 8, 2022 <\/span><\/p>\n<p>20220225_AmChams-in-Europe-stands-in-solidarity-with-the-people-of-Ukraine_FINALDownload <a href=\"https:\/\/amcham.com.al\/sq\/dhomat-amerikane-ne-evrope-solidarizohen-me-popullin-e-ukraines\/#more-30527\">&#8230; Read more<\/a><\/p>\n<p><a href=\"https:\/\/amcham.com.al\/sq\/industria-e-duhanit-flet-me-ekspertet-e-amcham-per-sfidat-e-sektorit\/\" dynamic-postlink=\"tcb_post_the_permalink\" data-shortcode-id=\"30541\"><\/a><\/p>\n<h2 style=\"\"><span data-attr-css=\"tve-u-189bab4656a\" data-attr-link=\"1\" data-attr-rel=\"0\" data-attr-static-link=\"{&quot;className&quot;:&quot;&quot;,&quot;href&quot;:&quot;https:\/\/amcham.com.al\/sq\/deklarate-e-perbashket\/&quot;,&quot;title&quot;:&quot;Deklarat\u00eb e P\u00ebrbashk\u00ebt&quot;,&quot;data-css&quot;:&quot;tve-u-189bab4656a&quot;,&quot;class&quot;:&quot;&quot;}\" data-attr-target=\"0\" data-extra_key=\"\" data-option-inline=\"1\" data-shortcode=\"tcb_post_title\" data-shortcode-name=\"Post title\"><a href=\"https:\/\/amcham.com.al\/sq\/industria-e-duhanit-flet-me-ekspertet-e-amcham-per-sfidat-e-sektorit\/\" title=\"Industria e duhanit flet me ekspert\u00ebt e AmCham p\u00ebr sfidat e sektorit\">Industria e duhanit flet me ekspert\u00ebt e AmCham p\u00ebr sfidat e sektorit<\/a><\/span><\/h2>\n<p><span data-extra_key=\"\" data-option-inline=\"1\" data-attr-date-format=\"F j, Y\" data-attr-date-format-select=\"F j, Y\" data-attr-show-time=\"0\" data-attr-time-format=\"\" data-attr-time-format-select=\"g:i a\" data-attr-type=\"published\" data-shortcode=\"tcb_post_published_date\" data-shortcode-name=\"Post date\">March 8, 2022 <\/span><\/p>\n<p>Kompanit\u00eb p\u00ebrfaq\u00ebsuese t\u00eb Industris\u00eb s\u00eb Duhanit dhe Drejtues t\u00eb Komiteteve n\u00eb AmCham jan\u00eb takuar p\u00ebr <a href=\"https:\/\/amcham.com.al\/sq\/industria-e-duhanit-flet-me-ekspertet-e-amcham-per-sfidat-e-sektorit\/#more-30510\">&#8230; Read more<\/a><\/p>\n<p><a href=\"https:\/\/amcham.com.al\/sq\/amcham-organizon-networkun-mes-wttc-dhe-bizneseve-ne-sektorin-e-turizmit\/\" dynamic-postlink=\"tcb_post_the_permalink\" data-shortcode-id=\"30541\"><\/a><\/p>\n<h2 style=\"\"><span data-attr-css=\"tve-u-189bab4656a\" data-attr-link=\"1\" data-attr-rel=\"0\" data-attr-static-link=\"{&quot;className&quot;:&quot;&quot;,&quot;href&quot;:&quot;https:\/\/amcham.com.al\/sq\/deklarate-e-perbashket\/&quot;,&quot;title&quot;:&quot;Deklarat\u00eb e P\u00ebrbashk\u00ebt&quot;,&quot;data-css&quot;:&quot;tve-u-189bab4656a&quot;,&quot;class&quot;:&quot;&quot;}\" data-attr-target=\"0\" data-extra_key=\"\" data-option-inline=\"1\" data-shortcode=\"tcb_post_title\" data-shortcode-name=\"Post title\"><a href=\"https:\/\/amcham.com.al\/sq\/amcham-organizon-networkun-mes-wttc-dhe-bizneseve-ne-sektorin-e-turizmit\/\" title=\"AmCham organizon networkun mes WTTC dhe bizneseve n\u00eb sektorin e turizmit\">AmCham organizon networkun mes WTTC dhe bizneseve n\u00eb sektorin e turizmit<\/a><\/span><\/h2>\n<p><span data-extra_key=\"\" data-option-inline=\"1\" data-attr-date-format=\"F j, Y\" data-attr-date-format-select=\"F j, Y\" data-attr-show-time=\"0\" data-attr-time-format=\"\" data-attr-time-format-select=\"g:i a\" data-attr-type=\"published\" data-shortcode=\"tcb_post_published_date\" data-shortcode-name=\"Post date\">March 8, 2022 <\/span><\/p>\n<p>Dhoma Amerikane ka organizuar nj\u00eb m\u00ebngjes pune me p\u00ebrfaq\u00ebsuesin e WTTC, nj\u00eb organizat\u00eb globale jofitimprur\u00ebse <a href=\"https:\/\/amcham.com.al\/sq\/amcham-organizon-networkun-mes-wttc-dhe-bizneseve-ne-sektorin-e-turizmit\/#more-30517\">&#8230; Read more<\/a><\/p>\n<p><a href=\"https:\/\/amcham.com.al\/sq\/zbatimi-i-rekomandimeve-te-axhendes-se-investimeve-dhoma-amerikane-krijon-grupet-e-punes\/\" dynamic-postlink=\"tcb_post_the_permalink\" data-shortcode-id=\"30541\"><\/a><\/p>\n<h2 style=\"\"><span data-attr-css=\"tve-u-189bab4656a\" data-attr-link=\"1\" data-attr-rel=\"0\" data-attr-static-link=\"{&quot;className&quot;:&quot;&quot;,&quot;href&quot;:&quot;https:\/\/amcham.com.al\/sq\/deklarate-e-perbashket\/&quot;,&quot;title&quot;:&quot;Deklarat\u00eb e P\u00ebrbashk\u00ebt&quot;,&quot;data-css&quot;:&quot;tve-u-189bab4656a&quot;,&quot;class&quot;:&quot;&quot;}\" data-attr-target=\"0\" data-extra_key=\"\" data-option-inline=\"1\" data-shortcode=\"tcb_post_title\" data-shortcode-name=\"Post title\"><a href=\"https:\/\/amcham.com.al\/sq\/zbatimi-i-rekomandimeve-te-axhendes-se-investimeve-dhoma-amerikane-krijon-grupet-e-punes\/\" title=\"Zbatimi i rekomandimeve t\u00eb Axhend\u00ebs s\u00eb Investimeve, Dhoma Amerikane krijon grupet e pun\u00ebs\">Zbatimi i rekomandimeve t\u00eb Axhend\u00ebs s\u00eb Investimeve, Dhoma Amerikane krijon grupet e pun\u00ebs<\/a><\/span><\/h2>\n<p><span data-extra_key=\"\" data-option-inline=\"1\" data-attr-date-format=\"F j, Y\" data-attr-date-format-select=\"F j, Y\" data-attr-show-time=\"0\" data-attr-time-format=\"\" data-attr-time-format-select=\"g:i a\" data-attr-type=\"published\" data-shortcode=\"tcb_post_published_date\" data-shortcode-name=\"Post date\">March 8, 2022 <\/span><\/p>\n<p>P\u00ebrfaq\u00ebsues t\u00eb Komiteteve dhe drejtues t\u00eb Dhom\u00ebs Amerikane, kan\u00eb folur mbi zbatimin n\u00eb praktik\u00eb t\u00eb <a href=\"https:\/\/amcham.com.al\/sq\/zbatimi-i-rekomandimeve-te-axhendes-se-investimeve-dhoma-amerikane-krijon-grupet-e-punes\/#more-30502\">&#8230; Read more<\/a><\/p>\n<p><a href=\"https:\/\/amcham.com.al\/sq\/amcham-albania-feston-diten-e-falenderimeve-me-komunitetin-e-saj-2\/\" dynamic-postlink=\"tcb_post_the_permalink\" data-shortcode-id=\"30541\"><\/a><\/p>\n<h2 style=\"\"><span data-attr-css=\"tve-u-189bab4656a\" data-attr-link=\"1\" data-attr-rel=\"0\" data-attr-static-link=\"{&quot;className&quot;:&quot;&quot;,&quot;href&quot;:&quot;https:\/\/amcham.com.al\/sq\/deklarate-e-perbashket\/&quot;,&quot;title&quot;:&quot;Deklarat\u00eb e P\u00ebrbashk\u00ebt&quot;,&quot;data-css&quot;:&quot;tve-u-189bab4656a&quot;,&quot;class&quot;:&quot;&quot;}\" data-attr-target=\"0\" data-extra_key=\"\" data-option-inline=\"1\" data-shortcode=\"tcb_post_title\" data-shortcode-name=\"Post title\"><a href=\"https:\/\/amcham.com.al\/sq\/amcham-albania-feston-diten-e-falenderimeve-me-komunitetin-e-saj-2\/\" title=\"AmCham Albania feston Dit\u00ebn e Falenderimeve me komunitetin e saj\">AmCham Albania feston Dit\u00ebn e Falenderimeve me komunitetin e saj<\/a><\/span><\/h2>\n<p><span data-extra_key=\"\" data-option-inline=\"1\" data-attr-date-format=\"F j, Y\" data-attr-date-format-select=\"F j, Y\" data-attr-show-time=\"0\" data-attr-time-format=\"\" data-attr-time-format-select=\"g:i a\" data-attr-type=\"published\" data-shortcode=\"tcb_post_published_date\" data-shortcode-name=\"Post date\">March 8, 2022 <\/span><\/p>\n<p>Dhoma Amerikane e Tregtis\u00eb n\u00eb Shqip\u00ebri organizoi ceremonin\u00eb me rastin e Dit\u00ebs s\u00eb Falenderimeve, duke <a href=\"https:\/\/amcham.com.al\/sq\/amcham-albania-feston-diten-e-falenderimeve-me-komunitetin-e-saj-2\/#more-30497\">&#8230; Read more<\/a><\/p>\n<p><a href=\"https:\/\/amcham.com.al\/sq\/20-vite-me-amcham-albania-networking-event\/\" dynamic-postlink=\"tcb_post_the_permalink\" data-shortcode-id=\"30541\"><\/a><\/p>\n<h2 style=\"\"><span data-attr-css=\"tve-u-189bab4656a\" data-attr-link=\"1\" data-attr-rel=\"0\" data-attr-static-link=\"{&quot;className&quot;:&quot;&quot;,&quot;href&quot;:&quot;https:\/\/amcham.com.al\/sq\/deklarate-e-perbashket\/&quot;,&quot;title&quot;:&quot;Deklarat\u00eb e P\u00ebrbashk\u00ebt&quot;,&quot;data-css&quot;:&quot;tve-u-189bab4656a&quot;,&quot;class&quot;:&quot;&quot;}\" data-attr-target=\"0\" data-extra_key=\"\" data-option-inline=\"1\" data-shortcode=\"tcb_post_title\" data-shortcode-name=\"Post title\"><a href=\"https:\/\/amcham.com.al\/sq\/20-vite-me-amcham-albania-networking-event\/\" title=\"20 Vite me AmCham Albania \u2013 Networking Event\">20 Vite me AmCham Albania \u2013 Networking Event<\/a><\/span><\/h2>\n<p><span data-extra_key=\"\" data-option-inline=\"1\" data-attr-date-format=\"F j, Y\" data-attr-date-format-select=\"F j, Y\" data-attr-show-time=\"0\" data-attr-time-format=\"\" data-attr-time-format-select=\"g:i a\" data-attr-type=\"published\" data-shortcode=\"tcb_post_published_date\" data-shortcode-name=\"Post date\">July 2, 2021 <\/span><\/p>\n<p>Dhoma Amerikane nderon an\u00ebtar\u00ebt e par\u00eb 20 vjet an\u00ebtar i Dhom\u00ebs Amerikane 20 vjet an\u00ebtar <a href=\"https:\/\/amcham.com.al\/sq\/20-vite-me-amcham-albania-networking-event\/#more-29071\">&#8230; Read more<\/a><\/p>\n<p><a href=\"https:\/\/amcham.com.al\/sq\/amcham-flet-me-drejtoren-e-tatimeve-per-modernizimin-dhe-lehtesimin-e-sistemit-fiskal\/\" dynamic-postlink=\"tcb_post_the_permalink\" data-shortcode-id=\"30541\"><\/a><\/p>\n<h2 style=\"\"><span data-attr-css=\"tve-u-189bab4656a\" data-attr-link=\"1\" data-attr-rel=\"0\" data-attr-static-link=\"{&quot;className&quot;:&quot;&quot;,&quot;href&quot;:&quot;https:\/\/amcham.com.al\/sq\/deklarate-e-perbashket\/&quot;,&quot;title&quot;:&quot;Deklarat\u00eb e P\u00ebrbashk\u00ebt&quot;,&quot;data-css&quot;:&quot;tve-u-189bab4656a&quot;,&quot;class&quot;:&quot;&quot;}\" data-attr-target=\"0\" data-extra_key=\"\" data-option-inline=\"1\" data-shortcode=\"tcb_post_title\" data-shortcode-name=\"Post title\"><a href=\"https:\/\/amcham.com.al\/sq\/amcham-flet-me-drejtoren-e-tatimeve-per-modernizimin-dhe-lehtesimin-e-sistemit-fiskal\/\" title=\"AmCham flet me Drejtoren e Tatimeve p\u00ebr modernizimin dhe lehtesimin e sistemit fiskal\">AmCham flet me Drejtoren e Tatimeve p\u00ebr modernizimin dhe lehtesimin e sistemit fiskal<\/a><\/span><\/h2>\n<p><span data-extra_key=\"\" data-option-inline=\"1\" data-attr-date-format=\"F j, Y\" data-attr-date-format-select=\"F j, Y\" data-attr-show-time=\"0\" data-attr-time-format=\"\" data-attr-time-format-select=\"g:i a\" data-attr-type=\"published\" data-shortcode=\"tcb_post_published_date\" data-shortcode-name=\"Post date\">March 16, 2021 <\/span><\/p>\n<p>Dhoma Amerikane ka vazhduar tradit\u00ebn e takimit me Drejtorin\u00eb e Tatimeve dhe t\u00eb diskutimit t\u00eb <a href=\"https:\/\/amcham.com.al\/sq\/amcham-flet-me-drejtoren-e-tatimeve-per-modernizimin-dhe-lehtesimin-e-sistemit-fiskal\/#more-29171\">&#8230; Read more<\/a><\/p>\n<p><a href=\"https:\/\/amcham.com.al\/sq\/amcham-albania-dhe-deloitte-albania-flasin-per-trendet-e-kapitalit-njerezor-ne-2020\/\" dynamic-postlink=\"tcb_post_the_permalink\" data-shortcode-id=\"30541\"><\/a><\/p>\n<h2 style=\"\"><span data-attr-css=\"tve-u-189bab4656a\" data-attr-link=\"1\" data-attr-rel=\"0\" data-attr-static-link=\"{&quot;className&quot;:&quot;&quot;,&quot;href&quot;:&quot;https:\/\/amcham.com.al\/sq\/deklarate-e-perbashket\/&quot;,&quot;title&quot;:&quot;Deklarat\u00eb e P\u00ebrbashk\u00ebt&quot;,&quot;data-css&quot;:&quot;tve-u-189bab4656a&quot;,&quot;class&quot;:&quot;&quot;}\" data-attr-target=\"0\" data-extra_key=\"\" data-option-inline=\"1\" data-shortcode=\"tcb_post_title\" data-shortcode-name=\"Post title\"><a href=\"https:\/\/amcham.com.al\/sq\/amcham-albania-dhe-deloitte-albania-flasin-per-trendet-e-kapitalit-njerezor-ne-2020\/\" title=\"AmCham Albania dhe Deloitte Albania flasin p\u00ebr Trendet e Kapitalit Njer\u00ebzor n\u00eb 2020\">AmCham Albania dhe Deloitte Albania flasin p\u00ebr Trendet e Kapitalit Njer\u00ebzor n\u00eb 2020<\/a><\/span><\/h2>\n<p><span data-extra_key=\"\" data-option-inline=\"1\" data-attr-date-format=\"F j, Y\" data-attr-date-format-select=\"F j, Y\" data-attr-show-time=\"0\" data-attr-time-format=\"\" data-attr-time-format-select=\"g:i a\" data-attr-type=\"published\" data-shortcode=\"tcb_post_published_date\" data-shortcode-name=\"Post date\">March 3, 2021 <\/span><\/p>\n<p>Njer\u00ebzit dhe teknologjia jan\u00eb kthyer n\u00eb faktor\u00eb t\u00eb r\u00ebnd\u00ebsish\u00ebm t\u00eb zhvillimeve organizative dhe trendet q\u00eb <a href=\"https:\/\/amcham.com.al\/sq\/amcham-albania-dhe-deloitte-albania-flasin-per-trendet-e-kapitalit-njerezor-ne-2020\/#more-29095\">&#8230; Read more<\/a><\/p>\n<p><a href=\"https:\/\/amcham.com.al\/sq\/dhoma-amerikane-e-tregtise-dhe-aims-international-albania-flasin-per-nevojat-per-zhvillimin-dhe-ri-aftesimin-e-fuqise-punetore-ne-normalitetin-e-ri\/\" dynamic-postlink=\"tcb_post_the_permalink\" data-shortcode-id=\"30541\"><\/a><\/p>\n<h2 style=\"\"><span data-attr-css=\"tve-u-189bab4656a\" data-attr-link=\"1\" data-attr-rel=\"0\" data-attr-static-link=\"{&quot;className&quot;:&quot;&quot;,&quot;href&quot;:&quot;https:\/\/amcham.com.al\/sq\/deklarate-e-perbashket\/&quot;,&quot;title&quot;:&quot;Deklarat\u00eb e P\u00ebrbashk\u00ebt&quot;,&quot;data-css&quot;:&quot;tve-u-189bab4656a&quot;,&quot;class&quot;:&quot;&quot;}\" data-attr-target=\"0\" data-extra_key=\"\" data-option-inline=\"1\" data-shortcode=\"tcb_post_title\" data-shortcode-name=\"Post title\"><a href=\"https:\/\/amcham.com.al\/sq\/dhoma-amerikane-e-tregtise-dhe-aims-international-albania-flasin-per-nevojat-per-zhvillimin-dhe-ri-aftesimin-e-fuqise-punetore-ne-normalitetin-e-ri\/\" title=\"Dhoma Amerikane e Tregtis\u00eb dhe AIMS International Albania flasin p\u00ebr \u201cNevojat p\u00ebr zhvillimin dhe ri-aft\u00ebsimin e fuqis\u00eb pun\u00ebtore n\u00eb normalitetin e ri\u201d\">Dhoma Amerikane e Tregtis\u00eb dhe AIMS International Albania flasin p\u00ebr \u201cNevojat p\u00ebr zhvillimin dhe ri-aft\u00ebsimin e fuqis\u00eb pun\u00ebtore n\u00eb normalitetin e ri\u201d<\/a><\/span><\/h2>\n<p><span data-extra_key=\"\" data-option-inline=\"1\" data-attr-date-format=\"F j, Y\" data-attr-date-format-select=\"F j, Y\" data-attr-show-time=\"0\" data-attr-time-format=\"\" data-attr-time-format-select=\"g:i a\" data-attr-type=\"published\" data-shortcode=\"tcb_post_published_date\" data-shortcode-name=\"Post date\">February 19, 2021 <\/span><\/p>\n<p>Covid -19 tashm\u00eb i ka t\u00eb provuara efektet mbi biznesin, dhe burimet njer\u00ebzore jan\u00eb nj\u00eb <a href=\"https:\/\/amcham.com.al\/sq\/dhoma-amerikane-e-tregtise-dhe-aims-international-albania-flasin-per-nevojat-per-zhvillimin-dhe-ri-aftesimin-e-fuqise-punetore-ne-normalitetin-e-ri\/#more-29950\">&#8230; Read more<\/a><\/p>\n<p><a href=\"https:\/\/amcham.com.al\/sq\/amcham-albania-deloitte-legal-sh-p-k-dhe-qendra-kombetare-e-biznesit-qkb-shpjegojne-per-biznesin-aspektet-kryesore-te-regjistrimit-te-pronareve-perfitues\/\" dynamic-postlink=\"tcb_post_the_permalink\" data-shortcode-id=\"30541\"><\/a><\/p>\n<h2 style=\"\"><span data-attr-css=\"tve-u-189bab4656a\" data-attr-link=\"1\" data-attr-rel=\"0\" data-attr-static-link=\"{&quot;className&quot;:&quot;&quot;,&quot;href&quot;:&quot;https:\/\/amcham.com.al\/sq\/deklarate-e-perbashket\/&quot;,&quot;title&quot;:&quot;Deklarat\u00eb e P\u00ebrbashk\u00ebt&quot;,&quot;data-css&quot;:&quot;tve-u-189bab4656a&quot;,&quot;class&quot;:&quot;&quot;}\" data-attr-target=\"0\" data-extra_key=\"\" data-option-inline=\"1\" data-shortcode=\"tcb_post_title\" data-shortcode-name=\"Post title\"><a href=\"https:\/\/amcham.com.al\/sq\/amcham-albania-deloitte-legal-sh-p-k-dhe-qendra-kombetare-e-biznesit-qkb-shpjegojne-per-biznesin-aspektet-kryesore-te-regjistrimit-te-pronareve-perfitues\/\" title=\"AmCham Albania, Deloitte Legal Sh.p.k. dhe Qendra Komb\u00ebtare e Biznesit (QKB) shpjegojn\u00eb p\u00ebr biznesin \u201cAspektet kryesore t\u00eb Regjistrimit t\u00eb Pronar\u00ebve P\u00ebrfitues\u201d\">AmCham Albania, Deloitte Legal Sh.p.k. dhe Qendra Komb\u00ebtare e Biznesit (QKB) shpjegojn\u00eb p\u00ebr biznesin \u201cAspektet kryesore t\u00eb Regjistrimit t\u00eb Pronar\u00ebve P\u00ebrfitues\u201d<\/a><\/span><\/h2>\n<p><span data-extra_key=\"\" data-option-inline=\"1\" data-attr-date-format=\"F j, Y\" data-attr-date-format-select=\"F j, Y\" data-attr-show-time=\"0\" data-attr-time-format=\"\" data-attr-time-format-select=\"g:i a\" data-attr-type=\"published\" data-shortcode=\"tcb_post_published_date\" data-shortcode-name=\"Post date\">February 16, 2021 <\/span><\/p>\n<p>T\u00eb gjitha entitetet e regjistruara n\u00eb QKB kan\u00eb detyrimin ligjor t\u00eb regjistrohen n\u00eb Regjistrin e <a href=\"https:\/\/amcham.com.al\/sq\/amcham-albania-deloitte-legal-sh-p-k-dhe-qendra-kombetare-e-biznesit-qkb-shpjegojne-per-biznesin-aspektet-kryesore-te-regjistrimit-te-pronareve-perfitues\/#more-29103\">&#8230; Read more<\/a><\/p>\n<p><a href=\"javascript:void(0)\"><span><span>Load More<\/span><\/span><\/a><\/p>\n","protected":false},"excerpt":{"rendered":"<p>Ekspert\u00ebt e AmCham p\u00ebrfshihen n\u00eb grupet e pun\u00ebs p\u00ebr zbatimin e reform\u00ebs March 8, 2022 Ekspert\u00eb p\u00ebrfaq\u00ebsues t\u00eb Dhom\u00ebs Amerikane t\u00eb Tregtis\u00eb, i jan\u00eb bashkuar tryezave&nbsp; t\u00eb pun\u00ebs t\u00eb organizuar &#8230; Read more IQVIA prezanton aplikacionin mbi analiz\u00ebn e tregut p\u00ebr industrin\u00eb e farmaceutik\u00ebs March 8, 2022 Analiza sektoriale, teknologji t\u00eb avancuara dhe ekspertiza sh\u00ebndet\u00ebsore [&hellip;]<\/p>\n","protected":false},"author":5,"featured_media":37564,"parent":0,"menu_order":0,"comment_status":"closed","ping_status":"closed","template":"","meta":{"_acf_changed":false,"_seopress_robots_primary_cat":"","_seopress_titles_title":"Aktivitetet e kaluara | AmCham Albania","_seopress_titles_desc":"Forumi CEO mbledh s\u00eb bashku udh\u00ebheq\u00ebsit e AmCham dhe Ministrin e Financave Z. Mete, Klima e biznesit z\u00eb vendin e par\u00eb n\u00eb diskutimet.","_seopress_robots_index":"","inline_featured_image":false,"footnotes":""},"class_list":["post-30565","page","type-page","status-publish","has-post-thumbnail","hentry","post-wrapper","thrv_wrapper"],"acf":[],"_links":{"self":[{"href":"https:\/\/amcham.com.al\/sq\/wp-json\/wp\/v2\/pages\/30565","targetHints":{"allow":["GET"]}}],"collection":[{"href":"https:\/\/amcham.com.al\/sq\/wp-json\/wp\/v2\/pages"}],"about":[{"href":"https:\/\/amcham.com.al\/sq\/wp-json\/wp\/v2\/types\/page"}],"author":[{"embeddable":true,"href":"https:\/\/amcham.com.al\/sq\/wp-json\/wp\/v2\/users\/5"}],"replies":[{"embeddable":true,"href":"https:\/\/amcham.com.al\/sq\/wp-json\/wp\/v2\/comments?post=30565"}],"version-history":[{"count":0,"href":"https:\/\/amcham.com.al\/sq\/wp-json\/wp\/v2\/pages\/30565\/revisions"}],"wp:featuredmedia":[{"embeddable":true,"href":"https:\/\/amcham.com.al\/sq\/wp-json\/wp\/v2\/media\/37564"}],"wp:attachment":[{"href":"https:\/\/amcham.com.al\/sq\/wp-json\/wp\/v2\/media?parent=30565"}],"curies":[{"name":"wp","href":"https:\/\/api.w.org\/{rel}","templated":true}]}}