{"id":30548,"date":"2020-07-16T23:55:02","date_gmt":"2020-07-16T23:55:02","guid":{"rendered":"https:\/\/amcham.com.al\/event\/"},"modified":"2024-04-24T15:22:52","modified_gmt":"2024-04-24T14:22:52","slug":"evente","status":"publish","type":"page","link":"https:\/\/amcham.com.al\/sq\/evente\/","title":{"rendered":"Evente"},"content":{"rendered":"<p>[vc_row][vc_column][vc_basic_grid post_type=&#8221;event&#8221; max_items=&#8221;12&#8243; style=&#8221;load-more&#8221; item=&#8221;masonryGrid_Default&#8221; grid_id=&#8221;vc_gid:1602250551769-e2ea0a55-bd3f-2&#8243;][\/vc_column][\/vc_row]<\/p>\n","protected":false},"excerpt":{"rendered":"<p>CONTENTS<\/p>\n","protected":false},"author":5,"featured_media":36882,"parent":0,"menu_order":0,"comment_status":"closed","ping_status":"closed","template":"","meta":{"_acf_changed":false,"_seopress_robots_primary_cat":"","_seopress_titles_title":"","_seopress_titles_desc":"Zbuloni eventet tona duke u b\u00ebr\u00eb pjes\u00eb e rrjetit ton\u00eb t\u00eb antar\u00ebve dhe angazhohuni me sektorin e zhvillimit t\u00eb shpejt\u00eb t\u00eb biznesit n\u00eb Shqip\u00ebri.","_seopress_robots_index":"","inline_featured_image":false,"footnotes":""},"class_list":["post-30548","page","type-page","status-publish","has-post-thumbnail","hentry","post-wrapper","thrv_wrapper"],"acf":[],"_links":{"self":[{"href":"https:\/\/amcham.com.al\/sq\/wp-json\/wp\/v2\/pages\/30548","targetHints":{"allow":["GET"]}}],"collection":[{"href":"https:\/\/amcham.com.al\/sq\/wp-json\/wp\/v2\/pages"}],"about":[{"href":"https:\/\/amcham.com.al\/sq\/wp-json\/wp\/v2\/types\/page"}],"author":[{"embeddable":true,"href":"https:\/\/amcham.com.al\/sq\/wp-json\/wp\/v2\/users\/5"}],"replies":[{"embeddable":true,"href":"https:\/\/amcham.com.al\/sq\/wp-json\/wp\/v2\/comments?post=30548"}],"version-history":[{"count":0,"href":"https:\/\/amcham.com.al\/sq\/wp-json\/wp\/v2\/pages\/30548\/revisions"}],"wp:featuredmedia":[{"embeddable":true,"href":"https:\/\/amcham.com.al\/sq\/wp-json\/wp\/v2\/media\/36882"}],"wp:attachment":[{"href":"https:\/\/amcham.com.al\/sq\/wp-json\/wp\/v2\/media?parent=30548"}],"curies":[{"name":"wp","href":"https:\/\/api.w.org\/{rel}","templated":true}]}}