{"id":30469,"date":"2021-02-05T14:42:53","date_gmt":"2021-02-05T13:42:53","guid":{"rendered":"https:\/\/amcham.com.al\/how-to-apply-for-amcham-albania-membership\/"},"modified":"2024-04-30T11:39:20","modified_gmt":"2024-04-30T10:39:20","slug":"aplikoni-per-tu-anetaresuar","status":"publish","type":"page","link":"https:\/\/amcham.com.al\/sq\/aplikoni-per-tu-anetaresuar\/","title":{"rendered":"Aplikoni p\u00ebr t&#8217;u an\u00ebtar\u00ebsuar"},"content":{"rendered":"<h3><strong>Si t\u00eb aplikoni p\u00ebr t&#8217;u antar\u00ebsuar n\u00eb Dhom\u00ebn Amerikane t\u00eb Tregtis\u00eb?<\/strong><\/h3>\n<p>Hapat e aplikimit:<\/p>\n<ol>\n<li>Plot\u00ebsoni dhe dor\u00ebzoni <strong>Formularin e Aplikimit (<a href=\"https:\/\/amcham.com.al\/wp-content\/uploads\/2024\/04\/1.-Membership-Application-Form_Fillable-Version.pdf\" target=\"_blank\" rel=\"noopener\">Kliko k\u00ebtu<\/a>)<\/strong>;<\/li>\n<li>Dor\u00ebzoni nj\u00eb kopje t\u00eb <strong>NIPT-it<\/strong> dhe nj\u00eb <strong>Abstrakt Historik <\/strong>nga Qendra Komb\u00ebtare e Biznesit;<\/li>\n<li>Dor\u00ebzoni <strong>1 Let\u00ebr Reference\u00a0<\/strong>nga nj\u00eb an\u00ebtar i Dhom\u00ebs Amerikane n\u00eb gjendje t\u00eb mir\u00eb;<\/li>\n<li>Dor\u00ebzoni nj\u00eb <strong>D\u00ebshmi Penaliteti;<\/strong><\/li>\n<li>Lexoni dhe n\u00ebnshkruani <strong>Statutin i Dhom\u00ebs Amerikane (<a href=\"https:\/\/amcham.com.al\/wp-content\/uploads\/2024\/04\/Statut-AL-AmCham-Bylaws-Alb-Updated.docx\" target=\"_blank\" rel=\"noopener\">Lexo k\u00ebtu<\/a><\/strong><strong><strong><strong>)<\/strong><\/strong><\/strong>;<\/li>\n<li>Lexoni dhe n\u00ebnshkruani <strong>Kodin e Etikes<\/strong> <strong>(<a style=\"outline: none;\" href=\"https:\/\/amcham.com.al\/sq\/about\/kodi-i-etikes\/\" target=\"_blank\" rel=\"noopener\">Lexo k\u00ebtu<\/a>)<\/strong> dhe <strong>Kriteret e Antar\u00ebsimit<\/strong> <strong>(<a style=\"outline: none;\" href=\"https:\/\/amcham.com.al\/wp-content\/uploads\/2022\/04\/4.c.-AmCham-Albania-New-Membership-Criteria_Final.pdf\" target=\"_blank\" rel=\"noopener\">Lexo k\u00ebtu<\/a><strong><strong>)<\/strong><\/strong><\/strong>;<\/li>\n<li>\u00c7do aplikant n\u00eb kategorin\u00eb \u201cAssociates\u201d, duhet t\u00eb d\u00ebrgoj\u00eb nj\u00eb <strong>CV (Curriculum Vitae)<\/strong>.<\/li>\n<\/ol>\n<p>D\u00ebrgoni t\u00eb gjitha dokumentet n\u00eb adres\u00ebn ton\u00eb t\u00eb email-it: <em><strong>info@amcham.com.al<\/strong><\/em><\/p>\n","protected":false},"excerpt":{"rendered":"<p>Si t\u00eb aplikoni p\u00ebr t&#8217;u antar\u00ebsuar n\u00eb Dhom\u00ebn Amerikane t\u00eb Tregtis\u00eb? Hapat e aplikimit: Plot\u00ebsoni dhe dor\u00ebzoni Formularin e Aplikimit (Kliko k\u00ebtu); Dor\u00ebzoni nj\u00eb kopje t\u00eb NIPT-it dhe nj\u00eb Abstrakt Historik nga Qendra Komb\u00ebtare e Biznesit; Dor\u00ebzoni 1 Let\u00ebr Reference\u00a0nga nj\u00eb an\u00ebtar i Dhom\u00ebs Amerikane n\u00eb gjendje t\u00eb mir\u00eb; Dor\u00ebzoni nj\u00eb D\u00ebshmi Penaliteti; Lexoni dhe [&hellip;]<\/p>\n","protected":false},"author":3,"featured_media":37063,"parent":0,"menu_order":0,"comment_status":"closed","ping_status":"closed","template":"","meta":{"_acf_changed":false,"_seopress_robots_primary_cat":"","_seopress_titles_title":"Aplikoni p\u00ebr t\u2019u an\u00ebtar\u00ebsuar | AmCham Albania","_seopress_titles_desc":"Si t\u00eb aplikoni p\u00ebr t'u antar\u00ebsuar n\u00eb Dhom\u00ebn Amerikane t\u00eb Tregtis\u00eb? \r\nShikoni m\u00eb shum\u00eb per hapat e aplikimit Read More.","_seopress_robots_index":"","_seopress_analysis_target_kw":"","inline_featured_image":false,"footnotes":"","tve_updated_post":"<div class=\"thrv_wrapper thrv_text_element\"><h3 class=\"\"><strong>Si t\u00eb aplikoni p\u00ebr t'u antar\u00ebsuar n\u00eb Dhom\u00ebn Amerikane t\u00eb Tregtis\u00eb?<\/strong><\/h3><\/div><div class=\"thrv_wrapper thrv_text_element\"><p>Application Steps:<\/p><\/div><div class=\"thrv_wrapper thrv-numbered_list\" data-start-number=\"1\" data-number-increment=\"1\" style=\"\" data-css=\"tve-u-1777276f346\"><ol class=\"tcb-numbered-list\"><li class=\"thrv-styled-list-item thrv-numbered-list-v2\" data-css=\"tve-u-17772775de7\" style=\"\"><div class=\"tcb-numbered-list-number thrv-disabled-label thrv_wrapper tcb-no-delete tcb-no-clone tve_no_drag\" data-css=\"tve-u-17772740596\" style=\"\"><span class=\"tcb-numbered-list-index\" style=\"\">1<\/span><\/div>Plot\u00ebsoni dhe plot\u00ebsoni <strong>formularin e aplikimit<\/strong> <strong>(<\/strong>Shkarko k\u00ebtu<strong>)<\/strong>;<\/li><li class=\"thrv-styled-list-item thrv-numbered-list-v2\" data-css=\"tve-u-17772775dec\" style=\"\"><div class=\"tcb-numbered-list-number thrv-disabled-label thrv_wrapper tcb-no-delete tcb-no-clone tve_no_drag\" data-css=\"tve-u-17772740596\" style=\"\"><span class=\"tcb-numbered-list-index\" style=\"\">2<\/span><\/div>Dor\u00ebzoni nj\u00eb kopje t\u00eb <strong>NIPT-it<\/strong> dhe nj\u00eb <strong>Abstrakt Historik <\/strong>nga Qendra Komb\u00ebtare e Biznesit;<\/li><li class=\"thrv-styled-list-item thrv-numbered-list-v2\" data-css=\"tve-u-17772775df0\" style=\"\"><div class=\"tcb-numbered-list-number thrv-disabled-label thrv_wrapper tcb-no-delete tcb-no-clone tve_no_drag\" data-css=\"tve-u-17772740596\" style=\"\"><span class=\"tcb-numbered-list-index\" style=\"\">3<\/span><\/div>Dor\u00ebzoni <strong>1 Let\u00ebr Reference&nbsp;<\/strong>nga nj\u00eb an\u00ebtar i Dhom\u00ebs Amerikane n\u00eb gjendje t\u00eb mir\u00eb;<\/li><li class=\"thrv-styled-list-item thrv-numbered-list-v2\" data-css=\"tve-u-17772775df4\" style=\"\"><div class=\"tcb-numbered-list-number thrv-disabled-label thrv_wrapper tcb-no-delete tcb-no-clone tve_no_drag\" data-css=\"tve-u-18f15d38975\" style=\"\"><span class=\"tcb-numbered-list-index\" style=\"\">4<\/span><\/div>T\u00ebparaqes\u00eb nj\u00eb deklarat\u00eb pa t\u00eb dh\u00ebna penale;<\/li><li class=\"thrv-styled-list-item thrv-numbered-list-v2\" data-css=\"tve-u-17772775df7\" style=\"\"><div class=\"tcb-numbered-list-number thrv-disabled-label thrv_wrapper tcb-no-delete tcb-no-clone tve_no_drag\" data-css=\"tve-u-17772740596\" style=\"\"><span class=\"tcb-numbered-list-index\" style=\"\">5<\/span><\/div>Read and sign&nbsp;<strong>AmCham By-Laws (<\/strong><a class=\"\" href=\"https:\/\/amcham.com.al\/about\/bylaws\/\" style=\"outline: none;\" target=\"_blank\">read here<\/a><strong><strong><strong>)<\/strong><\/strong><\/strong>;<\/li><li class=\"thrv-styled-list-item thrv-numbered-list-v2\" data-css=\"tve-u-17772775dff\" style=\"\"><div class=\"tcb-numbered-list-number thrv-disabled-label thrv_wrapper tcb-no-delete tcb-no-clone tve_no_drag\" data-css=\"tve-u-17772740596\" style=\"\"><span class=\"tcb-numbered-list-index\" style=\"\">6<\/span><\/div>Read and sign&nbsp;<strong>Code of Ethics<\/strong>&nbsp;(<a class=\"\" href=\"https:\/\/amcham.com.al\/about\/code-of-ethics\/\" style=\"outline: none;\" target=\"_blank\">read here<\/a>) and&nbsp;<strong>Membership Criteria (<\/strong><a href=\"https:\/\/amcham.com.al\/wp-content\/uploads\/2022\/04\/4.c.-AmCham-Albania-New-Membership-Criteria_Final.pdf\" target=\"_blank\" class=\"\" style=\"outline: none;\">read here<\/a><strong><strong><strong>)<\/strong><\/strong><\/strong>;<\/li><li class=\"thrv-styled-list-item thrv-numbered-list-v2\" data-css=\"tve-u-1777276b484\" style=\"\"><div class=\"tcb-numbered-list-number thrv-disabled-label thrv_wrapper tcb-no-delete tcb-no-clone tve_no_drag\" data-css=\"tve-u-17772740596\" style=\"\"><span class=\"tcb-numbered-list-index\" style=\"\">7<\/span><\/div>Each applicant under the individual\u2019s category should submit a&nbsp;<strong>Curriculum Vitae<\/strong>.<\/li><\/ol><\/div><div class=\"thrv_wrapper thrv_text_element\"><p data-css=\"tve-u-177727c9ebc\" style=\"\">Send all the required information to: info@amcham.com.al<\/p><\/div>","tve_custom_css":"@media (min-width: 300px){:not(#tve) [data-css=\"tve-u-17772740596\"] .tcb-numbered-list-index { color: var(--tve-color,var(--tcb-color-0)); --tve-applied-color: var$(--tve-color,var$(--tcb-color-0)); --tcb-applied-color: var$(--tcb-color-0); font-size: var(--tve-font-size,1.3em); line-height: var(--tve-line-height,1.45em); }[data-css=\"tve-u-17772740596\"] { --tve-color: var(--tcb-color-0); --tve-applied---tve-color: var$(--tcb-color-0); --tve-font-size: 1.3em; --tve-border-width: 1px; border-bottom: none; border-right: 1px solid rgb(86, 88, 114); --tve-line-height: 1.45em; background-image: none !important; --background-image: none !important; --tve-applied-background-image: none !important; }[data-css=\"tve-u-1777276f346\"] p, [data-css=\"tve-u-1777276f346\"] li, [data-css=\"tve-u-1777276f346\"] blockquote, [data-css=\"tve-u-1777276f346\"] address, [data-css=\"tve-u-1777276f346\"] .tcb-plain-text, [data-css=\"tve-u-1777276f346\"] label { letter-spacing: var(--tve-letter-spacing,px); }[data-css=\"tve-u-1777276f346\"] { --tve-letter-spacing: px; padding-bottom: 10px !important; }[data-css=\"tve-u-1777276b484\"] { padding-bottom: 10px !important; padding-top: 10px !important; }[data-css=\"tve-u-17772775de7\"] { padding-bottom: 10px !important; padding-top: 10px !important; }[data-css=\"tve-u-17772775dec\"] { padding-bottom: 10px !important; padding-top: 10px !important; }[data-css=\"tve-u-17772775df0\"] { padding-bottom: 10px !important; padding-top: 10px !important; }[data-css=\"tve-u-17772775df4\"] { padding-bottom: 10px !important; padding-top: 10px !important; }[data-css=\"tve-u-17772775df7\"] { padding-bottom: 10px !important; padding-top: 10px !important; }[data-css=\"tve-u-17772775dff\"] { padding-bottom: 10px !important; padding-top: 10px !important; }:not(#tve) [data-css=\"tve-u-177727c9ebc\"] { font-size: 1.2em !important; }:not(#tve) [data-css=\"tve-u-18f15d38975\"] .tcb-numbered-list-index { color: var(--tve-color,var(--tcb-color-0)); --tve-applied-color: var$(--tve-color,var$(--tcb-color-0)); --tcb-applied-color: var$(--tcb-color-0); font-size: var(--tve-font-size,1.3em); line-height: var(--tve-line-height,1.45em); }[data-css=\"tve-u-18f15d38975\"] { --tve-color: var(--tcb-color-0); --tve-applied---tve-color: var$(--tcb-color-0); --tve-font-size: 1.3em; --tve-border-width: 1px; border-bottom: none; border-right: 1px solid rgb(86, 88, 114); --tve-line-height: 1.45em; background-image: none !important; --background-image: none !important; --tve-applied-background-image: none !important; }}","tve_user_custom_css":"","tve_globals":{"e":"1","font_cls":[]},"tcb2_ready":1,"tcb_editor_enabled":0,"tve_landing_page":"","_tve_header":"0","_tve_footer":"0"},"class_list":["post-30469","page","type-page","status-publish","has-post-thumbnail","hentry","post-wrapper","thrv_wrapper"],"acf":[],"_links":{"self":[{"href":"https:\/\/amcham.com.al\/sq\/wp-json\/wp\/v2\/pages\/30469","targetHints":{"allow":["GET"]}}],"collection":[{"href":"https:\/\/amcham.com.al\/sq\/wp-json\/wp\/v2\/pages"}],"about":[{"href":"https:\/\/amcham.com.al\/sq\/wp-json\/wp\/v2\/types\/page"}],"author":[{"embeddable":true,"href":"https:\/\/amcham.com.al\/sq\/wp-json\/wp\/v2\/users\/3"}],"replies":[{"embeddable":true,"href":"https:\/\/amcham.com.al\/sq\/wp-json\/wp\/v2\/comments?post=30469"}],"version-history":[{"count":0,"href":"https:\/\/amcham.com.al\/sq\/wp-json\/wp\/v2\/pages\/30469\/revisions"}],"wp:featuredmedia":[{"embeddable":true,"href":"https:\/\/amcham.com.al\/sq\/wp-json\/wp\/v2\/media\/37063"}],"wp:attachment":[{"href":"https:\/\/amcham.com.al\/sq\/wp-json\/wp\/v2\/media?parent=30469"}],"curies":[{"name":"wp","href":"https:\/\/api.w.org\/{rel}","templated":true}]}}