{"id":30457,"date":"2020-10-06T18:14:49","date_gmt":"2020-10-06T16:14:49","guid":{"rendered":"https:\/\/amcham.com.al\/patron-members\/"},"modified":"2025-11-12T15:43:55","modified_gmt":"2025-11-12T14:43:55","slug":"anetaret-patron","status":"publish","type":"page","link":"https:\/\/amcham.com.al\/sq\/anetaret\/anetaret-patron\/","title":{"rendered":"An\u00ebtar\u00ebt Patron"},"content":{"rendered":"<h2 style=\"\">An\u00ebtar\u00ebt Patron<\/h2>\n<p><a href=\"https:\/\/amcham.com.al\/member\/adg-sh-p-k-lufra\/\" dynamic-postlink=\"tcb_post_the_permalink\" data-shortcode-id=\"32180\"><\/a><\/p>\n<h2 style=\"text-align: left;\"><span data-attr-css=\"\" data-attr-link=\"1\" data-attr-rel=\"0\" data-attr-static-link=\"{&quot;className&quot;:&quot;&quot;,&quot;href&quot;:&quot;https:\/\/amcham.com.al\/sq\/member\/adg-sh-p-k-lufra\/&quot;,&quot;title&quot;:&quot;ADG SH.P.K (LUFRA)&quot;,&quot;class&quot;:&quot;&quot;}\" data-attr-target=\"0\" data-extra_key=\"\" data-option-inline=\"1\" data-shortcode=\"tcb_post_title\" data-shortcode-name=\"Post title\" style=\"\"><a href=\"https:\/\/amcham.com.al\/member\/adg-sh-p-k-lufra\/\" title=\"ADG SH.P.K (LUFRA)\" data-css=\"\">ADG SH.P.K (LUFRA)<\/a><\/span><\/h2>\n<p><!--! Font Awesome Free 6.7.1 by @fontawesome - https:\/\/fontawesome.com License - https:\/\/fontawesome.com\/license\/free (Icons: CC BY 4.0, Fonts: SIL OFL 1.1, Code: MIT License) Copyright 2024 Fonticons, Inc. --><a href=\"https:\/\/amcham.com.al\/member\/advanced-business-solutions-shpk\/\" dynamic-postlink=\"tcb_post_the_permalink\" data-shortcode-id=\"32180\"><\/a><\/p>\n<h2 style=\"text-align: left;\"><span data-attr-css=\"\" data-attr-link=\"1\" data-attr-rel=\"0\" data-attr-static-link=\"{&quot;className&quot;:&quot;&quot;,&quot;href&quot;:&quot;https:\/\/amcham.com.al\/sq\/member\/adg-sh-p-k-lufra\/&quot;,&quot;title&quot;:&quot;ADG SH.P.K (LUFRA)&quot;,&quot;class&quot;:&quot;&quot;}\" data-attr-target=\"0\" data-extra_key=\"\" data-option-inline=\"1\" data-shortcode=\"tcb_post_title\" data-shortcode-name=\"Post title\" style=\"\"><a href=\"https:\/\/amcham.com.al\/member\/advanced-business-solutions-shpk\/\" title=\"Advanced Business Solutions Shpk\" data-css=\"\">Advanced Business Solutions Shpk<\/a><\/span><\/h2>\n<p><!--! Font Awesome Free 6.7.1 by @fontawesome - https:\/\/fontawesome.com License - https:\/\/fontawesome.com\/license\/free (Icons: CC BY 4.0, Fonts: SIL OFL 1.1, Code: MIT License) Copyright 2024 Fonticons, Inc. --><a href=\"https:\/\/amcham.com.al\/member\/ak-invest-sh-a\/\" dynamic-postlink=\"tcb_post_the_permalink\" data-shortcode-id=\"32180\"><\/a><\/p>\n<h2 style=\"text-align: left;\"><span data-attr-css=\"\" data-attr-link=\"1\" data-attr-rel=\"0\" data-attr-static-link=\"{&quot;className&quot;:&quot;&quot;,&quot;href&quot;:&quot;https:\/\/amcham.com.al\/sq\/member\/adg-sh-p-k-lufra\/&quot;,&quot;title&quot;:&quot;ADG SH.P.K (LUFRA)&quot;,&quot;class&quot;:&quot;&quot;}\" data-attr-target=\"0\" data-extra_key=\"\" data-option-inline=\"1\" data-shortcode=\"tcb_post_title\" data-shortcode-name=\"Post title\" style=\"\"><a href=\"https:\/\/amcham.com.al\/member\/ak-invest-sh-a\/\" title=\"AK-INVEST Sh.a.\" data-css=\"\">AK-INVEST Sh.a.<\/a><\/span><\/h2>\n<p><!--! Font Awesome Free 6.7.1 by @fontawesome - https:\/\/fontawesome.com License - https:\/\/fontawesome.com\/license\/free (Icons: CC BY 4.0, Fonts: SIL OFL 1.1, Code: MIT License) Copyright 2024 Fonticons, Inc. --><a href=\"https:\/\/amcham.com.al\/member\/albanian-distribution-development\/\" dynamic-postlink=\"tcb_post_the_permalink\" data-shortcode-id=\"32180\"><\/a><\/p>\n<h2 style=\"text-align: left;\"><span data-attr-css=\"\" data-attr-link=\"1\" data-attr-rel=\"0\" data-attr-static-link=\"{&quot;className&quot;:&quot;&quot;,&quot;href&quot;:&quot;https:\/\/amcham.com.al\/sq\/member\/adg-sh-p-k-lufra\/&quot;,&quot;title&quot;:&quot;ADG SH.P.K (LUFRA)&quot;,&quot;class&quot;:&quot;&quot;}\" data-attr-target=\"0\" data-extra_key=\"\" data-option-inline=\"1\" data-shortcode=\"tcb_post_title\" data-shortcode-name=\"Post title\" style=\"\"><a href=\"https:\/\/amcham.com.al\/member\/albanian-distribution-development\/\" title=\"ALBANIAN DISTRIBUTION &amp; DEVELOPMENT\" data-css=\"\">ALBANIAN DISTRIBUTION &amp; DEVELOPMENT<\/a><\/span><\/h2>\n<p><!--! Font Awesome Free 6.7.1 by @fontawesome - https:\/\/fontawesome.com License - https:\/\/fontawesome.com\/license\/free (Icons: CC BY 4.0, Fonts: SIL OFL 1.1, Code: MIT License) Copyright 2024 Fonticons, Inc. --><a href=\"https:\/\/amcham.com.al\/member\/albanian-motor-company\/\" dynamic-postlink=\"tcb_post_the_permalink\" data-shortcode-id=\"32180\"><\/a><\/p>\n<h2 style=\"text-align: left;\"><span data-attr-css=\"\" data-attr-link=\"1\" data-attr-rel=\"0\" data-attr-static-link=\"{&quot;className&quot;:&quot;&quot;,&quot;href&quot;:&quot;https:\/\/amcham.com.al\/sq\/member\/adg-sh-p-k-lufra\/&quot;,&quot;title&quot;:&quot;ADG SH.P.K (LUFRA)&quot;,&quot;class&quot;:&quot;&quot;}\" data-attr-target=\"0\" data-extra_key=\"\" data-option-inline=\"1\" data-shortcode=\"tcb_post_title\" data-shortcode-name=\"Post title\" style=\"\"><a href=\"https:\/\/amcham.com.al\/member\/albanian-motor-company\/\" title=\"Albanian Motor Company\" data-css=\"\">Albanian Motor Company<\/a><\/span><\/h2>\n<p><!--! Font Awesome Free 6.7.1 by @fontawesome - https:\/\/fontawesome.com License - https:\/\/fontawesome.com\/license\/free (Icons: CC BY 4.0, Fonts: SIL OFL 1.1, Code: MIT License) Copyright 2024 Fonticons, Inc. --><a href=\"https:\/\/amcham.com.al\/member\/albgarden\/\" dynamic-postlink=\"tcb_post_the_permalink\" data-shortcode-id=\"32180\"><\/a><\/p>\n<h2 style=\"text-align: left;\"><span data-attr-css=\"\" data-attr-link=\"1\" data-attr-rel=\"0\" data-attr-static-link=\"{&quot;className&quot;:&quot;&quot;,&quot;href&quot;:&quot;https:\/\/amcham.com.al\/sq\/member\/adg-sh-p-k-lufra\/&quot;,&quot;title&quot;:&quot;ADG SH.P.K (LUFRA)&quot;,&quot;class&quot;:&quot;&quot;}\" data-attr-target=\"0\" data-extra_key=\"\" data-option-inline=\"1\" data-shortcode=\"tcb_post_title\" data-shortcode-name=\"Post title\" style=\"\"><a href=\"https:\/\/amcham.com.al\/member\/albgarden\/\" title=\"AlbGarden\" data-css=\"\">AlbGarden<\/a><\/span><\/h2>\n<p><!--! Font Awesome Free 6.7.1 by @fontawesome - https:\/\/fontawesome.com License - https:\/\/fontawesome.com\/license\/free (Icons: CC BY 4.0, Fonts: SIL OFL 1.1, Code: MIT License) Copyright 2024 Fonticons, Inc. --><a href=\"https:\/\/amcham.com.al\/member\/albsig\/\" dynamic-postlink=\"tcb_post_the_permalink\" data-shortcode-id=\"32180\"><\/a><\/p>\n<h2 style=\"text-align: left;\"><span data-attr-css=\"\" data-attr-link=\"1\" data-attr-rel=\"0\" data-attr-static-link=\"{&quot;className&quot;:&quot;&quot;,&quot;href&quot;:&quot;https:\/\/amcham.com.al\/sq\/member\/adg-sh-p-k-lufra\/&quot;,&quot;title&quot;:&quot;ADG SH.P.K (LUFRA)&quot;,&quot;class&quot;:&quot;&quot;}\" data-attr-target=\"0\" data-extra_key=\"\" data-option-inline=\"1\" data-shortcode=\"tcb_post_title\" data-shortcode-name=\"Post title\" style=\"\"><a href=\"https:\/\/amcham.com.al\/member\/albsig\/\" title=\"Albsig\" data-css=\"\">Albsig<\/a><\/span><\/h2>\n<p><!--! Font Awesome Free 6.7.1 by @fontawesome - https:\/\/fontawesome.com License - https:\/\/fontawesome.com\/license\/free (Icons: CC BY 4.0, Fonts: SIL OFL 1.1, Code: MIT License) Copyright 2024 Fonticons, Inc. --><a href=\"https:\/\/amcham.com.al\/member\/alumil-albania\/\" dynamic-postlink=\"tcb_post_the_permalink\" data-shortcode-id=\"32180\"><\/a><\/p>\n<h2 style=\"text-align: left;\"><span data-attr-css=\"\" data-attr-link=\"1\" data-attr-rel=\"0\" data-attr-static-link=\"{&quot;className&quot;:&quot;&quot;,&quot;href&quot;:&quot;https:\/\/amcham.com.al\/sq\/member\/adg-sh-p-k-lufra\/&quot;,&quot;title&quot;:&quot;ADG SH.P.K (LUFRA)&quot;,&quot;class&quot;:&quot;&quot;}\" data-attr-target=\"0\" data-extra_key=\"\" data-option-inline=\"1\" data-shortcode=\"tcb_post_title\" data-shortcode-name=\"Post title\" style=\"\"><a href=\"https:\/\/amcham.com.al\/member\/alumil-albania\/\" title=\"Alumil \u2013 Albania\" data-css=\"\">Alumil \u2013 Albania<\/a><\/span><\/h2>\n<p><!--! Font Awesome Free 6.7.1 by @fontawesome - https:\/\/fontawesome.com License - https:\/\/fontawesome.com\/license\/free (Icons: CC BY 4.0, Fonts: SIL OFL 1.1, Code: MIT License) Copyright 2024 Fonticons, Inc. --><a href=\"https:\/\/amcham.com.al\/member\/american-bank-of-investments\/\" dynamic-postlink=\"tcb_post_the_permalink\" data-shortcode-id=\"32180\"><\/a><\/p>\n<h2 style=\"text-align: left;\"><span data-attr-css=\"\" data-attr-link=\"1\" data-attr-rel=\"0\" data-attr-static-link=\"{&quot;className&quot;:&quot;&quot;,&quot;href&quot;:&quot;https:\/\/amcham.com.al\/sq\/member\/adg-sh-p-k-lufra\/&quot;,&quot;title&quot;:&quot;ADG SH.P.K (LUFRA)&quot;,&quot;class&quot;:&quot;&quot;}\" data-attr-target=\"0\" data-extra_key=\"\" data-option-inline=\"1\" data-shortcode=\"tcb_post_title\" data-shortcode-name=\"Post title\" style=\"\"><a href=\"https:\/\/amcham.com.al\/member\/american-bank-of-investments\/\" title=\"American Bank of Investments\" data-css=\"\">American Bank of Investments<\/a><\/span><\/h2>\n<p><!--! Font Awesome Free 6.7.1 by @fontawesome - https:\/\/fontawesome.com License - https:\/\/fontawesome.com\/license\/free (Icons: CC BY 4.0, Fonts: SIL OFL 1.1, Code: MIT License) Copyright 2024 Fonticons, Inc. --><a href=\"https:\/\/amcham.com.al\/member\/american-hospital\/\" dynamic-postlink=\"tcb_post_the_permalink\" data-shortcode-id=\"32180\"><\/a><\/p>\n<h2 style=\"text-align: left;\"><span data-attr-css=\"\" data-attr-link=\"1\" data-attr-rel=\"0\" data-attr-static-link=\"{&quot;className&quot;:&quot;&quot;,&quot;href&quot;:&quot;https:\/\/amcham.com.al\/sq\/member\/adg-sh-p-k-lufra\/&quot;,&quot;title&quot;:&quot;ADG SH.P.K (LUFRA)&quot;,&quot;class&quot;:&quot;&quot;}\" data-attr-target=\"0\" data-extra_key=\"\" data-option-inline=\"1\" data-shortcode=\"tcb_post_title\" data-shortcode-name=\"Post title\" style=\"\"><a href=\"https:\/\/amcham.com.al\/member\/american-hospital\/\" title=\"American Hospital\" data-css=\"\">American Hospital<\/a><\/span><\/h2>\n<p><!--! Font Awesome Free 6.7.1 by @fontawesome - https:\/\/fontawesome.com License - https:\/\/fontawesome.com\/license\/free (Icons: CC BY 4.0, Fonts: SIL OFL 1.1, Code: MIT License) Copyright 2024 Fonticons, Inc. --><a href=\"https:\/\/amcham.com.al\/member\/auto-star-albania\/\" dynamic-postlink=\"tcb_post_the_permalink\" data-shortcode-id=\"32180\"><\/a><\/p>\n<h2 style=\"text-align: left;\"><span data-attr-css=\"\" data-attr-link=\"1\" data-attr-rel=\"0\" data-attr-static-link=\"{&quot;className&quot;:&quot;&quot;,&quot;href&quot;:&quot;https:\/\/amcham.com.al\/sq\/member\/adg-sh-p-k-lufra\/&quot;,&quot;title&quot;:&quot;ADG SH.P.K (LUFRA)&quot;,&quot;class&quot;:&quot;&quot;}\" data-attr-target=\"0\" data-extra_key=\"\" data-option-inline=\"1\" data-shortcode=\"tcb_post_title\" data-shortcode-name=\"Post title\" style=\"\"><a href=\"https:\/\/amcham.com.al\/member\/auto-star-albania\/\" title=\"Auto Star Albania\" data-css=\"\">Auto Star Albania<\/a><\/span><\/h2>\n<p><!--! Font Awesome Free 6.7.1 by @fontawesome - https:\/\/fontawesome.com License - https:\/\/fontawesome.com\/license\/free (Icons: CC BY 4.0, Fonts: SIL OFL 1.1, Code: MIT License) Copyright 2024 Fonticons, Inc. --><a href=\"https:\/\/amcham.com.al\/member\/berdica-cement\/\" dynamic-postlink=\"tcb_post_the_permalink\" data-shortcode-id=\"32180\"><\/a><\/p>\n<h2 style=\"text-align: left;\"><span data-attr-css=\"\" data-attr-link=\"1\" data-attr-rel=\"0\" data-attr-static-link=\"{&quot;className&quot;:&quot;&quot;,&quot;href&quot;:&quot;https:\/\/amcham.com.al\/sq\/member\/adg-sh-p-k-lufra\/&quot;,&quot;title&quot;:&quot;ADG SH.P.K (LUFRA)&quot;,&quot;class&quot;:&quot;&quot;}\" data-attr-target=\"0\" data-extra_key=\"\" data-option-inline=\"1\" data-shortcode=\"tcb_post_title\" data-shortcode-name=\"Post title\" style=\"\"><a href=\"https:\/\/amcham.com.al\/member\/berdica-cement\/\" title=\"Berdica Cement\" data-css=\"\">Berdica Cement<\/a><\/span><\/h2>\n<p><!--! Font Awesome Free 6.7.1 by @fontawesome - https:\/\/fontawesome.com License - https:\/\/fontawesome.com\/license\/free (Icons: CC BY 4.0, Fonts: SIL OFL 1.1, Code: MIT License) Copyright 2024 Fonticons, Inc. --><a href=\"https:\/\/amcham.com.al\/member\/bgp-products-switzerland-gmbh-viatris\/\" dynamic-postlink=\"tcb_post_the_permalink\" data-shortcode-id=\"32180\"><\/a><\/p>\n<h2 style=\"text-align: left;\"><span data-attr-css=\"\" data-attr-link=\"1\" data-attr-rel=\"0\" data-attr-static-link=\"{&quot;className&quot;:&quot;&quot;,&quot;href&quot;:&quot;https:\/\/amcham.com.al\/sq\/member\/adg-sh-p-k-lufra\/&quot;,&quot;title&quot;:&quot;ADG SH.P.K (LUFRA)&quot;,&quot;class&quot;:&quot;&quot;}\" data-attr-target=\"0\" data-extra_key=\"\" data-option-inline=\"1\" data-shortcode=\"tcb_post_title\" data-shortcode-name=\"Post title\" style=\"\"><a href=\"https:\/\/amcham.com.al\/member\/bgp-products-switzerland-gmbh-viatris\/\" title=\"BGP Products Switzerland GmbH (Viatris)\" data-css=\"\">BGP Products Switzerland GmbH (Viatris)<\/a><\/span><\/h2>\n<p><!--! Font Awesome Free 6.7.1 by @fontawesome - https:\/\/fontawesome.com License - https:\/\/fontawesome.com\/license\/free (Icons: CC BY 4.0, Fonts: SIL OFL 1.1, Code: MIT License) Copyright 2024 Fonticons, Inc. --><a href=\"https:\/\/amcham.com.al\/member\/birra-korca-sh-p-k\/\" dynamic-postlink=\"tcb_post_the_permalink\" data-shortcode-id=\"32180\"><\/a><\/p>\n<h2 style=\"text-align: left;\"><span data-attr-css=\"\" data-attr-link=\"1\" data-attr-rel=\"0\" data-attr-static-link=\"{&quot;className&quot;:&quot;&quot;,&quot;href&quot;:&quot;https:\/\/amcham.com.al\/sq\/member\/adg-sh-p-k-lufra\/&quot;,&quot;title&quot;:&quot;ADG SH.P.K (LUFRA)&quot;,&quot;class&quot;:&quot;&quot;}\" data-attr-target=\"0\" data-extra_key=\"\" data-option-inline=\"1\" data-shortcode=\"tcb_post_title\" data-shortcode-name=\"Post title\" style=\"\"><a href=\"https:\/\/amcham.com.al\/member\/birra-korca-sh-p-k\/\" title=\"Birra Kor\u00e7a Sh.p.k.\" data-css=\"\">Birra Kor\u00e7a Sh.p.k.<\/a><\/span><\/h2>\n<p><!--! Font Awesome Free 6.7.1 by @fontawesome - https:\/\/fontawesome.com License - https:\/\/fontawesome.com\/license\/free (Icons: CC BY 4.0, Fonts: SIL OFL 1.1, Code: MIT License) Copyright 2024 Fonticons, Inc. --><a href=\"https:\/\/amcham.com.al\/member\/boga-associates\/\" dynamic-postlink=\"tcb_post_the_permalink\" data-shortcode-id=\"32180\"><\/a><\/p>\n<h2 style=\"text-align: left;\"><span data-attr-css=\"\" data-attr-link=\"1\" data-attr-rel=\"0\" data-attr-static-link=\"{&quot;className&quot;:&quot;&quot;,&quot;href&quot;:&quot;https:\/\/amcham.com.al\/sq\/member\/adg-sh-p-k-lufra\/&quot;,&quot;title&quot;:&quot;ADG SH.P.K (LUFRA)&quot;,&quot;class&quot;:&quot;&quot;}\" data-attr-target=\"0\" data-extra_key=\"\" data-option-inline=\"1\" data-shortcode=\"tcb_post_title\" data-shortcode-name=\"Post title\" style=\"\"><a href=\"https:\/\/amcham.com.al\/member\/boga-associates\/\" title=\"Boga &amp; Associates\" data-css=\"\">Boga &amp; Associates<\/a><\/span><\/h2>\n<p><!--! Font Awesome Free 6.7.1 by @fontawesome - https:\/\/fontawesome.com License - https:\/\/fontawesome.com\/license\/free (Icons: CC BY 4.0, Fonts: SIL OFL 1.1, Code: MIT License) Copyright 2024 Fonticons, Inc. --><a href=\"javascript:void(0)\" style=\"\"><span><span>Load More<\/span><\/span><\/a><\/p>\n","protected":false},"excerpt":{"rendered":"<p>An\u00ebtar\u00ebt Patron ADG SH.P.K (LUFRA) Advanced Business Solutions Shpk AK-INVEST Sh.a. ALBANIAN DISTRIBUTION &amp; DEVELOPMENT Albanian Motor Company AlbGarden Albsig Alumil \u2013 Albania American Bank of Investments American Hospital Auto Star Albania Berdica Cement BGP Products Switzerland GmbH (Viatris) Birra Kor\u00e7a Sh.p.k. Boga &amp; Associates Load More<\/p>\n","protected":false},"author":5,"featured_media":37526,"parent":30572,"menu_order":0,"comment_status":"closed","ping_status":"closed","template":"","meta":{"_acf_changed":false,"_seopress_robots_primary_cat":"","_seopress_titles_title":"","_seopress_titles_desc":"Zbuloni bizneset me ndikim dhe udh\u00ebheq\u00ebsit e industris\u00eb q\u00eb formojn\u00eb komunitetin ton\u00eb ekskluziv t\u00eb An\u00ebtar\u00ebve Patron.","_seopress_robots_index":"","inline_featured_image":false,"footnotes":""},"class_list":["post-30457","page","type-page","status-publish","has-post-thumbnail","hentry","post-wrapper","thrv_wrapper"],"acf":[],"_links":{"self":[{"href":"https:\/\/amcham.com.al\/sq\/wp-json\/wp\/v2\/pages\/30457","targetHints":{"allow":["GET"]}}],"collection":[{"href":"https:\/\/amcham.com.al\/sq\/wp-json\/wp\/v2\/pages"}],"about":[{"href":"https:\/\/amcham.com.al\/sq\/wp-json\/wp\/v2\/types\/page"}],"author":[{"embeddable":true,"href":"https:\/\/amcham.com.al\/sq\/wp-json\/wp\/v2\/users\/5"}],"replies":[{"embeddable":true,"href":"https:\/\/amcham.com.al\/sq\/wp-json\/wp\/v2\/comments?post=30457"}],"version-history":[{"count":0,"href":"https:\/\/amcham.com.al\/sq\/wp-json\/wp\/v2\/pages\/30457\/revisions"}],"up":[{"embeddable":true,"href":"https:\/\/amcham.com.al\/sq\/wp-json\/wp\/v2\/pages\/30572"}],"wp:featuredmedia":[{"embeddable":true,"href":"https:\/\/amcham.com.al\/sq\/wp-json\/wp\/v2\/media\/37526"}],"wp:attachment":[{"href":"https:\/\/amcham.com.al\/sq\/wp-json\/wp\/v2\/media?parent=30457"}],"curies":[{"name":"wp","href":"https:\/\/api.w.org\/{rel}","templated":true}]}}