{"id":30439,"date":"2020-09-11T08:33:11","date_gmt":"2020-09-11T06:33:11","guid":{"rendered":"https:\/\/amcham.com.al\/members-by-activity\/"},"modified":"2025-11-19T15:33:28","modified_gmt":"2025-11-19T14:33:28","slug":"anetaret-sipas-kategorise","status":"publish","type":"page","link":"https:\/\/amcham.com.al\/sq\/anetaret\/anetaret-sipas-kategorise\/","title":{"rendered":"An\u00ebtar\u00ebt sipas kategoris\u00eb"},"content":{"rendered":"<p><a><span><span> All <\/span><\/span><\/a><a><span><span> Associates <\/span><\/span><\/a><a><span><span> Big Business <\/span><\/span><\/a><a><span><span> Patron <\/span><\/span><\/a><a><span><span> Premium <\/span><\/span><\/a><a><span><span> Small Business &amp; NGOs <\/span><\/span><\/a><a href=\"https:\/\/amcham.com.al\/member\/balkan-future-consulting-center\/\" dynamic-postlink=\"tcb_post_the_permalink\" data-shortcode-id=\"82268\"><\/a><\/p>\n<h2 style=\"text-align: left;\"><span data-attr-css=\"\" data-attr-link=\"1\" data-attr-rel=\"0\" data-attr-static-link=\"{&quot;className&quot;:&quot;&quot;,&quot;href&quot;:&quot;https:\/\/amcham.com.al\/sq\/member\/zyre-e-perfaqsise-hoffmann-la-roche\/&quot;,&quot;title&quot;:&quot;ZYRE E PERFAQSISE HOFFMANN- LA ROCHE&quot;,&quot;class&quot;:&quot;&quot;}\" data-attr-target=\"0\" data-extra_key=\"\" data-option-inline=\"1\" data-shortcode=\"tcb_post_title\" data-shortcode-name=\"Post title\" style=\"\"><a href=\"https:\/\/amcham.com.al\/member\/balkan-future-consulting-center\/\" title=\"\u201cBalkan Future\u201d Consulting Center\" data-css=\"\">\u201cBalkan Future\u201d Consulting Center<\/a><\/span><\/h2>\n<p><!--! Font Awesome Free 6.7.1 by @fontawesome - https:\/\/fontawesome.com License - https:\/\/fontawesome.com\/license\/free (Icons: CC BY 4.0, Fonts: SIL OFL 1.1, Code: MIT License) Copyright 2024 Fonticons, Inc. --><a href=\"https:\/\/amcham.com.al\/member\/cc-lawsh-p-k\/\" dynamic-postlink=\"tcb_post_the_permalink\" data-shortcode-id=\"82268\"><\/a><\/p>\n<h2 style=\"text-align: left;\"><span data-attr-css=\"\" data-attr-link=\"1\" data-attr-rel=\"0\" data-attr-static-link=\"{&quot;className&quot;:&quot;&quot;,&quot;href&quot;:&quot;https:\/\/amcham.com.al\/sq\/member\/zyre-e-perfaqsise-hoffmann-la-roche\/&quot;,&quot;title&quot;:&quot;ZYRE E PERFAQSISE HOFFMANN- LA ROCHE&quot;,&quot;class&quot;:&quot;&quot;}\" data-attr-target=\"0\" data-extra_key=\"\" data-option-inline=\"1\" data-shortcode=\"tcb_post_title\" data-shortcode-name=\"Post title\" style=\"\"><a href=\"https:\/\/amcham.com.al\/member\/cc-lawsh-p-k\/\" title=\"\u201cCC LAW\u201dSh.p.k.\" data-css=\"\">\u201cCC LAW\u201dSh.p.k.<\/a><\/span><\/h2>\n<p><!--! Font Awesome Free 6.7.1 by @fontawesome - https:\/\/fontawesome.com License - https:\/\/fontawesome.com\/license\/free (Icons: CC BY 4.0, Fonts: SIL OFL 1.1, Code: MIT License) Copyright 2024 Fonticons, Inc. --><a href=\"https:\/\/amcham.com.al\/member\/hoxha-memi-hoxha-sh-p-k\/\" dynamic-postlink=\"tcb_post_the_permalink\" data-shortcode-id=\"82268\"><\/a><\/p>\n<h2 style=\"text-align: left;\"><span data-attr-css=\"\" data-attr-link=\"1\" data-attr-rel=\"0\" data-attr-static-link=\"{&quot;className&quot;:&quot;&quot;,&quot;href&quot;:&quot;https:\/\/amcham.com.al\/sq\/member\/zyre-e-perfaqsise-hoffmann-la-roche\/&quot;,&quot;title&quot;:&quot;ZYRE E PERFAQSISE HOFFMANN- LA ROCHE&quot;,&quot;class&quot;:&quot;&quot;}\" data-attr-target=\"0\" data-extra_key=\"\" data-option-inline=\"1\" data-shortcode=\"tcb_post_title\" data-shortcode-name=\"Post title\" style=\"\"><a href=\"https:\/\/amcham.com.al\/member\/hoxha-memi-hoxha-sh-p-k\/\" title=\"\u201cHoxha, Memi &amp; Hoxha\u201d Sh.p.k\" data-css=\"\">\u201cHoxha, Memi &amp; Hoxha\u201d Sh.p.k<\/a><\/span><\/h2>\n<p><!--! Font Awesome Free 6.7.1 by @fontawesome - https:\/\/fontawesome.com License - https:\/\/fontawesome.com\/license\/free (Icons: CC BY 4.0, Fonts: SIL OFL 1.1, Code: MIT License) Copyright 2024 Fonticons, Inc. --><a href=\"https:\/\/amcham.com.al\/member\/tonys-tg-international\/\" dynamic-postlink=\"tcb_post_the_permalink\" data-shortcode-id=\"82268\"><\/a><\/p>\n<h2 style=\"text-align: left;\"><span data-attr-css=\"\" data-attr-link=\"1\" data-attr-rel=\"0\" data-attr-static-link=\"{&quot;className&quot;:&quot;&quot;,&quot;href&quot;:&quot;https:\/\/amcham.com.al\/sq\/member\/zyre-e-perfaqsise-hoffmann-la-roche\/&quot;,&quot;title&quot;:&quot;ZYRE E PERFAQSISE HOFFMANN- LA ROCHE&quot;,&quot;class&quot;:&quot;&quot;}\" data-attr-target=\"0\" data-extra_key=\"\" data-option-inline=\"1\" data-shortcode=\"tcb_post_title\" data-shortcode-name=\"Post title\" style=\"\"><a href=\"https:\/\/amcham.com.al\/member\/tonys-tg-international\/\" title=\"(TONY\u2019S) TG INTERNATIONAL\" data-css=\"\">(TONY\u2019S) TG INTERNATIONAL<\/a><\/span><\/h2>\n<p><!--! Font Awesome Free 6.7.1 by @fontawesome - https:\/\/fontawesome.com License - https:\/\/fontawesome.com\/license\/free (Icons: CC BY 4.0, Fonts: SIL OFL 1.1, Code: MIT License) Copyright 2024 Fonticons, Inc. --><a href=\"https:\/\/amcham.com.al\/member\/a-a-group\/\" dynamic-postlink=\"tcb_post_the_permalink\" data-shortcode-id=\"82268\"><\/a><\/p>\n<h2 style=\"text-align: left;\"><span data-attr-css=\"\" data-attr-link=\"1\" data-attr-rel=\"0\" data-attr-static-link=\"{&quot;className&quot;:&quot;&quot;,&quot;href&quot;:&quot;https:\/\/amcham.com.al\/sq\/member\/zyre-e-perfaqsise-hoffmann-la-roche\/&quot;,&quot;title&quot;:&quot;ZYRE E PERFAQSISE HOFFMANN- LA ROCHE&quot;,&quot;class&quot;:&quot;&quot;}\" data-attr-target=\"0\" data-extra_key=\"\" data-option-inline=\"1\" data-shortcode=\"tcb_post_title\" data-shortcode-name=\"Post title\" style=\"\"><a href=\"https:\/\/amcham.com.al\/member\/a-a-group\/\" title=\"A &amp; A Group\" data-css=\"\">A &amp; A Group<\/a><\/span><\/h2>\n<p><!--! Font Awesome Free 6.7.1 by @fontawesome - https:\/\/fontawesome.com License - https:\/\/fontawesome.com\/license\/free (Icons: CC BY 4.0, Fonts: SIL OFL 1.1, Code: MIT License) Copyright 2024 Fonticons, Inc. --><a href=\"https:\/\/amcham.com.al\/member\/abraham-lincoln-foundation-of-albania\/\" dynamic-postlink=\"tcb_post_the_permalink\" data-shortcode-id=\"82268\"><\/a><\/p>\n<h2 style=\"text-align: left;\"><span data-attr-css=\"\" data-attr-link=\"1\" data-attr-rel=\"0\" data-attr-static-link=\"{&quot;className&quot;:&quot;&quot;,&quot;href&quot;:&quot;https:\/\/amcham.com.al\/sq\/member\/zyre-e-perfaqsise-hoffmann-la-roche\/&quot;,&quot;title&quot;:&quot;ZYRE E PERFAQSISE HOFFMANN- LA ROCHE&quot;,&quot;class&quot;:&quot;&quot;}\" data-attr-target=\"0\" data-extra_key=\"\" data-option-inline=\"1\" data-shortcode=\"tcb_post_title\" data-shortcode-name=\"Post title\" style=\"\"><a href=\"https:\/\/amcham.com.al\/member\/abraham-lincoln-foundation-of-albania\/\" title=\"Abraham Lincoln Foundation of Albania\" data-css=\"\">Abraham Lincoln Foundation of Albania<\/a><\/span><\/h2>\n<p><!--! Font Awesome Free 6.7.1 by @fontawesome - https:\/\/fontawesome.com License - https:\/\/fontawesome.com\/license\/free (Icons: CC BY 4.0, Fonts: SIL OFL 1.1, Code: MIT License) Copyright 2024 Fonticons, Inc. --><a href=\"https:\/\/amcham.com.al\/member\/adg-sh-p-k-lufra\/\" dynamic-postlink=\"tcb_post_the_permalink\" data-shortcode-id=\"82268\"><\/a><\/p>\n<h2 style=\"text-align: left;\"><span data-attr-css=\"\" data-attr-link=\"1\" data-attr-rel=\"0\" data-attr-static-link=\"{&quot;className&quot;:&quot;&quot;,&quot;href&quot;:&quot;https:\/\/amcham.com.al\/sq\/member\/zyre-e-perfaqsise-hoffmann-la-roche\/&quot;,&quot;title&quot;:&quot;ZYRE E PERFAQSISE HOFFMANN- LA ROCHE&quot;,&quot;class&quot;:&quot;&quot;}\" data-attr-target=\"0\" data-extra_key=\"\" data-option-inline=\"1\" data-shortcode=\"tcb_post_title\" data-shortcode-name=\"Post title\" style=\"\"><a href=\"https:\/\/amcham.com.al\/member\/adg-sh-p-k-lufra\/\" title=\"ADG SH.P.K (LUFRA)\" data-css=\"\">ADG SH.P.K (LUFRA)<\/a><\/span><\/h2>\n<p><!--! Font Awesome Free 6.7.1 by @fontawesome - https:\/\/fontawesome.com License - https:\/\/fontawesome.com\/license\/free (Icons: CC BY 4.0, Fonts: SIL OFL 1.1, Code: MIT License) Copyright 2024 Fonticons, Inc. --><a href=\"https:\/\/amcham.com.al\/member\/adkons-sh-p-k\/\" dynamic-postlink=\"tcb_post_the_permalink\" data-shortcode-id=\"82268\"><\/a><\/p>\n<h2 style=\"text-align: left;\"><span data-attr-css=\"\" data-attr-link=\"1\" data-attr-rel=\"0\" data-attr-static-link=\"{&quot;className&quot;:&quot;&quot;,&quot;href&quot;:&quot;https:\/\/amcham.com.al\/sq\/member\/zyre-e-perfaqsise-hoffmann-la-roche\/&quot;,&quot;title&quot;:&quot;ZYRE E PERFAQSISE HOFFMANN- LA ROCHE&quot;,&quot;class&quot;:&quot;&quot;}\" data-attr-target=\"0\" data-extra_key=\"\" data-option-inline=\"1\" data-shortcode=\"tcb_post_title\" data-shortcode-name=\"Post title\" style=\"\"><a href=\"https:\/\/amcham.com.al\/member\/adkons-sh-p-k\/\" title=\"ADKONS Sh.p.k.\" data-css=\"\">ADKONS Sh.p.k.<\/a><\/span><\/h2>\n<p><!--! Font Awesome Free 6.7.1 by @fontawesome - https:\/\/fontawesome.com License - https:\/\/fontawesome.com\/license\/free (Icons: CC BY 4.0, Fonts: SIL OFL 1.1, Code: MIT License) Copyright 2024 Fonticons, Inc. --><a href=\"https:\/\/amcham.com.al\/member\/adriatic-resorts-sh-a\/\" dynamic-postlink=\"tcb_post_the_permalink\" data-shortcode-id=\"82268\"><\/a><\/p>\n<h2 style=\"text-align: left;\"><span data-attr-css=\"\" data-attr-link=\"1\" data-attr-rel=\"0\" data-attr-static-link=\"{&quot;className&quot;:&quot;&quot;,&quot;href&quot;:&quot;https:\/\/amcham.com.al\/sq\/member\/zyre-e-perfaqsise-hoffmann-la-roche\/&quot;,&quot;title&quot;:&quot;ZYRE E PERFAQSISE HOFFMANN- LA ROCHE&quot;,&quot;class&quot;:&quot;&quot;}\" data-attr-target=\"0\" data-extra_key=\"\" data-option-inline=\"1\" data-shortcode=\"tcb_post_title\" data-shortcode-name=\"Post title\" style=\"\"><a href=\"https:\/\/amcham.com.al\/member\/adriatic-resorts-sh-a\/\" title=\"Adriatic Resorts Sh.a.\" data-css=\"\">Adriatic Resorts Sh.a.<\/a><\/span><\/h2>\n<p><!--! Font Awesome Free 6.7.1 by @fontawesome - https:\/\/fontawesome.com License - https:\/\/fontawesome.com\/license\/free (Icons: CC BY 4.0, Fonts: SIL OFL 1.1, Code: MIT License) Copyright 2024 Fonticons, Inc. --><a href=\"https:\/\/amcham.com.al\/member\/advanced-business-solutions-shpk\/\" dynamic-postlink=\"tcb_post_the_permalink\" data-shortcode-id=\"82268\"><\/a><\/p>\n<h2 style=\"text-align: left;\"><span data-attr-css=\"\" data-attr-link=\"1\" data-attr-rel=\"0\" data-attr-static-link=\"{&quot;className&quot;:&quot;&quot;,&quot;href&quot;:&quot;https:\/\/amcham.com.al\/sq\/member\/zyre-e-perfaqsise-hoffmann-la-roche\/&quot;,&quot;title&quot;:&quot;ZYRE E PERFAQSISE HOFFMANN- LA ROCHE&quot;,&quot;class&quot;:&quot;&quot;}\" data-attr-target=\"0\" data-extra_key=\"\" data-option-inline=\"1\" data-shortcode=\"tcb_post_title\" data-shortcode-name=\"Post title\" style=\"\"><a href=\"https:\/\/amcham.com.al\/member\/advanced-business-solutions-shpk\/\" title=\"Advanced Business Solutions Shpk\" data-css=\"\">Advanced Business Solutions Shpk<\/a><\/span><\/h2>\n<p><!--! Font Awesome Free 6.7.1 by @fontawesome - https:\/\/fontawesome.com License - https:\/\/fontawesome.com\/license\/free (Icons: CC BY 4.0, Fonts: SIL OFL 1.1, Code: MIT License) Copyright 2024 Fonticons, Inc. --><a href=\"https:\/\/amcham.com.al\/member\/agrotek-alb\/\" dynamic-postlink=\"tcb_post_the_permalink\" data-shortcode-id=\"82268\"><\/a><\/p>\n<h2 style=\"text-align: left;\"><span data-attr-css=\"\" data-attr-link=\"1\" data-attr-rel=\"0\" data-attr-static-link=\"{&quot;className&quot;:&quot;&quot;,&quot;href&quot;:&quot;https:\/\/amcham.com.al\/sq\/member\/zyre-e-perfaqsise-hoffmann-la-roche\/&quot;,&quot;title&quot;:&quot;ZYRE E PERFAQSISE HOFFMANN- LA ROCHE&quot;,&quot;class&quot;:&quot;&quot;}\" data-attr-target=\"0\" data-extra_key=\"\" data-option-inline=\"1\" data-shortcode=\"tcb_post_title\" data-shortcode-name=\"Post title\" style=\"\"><a href=\"https:\/\/amcham.com.al\/member\/agrotek-alb\/\" title=\"AGROTEK ALB\" data-css=\"\">AGROTEK ALB<\/a><\/span><\/h2>\n<p><!--! Font Awesome Free 6.7.1 by @fontawesome - https:\/\/fontawesome.com License - https:\/\/fontawesome.com\/license\/free (Icons: CC BY 4.0, Fonts: SIL OFL 1.1, Code: MIT License) Copyright 2024 Fonticons, Inc. --><a href=\"https:\/\/amcham.com.al\/member\/aims-international-albania\/\" dynamic-postlink=\"tcb_post_the_permalink\" data-shortcode-id=\"82268\"><\/a><\/p>\n<h2 style=\"text-align: left;\"><span data-attr-css=\"\" data-attr-link=\"1\" data-attr-rel=\"0\" data-attr-static-link=\"{&quot;className&quot;:&quot;&quot;,&quot;href&quot;:&quot;https:\/\/amcham.com.al\/sq\/member\/zyre-e-perfaqsise-hoffmann-la-roche\/&quot;,&quot;title&quot;:&quot;ZYRE E PERFAQSISE HOFFMANN- LA ROCHE&quot;,&quot;class&quot;:&quot;&quot;}\" data-attr-target=\"0\" data-extra_key=\"\" data-option-inline=\"1\" data-shortcode=\"tcb_post_title\" data-shortcode-name=\"Post title\" style=\"\"><a href=\"https:\/\/amcham.com.al\/member\/aims-international-albania\/\" title=\"AIMS International \u2013 Albania\" data-css=\"\">AIMS International \u2013 Albania<\/a><\/span><\/h2>\n<p><!--! Font Awesome Free 6.7.1 by @fontawesome - https:\/\/fontawesome.com License - https:\/\/fontawesome.com\/license\/free (Icons: CC BY 4.0, Fonts: SIL OFL 1.1, Code: MIT License) Copyright 2024 Fonticons, Inc. --><a href=\"https:\/\/amcham.com.al\/member\/ak-invest-sh-a\/\" dynamic-postlink=\"tcb_post_the_permalink\" data-shortcode-id=\"82268\"><\/a><\/p>\n<h2 style=\"text-align: left;\"><span data-attr-css=\"\" data-attr-link=\"1\" data-attr-rel=\"0\" data-attr-static-link=\"{&quot;className&quot;:&quot;&quot;,&quot;href&quot;:&quot;https:\/\/amcham.com.al\/sq\/member\/zyre-e-perfaqsise-hoffmann-la-roche\/&quot;,&quot;title&quot;:&quot;ZYRE E PERFAQSISE HOFFMANN- LA ROCHE&quot;,&quot;class&quot;:&quot;&quot;}\" data-attr-target=\"0\" data-extra_key=\"\" data-option-inline=\"1\" data-shortcode=\"tcb_post_title\" data-shortcode-name=\"Post title\" style=\"\"><a href=\"https:\/\/amcham.com.al\/member\/ak-invest-sh-a\/\" title=\"AK-INVEST Sh.a.\" data-css=\"\">AK-INVEST Sh.a.<\/a><\/span><\/h2>\n<p><!--! Font Awesome Free 6.7.1 by @fontawesome - https:\/\/fontawesome.com License - https:\/\/fontawesome.com\/license\/free (Icons: CC BY 4.0, Fonts: SIL OFL 1.1, Code: MIT License) Copyright 2024 Fonticons, Inc. --><a href=\"https:\/\/amcham.com.al\/member\/aksioner-international-securities-brokerage\/\" dynamic-postlink=\"tcb_post_the_permalink\" data-shortcode-id=\"82268\"><\/a><\/p>\n<h2 style=\"text-align: left;\"><span data-attr-css=\"\" data-attr-link=\"1\" data-attr-rel=\"0\" data-attr-static-link=\"{&quot;className&quot;:&quot;&quot;,&quot;href&quot;:&quot;https:\/\/amcham.com.al\/sq\/member\/zyre-e-perfaqsise-hoffmann-la-roche\/&quot;,&quot;title&quot;:&quot;ZYRE E PERFAQSISE HOFFMANN- LA ROCHE&quot;,&quot;class&quot;:&quot;&quot;}\" data-attr-target=\"0\" data-extra_key=\"\" data-option-inline=\"1\" data-shortcode=\"tcb_post_title\" data-shortcode-name=\"Post title\" style=\"\"><a href=\"https:\/\/amcham.com.al\/member\/aksioner-international-securities-brokerage\/\" title=\"AKSIONER International Securities Brokerage\" data-css=\"\">AKSIONER International Securities Brokerage<\/a><\/span><\/h2>\n<p><!--! Font Awesome Free 6.7.1 by @fontawesome - https:\/\/fontawesome.com License - https:\/\/fontawesome.com\/license\/free (Icons: CC BY 4.0, Fonts: SIL OFL 1.1, Code: MIT License) Copyright 2024 Fonticons, Inc. --><a href=\"https:\/\/amcham.com.al\/member\/alba-fresh\/\" dynamic-postlink=\"tcb_post_the_permalink\" data-shortcode-id=\"82268\"><\/a><\/p>\n<h2 style=\"text-align: left;\"><span data-attr-css=\"\" data-attr-link=\"1\" data-attr-rel=\"0\" data-attr-static-link=\"{&quot;className&quot;:&quot;&quot;,&quot;href&quot;:&quot;https:\/\/amcham.com.al\/sq\/member\/zyre-e-perfaqsise-hoffmann-la-roche\/&quot;,&quot;title&quot;:&quot;ZYRE E PERFAQSISE HOFFMANN- LA ROCHE&quot;,&quot;class&quot;:&quot;&quot;}\" data-attr-target=\"0\" data-extra_key=\"\" data-option-inline=\"1\" data-shortcode=\"tcb_post_title\" data-shortcode-name=\"Post title\" style=\"\"><a href=\"https:\/\/amcham.com.al\/member\/alba-fresh\/\" title=\"Alba Fresh\" data-css=\"\">Alba Fresh<\/a><\/span><\/h2>\n<p><!--! Font Awesome Free 6.7.1 by @fontawesome - https:\/\/fontawesome.com License - https:\/\/fontawesome.com\/license\/free (Icons: CC BY 4.0, Fonts: SIL OFL 1.1, Code: MIT License) Copyright 2024 Fonticons, Inc. --><a href=\"javascript:void(0)\" style=\"\"><span><span>Load More<\/span><\/span><\/a><\/p>\n","protected":false},"excerpt":{"rendered":"<p>All Associates Big Business Patron Premium Small Business &amp; NGOs \u201cBalkan Future\u201d Consulting Center \u201cCC LAW\u201dSh.p.k. \u201cHoxha, Memi &amp; Hoxha\u201d Sh.p.k (TONY\u2019S) TG INTERNATIONAL A &amp; A Group Abraham Lincoln Foundation of Albania ADG SH.P.K (LUFRA) ADKONS Sh.p.k. Adriatic Resorts Sh.a. Advanced Business Solutions Shpk AGROTEK ALB AIMS International \u2013 Albania AK-INVEST Sh.a. AKSIONER International [&hellip;]<\/p>\n","protected":false},"author":5,"featured_media":37553,"parent":30572,"menu_order":0,"comment_status":"closed","ping_status":"closed","template":"","meta":{"_acf_changed":false,"_seopress_robots_primary_cat":"","_seopress_titles_title":"An\u00ebtar\u00ebt sipas aktivitetit","_seopress_titles_desc":"Zbuloni bizneset me ndikim dhe udh\u00ebheq\u00ebsit e industris\u00eb q\u00eb formojn\u00eb komunitetin ton\u00eb ekskluziv t\u00eb An\u00ebtar\u00ebve.","_seopress_robots_index":"","inline_featured_image":false,"footnotes":""},"class_list":["post-30439","page","type-page","status-publish","has-post-thumbnail","hentry","post-wrapper","thrv_wrapper"],"acf":[],"_links":{"self":[{"href":"https:\/\/amcham.com.al\/sq\/wp-json\/wp\/v2\/pages\/30439","targetHints":{"allow":["GET"]}}],"collection":[{"href":"https:\/\/amcham.com.al\/sq\/wp-json\/wp\/v2\/pages"}],"about":[{"href":"https:\/\/amcham.com.al\/sq\/wp-json\/wp\/v2\/types\/page"}],"author":[{"embeddable":true,"href":"https:\/\/amcham.com.al\/sq\/wp-json\/wp\/v2\/users\/5"}],"replies":[{"embeddable":true,"href":"https:\/\/amcham.com.al\/sq\/wp-json\/wp\/v2\/comments?post=30439"}],"version-history":[{"count":0,"href":"https:\/\/amcham.com.al\/sq\/wp-json\/wp\/v2\/pages\/30439\/revisions"}],"up":[{"embeddable":true,"href":"https:\/\/amcham.com.al\/sq\/wp-json\/wp\/v2\/pages\/30572"}],"wp:featuredmedia":[{"embeddable":true,"href":"https:\/\/amcham.com.al\/sq\/wp-json\/wp\/v2\/media\/37553"}],"wp:attachment":[{"href":"https:\/\/amcham.com.al\/sq\/wp-json\/wp\/v2\/media?parent=30439"}],"curies":[{"name":"wp","href":"https:\/\/api.w.org\/{rel}","templated":true}]}}