{"id":30163,"date":"2017-10-02T02:30:27","date_gmt":"2017-10-02T02:30:27","guid":{"rendered":"https:\/\/amcham.com.al\/rreth-nesh\/team\/"},"modified":"2024-11-01T16:59:07","modified_gmt":"2024-11-01T15:59:07","slug":"ekipi-i-dhomes","status":"publish","type":"page","link":"https:\/\/amcham.com.al\/sq\/about\/ekipi-i-dhomes\/","title":{"rendered":"Ekipi i Dhom\u00ebs"},"content":{"rendered":"<h3>Neritan&nbsp; Mullaj<\/h3>\n<p><strong>Drejtori Ekzekutiv<\/strong><strong><a href=\"mailto:neritan.mullaj@amcham.com.al\" style=\"outline: none;\">neritan.mullaj@amcham.com.al<\/a> &nbsp;<\/strong><\/p>\n<h3>Fotini Harispapa<\/h3>\n<p><strong>Menaxhere p\u00ebr Antar\u00ebsin\u00eb &amp; Financ\u00ebn<\/strong><strong><a href=\"mailto:neritan.mullaj@amcham.com.al\" style=\"outline: none;\"><strong><\/strong><\/a><strong><a href=\"mailto:fotini.harispapa@amcham.com.al\" style=\"outline: none;\">fotini.harispapa@amcham.com.al<\/a><\/strong> &nbsp;<\/strong><\/p>\n<h3>Detiona Troka&nbsp;<\/h3>\n<p><strong>Menaxhere p\u00ebr Politikat &amp; Advokimin<\/strong><strong><a href=\"mailto:neritan.mullaj@amcham.com.al\" style=\"outline: none;\"><strong><\/strong><\/a><strong><a href=\"mailto:fiona.kuqi@amcham.com.al\" style=\"outline: none;\"><\/a><a href=\"mailto:detiona.troka@amcham.com.al\" onclick=\"if (!window.__cfRLUnblockHandlers) return false; if (!window.__cfRLUnblockHandlers) return false; if (!window.__cfRLUnblockHandlers) return false; if (!window.__cfRLUnblockHandlers) return false; if (!window.__cfRLUnblockHandlers) return false; if (!window.__cfRLUnblockHandlers) return false; if (!window.__cfRLUnblockHandlers) return false; Webmail.Widgets.Email.Message.evAddressClick(this);\" style=\"outline: none;\">detiona.troka@amcham.com.al<\/a><\/strong> &nbsp;<\/strong><\/p>\n<h3>Brikena Kamenica<\/h3>\n<p><strong>Menaxhere p\u00ebr Komunikimin &amp; Eventet<\/strong><strong><a href=\"mailto:neritan.mullaj@amcham.com.al\" style=\"outline: none;\"><strong><\/strong><\/a><strong><a href=\"mailto:fiona.kuqi@amcham.com.al\" style=\"outline: none;\"><\/a><a href=\"mailto:daniela.musa@amcham.com.al\" style=\"outline: none;\"><strong><strong><\/strong><\/strong><\/a><strong><strong><a href=\"mailto:brikena.kamenica@amcham.com.al\" style=\"outline: none;\">brikena.kamenica@amcham.com.al<\/a><\/strong><\/strong><\/strong> &nbsp;<\/strong><\/p>\n<h3>Gerta Do\u00e7i<\/h3>\n<p><strong>Koordinatore e Dixhitalizimit dhe Inovacionit<\/strong><strong><a href=\"mailto:neritan.mullaj@amcham.com.al\" style=\"outline: none;\"><strong><\/strong><\/a><strong><a href=\"mailto:fiona.kuqi@amcham.com.al\" style=\"outline: none;\"><\/a><a href=\"mailto:daniela.musa@amcham.com.al\" style=\"outline: none;\"><strong><strong><\/strong><\/strong><\/a><strong><strong><a href=\"mailto:brikena.kamenica@amcham.com.al\" style=\"outline: none;\"><strong><\/strong><\/a><strong><a href=\"mailto:info@amcham.com.al\" style=\"outline: none;\">gerta.doci@amcham.com.al<\/a><\/strong><\/strong><\/strong><\/strong> &nbsp;<\/strong><\/p>\n<h3>Gabriela Selmanaj<\/h3>\n<p><strong>Koordinatore Zyre<\/strong><strong><a href=\"mailto:neritan.mullaj@amcham.com.al\" style=\"outline: none;\"><strong><\/strong><\/a><strong><a href=\"mailto:fiona.kuqi@amcham.com.al\" style=\"outline: none;\"><\/a><a href=\"mailto:daniela.musa@amcham.com.al\" style=\"outline: none;\"><strong><strong><\/strong><\/strong><\/a><strong><strong><a href=\"mailto:brikena.kamenica@amcham.com.al\" style=\"outline: none;\"><strong><\/strong><\/a><strong><a href=\"mailto:info@amcham.com.al\" style=\"outline: none;\">info@amcham.com.al<\/a><\/strong><\/strong><\/strong><\/strong> &nbsp;<\/strong><\/p>\n","protected":false},"excerpt":{"rendered":"<p>Neritan&nbsp; Mullaj Drejtori Ekzekutivneritan.mullaj@amcham.com.al &nbsp; Fotini Harispapa Menaxhere p\u00ebr Antar\u00ebsin\u00eb &amp; Financ\u00ebnfotini.harispapa@amcham.com.al &nbsp; Detiona Troka&nbsp; Menaxhere p\u00ebr Politikat &amp; Advokimindetiona.troka@amcham.com.al &nbsp; Brikena Kamenica Menaxhere p\u00ebr Komunikimin &amp; Eventetbrikena.kamenica@amcham.com.al &nbsp; Gerta Do\u00e7i Koordinatore e Dixhitalizimit dhe Inovacionitgerta.doci@amcham.com.al &nbsp; Gabriela Selmanaj Koordinatore Zyreinfo@amcham.com.al &nbsp;<\/p>\n","protected":false},"author":5,"featured_media":36762,"parent":30063,"menu_order":0,"comment_status":"closed","ping_status":"closed","template":"","meta":{"_acf_changed":false,"_seopress_robots_primary_cat":"","_seopress_titles_title":"","_seopress_titles_desc":"","_seopress_robots_index":"","inline_featured_image":false,"footnotes":""},"class_list":["post-30163","page","type-page","status-publish","has-post-thumbnail","hentry","post-wrapper","thrv_wrapper"],"acf":[],"_links":{"self":[{"href":"https:\/\/amcham.com.al\/sq\/wp-json\/wp\/v2\/pages\/30163","targetHints":{"allow":["GET"]}}],"collection":[{"href":"https:\/\/amcham.com.al\/sq\/wp-json\/wp\/v2\/pages"}],"about":[{"href":"https:\/\/amcham.com.al\/sq\/wp-json\/wp\/v2\/types\/page"}],"author":[{"embeddable":true,"href":"https:\/\/amcham.com.al\/sq\/wp-json\/wp\/v2\/users\/5"}],"replies":[{"embeddable":true,"href":"https:\/\/amcham.com.al\/sq\/wp-json\/wp\/v2\/comments?post=30163"}],"version-history":[{"count":0,"href":"https:\/\/amcham.com.al\/sq\/wp-json\/wp\/v2\/pages\/30163\/revisions"}],"up":[{"embeddable":true,"href":"https:\/\/amcham.com.al\/sq\/wp-json\/wp\/v2\/pages\/30063"}],"wp:featuredmedia":[{"embeddable":true,"href":"https:\/\/amcham.com.al\/sq\/wp-json\/wp\/v2\/media\/36762"}],"wp:attachment":[{"href":"https:\/\/amcham.com.al\/sq\/wp-json\/wp\/v2\/media?parent=30163"}],"curies":[{"name":"wp","href":"https:\/\/api.w.org\/{rel}","templated":true}]}}