{"id":30157,"date":"2017-10-02T02:32:28","date_gmt":"2017-10-02T01:32:28","guid":{"rendered":"https:\/\/amcham.com.al\/rreth-nesh\/board\/"},"modified":"2024-12-16T16:30:20","modified_gmt":"2024-12-16T15:30:20","slug":"bordi","status":"publish","type":"page","link":"https:\/\/amcham.com.al\/sq\/about\/bordi\/","title":{"rendered":"Bordi i Drejtuesve"},"content":{"rendered":"<p>President<\/p>\n<h3 style=\"\">Grant Van Cleve<\/h3>\n<p>Kompania: Prodigy Sh.p.k<\/p>\n<p>Zv. President<\/p>\n<h3>Rexhino \u00c7ekrezi<\/h3>\n<p>Kompania: Trifolium<\/p>\n<p>Sekretar<\/p>\n<h3 style=\"\">Dritan Nako<\/h3>\n<p>Kompania: ANTEA Cement<\/p>\n<p>Thesari<\/p>\n<h3 style=\"\">Kledi Kodra<\/h3>\n<p>Kompania: Grant Thorton Shpk<\/p>\n<p>An\u00ebtar Bordi<\/p>\n<h3>Elton \u00c7ollaku<\/h3>\n<p>Kompania: Financial Union Tirana \/ Western Union<\/p>\n<p>An\u00ebtar Bordi<\/p>\n<h3 style=\"\">Ilir Rudi<\/h3>\n<p>Kompania: ABI Bank<\/p>\n<p>An\u00ebtar Bordi<\/p>\n<h3 style=\"\">Reshard K\u00eblli\u00e7i<\/h3>\n<p>Kompania: The Harry T. Fultz Institute<\/p>\n","protected":false},"excerpt":{"rendered":"<p>President Grant Van Cleve Kompania: Prodigy Sh.p.k Zv. President Rexhino \u00c7ekrezi Kompania: Trifolium Sekretar Dritan Nako Kompania: ANTEA Cement Thesari Kledi Kodra Kompania: Grant Thorton Shpk An\u00ebtar Bordi Elton \u00c7ollaku Kompania: Financial Union Tirana \/ Western Union An\u00ebtar Bordi Ilir Rudi Kompania: ABI Bank An\u00ebtar Bordi Reshard K\u00eblli\u00e7i Kompania: The Harry T. Fultz Institute<\/p>\n","protected":false},"author":5,"featured_media":36777,"parent":30063,"menu_order":0,"comment_status":"closed","ping_status":"closed","template":"","meta":{"_acf_changed":false,"_seopress_robots_primary_cat":"","_seopress_titles_title":"","_seopress_titles_desc":"","_seopress_robots_index":"","inline_featured_image":false,"footnotes":""},"class_list":["post-30157","page","type-page","status-publish","has-post-thumbnail","hentry","post-wrapper","thrv_wrapper"],"acf":[],"_links":{"self":[{"href":"https:\/\/amcham.com.al\/sq\/wp-json\/wp\/v2\/pages\/30157","targetHints":{"allow":["GET"]}}],"collection":[{"href":"https:\/\/amcham.com.al\/sq\/wp-json\/wp\/v2\/pages"}],"about":[{"href":"https:\/\/amcham.com.al\/sq\/wp-json\/wp\/v2\/types\/page"}],"author":[{"embeddable":true,"href":"https:\/\/amcham.com.al\/sq\/wp-json\/wp\/v2\/users\/5"}],"replies":[{"embeddable":true,"href":"https:\/\/amcham.com.al\/sq\/wp-json\/wp\/v2\/comments?post=30157"}],"version-history":[{"count":0,"href":"https:\/\/amcham.com.al\/sq\/wp-json\/wp\/v2\/pages\/30157\/revisions"}],"up":[{"embeddable":true,"href":"https:\/\/amcham.com.al\/sq\/wp-json\/wp\/v2\/pages\/30063"}],"wp:featuredmedia":[{"embeddable":true,"href":"https:\/\/amcham.com.al\/sq\/wp-json\/wp\/v2\/media\/36777"}],"wp:attachment":[{"href":"https:\/\/amcham.com.al\/sq\/wp-json\/wp\/v2\/media?parent=30157"}],"curies":[{"name":"wp","href":"https:\/\/api.w.org\/{rel}","templated":true}]}}