{"id":30150,"date":"2020-09-28T11:42:42","date_gmt":"2020-09-28T11:42:42","guid":{"rendered":"https:\/\/amcham.com.al\/rreth-nesh\/bylaws\/"},"modified":"2024-04-23T09:33:20","modified_gmt":"2024-04-23T08:33:20","slug":"statuti","status":"publish","type":"page","link":"https:\/\/amcham.com.al\/sq\/about\/statuti\/","title":{"rendered":"Statuti"},"content":{"rendered":"<h3 style=\"\">Statuti i Dhom\u00ebs Amerikane t\u00eb Tregtis\u00eb n\u00eb Shqip\u00ebri<\/h3>\n","protected":false},"excerpt":{"rendered":"<p>Statuti i Dhom\u00ebs Amerikane t\u00eb Tregtis\u00eb n\u00eb Shqip\u00ebri<\/p>\n","protected":false},"author":5,"featured_media":36678,"parent":30063,"menu_order":0,"comment_status":"closed","ping_status":"closed","template":"","meta":{"_acf_changed":false,"_seopress_robots_primary_cat":"","_seopress_titles_title":"","_seopress_titles_desc":"","_seopress_robots_index":"","inline_featured_image":false,"footnotes":""},"class_list":["post-30150","page","type-page","status-publish","has-post-thumbnail","hentry","post-wrapper","thrv_wrapper"],"acf":[],"_links":{"self":[{"href":"https:\/\/amcham.com.al\/sq\/wp-json\/wp\/v2\/pages\/30150","targetHints":{"allow":["GET"]}}],"collection":[{"href":"https:\/\/amcham.com.al\/sq\/wp-json\/wp\/v2\/pages"}],"about":[{"href":"https:\/\/amcham.com.al\/sq\/wp-json\/wp\/v2\/types\/page"}],"author":[{"embeddable":true,"href":"https:\/\/amcham.com.al\/sq\/wp-json\/wp\/v2\/users\/5"}],"replies":[{"embeddable":true,"href":"https:\/\/amcham.com.al\/sq\/wp-json\/wp\/v2\/comments?post=30150"}],"version-history":[{"count":0,"href":"https:\/\/amcham.com.al\/sq\/wp-json\/wp\/v2\/pages\/30150\/revisions"}],"up":[{"embeddable":true,"href":"https:\/\/amcham.com.al\/sq\/wp-json\/wp\/v2\/pages\/30063"}],"wp:featuredmedia":[{"embeddable":true,"href":"https:\/\/amcham.com.al\/sq\/wp-json\/wp\/v2\/media\/36678"}],"wp:attachment":[{"href":"https:\/\/amcham.com.al\/sq\/wp-json\/wp\/v2\/media?parent=30150"}],"curies":[{"name":"wp","href":"https:\/\/api.w.org\/{rel}","templated":true}]}}