{"id":30144,"date":"2020-07-17T00:31:12","date_gmt":"2020-07-16T22:31:12","guid":{"rendered":"https:\/\/amcham.com.al\/trade-investment\/"},"modified":"2025-11-10T12:15:49","modified_gmt":"2025-11-10T11:15:49","slug":"investime-tregti","status":"publish","type":"page","link":"https:\/\/amcham.com.al\/sq\/investime-tregti\/","title":{"rendered":"Investime &#038; Tregti"},"content":{"rendered":"<p><strong>Komiteti i Investimeve dhe Tregtis\u00eb<\/strong><\/p>\n<p><strong>Kryetar \u2013 Adrian Shehu, TCN<\/strong><\/p>\n<p><strong>Z\u00ebvend\u00ebskryetar \u2013 Genc Bi\u00e7oku, Kastrati<\/strong><\/p>\n<p>Axhenda e Investimeve e AmCham-it p\u00ebrcakton 40 propozime q\u00eb mund t\u00eb ndihmojn\u00eb n\u00eb p\u00ebrmir\u00ebsimin e klim\u00ebs s\u00eb biznesit dhe rritjen e investimeve t\u00eb huaja. Komiteti i Investimeve dhe Tregtis\u00eb \u00ebsht\u00eb i z\u00ebsh\u00ebm p\u00ebr zbatimin e axhend\u00ebs p\u00ebrmes angazhimit me t\u00eb gjitha pal\u00ebt e interesuara, p\u00ebr t\u00eb sjell\u00eb ndryshime q\u00eb sigurojn\u00eb q\u00eb bizneset t\u00eb mund t\u00eb punojn\u00eb n\u00eb nj\u00eb treg transparent dhe konkurrues.<\/p>\n<p>I kryesuar nga Adrian Shehu, komiteti theksoi r\u00ebnd\u00ebsin\u00eb e bashk\u00ebpunimit rajonal dhe nevoj\u00ebn p\u00ebr t\u00eb pasur nj\u00eb plan veprimi p\u00ebr t\u2019u angazhuar me AmCham-et e tjera n\u00eb rajon mbi shqet\u00ebsimet e p\u00ebrbashk\u00ebta t\u00eb tregut. Duke p\u00ebrqendruar t\u00eb gjitha p\u00ebrpjekjet n\u00eb nj\u00eb iniciativ\u00eb rajonale m\u00eb t\u00eb koordinuar dhe t\u00eb planifikuar, komiteti synon t\u00eb krijoj\u00eb ngjarje t\u00eb rregullta, q\u00eb do t\u00eb mbahen me radh\u00eb midis vendeve t\u00eb rajonit.<\/p>\n<p>Temat n\u00eb t\u00eb cilat do t\u00eb angazhohet komiteti p\u00ebr t\u00eb krijuar nj\u00eb klim\u00eb t\u00eb q\u00ebndrueshme p\u00ebr investitor\u00ebt jan\u00eb nd\u00ebrkomb\u00ebtarizimi i tregjeve t\u00eb pun\u00ebs p\u00ebr t\u00eb stimuluar dhe inkurajuar operator\u00ebt shqiptar\u00eb t\u00eb punojn\u00eb p\u00ebrtej kufijve, duke gjeneruar pun\u00ebsim dhe duke rritur fluksin e parave t\u00eb gatshme. Komiteti diskutoi gjithashtu mund\u00ebsin\u00eb e organizimit t\u00eb aktiviteteve t\u00eb lidhura me teknologjin\u00eb, duke i dh\u00ebn\u00eb nj\u00eb shtys\u00eb ekonomis\u00eb dixhitale dhe nd\u00ebrgjegj\u00ebsimit t\u00eb investitor\u00ebve n\u00eb m\u00ebnyr\u00eb q\u00eb t\u00eb rritet interesi p\u00ebr Shqip\u00ebrin\u00eb. Plani i veprimit p\u00ebr vitin 2022 do t\u00eb p\u00ebrfshij\u00eb gjithashtu \u00e7\u00ebshtje q\u00eb ndikojn\u00eb n\u00eb investimet amerikane dhe krijimin e nj\u00eb rrjeti pal\u00ebsh t\u00eb interesuara, duke p\u00ebrfshir\u00eb Ambasad\u00ebn e SHBA-s\u00eb dhe organizata t\u00eb tjera, p\u00ebr nj\u00eb efikasitet m\u00eb t\u00eb madh t\u00eb aktiviteteve.<\/p>\n","protected":false},"excerpt":{"rendered":"<p>Komiteti i Investimeve dhe Tregtis\u00eb Kryetar \u2013 Adrian Shehu, TCN Z\u00ebvend\u00ebskryetar \u2013 Genc Bi\u00e7oku, Kastrati Axhenda e Investimeve e AmCham-it p\u00ebrcakton 40 propozime q\u00eb mund t\u00eb ndihmojn\u00eb n\u00eb p\u00ebrmir\u00ebsimin e klim\u00ebs s\u00eb biznesit dhe rritjen e investimeve t\u00eb huaja. Komiteti i Investimeve dhe Tregtis\u00eb \u00ebsht\u00eb i z\u00ebsh\u00ebm p\u00ebr zbatimin e axhend\u00ebs p\u00ebrmes angazhimit me t\u00eb [&hellip;]<\/p>\n","protected":false},"author":5,"featured_media":30351,"parent":0,"menu_order":0,"comment_status":"closed","ping_status":"closed","template":"","meta":{"_acf_changed":false,"_seopress_robots_primary_cat":"","_seopress_titles_title":"","_seopress_titles_desc":"","_seopress_robots_index":"","inline_featured_image":false,"footnotes":""},"class_list":["post-30144","page","type-page","status-publish","has-post-thumbnail","hentry","post-wrapper","thrv_wrapper"],"acf":[],"_links":{"self":[{"href":"https:\/\/amcham.com.al\/sq\/wp-json\/wp\/v2\/pages\/30144","targetHints":{"allow":["GET"]}}],"collection":[{"href":"https:\/\/amcham.com.al\/sq\/wp-json\/wp\/v2\/pages"}],"about":[{"href":"https:\/\/amcham.com.al\/sq\/wp-json\/wp\/v2\/types\/page"}],"author":[{"embeddable":true,"href":"https:\/\/amcham.com.al\/sq\/wp-json\/wp\/v2\/users\/5"}],"replies":[{"embeddable":true,"href":"https:\/\/amcham.com.al\/sq\/wp-json\/wp\/v2\/comments?post=30144"}],"version-history":[{"count":0,"href":"https:\/\/amcham.com.al\/sq\/wp-json\/wp\/v2\/pages\/30144\/revisions"}],"wp:featuredmedia":[{"embeddable":true,"href":"https:\/\/amcham.com.al\/sq\/wp-json\/wp\/v2\/media\/30351"}],"wp:attachment":[{"href":"https:\/\/amcham.com.al\/sq\/wp-json\/wp\/v2\/media?parent=30144"}],"curies":[{"name":"wp","href":"https:\/\/api.w.org\/{rel}","templated":true}]}}