{"id":30138,"date":"2020-07-17T00:25:02","date_gmt":"2020-07-16T22:25:02","guid":{"rendered":"https:\/\/amcham.com.al\/digital-business\/"},"modified":"2025-11-10T12:10:10","modified_gmt":"2025-11-10T11:10:10","slug":"biznesi-dixhital","status":"publish","type":"page","link":"https:\/\/amcham.com.al\/sq\/biznesi-dixhital\/","title":{"rendered":"Biznesi Dixhital"},"content":{"rendered":"<p><strong>Komiteti i Biznesit Dixhital<\/strong><\/p>\n<p><strong>Kryetar \u2013 Genti Daci, MADCOM<\/strong><\/p>\n<p><strong>Z\u00ebvend\u00ebskryetar \u2013 Dhimit\u00ebr Shuli, BBT<\/strong><\/p>\n<p>Misioni i k\u00ebtij Komiteti \u00ebsht\u00eb t\u00eb ndihmoj\u00eb an\u00ebtar\u00ebt t\u00eb p\u00ebrqafojn\u00eb mund\u00ebsin\u00eb e ekonomis\u00eb dixhitale, t\u00eb ndihmoj\u00eb udh\u00ebheq\u00ebsit n\u00eb sektorin privat dhe publik p\u00ebr t\u00eb eksploruar dhe nd\u00ebrtuar t\u00eb ardhmen dixhitale. Ky komitet do t\u00eb ndihmonte n\u00eb rritjen e nd\u00ebrgjegj\u00ebsimit dhe nd\u00ebrtimin e nj\u00eb mjedisi konfidencial ku drejtuesit e biznesit mund t\u00eb m\u00ebsojn\u00eb rreth p\u00ebrfitimeve t\u00eb saj, se si t\u00eb zbatojn\u00eb strategjit\u00eb e duhura p\u00ebr t\u00eb ardhmen dhe t\u00eb ndajn\u00eb praktikat m\u00eb t\u00eb mira ose p\u00ebrvojat e tyre me an\u00ebtar\u00ebt e tjer\u00eb m\u00eb pak t\u00eb p\u00ebrparuar. Komiteti i Biznesit Dixhital do t\u00eb ndihmonte kompanit\u00eb t\u00eb zhvillonin nj\u00eb axhend\u00eb dixhitale p\u00ebr biznesin e tyre, n\u00eb m\u00ebnyr\u00eb q\u00eb t\u00eb p\u00ebrfitonin nga mund\u00ebsit\u00eb e dixhitalizimit dhe t\u00eb minimizonin rreziqet e konkurrenc\u00ebs.Komiteti i Biznesit Dixhital \u00ebsht\u00eb Komiteti m\u00eb i fundit i krijuar i Dhom\u00ebs Amerikane t\u00eb Tregtis\u00eb n\u00eb Shqip\u00ebri. Puna e Komitetit n\u00eb vitin 2019 p\u00ebrfshinte nj\u00eb analiz\u00eb t\u00eb gjer\u00eb se si t\u00eb ket\u00eb ndikim n\u00eb zhvillimin e proceseve dixhitale dhe, m\u00eb konkretisht, n\u00eb vendosjen e n\u00ebnshkrimit elektronik, promovimin e tregtis\u00eb dixhitale dhe trajnimin e bizneseve mbi inovacionet teknologjike.<\/p>\n","protected":false},"excerpt":{"rendered":"<p>Komiteti i Biznesit Dixhital Kryetar \u2013 Genti Daci, MADCOM Z\u00ebvend\u00ebskryetar \u2013 Dhimit\u00ebr Shuli, BBT Misioni i k\u00ebtij Komiteti \u00ebsht\u00eb t\u00eb ndihmoj\u00eb an\u00ebtar\u00ebt t\u00eb p\u00ebrqafojn\u00eb mund\u00ebsin\u00eb e ekonomis\u00eb dixhitale, t\u00eb ndihmoj\u00eb udh\u00ebheq\u00ebsit n\u00eb sektorin privat dhe publik p\u00ebr t\u00eb eksploruar dhe nd\u00ebrtuar t\u00eb ardhmen dixhitale. Ky komitet do t\u00eb ndihmonte n\u00eb rritjen e nd\u00ebrgjegj\u00ebsimit dhe nd\u00ebrtimin [&hellip;]<\/p>\n","protected":false},"author":5,"featured_media":37041,"parent":0,"menu_order":0,"comment_status":"closed","ping_status":"closed","template":"","meta":{"_acf_changed":false,"_seopress_robots_primary_cat":"","_seopress_titles_title":"","_seopress_titles_desc":"Komiteti i Biznesit Dixhital me kryetare - Linda Shomo - Easy Pay dhe n\u00ebnkryetar - Mirgen Hoxha \u2013 Motomtech","_seopress_robots_index":"","inline_featured_image":false,"footnotes":""},"class_list":["post-30138","page","type-page","status-publish","has-post-thumbnail","hentry","post-wrapper","thrv_wrapper"],"acf":[],"_links":{"self":[{"href":"https:\/\/amcham.com.al\/sq\/wp-json\/wp\/v2\/pages\/30138","targetHints":{"allow":["GET"]}}],"collection":[{"href":"https:\/\/amcham.com.al\/sq\/wp-json\/wp\/v2\/pages"}],"about":[{"href":"https:\/\/amcham.com.al\/sq\/wp-json\/wp\/v2\/types\/page"}],"author":[{"embeddable":true,"href":"https:\/\/amcham.com.al\/sq\/wp-json\/wp\/v2\/users\/5"}],"replies":[{"embeddable":true,"href":"https:\/\/amcham.com.al\/sq\/wp-json\/wp\/v2\/comments?post=30138"}],"version-history":[{"count":0,"href":"https:\/\/amcham.com.al\/sq\/wp-json\/wp\/v2\/pages\/30138\/revisions"}],"wp:featuredmedia":[{"embeddable":true,"href":"https:\/\/amcham.com.al\/sq\/wp-json\/wp\/v2\/media\/37041"}],"wp:attachment":[{"href":"https:\/\/amcham.com.al\/sq\/wp-json\/wp\/v2\/media?parent=30138"}],"curies":[{"name":"wp","href":"https:\/\/api.w.org\/{rel}","templated":true}]}}