{"id":30124,"date":"2020-07-17T00:17:33","date_gmt":"2020-07-16T22:17:33","guid":{"rendered":"https:\/\/amcham.com.al\/legal-regulator\/"},"modified":"2026-03-04T10:50:35","modified_gmt":"2026-03-04T09:50:35","slug":"rregullator-ligjor","status":"publish","type":"page","link":"https:\/\/amcham.com.al\/sq\/rregullator-ligjor\/","title":{"rendered":"Rregullator &#038; Ligjor"},"content":{"rendered":"<p><strong>Komiteti Rregullator, Ligjor dhe i Pron\u00ebsis\u00eb Intelektuale<\/strong><\/p>\n<p><strong>Kryetarja \u2013 Albana Karapan\u00e7o \u2013 Tegeria<\/strong><\/p>\n<p><strong>Z\u00ebvend\u00ebskryetar \u2013 Ened Topi, Lalaj &amp; Partners<\/strong><\/p>\n<p><strong>Z\u00ebvend\u00ebskryetar \u2013 Arlind Ahmetaj, Halimi &amp; Ahmetaj<\/strong><\/p>\n<p>Q\u00ebllimi i komitetit \u00ebsht\u00eb t\u00eb monitoroj\u00eb vazhdimisht dhe t\u00eb bashk\u00ebveproj\u00eb me organet rregullatore t\u00eb Shqip\u00ebris\u00eb n\u00eb lidhje me rregullat dhe praktikat e tyre. Ai synon t\u00eb kontribuoj\u00eb n\u00eb krijimin e nj\u00eb kuadri ligjor t\u00eb p\u00ebrshtatsh\u00ebm, duke ofruar informacion dhe rekomandime p\u00ebr institucionet dhe an\u00ebtar\u00ebt p\u00ebrkat\u00ebs. Ai informon dhe edukon an\u00ebtar\u00ebt mbi zhvillimet n\u00eb lidhje me legjislacionin n\u00eb koh\u00ebn e duhur, duke d\u00ebrguar informacion ligjor \u00e7do tremujor. Komiteti gjithashtu lobon, rrit nd\u00ebrgjegj\u00ebsimin dhe harton strategji mbi \u00e7\u00ebshtjet q\u00eb lidhen me t\u00eb drejtat e pron\u00ebsis\u00eb intelektuale. Komiteti gjithashtu mbulon proceset e prokurimit publik dhe punon ngusht\u00eb me komitete t\u00eb tjera.<\/p>\n<p>Ndryshimet n\u00eb legjislacion dhe rregullore ndikojn\u00eb n\u00eb operacionet e biznesit, dhe Komiteti Rregullator, Ligjor dhe i t\u00eb Drejtave t\u00eb Pron\u00ebsis\u00eb Intelektuale i ndihmon an\u00ebtar\u00ebt e AmCham me ekspertiz\u00ebn e tij, duke ofruar jo vet\u00ebm informacion t\u00eb azhurnuar, por edhe rrug\u00eb dialogu dhe bashk\u00ebpunimi me t\u00eb gjitha institucionet rregullatore q\u00eb zbatojn\u00eb k\u00ebto ndryshime.<\/p>\n<p>Komiteti Rregullator, Ligjor dhe i t\u00eb Drejtave t\u00eb Pron\u00ebsis\u00eb Intelektuale luan nj\u00eb rol ky\u00e7 n\u00eb zbatimin e Axhend\u00ebs s\u00eb Investimeve t\u00eb AmCham p\u00ebrmes bashk\u00ebpunimit institucional q\u00eb \u00ebsht\u00eb i nevojsh\u00ebm p\u00ebr t\u00eb zbatuar rekomandimet.<\/p>\n<h2 style=\"\">Dokumentet dhe Puna e Komitetit<\/h2>\n<p>Komentet e AmCham mbi Projektligjin \u201cP\u00ebr sigurimin e detyruesh\u00ebm t\u00eb banesave nga t\u00ebrmetet\u201d<\/p>\n<p><a href=\"https:\/\/amcham.com.al\/wp-content\/uploads\/2023\/09\/78.1-AmCham-Komente-mbi-projektligjin-mbi-sigurimin-e-detyrueshem-per-termetet.pdf\" target=\"_blank\"><!--! Font Awesome Free 6.7.1 by @fontawesome - https:\/\/fontawesome.com License - https:\/\/fontawesome.com\/license\/free (Icons: CC BY 4.0, Fonts: SIL OFL 1.1, Code: MIT License) Copyright 2024 Fonticons, Inc. --><\/a><\/p>\n","protected":false},"excerpt":{"rendered":"<p>Komiteti Rregullator, Ligjor dhe i Pron\u00ebsis\u00eb Intelektuale Kryetarja \u2013 Albana Karapan\u00e7o \u2013 Tegeria Z\u00ebvend\u00ebskryetar \u2013 Ened Topi, Lalaj &amp; Partners Z\u00ebvend\u00ebskryetar \u2013 Arlind Ahmetaj, Halimi &amp; Ahmetaj Q\u00ebllimi i komitetit \u00ebsht\u00eb t\u00eb monitoroj\u00eb vazhdimisht dhe t\u00eb bashk\u00ebveproj\u00eb me organet rregullatore t\u00eb Shqip\u00ebris\u00eb n\u00eb lidhje me rregullat dhe praktikat e tyre. Ai synon t\u00eb kontribuoj\u00eb n\u00eb [&hellip;]<\/p>\n","protected":false},"author":5,"featured_media":38786,"parent":0,"menu_order":0,"comment_status":"closed","ping_status":"closed","template":"","meta":{"_acf_changed":false,"_seopress_robots_primary_cat":"","_seopress_titles_title":"Rregullator & Ligjor | AmCham Albania","_seopress_titles_desc":"Misioni yn\u00eb \u00ebsht\u00eb t\u00eb kontribuojm\u00eb n\u00eb nj\u00eb kuad\u00ebr ligjor t\u00eb fuqish\u00ebm duke ofruar informacion dhe rekomandime n\u00eb koh\u00eb p\u00ebr institucionet p\u00ebrkat\u00ebse.","_seopress_robots_index":"","inline_featured_image":false,"footnotes":""},"class_list":["post-30124","page","type-page","status-publish","has-post-thumbnail","hentry","post-wrapper","thrv_wrapper"],"acf":[],"_links":{"self":[{"href":"https:\/\/amcham.com.al\/sq\/wp-json\/wp\/v2\/pages\/30124","targetHints":{"allow":["GET"]}}],"collection":[{"href":"https:\/\/amcham.com.al\/sq\/wp-json\/wp\/v2\/pages"}],"about":[{"href":"https:\/\/amcham.com.al\/sq\/wp-json\/wp\/v2\/types\/page"}],"author":[{"embeddable":true,"href":"https:\/\/amcham.com.al\/sq\/wp-json\/wp\/v2\/users\/5"}],"replies":[{"embeddable":true,"href":"https:\/\/amcham.com.al\/sq\/wp-json\/wp\/v2\/comments?post=30124"}],"version-history":[{"count":0,"href":"https:\/\/amcham.com.al\/sq\/wp-json\/wp\/v2\/pages\/30124\/revisions"}],"wp:featuredmedia":[{"embeddable":true,"href":"https:\/\/amcham.com.al\/sq\/wp-json\/wp\/v2\/media\/38786"}],"wp:attachment":[{"href":"https:\/\/amcham.com.al\/sq\/wp-json\/wp\/v2\/media?parent=30124"}],"curies":[{"name":"wp","href":"https:\/\/api.w.org\/{rel}","templated":true}]}}