{"id":30118,"date":"2020-07-17T00:21:32","date_gmt":"2020-07-16T22:21:32","guid":{"rendered":"https:\/\/amcham.com.al\/labor-ethics\/"},"modified":"2025-11-10T11:59:36","modified_gmt":"2025-11-10T10:59:36","slug":"puna-etika","status":"publish","type":"page","link":"https:\/\/amcham.com.al\/sq\/puna-etika\/","title":{"rendered":"Puna &#038; Etika"},"content":{"rendered":"<p><strong>Komiteti i Pun\u00ebs dhe Etik\u00ebs<\/strong><\/p>\n<p><strong>Kryetarja \u2013 Valbona Dode, AADF<\/strong><\/p>\n<p><strong>Z\u00ebvend\u00ebskryetar \u2013 Endri \u00c7ela, Duda shpk- Hotel Adriatik<\/strong><\/p>\n<p>Burimet Njer\u00ebzore dhe roli i tyre n\u00eb operacionet e p\u00ebrditshme t\u00eb biznesit, kan\u00eb marr\u00eb nj\u00eb vler\u00eb m\u00eb t\u00eb madhe, ve\u00e7an\u00ebrisht gjat\u00eb pandemis\u00eb. Trajnimi i fuqis\u00eb pun\u00ebtore p\u00ebr t\u2019u p\u00ebrshtatur realiteteve t\u00eb reja dhe roli i lidershipit n\u00eb ndryshimet strategjike, ishin n\u00eb fokus t\u00eb takimit t\u00eb Komitetit t\u00eb Pun\u00ebs dhe Etik\u00ebs. Komiteti po p\u00ebrgatitet t\u2019u ofroj\u00eb an\u00ebtar\u00ebve t\u00eb AmCham nj\u00eb program t\u00eb detajuar trajnimi mbi zhvillimin profesional dhe ndryshimet e fundit n\u00eb ligjin e pun\u00ebs.<\/p>\n<p>Komiteti, i kryesuar nga Roden Pajaj, do t\u00eb punoj\u00eb me an\u00ebtar\u00ebt p\u00ebr t\u00eb vazhduar n\u00eb vitin 2022 duke u marr\u00eb me \u00e7\u00ebshtjet q\u00eb ndikojn\u00eb n\u00eb tregun e pun\u00ebs, si\u00e7 jan\u00eb ndryshimet n\u00eb fuqin\u00eb pun\u00ebtore, ve\u00e7an\u00ebrisht roli i luajtur nga mij\u00ebvje\u00e7ar\u00ebt n\u00eb treg. Temat q\u00eb prekin etik\u00ebn e biznesit do t\u00eb promovohen p\u00ebrs\u00ebri p\u00ebrmes organizimit t\u00eb konferencave me kontribute t\u00eb r\u00ebnd\u00ebsishme vendase dhe nd\u00ebrkomb\u00ebtare.<\/p>\n<p>An\u00ebtar\u00ebt e Komitetit ishin t\u00eb mendimit se drejtor\u00ebt ekzekutiv\u00eb t\u00eb korporatave an\u00ebtare t\u00eb AmCham duhet t\u00eb b\u00ebhen pjes\u00eb e k\u00ebtyre konferencave, p\u00ebr t\u00eb ndar\u00eb p\u00ebrvojat e tyre me an\u00ebtar\u00ebt e tjer\u00eb.<\/p>\n<p>Komiteti propozoi zhvillimin e nj\u00eb aktiviteti t\u00eb Rrjetit t\u00eb Burimeve Njer\u00ebzore, si nj\u00eb m\u00ebnyr\u00eb jo vet\u00ebm p\u00ebr t\u00eb krijuar rrjete midis ekspert\u00ebve n\u00eb fush\u00ebn e burimeve njer\u00ebzore, por edhe p\u00ebr t\u00eb ndar\u00eb p\u00ebrvoja dhe informacione q\u00eb vijn\u00eb nga ajo fush\u00eb.<\/p>\n","protected":false},"excerpt":{"rendered":"<p>Komiteti i Pun\u00ebs dhe Etik\u00ebs Kryetarja \u2013 Valbona Dode, AADF Z\u00ebvend\u00ebskryetar \u2013 Endri \u00c7ela, Duda shpk- Hotel Adriatik Burimet Njer\u00ebzore dhe roli i tyre n\u00eb operacionet e p\u00ebrditshme t\u00eb biznesit, kan\u00eb marr\u00eb nj\u00eb vler\u00eb m\u00eb t\u00eb madhe, ve\u00e7an\u00ebrisht gjat\u00eb pandemis\u00eb. Trajnimi i fuqis\u00eb pun\u00ebtore p\u00ebr t\u2019u p\u00ebrshtatur realiteteve t\u00eb reja dhe roli i lidershipit n\u00eb [&hellip;]<\/p>\n","protected":false},"author":5,"featured_media":37495,"parent":0,"menu_order":0,"comment_status":"closed","ping_status":"closed","template":"","meta":{"_acf_changed":false,"_seopress_robots_primary_cat":"","_seopress_titles_title":"Komiteti i Pun\u00ebs dhe Etik\u00ebs | Dhoma Amerikane e Tregtis\u00eb","_seopress_titles_desc":"Trajnimi i fuqis\u00eb pun\u00ebtore p\u00ebr t\u2019iu p\u00ebrshtatur realiteteve t\u00eb reja dhe roli i lidershipit n\u00eb ndryshimet strategjike, ishin n\u00eb fokus t\u00eb mbledhjes s\u00eb Komitetit t\u00eb Pun\u00ebs dhe Etik\u00ebs.","_seopress_robots_index":"","inline_featured_image":false,"footnotes":""},"class_list":["post-30118","page","type-page","status-publish","has-post-thumbnail","hentry","post-wrapper","thrv_wrapper"],"acf":[],"_links":{"self":[{"href":"https:\/\/amcham.com.al\/sq\/wp-json\/wp\/v2\/pages\/30118","targetHints":{"allow":["GET"]}}],"collection":[{"href":"https:\/\/amcham.com.al\/sq\/wp-json\/wp\/v2\/pages"}],"about":[{"href":"https:\/\/amcham.com.al\/sq\/wp-json\/wp\/v2\/types\/page"}],"author":[{"embeddable":true,"href":"https:\/\/amcham.com.al\/sq\/wp-json\/wp\/v2\/users\/5"}],"replies":[{"embeddable":true,"href":"https:\/\/amcham.com.al\/sq\/wp-json\/wp\/v2\/comments?post=30118"}],"version-history":[{"count":0,"href":"https:\/\/amcham.com.al\/sq\/wp-json\/wp\/v2\/pages\/30118\/revisions"}],"wp:featuredmedia":[{"embeddable":true,"href":"https:\/\/amcham.com.al\/sq\/wp-json\/wp\/v2\/media\/37495"}],"wp:attachment":[{"href":"https:\/\/amcham.com.al\/sq\/wp-json\/wp\/v2\/media?parent=30118"}],"curies":[{"name":"wp","href":"https:\/\/api.w.org\/{rel}","templated":true}]}}