{"id":30103,"date":"2020-07-17T00:00:40","date_gmt":"2020-07-16T22:00:40","guid":{"rendered":"https:\/\/amcham.com.al\/tax-custom\/"},"modified":"2026-03-05T09:11:15","modified_gmt":"2026-03-05T08:11:15","slug":"tatimet-doganat","status":"publish","type":"page","link":"https:\/\/amcham.com.al\/sq\/tatimet-doganat\/","title":{"rendered":"Tatim &amp; Doganat"},"content":{"rendered":"<p style=\"\"><strong>Komiteti i Tatimeve dhe Doganave<\/strong><strong>Kryetarja \u2013 Alketa Uru\u00e7i, Boga &amp; Associates<\/strong><strong>N\u00ebnkryetare \u2013 Olta Kaziaj, Avanntive<\/strong><\/p>\n<p data-end=\"503\" data-start=\"122\">Komiteti i Taksave dhe Doganave i Dhom\u00ebs Amerikane t\u00eb Tregtis\u00eb n\u00eb Shqip\u00ebri sh\u00ebrben si nj\u00eb platform\u00eb dialogu midis sektorit privat dhe institucioneve publike mbi \u00e7\u00ebshtjet fiskale dhe doganore q\u00eb ndikojn\u00eb n\u00eb mjedisin e biznesit. Komiteti synon t\u00eb kontribuoj\u00eb n\u00eb krijimin e nj\u00eb kuadri tatimor transparent, t\u00eb parashikuesh\u00ebm dhe konkurrues q\u00eb mb\u00ebshtet rritjen ekonomike dhe investimet.<\/p>\n<p data-end=\"996\" data-start=\"505\">P\u00ebrmes analiz\u00ebs s\u00eb politikave, konsultimeve dhe bashk\u00ebpunimit me autoritetet p\u00ebrkat\u00ebse, Komiteti punon p\u00ebr t\u00eb identifikuar sfidat me t\u00eb cilat p\u00ebrballen bizneset dhe p\u00ebr t\u00eb ofruar rekomandime konkrete p\u00ebr p\u00ebrmir\u00ebsimin e legjislacionit dhe zbatimit t\u00eb tij n\u00eb fush\u00ebn e taksave dhe doganave. Duke promovuar praktikat m\u00eb t\u00eb mira dhe duke nxitur dialog t\u00eb hapur, Komiteti mb\u00ebshtet misionin m\u00eb t\u00eb gjer\u00eb t\u00eb AmCham p\u00ebr nj\u00eb mjedis rregullator t\u00eb drejt\u00eb dhe efikas p\u00ebr bizneset q\u00eb operojn\u00eb n\u00eb Shqip\u00ebri.<\/p>\n<h2 style=\"\">Dokumentet dhe Puna e Komitetit<\/h2>\n<p>Komente mbi projektligjin per taksen mbi pasurine e paluajtshme<\/p>\n<p><a href=\"https:\/\/amcham.com.al\/wp-content\/uploads\/2023\/09\/77.AmCham-Komente-mbi-projektligjin-per-taksen-mbi-pasurine-e-paluajtshme.pdf\" target=\"_blank\"><!--! Font Awesome Free 6.7.1 by @fontawesome - https:\/\/fontawesome.com License - https:\/\/fontawesome.com\/license\/free (Icons: CC BY 4.0, Fonts: SIL OFL 1.1, Code: MIT License) Copyright 2024 Fonticons, Inc. --><\/a><\/p>\n","protected":false},"excerpt":{"rendered":"<p>Komiteti i Tatimeve dhe DoganaveKryetarja \u2013 Alketa Uru\u00e7i, Boga &amp; AssociatesN\u00ebnkryetare \u2013 Olta Kaziaj, Avanntive Komiteti i Taksave dhe Doganave i Dhom\u00ebs Amerikane t\u00eb Tregtis\u00eb n\u00eb Shqip\u00ebri sh\u00ebrben si nj\u00eb platform\u00eb dialogu midis sektorit privat dhe institucioneve publike mbi \u00e7\u00ebshtjet fiskale dhe doganore q\u00eb ndikojn\u00eb n\u00eb mjedisin e biznesit. Komiteti synon t\u00eb kontribuoj\u00eb n\u00eb krijimin [&hellip;]<\/p>\n","protected":false},"author":5,"featured_media":36849,"parent":0,"menu_order":0,"comment_status":"closed","ping_status":"closed","template":"","meta":{"_acf_changed":false,"_seopress_robots_primary_cat":"","_seopress_titles_title":"","_seopress_titles_desc":"Komiteti ndjek dhe vler\u00ebson p\u00ebrdit\u00ebsimet ky\u00e7e n\u00eb ligjet tatimore, me q\u00ebllim q\u00eb t\u00eb mbaj\u00eb an\u00ebtar\u00ebt t\u00eb informuar rreth ndryshimeve q\u00eb kan\u00eb t\u00eb b\u00ebjn\u00eb me taksat","_seopress_robots_index":"","inline_featured_image":false,"footnotes":""},"class_list":["post-30103","page","type-page","status-publish","has-post-thumbnail","hentry","post-wrapper","thrv_wrapper"],"acf":[],"_links":{"self":[{"href":"https:\/\/amcham.com.al\/sq\/wp-json\/wp\/v2\/pages\/30103","targetHints":{"allow":["GET"]}}],"collection":[{"href":"https:\/\/amcham.com.al\/sq\/wp-json\/wp\/v2\/pages"}],"about":[{"href":"https:\/\/amcham.com.al\/sq\/wp-json\/wp\/v2\/types\/page"}],"author":[{"embeddable":true,"href":"https:\/\/amcham.com.al\/sq\/wp-json\/wp\/v2\/users\/5"}],"replies":[{"embeddable":true,"href":"https:\/\/amcham.com.al\/sq\/wp-json\/wp\/v2\/comments?post=30103"}],"version-history":[{"count":0,"href":"https:\/\/amcham.com.al\/sq\/wp-json\/wp\/v2\/pages\/30103\/revisions"}],"wp:featuredmedia":[{"embeddable":true,"href":"https:\/\/amcham.com.al\/sq\/wp-json\/wp\/v2\/media\/36849"}],"wp:attachment":[{"href":"https:\/\/amcham.com.al\/sq\/wp-json\/wp\/v2\/media?parent=30103"}],"curies":[{"name":"wp","href":"https:\/\/api.w.org\/{rel}","templated":true}]}}