{"id":30095,"date":"2020-09-28T11:52:52","date_gmt":"2020-09-28T10:52:52","guid":{"rendered":"https:\/\/amcham.com.al\/advocacy-policy\/"},"modified":"2024-04-24T11:01:51","modified_gmt":"2024-04-24T10:01:51","slug":"avokim-politika","status":"publish","type":"page","link":"https:\/\/amcham.com.al\/sq\/avokim-politika\/","title":{"rendered":"Avokim &#038; Politika"},"content":{"rendered":"\n<p><\/p>\n\n\n<p><b><span data-contrast=\"auto\">Struktura e re antikorrupsion n\u00eb Ministrin\u00eb e Drejt\u00ebsis\u00eb<\/span><\/b><span data-ccp-props=\"{&quot;201341983&quot;:0,&quot;335559739&quot;:160,&quot;335559740&quot;:240}\">\u00a0<\/span><\/p>\n<ul>\n<li><a href=\"https:\/\/amcham.com.al\/wp-content\/uploads\/2021\/12\/Struktura-antikorrupsion-ne-Ministrine-e-Drejtesise.docx\">Struktura antikorrupsion ne Ministrine e Drejtesise<\/a><\/li>\n<\/ul>\n<p><strong>Rekomandime p\u00ebr Covid Qeveris\u00eb<\/strong><\/p>\n<ul>\n<li><a href=\"https:\/\/amcham.com.al\/wp-content\/uploads\/2021\/12\/Leter-e-AmCham-lidhur-me-masat-ekonomike-COVID-19_Final-2.pdf\">Leter e AmCham lidhur me masat ekonomike COVID-19 (PDF)<\/a><\/li>\n<\/ul>\n<p><strong>\u00c7\u00ebshtjet fiskale<\/strong><\/p>\n<ul>\n<li><a href=\"https:\/\/amcham.com.al\/wp-content\/uploads\/2020\/10\/Propozim-AmCham-Paketa-Fiskale-2019.doc\" target=\"_blank\" rel=\"noopener noreferrer\">Propozim AmCham Paketa Fiskale 2019<\/a><\/li>\n<li><a href=\"https:\/\/amcham.com.al\/wp-content\/uploads\/2020\/10\/Komente-per-projekt-ligji-per-faturen-dhe-sistemin-e-monitorimit-te-qarkullimit.docx\" target=\"_blank\" rel=\"noopener noreferrer\">Komente per projekt-ligji per faturen dhe sistemin e monitorimit te qarkullimit<\/a><\/li>\n<li><a href=\"https:\/\/amcham.com.al\/wp-content\/uploads\/2020\/10\/Komente-te-Dhomes-Amerikane-te-Tregtise-lidhur-me-Paketen-Fiskale-2020.docx\" target=\"_blank\" rel=\"noopener noreferrer\">Komente te Dhomes Amerikane te Tregtise lidhur me Paketen Fiskale 2020<\/a><\/li>\n<li><a href=\"https:\/\/amcham.com.al\/wp-content\/uploads\/2022\/03\/Kthim-Pergjigje-nga-MFE.-Fiskalizimi.pdf\" target=\"_blank\" rel=\"noopener\">Kthim Pergjigje nga Min. e Finances per Fiskalizimin (pdf)<\/a><\/li>\n<li><a href=\"https:\/\/amcham.com.al\/wp-content\/uploads\/2022\/07\/15.1-AmCham_Percjellje-e-problematikave-mbi-fiskalizimin.pdf\" target=\"_blank\" rel=\"noopener\">P\u00ebrcjellje e problematikave mbi fiskalizimin 2022<\/a><\/li>\n<li>\u00a0<\/li>\n<\/ul>\n<p><strong>\u00c7\u00ebshtjet e investimeve<\/strong><\/p>\n<ul>\n<li><a href=\"https:\/\/amcham.com.al\/wp-content\/uploads\/2020\/10\/Komentet-e-AmCham-per-pronat-per-Keshillin-e-Investimeve.docx\" target=\"_blank\" rel=\"noopener noreferrer\">Komentet e AmCham per pronat per Keshillin e Investimeve<\/a><\/li>\n<\/ul>","protected":false},"excerpt":{"rendered":"<p>Struktura e re antikorrupsion n\u00eb Ministrin\u00eb e Drejt\u00ebsis\u00eb\u00a0 Struktura antikorrupsion ne Ministrine e Drejtesise Rekomandime p\u00ebr Covid Qeveris\u00eb Leter e AmCham lidhur me masat ekonomike COVID-19 (PDF) \u00c7\u00ebshtjet fiskale Propozim AmCham Paketa Fiskale 2019 Komente per projekt-ligji per faturen dhe sistemin e monitorimit te qarkullimit Komente te Dhomes Amerikane te Tregtise lidhur me Paketen Fiskale [&hellip;]<\/p>\n","protected":false},"author":5,"featured_media":36810,"parent":0,"menu_order":0,"comment_status":"closed","ping_status":"closed","template":"","meta":{"_acf_changed":false,"_seopress_robots_primary_cat":"","_seopress_titles_title":"Avokim dhe Politika t\u00eb Dhom\u00ebs Amerikane t\u00eb Tregtis\u00eb","_seopress_titles_desc":"P\u00ebrpjekjet e Dhom\u00ebs Amerikane p\u00ebr avokim jan\u00eb t\u00eb fokusuara n\u00eb masat kund\u00ebr korrupsionit, \u00e7\u00ebshtjet fiskale dhe promovimin e investimeve.","_seopress_robots_index":"","inline_featured_image":false,"footnotes":""},"class_list":["post-30095","page","type-page","status-publish","has-post-thumbnail","hentry","post-wrapper","thrv_wrapper"],"acf":[],"_links":{"self":[{"href":"https:\/\/amcham.com.al\/sq\/wp-json\/wp\/v2\/pages\/30095","targetHints":{"allow":["GET"]}}],"collection":[{"href":"https:\/\/amcham.com.al\/sq\/wp-json\/wp\/v2\/pages"}],"about":[{"href":"https:\/\/amcham.com.al\/sq\/wp-json\/wp\/v2\/types\/page"}],"author":[{"embeddable":true,"href":"https:\/\/amcham.com.al\/sq\/wp-json\/wp\/v2\/users\/5"}],"replies":[{"embeddable":true,"href":"https:\/\/amcham.com.al\/sq\/wp-json\/wp\/v2\/comments?post=30095"}],"version-history":[{"count":0,"href":"https:\/\/amcham.com.al\/sq\/wp-json\/wp\/v2\/pages\/30095\/revisions"}],"wp:featuredmedia":[{"embeddable":true,"href":"https:\/\/amcham.com.al\/sq\/wp-json\/wp\/v2\/media\/36810"}],"wp:attachment":[{"href":"https:\/\/amcham.com.al\/sq\/wp-json\/wp\/v2\/media?parent=30095"}],"curies":[{"name":"wp","href":"https:\/\/api.w.org\/{rel}","templated":true}]}}