{"id":30083,"date":"2017-10-02T02:34:01","date_gmt":"2017-10-02T02:34:01","guid":{"rendered":"https:\/\/amcham.com.al\/about\/code-of-ethics\/"},"modified":"2024-04-23T16:10:51","modified_gmt":"2024-04-23T15:10:51","slug":"kodi-i-etikes","status":"publish","type":"page","link":"https:\/\/amcham.com.al\/sq\/about\/kodi-i-etikes\/","title":{"rendered":"Kodi i Etik\u00ebs"},"content":{"rendered":"<p>[vc_row][vc_column][vc_tta_accordion][vc_tta_section title=&#8221;Kodi i Etik\u00ebs&#8221; tab_id=&#8221;1510625220408-68b25987-5c77&#8243;][vc_row_inner][vc_column_inner][vc_column_text]<span data-contrast=\"auto\">Si nj\u00eb organizat\u00eb e p\u00ebrkushtuar p\u00ebr t\u00eb \u00e7uar m\u00eb tej zhvillimin e marr\u00ebdh\u00ebnieve t\u00eb biznesit nd\u00ebrmjet SHBA-s\u00eb dhe Shqip\u00ebris\u00eb, Dhoma Amerikane e konsideron p\u00ebrshtatjen dhe promovimin e standardeve t\u00eb drejta dhe etike t\u00eb biznesit dhe p\u00ebrgjegj\u00ebsin\u00eb sociale t\u00eb bashk\u00ebpunimit si synimet e saj m\u00eb t\u00eb r\u00ebnd\u00ebsishme n\u00eb pun\u00ebn dhe nd\u00ebrveprimin me t\u00eb tjer\u00ebt. Dhoma Amerikane, n\u00ebp\u00ebrmjet miratimit t\u00eb k\u00ebtij Kodi, nd\u00ebrrmerr nj\u00eb rol aktiv dhe udh\u00ebheq\u00ebs n\u00eb promovimin e praktikave m\u00eb t\u00eb mira amerikane ndaj komunitetit t\u00eb biznesit q\u00eb operon n\u00eb Shqip\u00ebri. Kodi duhet t\u00eb p\u00ebrdoret nga Dhoma Amerikane dhe bizneset e saj an\u00ebtare n\u00eb \u00e7do aspekt t\u00eb operacioneve t\u00eb tyre:\u00a0<\/span><span data-ccp-props=\"{&quot;201341983&quot;:0,&quot;335559685&quot;:720,&quot;335559739&quot;:200,&quot;335559740&quot;:240}\">\u00a0<\/span>[\/vc_column_text][\/vc_column_inner][\/vc_row_inner][\/vc_tta_section][vc_tta_section title=&#8221;Angazhimi i qeveris\u00eb:&#8221; tab_id=&#8221;1510626946593-79fbef85-45e2&#8243;][vc_row_inner][vc_column_inner][vc_column_text]<i><span data-contrast=\"auto\">Bizneset an\u00ebtare duhet t\u00eb respektojn\u00eb sundimin e ligjit n\u00eb angazhimin e tyre me qeverin\u00eb:<\/span><\/i><span data-ccp-props=\"{&quot;201341983&quot;:0,&quot;335559685&quot;:720,&quot;335559739&quot;:200,&quot;335559740&quot;:240}\">\u00a0<\/span><\/p>\n<p><span data-contrast=\"auto\">Respektoni ligjet dhe rregulloret dhe p\u00ebrmbajuni zbatimit t\u00eb ligjit;\u00a0<\/span><span data-ccp-props=\"{&quot;201341983&quot;:0,&quot;335559685&quot;:720,&quot;335559739&quot;:200,&quot;335559740&quot;:240}\">\u00a0<\/span><\/p>\n<p><span data-contrast=\"auto\">Mos u p\u00ebrfshini n\u00eb aktivitete q\u00eb mund t\u00eb interpretohen si t\u00eb korruptuara ose n\u00eb shkelje t\u00eb ligjit;\u00a0<\/span><span data-ccp-props=\"{&quot;201341983&quot;:0,&quot;335559685&quot;:720,&quot;335559739&quot;:200,&quot;335559740&quot;:240}\">\u00a0<\/span><\/p>\n<p><span data-contrast=\"auto\">Mos u p\u00ebrfshini n\u00eb p\u00ebrpjekje p\u00ebr t\u00eb ndikuar mbi interesa n\u00ebp\u00ebrmjet shk\u00ebmbimit t\u00eb dhuratave, parave ose informacioneve;\u00a0<\/span><span data-ccp-props=\"{&quot;201341983&quot;:0,&quot;335559685&quot;:720,&quot;335559739&quot;:200,&quot;335559740&quot;:240}\">\u00a0<\/span><\/p>\n<p><span data-contrast=\"auto\">Mos u p\u00ebrfshini n\u00eb k\u00ebrkesa p\u00ebr trajtime t\u00eb ve\u00e7anta bazuar n\u00eb p\u00ebrdorimin e pahijsh\u00ebm t\u00eb marr\u00ebdh\u00ebnieve personale, gjat\u00eb kryerjes s\u00eb aktiviteteve profesionale.\u00a0<\/span><span data-ccp-props=\"{&quot;201341983&quot;:0,&quot;335559685&quot;:720,&quot;335559739&quot;:200,&quot;335559740&quot;:240}\">\u00a0<\/span>[\/vc_column_text][\/vc_column_inner][\/vc_row_inner][\/vc_tta_section][vc_tta_section title=&#8221;Sjellja e biznesit:&#8221; tab_id=&#8221;1510626945861-9effbc80-d929&#8243;][vc_row_inner][vc_column_inner][vc_column_text]<i><span data-contrast=\"auto\">Bizneset an\u00ebtare do t\u00eb angazhohen n\u00eb praktika biznesi t\u00eb drejta dhe etike:\u00a0<\/span><\/i><span data-ccp-props=\"{&quot;201341983&quot;:0,&quot;335559685&quot;:720,&quot;335559739&quot;:200,&quot;335559740&quot;:240}\">\u00a0<\/span><\/p>\n<p><span data-ccp-props=\"{&quot;201341983&quot;:0,&quot;335559685&quot;:720,&quot;335559739&quot;:200,&quot;335559740&quot;:240}\">\u00a0<\/span><span data-contrast=\"auto\">T\u00eb respektojn\u00eb ligjin n\u00eb ushtrimin e veprimtaris\u00eb s\u00eb tyre afariste dhe t\u00eb b\u00ebjn\u00eb biznes n\u00eb m\u00ebnyr\u00eb transparente;\u00a0<\/span><span data-ccp-props=\"{&quot;201341983&quot;:0,&quot;335559685&quot;:720,&quot;335559739&quot;:200,&quot;335559740&quot;:240}\">\u00a0<\/span><\/p>\n<p><span data-contrast=\"auto\">As mos pranoni dhe as mos ofroni asnj\u00eb form\u00eb ryshfeti n\u00eb kryerjen e biznesit;\u00a0<\/span><span data-ccp-props=\"{&quot;201341983&quot;:0,&quot;335559685&quot;:720,&quot;335559739&quot;:200,&quot;335559740&quot;:240}\">\u00a0<\/span><\/p>\n<p><span data-contrast=\"auto\">P\u00ebrmbahuni nga dh\u00ebnia e informacioneve t\u00eb rreme ose mashtruese dhe p\u00ebrfaq\u00ebsohuni denj\u00ebsisht n\u00eb diskutime dhe negociata;\u00a0<\/span><span data-ccp-props=\"{&quot;201341983&quot;:0,&quot;335559685&quot;:720,&quot;335559739&quot;:200,&quot;335559740&quot;:240}\">\u00a0<\/span><\/p>\n<p><span data-contrast=\"auto\">Aplikoni praktika biznesi t\u00eb p\u00ebrgjegjshme p\u00ebr mjedisin.\u00a0<\/span><span data-ccp-props=\"{&quot;201341983&quot;:0,&quot;335559685&quot;:720,&quot;335559739&quot;:200,&quot;335559740&quot;:240}\">\u00a0<\/span>[\/vc_column_text][\/vc_column_inner][\/vc_row_inner][\/vc_tta_section][vc_tta_section title=&#8221;Sjellja e punonj\u00ebsve:&#8221; tab_id=&#8221;1510626944543-d3631085-85c3&#8243;][vc_row_inner][vc_column_inner][vc_column_text]<i><span data-contrast=\"auto\">Bizneset an\u00ebtare duhet t\u00eb ofrojn\u00eb nj\u00eb mjedis pune t\u00eb sigurt\u00eb dhe etik:\u00a0<\/span><\/i><span data-ccp-props=\"{&quot;201341983&quot;:0,&quot;335559685&quot;:720,&quot;335559739&quot;:200,&quot;335559740&quot;:240}\">\u00a0<\/span><\/p>\n<p><span data-ccp-props=\"{&quot;201341983&quot;:0,&quot;335559685&quot;:720,&quot;335559739&quot;:200,&quot;335559740&quot;:240}\">\u00a0<\/span><span data-contrast=\"auto\">T\u00eb garantoj\u00eb trajtim t\u00eb drejt\u00eb t\u00eb t\u00eb gjith\u00eb punonj\u00ebsve dhe t\u00eb tregoj\u00eb respekt p\u00ebr individin dhe dinjitetin e pun\u00ebtorit;\u00a0<\/span><span data-ccp-props=\"{&quot;201341983&quot;:0,&quot;335559685&quot;:720,&quot;335559739&quot;:200,&quot;335559740&quot;:240}\">\u00a0<\/span><\/p>\n<p><span data-contrast=\"auto\">Siguroni nj\u00eb mjedis pune t\u00eb sigurt dhe t\u00eb sh\u00ebndetsh\u00ebm n\u00eb vendin e pun\u00ebs;\u00a0<\/span><span data-ccp-props=\"{&quot;201341983&quot;:0,&quot;335559685&quot;:720,&quot;335559739&quot;:200,&quot;335559740&quot;:240}\">\u00a0<\/span><\/p>\n<p><span data-contrast=\"auto\">T\u00eb mos toleroj\u00eb asnj\u00eb p\u00ebrvet\u00ebsim apo p\u00ebrfitim;\u00a0<\/span><span data-ccp-props=\"{&quot;201341983&quot;:0,&quot;335559685&quot;:720,&quot;335559739&quot;:200,&quot;335559740&quot;:240}\">\u00a0<\/span><\/p>\n<p><span data-contrast=\"auto\">Punonj\u00ebsit duhet t\u00eb p\u00ebrmbahen nga p\u00ebrfshirja n\u00eb sjellje ose aktivitete q\u00eb mund t\u00eb rrezikojn\u00eb n\u00eb m\u00ebnyr\u00eb t\u00eb padrejt\u00eb reputacionin e nj\u00eb punonj\u00ebsi tjet\u00ebr n\u00eb kompani;\u00a0<\/span><span data-ccp-props=\"{&quot;201341983&quot;:0,&quot;335559685&quot;:720,&quot;335559739&quot;:200,&quot;335559740&quot;:240}\">\u00a0<\/span><\/p>\n<p><span data-contrast=\"auto\">Punonj\u00ebsit duhet t\u00eb sillen n\u00eb m\u00ebnyr\u00eb t\u00eb till\u00eb q\u00eb t\u00eb sjell\u00eb nder dhe respekt p\u00ebr organizat\u00ebn.\u00a0<\/span><span data-ccp-props=\"{&quot;201341983&quot;:0,&quot;335559685&quot;:720,&quot;335559739&quot;:200,&quot;335559740&quot;:240}\">\u00a0<\/span>[\/vc_column_text][\/vc_column_inner][\/vc_row_inner][\/vc_tta_section][vc_tta_section title=&#8221;Kontributi i komunitetit:&#8221; tab_id=&#8221;1510626943271-7221a955-e644&#8243;][vc_row_inner][vc_column_inner][vc_column_text]Bizneset an\u00ebtare do t\u00eb luajn\u00eb nj\u00eb rol aktiv n\u00eb komunitet:<\/p>\n<p>Veproni me p\u00ebrgjegj\u00ebsi dhe demonstroni p\u00ebrkushtim p\u00ebr zhvillimin e komunitetit p\u00ebrmes promovimit t\u00eb arsimit, sh\u00ebndet\u00ebsis\u00eb, aktiviteteve kulturore dhe t\u00eb tjera;<\/p>\n<p>Kurdoher\u00eb q\u00eb \u00ebsht\u00eb e mundur, inkurajoni punonj\u00ebsit q\u00eb t\u00eb kontribojn\u00eb n\u00eb komunitet p\u00ebrmes vullnetarizmit t\u00eb koh\u00ebs ose burimeve t\u00eb tyre.[\/vc_column_text][\/vc_column_inner][\/vc_row_inner][\/vc_tta_section][\/vc_tta_accordion][\/vc_column][\/vc_row]<\/p>\n","protected":false},"excerpt":{"rendered":"<p>[vc_row][vc_column][vc_tta_accordion][vc_tta_section title=&#8221;Kodi i Etik\u00ebs&#8221; tab_id=&#8221;1510625220408-68b25987-5c77&#8243;][vc_row_inner][vc_column_inner][vc_column_text]Si nj\u00eb organizat\u00eb e p\u00ebrkushtuar p\u00ebr t\u00eb \u00e7uar m\u00eb tej zhvillimin e marr\u00ebdh\u00ebnieve t\u00eb biznesit nd\u00ebrmjet SHBA-s\u00eb dhe Shqip\u00ebris\u00eb, Dhoma Amerikane e konsideron p\u00ebrshtatjen dhe promovimin e standardeve t\u00eb drejta dhe etike t\u00eb biznesit dhe p\u00ebrgjegj\u00ebsin\u00eb sociale t\u00eb bashk\u00ebpunimit si synimet e saj m\u00eb t\u00eb r\u00ebnd\u00ebsishme n\u00eb pun\u00ebn dhe nd\u00ebrveprimin me [&hellip;]<\/p>\n","protected":false},"author":5,"featured_media":36781,"parent":30063,"menu_order":0,"comment_status":"closed","ping_status":"closed","template":"","meta":{"_acf_changed":false,"_seopress_robots_primary_cat":"","_seopress_titles_title":"","_seopress_titles_desc":"","_seopress_robots_index":"","inline_featured_image":false,"footnotes":""},"class_list":["post-30083","page","type-page","status-publish","has-post-thumbnail","hentry","post-wrapper","thrv_wrapper"],"acf":[],"_links":{"self":[{"href":"https:\/\/amcham.com.al\/sq\/wp-json\/wp\/v2\/pages\/30083","targetHints":{"allow":["GET"]}}],"collection":[{"href":"https:\/\/amcham.com.al\/sq\/wp-json\/wp\/v2\/pages"}],"about":[{"href":"https:\/\/amcham.com.al\/sq\/wp-json\/wp\/v2\/types\/page"}],"author":[{"embeddable":true,"href":"https:\/\/amcham.com.al\/sq\/wp-json\/wp\/v2\/users\/5"}],"replies":[{"embeddable":true,"href":"https:\/\/amcham.com.al\/sq\/wp-json\/wp\/v2\/comments?post=30083"}],"version-history":[{"count":0,"href":"https:\/\/amcham.com.al\/sq\/wp-json\/wp\/v2\/pages\/30083\/revisions"}],"up":[{"embeddable":true,"href":"https:\/\/amcham.com.al\/sq\/wp-json\/wp\/v2\/pages\/30063"}],"wp:featuredmedia":[{"embeddable":true,"href":"https:\/\/amcham.com.al\/sq\/wp-json\/wp\/v2\/media\/36781"}],"wp:attachment":[{"href":"https:\/\/amcham.com.al\/sq\/wp-json\/wp\/v2\/media?parent=30083"}],"curies":[{"name":"wp","href":"https:\/\/api.w.org\/{rel}","templated":true}]}}