{"id":30063,"date":"2017-09-26T08:08:51","date_gmt":"2017-09-26T06:08:51","guid":{"rendered":"https:\/\/amcham.com.al\/about\/"},"modified":"2026-02-23T10:51:03","modified_gmt":"2026-02-23T09:51:03","slug":"about","status":"publish","type":"page","link":"https:\/\/amcham.com.al\/sq\/about\/","title":{"rendered":"Rreth nesh"},"content":{"rendered":"<p style=\"\">AmCham Albania \u00ebsht\u00eb z\u00ebri i interesave t\u00eb bizneseve amerikane dhe shqiptare n\u00eb Shqip\u00ebri.<\/p>\n<p style=\"\">Ne jemi z\u00ebri i komunitetit t\u00eb biznesit, duke punuar p\u00ebr t\u00eb form\u00ebsuar politikat ekonomike, p\u00ebr t\u00eb nxitur inovacionin dhe p\u00ebr t\u00eb mb\u00ebshtetur kompanit\u00eb e t\u00eb gjitha madh\u00ebsive.<\/p>\n<h2 id=\"t-1759324657844\">AmChams n\u00eb Evrop\u00eb<\/h2>\n<p><span style=\"font-size: 18px !important;\">Q\u00eb nga viti 2005, Dhoma Amerikane e Tregtis\u00eb n\u00eb Shqip\u00ebri (AmCham Albania) \u00ebsht\u00eb an\u00ebtare e Dhomave Amerikane n\u00eb Evrop\u00eb (ACE).&nbsp;<\/span><span style=\"font-size: 18px !important;\">&nbsp;ACE u themelua n\u00eb vitin 1963 dhe \u00ebsht\u00eb nj\u00eb organizat\u00eb ombrell\u00eb q\u00eb bashkon 44 Dhoma Amerikane, t\u00eb cilat p\u00ebrfaq\u00ebsojn\u00eb s\u00eb bashku interesat e m\u00eb shum\u00eb se 17,000 kompanive amerikane dhe evropiane, duke pun\u00ebsuar 20 milion\u00eb punonj\u00ebs dhe duke p\u00ebrb\u00ebr\u00eb m\u00eb shum\u00eb se 1.1 trilion dollar\u00eb investime n\u00eb t\u00eb dy an\u00ebt e Atlantikut. ACE p\u00ebrpiqet t\u00eb komunikoj\u00eb r\u00ebnd\u00ebsin\u00eb e ekonomis\u00eb transatlantike si n\u00eb Evrop\u00eb ashtu edhe n\u00eb Shtetet e Bashkuara.Dhomat Amerikane t\u00eb Tregtis\u00eb jan\u00eb shoqata biznesi t\u00eb pavarura, joqeveritare, t\u00eb formuara p\u00ebr t\u00eb \u00e7uar p\u00ebrpara interesat dhe pik\u00ebpamjet e biznesit amerikan jasht\u00eb vendit, p\u00ebr t\u00eb mb\u00ebshtetur standardet m\u00eb t\u00eb larta t\u00eb praktik\u00ebs tregtare dhe p\u00ebr t\u00eb interpretuar pik\u00ebpamjen e vendeve t\u00eb tjera p\u00ebr publikun amerikan t\u00eb biznesit. P\u00ebrmes Dhomave Amerikane, njer\u00ebzit e biznesit t\u00eb Shteteve t\u00eb Bashkuara dhe vendeve prit\u00ebse bashkohen dhe promovojn\u00eb interesat e tyre t\u00eb nd\u00ebrsjella.<\/span><\/p>\n<h2 style=\"\" id=\"t-1759324657845\">Pse t\u00eb bashkohesh me AmCham Albania?<\/h2>\n<h2 style=\"\" id=\"t-1759324657848\">Bordi Drejtues&nbsp;<\/h2>\n<p style=\"\">Grant Van Cleve<\/p>\n<p style=\"\"><strong>Kompania:<\/strong> Prodigy SHPK<\/p>\n<p style=\"\"><strong>Roli:<\/strong> President<\/p>\n<p style=\"\">Rexhino \u00c7ekrezi<\/p>\n<p style=\"\"><strong><strong>Kompania:<\/strong><\/strong> Trifolium<\/p>\n<p style=\"\"><strong><strong>Roli:<\/strong><\/strong> Zv.President<\/p>\n<p style=\"\">Dritan Nako<\/p>\n<p style=\"\"><strong>Kompania:<\/strong> ANTEA Cement<\/p>\n<p style=\"\"><strong>Roli:<\/strong> Sekretar<\/p>\n<p style=\"\">Kledi Kodra<\/p>\n<p style=\"\"><strong>Kompania:<\/strong> Grant Thornton Shpk<\/p>\n<p style=\"\"><strong>Roli:<\/strong> P\u00ebrgjegj\u00ebs p\u00ebr Thesarin<\/p>\n<p style=\"\">Elton \u00c7ollaku<\/p>\n<p><strong>Kompania:<\/strong> Financial Union Tirana \/ Western Union<\/p>\n<p style=\"\">P\u00ebllumb Kallaba<\/p>\n<p style=\"\"><strong>Kompania:<\/strong> CWP Europe (Eralb Invest)<\/p>\n<p style=\"\">Rovena Dhroso<\/p>\n<p style=\"\"><strong>Kompania:<\/strong> Novartis<\/p>\n<p style=\"\">\n<h2 style=\"\" id=\"t-1759324657849\">Ekipi i Dhom\u00ebs Amerikane<\/h2>\n<p style=\"\">Neritan Mullaj<\/p>\n<p style=\"\"><strong>Roli:<\/strong> Drejtor Ekzekutiv<\/p>\n<p style=\"\"><strong>Email:&nbsp;<\/strong>neritan.mullaj@amcham.com.al<\/p>\n<p style=\"\">Fotini Harispapa<\/p>\n<p><strong>Roli:<\/strong> Menaxhere An\u00ebtar\u00ebsimi dhe Financave<\/p>\n<p><strong>Email:&nbsp;<\/strong>fotini.harispapa@amcham.com.al<\/p>\n<p style=\"\">Detiona Troka<\/p>\n<p><strong>Roli:<\/strong> Menaxher i Politikave dhe Avokimit<\/p>\n<p><strong>Email:&nbsp;<\/strong>detiona.troka@amcham.com.al<\/p>\n<p style=\"\">Brikena Kamenica<\/p>\n<p><strong>Roli:<\/strong> Menaxhere e Komunikimit dhe Eventeve<\/p>\n<p><strong>Email:&nbsp;<\/strong>brikena.kamenica@amcham.com.al<\/p>\n<p style=\"\">Ropi Miti<\/p>\n<p><strong>Roli:<\/strong> Zhvillues Biznesi dhe Menaxher Projektesh<\/p>\n<p><strong>Email:&nbsp;<\/strong>ropi.miti@amcham.com.al<\/p>\n<p style=\"\">Gerta Do\u00e7i<\/p>\n<p><strong>Roli:<\/strong> Koordinatore e Dixhitalizimit dhe Inovacionit<\/p>\n<p><strong>Email:&nbsp;<\/strong>gerta.doci@amcham.com.al<\/p>\n<p style=\"\">Gabriela Selmanaj<\/p>\n<p><strong>Role:<\/strong> Koordinatore e Zyr\u00ebs<\/p>\n<p><strong>Email:&nbsp;<\/strong>info@amcham.com.al<\/p>\n<p><span><img decoding=\"async\" alt=\"\" data-id=\"81067\" width=\"38\" data-init-width=\"57\" height=\"31\" data-init-height=\"46\" title=\"Screenshot 2025-09-30 154356\" loading=\"lazy\" src=\"https:\/\/amcham.com.al\/wp-content\/uploads\/2025\/09\/Screenshot-2025-09-30-154356.png\" data-width=\"38\" data-height=\"31\" style=\"aspect-ratio: auto 57 \/ 46;\"><\/span><\/p>\n<h2 style=\"\" id=\"t-1759324657855\" data-alt-text=\"Statuti\">Rregullorja aktuale e Dhom\u00ebs Amerikane t\u00eb Tregtis\u00eb n\u00eb Shqip\u00ebri &#8211; Anglisht<\/h2>\n","protected":false},"excerpt":{"rendered":"<p>AmCham Albania \u00ebsht\u00eb z\u00ebri i interesave t\u00eb bizneseve amerikane dhe shqiptare n\u00eb Shqip\u00ebri. Ne jemi z\u00ebri i komunitetit t\u00eb biznesit, duke punuar p\u00ebr t\u00eb form\u00ebsuar politikat ekonomike, p\u00ebr t\u00eb nxitur inovacionin dhe p\u00ebr t\u00eb mb\u00ebshtetur kompanit\u00eb e t\u00eb gjitha madh\u00ebsive. AmChams n\u00eb Evrop\u00eb Q\u00eb nga viti 2005, Dhoma Amerikane e Tregtis\u00eb n\u00eb Shqip\u00ebri (AmCham Albania) [&hellip;]<\/p>\n","protected":false},"author":6,"featured_media":82385,"parent":0,"menu_order":0,"comment_status":"closed","ping_status":"closed","template":"","meta":{"_acf_changed":false,"_seopress_robots_primary_cat":"","_seopress_titles_title":"About AmCham Albania","_seopress_titles_desc":"Learn more about AmCham Albania, committed to fostering business relations between the US and Albania, priorities and ethical business standards.","_seopress_robots_index":"","inline_featured_image":false,"footnotes":""},"class_list":["post-30063","page","type-page","status-publish","has-post-thumbnail","hentry","post-wrapper","thrv_wrapper"],"acf":[],"_links":{"self":[{"href":"https:\/\/amcham.com.al\/sq\/wp-json\/wp\/v2\/pages\/30063","targetHints":{"allow":["GET"]}}],"collection":[{"href":"https:\/\/amcham.com.al\/sq\/wp-json\/wp\/v2\/pages"}],"about":[{"href":"https:\/\/amcham.com.al\/sq\/wp-json\/wp\/v2\/types\/page"}],"author":[{"embeddable":true,"href":"https:\/\/amcham.com.al\/sq\/wp-json\/wp\/v2\/users\/6"}],"replies":[{"embeddable":true,"href":"https:\/\/amcham.com.al\/sq\/wp-json\/wp\/v2\/comments?post=30063"}],"version-history":[{"count":0,"href":"https:\/\/amcham.com.al\/sq\/wp-json\/wp\/v2\/pages\/30063\/revisions"}],"wp:featuredmedia":[{"embeddable":true,"href":"https:\/\/amcham.com.al\/sq\/wp-json\/wp\/v2\/media\/82385"}],"wp:attachment":[{"href":"https:\/\/amcham.com.al\/sq\/wp-json\/wp\/v2\/media?parent=30063"}],"curies":[{"name":"wp","href":"https:\/\/api.w.org\/{rel}","templated":true}]}}