{"id":28915,"date":"2017-09-27T08:29:29","date_gmt":"2017-09-27T06:29:29","guid":{"rendered":"https:\/\/amcham.com.al\/contact-us\/"},"modified":"2025-10-28T12:39:27","modified_gmt":"2025-10-28T11:39:27","slug":"kontakti","status":"publish","type":"page","link":"https:\/\/amcham.com.al\/sq\/kontakti\/","title":{"rendered":"Kontakti"},"content":{"rendered":"<h2 style=\"\">Na Kontaktoni<\/h2>\n<p style=\"\">Na kontaktoni me email, telefon ose plot\u00ebsoni formularin p\u00ebr t\u00eb zbuluar se si Bima mund t&#8217;i adresoj\u00eb n\u00eb m\u00ebnyr\u00eb efektive sfidat tuaja t\u00eb menaxhimit dhe qeverisjes s\u00eb cloud-it me zgjidhje t\u00eb personalizuara.<\/p>\n<p style=\"\"><strong>Rr. Ibrahim Rugova, Sky Tower, Suite 11-3, Tirana, Albania<\/strong><\/p>\n<p style=\"\"><strong>+355 (0)4 2259779<\/strong><\/p>\n<p style=\"\"><strong><span data-attr-enable_email=\"1\" data-attr-id=\"5\" data-extra_key=\"1\" data-option-inline=\"1\" data-shortcode=\"thrive_global_fields\" data-shortcode-name=\"[Company] Email address\" data-attr-static-link=\"{&quot;className&quot;:&quot;&quot;,&quot;class&quot;:&quot;&quot;,&quot;href&quot;:&quot;mailto:info@amcham.com.al&quot;,&quot;style&quot;:&quot;&quot;,&quot;data-css&quot;:&quot;tve-u-19a10cf1d85&quot;}\"><a href=\"mailto:info@amcham.com.al\" style=\"\">info@amcham.com.al<\/a><\/span><\/strong><\/p>\n<div class='fluentform ff-default fluentform_wrapper_5 ffs_default_wrap'><form data-form_id=\"5\" id=\"fluentform_5\" class=\"frm-fluent-form fluent_form_5 ff-el-form-top ff_form_instance_5_1 ff-form-loading ffs_default\" data-form_instance=\"ff_form_instance_5_1\" method=\"POST\" ><fieldset  style=\"border: none!important;margin: 0!important;padding: 0!important;background-color: transparent!important;box-shadow: none!important;outline: none!important; min-inline-size: 100%;\">\n                    <legend class=\"ff_screen_reader_title\" style=\"display: block; margin: 0!important;padding: 0!important;height: 0!important;text-indent: -999999px;width: 0!important;overflow:hidden;\">Contact Form Shqip<\/legend><p style=\"display: none !important;\" class=\"akismet-fields-container\" data-prefix=\"ak_\"><label>&#916;<textarea name=\"ak_hp_textarea\" cols=\"45\" rows=\"8\" maxlength=\"100\"><\/textarea><\/label><input type=\"hidden\" id=\"ak_js_1\" name=\"ak_js\" value=\"184\"\/><script type=\"text\/javascript\">\n\/* <![CDATA[ *\/\ndocument.getElementById( \"ak_js_1\" ).setAttribute( \"value\", ( new Date() ).getTime() );\n\/* ]]> *\/\n<\/script>\n<\/p><input type='hidden' name='__fluent_form_embded_post_id' value='28915' \/><input type=\"hidden\" id=\"_fluentform_5_fluentformnonce\" name=\"_fluentform_5_fluentformnonce\" value=\"87085e6867\" \/><input type=\"hidden\" name=\"_wp_http_referer\" value=\"\/sq\/wp-json\/wp\/v2\/pages\/28915\" \/><div data-type=\"name-element\" data-name=\"names\" class=\" ff-field_container ff-name-field-wrapper\" ><div class='ff-t-container'><div class='ff-t-cell '><div class='ff-el-group'><div class=\"ff-el-input--label ff-el-is-required asterisk-right\"><label for='ff_5_names_first_name_' id='label_ff_5_names_first_name_' >Emri<\/label><\/div><div class='ff-el-input--content'><input type=\"text\" name=\"names[first_name]\" id=\"ff_5_names_first_name_\" class=\"ff-el-form-control\" placeholder=\"Emri\" aria-invalid=\"false\" aria-required=true><\/div><\/div><\/div><div class='ff-t-cell '><div class='ff-el-group'><div class=\"ff-el-input--label ff-el-is-required asterisk-right\"><label for='ff_5_names_last_name_' id='label_ff_5_names_last_name_' >Mbiemri<\/label><\/div><div class='ff-el-input--content'><input type=\"text\" name=\"names[last_name]\" id=\"ff_5_names_last_name_\" class=\"ff-el-form-control\" placeholder=\"Mbiemri\" aria-invalid=\"false\" aria-required=true><\/div><\/div><\/div><\/div><\/div><div class='ff-el-group'><div class=\"ff-el-input--label ff-el-is-required asterisk-right\"><label for='ff_5_input_text_1' id='label_ff_5_input_text_1' aria-label=\"Telefoni\">Telefoni<\/label><\/div><div class='ff-el-input--content'><input type=\"text\" name=\"input_text_1\" class=\"ff-el-form-control\" placeholder=\"Tel\" data-name=\"input_text_1\" id=\"ff_5_input_text_1\"  aria-invalid=\"false\" aria-required=true><\/div><\/div><div class='ff-el-group'><div class=\"ff-el-input--label ff-el-is-required asterisk-right\"><label for='ff_5_email_1' id='label_ff_5_email_1' aria-label=\"Email\">Email<\/label><\/div><div class='ff-el-input--content'><input type=\"email\" name=\"email_1\" id=\"ff_5_email_1\" class=\"ff-el-form-control\" placeholder=\"Email\" data-name=\"email_1\"  aria-invalid=\"false\" aria-required=true><\/div><\/div><div class='ff-el-group'><div class=\"ff-el-input--label ff-el-is-required asterisk-right\"><label for='ff_5_input_text_2' id='label_ff_5_input_text_2' aria-label=\"Emri Kompanis\u00eb\">Emri Kompanis\u00eb<\/label><\/div><div class='ff-el-input--content'><input type=\"text\" name=\"input_text_2\" class=\"ff-el-form-control\" placeholder=\"Emri Kompanis\u00eb\" data-name=\"input_text_2\" id=\"ff_5_input_text_2\"  aria-invalid=\"false\" aria-required=true><\/div><\/div><div class='ff-el-group'><div class=\"ff-el-input--label ff-el-is-required asterisk-right\"><label for='ff_5_input_text_3' id='label_ff_5_input_text_3' aria-label=\"NIPT\">NIPT<\/label><\/div><div class='ff-el-input--content'><input type=\"text\" name=\"input_text_3\" class=\"ff-el-form-control\" placeholder=\"NIPT\" data-name=\"input_text_3\" id=\"ff_5_input_text_3\"  aria-invalid=\"false\" aria-required=true><\/div><\/div><div class='ff-el-group'><div class=\"ff-el-input--label ff-el-is-required asterisk-right\"><label for='ff_5_dropdown' id='label_ff_5_dropdown' aria-label=\"Madh\u00ebsia Kompanis\u00eb\">Madh\u00ebsia Kompanis\u00eb<\/label><\/div><div class='ff-el-input--content'><select name=\"dropdown\" id=\"ff_5_dropdown\" class=\"ff-el-form-control\" data-name=\"dropdown\" data-calc_value=\"0\"  aria-invalid=\"false\" aria-required=\"true\" aria-labelledby=\"label_ff_5_dropdown\"><option value=\"\">- Zgjidh -<\/option><option value=\"1-5\"  >1-5<\/option><option value=\"5-10\"  >5-10<\/option><option value=\"10-15\"  >10-15<\/option><option value=\"15-20\"  >15-20<\/option><option value=\"20+\"  >20+<\/option><option value=\"50+\"  >50+<\/option><option value=\"100+\"  >100+<\/option><\/select><\/div><\/div><div class='ff-el-group'><div class=\"ff-el-input--label asterisk-right\"><label for='ff_5_description' id='label_ff_5_description' aria-label=\"Si d\u00ebgjuat p\u00ebr her\u00eb t\u00eb par\u00eb p\u00ebr ne?\">Si d\u00ebgjuat p\u00ebr her\u00eb t\u00eb par\u00eb p\u00ebr ne?<\/label><\/div><div class='ff-el-input--content'><textarea aria-required=\"false\" aria-labelledby=\"label_ff_5_description\" name=\"description\" id=\"ff_5_description\" class=\"ff-el-form-control\" placeholder=\"Si d\u00ebgjuat p\u00ebr her\u00eb t\u00eb par\u00eb p\u00ebr ne\" rows=\"3\" cols=\"2\" data-name=\"description\" ><\/textarea><\/div><\/div><div class='ff-el-group ff-text-left ff_submit_btn_wrapper'><button type=\"submit\" class=\"ff-btn ff-btn-submit ff-btn-md ff_btn_style wpf_has_custom_css\"  aria-label=\"Submit Form\">Submit Form<\/button><\/div><\/fieldset><\/form><div id='fluentform_5_errors' class='ff-errors-in-stack ff_form_instance_5_1 ff-form-loading_errors ff_form_instance_5_1_errors'><\/div><\/div>            <script type=\"text\/javascript\">\n                window.fluent_form_ff_form_instance_5_1 = {\"id\":\"5\",\"ajaxUrl\":\"https:\\\/\\\/amcham.com.al\\\/wp-admin\\\/admin-ajax.php\",\"settings\":{\"layout\":{\"labelPlacement\":\"top\",\"asteriskPlacement\":\"asterisk-right\",\"helpMessagePlacement\":\"with_label\",\"errorMessagePlacement\":\"inline\",\"cssClassName\":\"\"},\"restrictions\":{\"denyEmptySubmission\":{\"enabled\":false}}},\"form_instance\":\"ff_form_instance_5_1\",\"form_id_selector\":\"fluentform_5\",\"rules\":{\"names[first_name]\":{\"required\":{\"value\":true,\"message\":\"This field is required\",\"global\":true,\"global_message\":\"This field is required\"}},\"names[middle_name]\":{\"required\":{\"value\":false,\"message\":\"This field is required\",\"global\":true,\"global_message\":\"This field is required\"}},\"names[last_name]\":{\"required\":{\"value\":true,\"message\":\"This field is required\",\"global\":true,\"global_message\":\"This field is required\"}},\"input_text_1\":{\"required\":{\"value\":true,\"message\":\"This field is required\",\"global\":true,\"global_message\":\"This field is required\"}},\"email_1\":{\"required\":{\"value\":true,\"message\":\"This field is required\",\"global_message\":\"This field is required\",\"global\":true},\"email\":{\"value\":true,\"message\":\"This field must contain a valid email\",\"global_message\":\"This field must contain a valid email\",\"global\":true}},\"input_text_2\":{\"required\":{\"value\":true,\"message\":\"This field is required\",\"global\":true,\"global_message\":\"This field is required\"}},\"input_text_3\":{\"required\":{\"value\":true,\"message\":\"This field is required\",\"global\":true,\"global_message\":\"This field is required\"}},\"dropdown\":{\"required\":{\"value\":true,\"message\":\"This field is required\",\"global_message\":\"This field is required\",\"global\":true}},\"description\":{\"required\":{\"value\":false,\"message\":\"This field is required\",\"global_message\":\"This field is required\",\"global\":true}}},\"debounce_time\":300};\n                            <\/script>\n            \n<h2 style=\"\">Na gjeni n\u00eb hart\u00eb<\/h2>\n","protected":false},"excerpt":{"rendered":"<p>Na Kontaktoni Na kontaktoni me email, telefon ose plot\u00ebsoni formularin p\u00ebr t\u00eb zbuluar se si Bima mund t&#8217;i adresoj\u00eb n\u00eb m\u00ebnyr\u00eb efektive sfidat tuaja t\u00eb menaxhimit dhe qeverisjes s\u00eb cloud-it me zgjidhje t\u00eb personalizuara. Rr. Ibrahim Rugova, Sky Tower, Suite 11-3, Tirana, Albania +355 (0)4 2259779 info@amcham.com.al Na gjeni n\u00eb hart\u00eb<\/p>\n","protected":false},"author":5,"featured_media":37016,"parent":0,"menu_order":0,"comment_status":"closed","ping_status":"closed","template":"","meta":{"_acf_changed":false,"_seopress_robots_primary_cat":"","_seopress_titles_title":"AmCham Albania Contact","_seopress_titles_desc":"Address:\r\nRr. Ibrahim Rugova, Sky Tower, Suite 11-3, Tirana, Albania;  \r\nPhone:\r\n+355 (0)4 2259779","_seopress_robots_index":"","inline_featured_image":false,"footnotes":"","tve_updated_post":"<div id=\"__tcb_wrap__\"><div class=\"thrv_wrapper thrv-page-section tve-height-update\" data-css=\"tve-u-19a0c0c4d80\" style=\"\">\n\t<div class=\"tve-page-section-out\" style=\"\" data-css=\"tve-u-19a0c0c4d81\"><\/div>\n\t<div class=\"tve-page-section-in tve_empty_dropzone\" data-css=\"tve-u-19a0c0c4d7f\" style=\"\"><div class=\"thrv_wrapper thrv-columns\" style=\"--tcb-col-el-width: 764.667;\"><div class=\"tcb-flex-row v-2 tcb-resized tcb--cols--2\"><div class=\"tcb-flex-col\" data-css=\"tve-u-19a0c0c4d8b\" style=\"\"><div class=\"tcb-col\" data-css=\"tve-u-19a0c0c4d91\" style=\"\"><div class=\"thrv_wrapper thrv_text_element\"><h2 data-css=\"tve-u-19a0c0c4d82\" style=\"\" class=\"\">Na Kontaktoni<\/h2><\/div><div class=\"thrv_wrapper thrv_text_element\">\t<p style=\"\" data-css=\"tve-u-19a0c0c4d83\">Na kontaktoni me email, telefon ose plot\u00ebsoni formularin p\u00ebr t\u00eb zbuluar se si Bima mund t'i adresoj\u00eb n\u00eb m\u00ebnyr\u00eb efektive sfidat tuaja t\u00eb menaxhimit dhe qeverisjes s\u00eb cloud-it me zgjidhje t\u00eb personalizuara.<\/p><\/div><div class=\"thrv_wrapper thrv-columns\" style=\"--tcb-col-el-width: 374.833;\" data-css=\"tve-u-19a0c0c4d85\"><div class=\"tcb-flex-row v-2 tcb-resized tcb--cols--2\" data-css=\"tve-u-19a0c0c4d84\" style=\"\"><div class=\"tcb-flex-col c-33\" style=\"\" data-css=\"tve-u-19a0c0c4d88\"><div class=\"tcb-col\" data-css=\"tve-u-19a0c0c4d8e\" style=\"\"><div class=\"tcb-clear\" data-css=\"tve-u-19a0c0c4d87\"><div class=\"thrv_wrapper thrv_icon tcb-icon-display tcb-local-vars-root\" data-css=\"tve-u-19a0c0c4d86\" style=\"\"><svg class=\"tcb-icon tcb-local-vars-root\" viewBox=\"0 0 24 24\" data-id=\"icon-domain-solid\" data-name=\"\" style=\"\"><path d=\"M18,15H16V17H18M18,11H16V13H18M20,19H12V17H14V15H12V13H14V11H12V9H20M10,7H8V5H10M10,11H8V9H10M10,15H8V13H10M10,19H8V17H10M6,7H4V5H6M6,11H4V9H6M6,15H4V13H6M6,19H4V17H6M12,7V3H2V21H22V7H12Z\"><\/path><\/svg><\/div><\/div><\/div><\/div><div class=\"tcb-flex-col c-66\" style=\"\" data-css=\"tve-u-19a0c0c4d89\"><div class=\"tcb-col\" data-css=\"tve-u-19a0c0c4d8d\" style=\"\"><div class=\"thrv_wrapper thrv_text_element\">\t<p style=\"\" data-css=\"tve-u-19a0c0c4d8a\"><strong>Rr. Ibrahim Rugova, Sky Tower, Suite 11-3, Tirana, Albania<\/strong><\/p><\/div><\/div><\/div><\/div><\/div><div class=\"thrv_wrapper thrv-columns\" style=\"--tcb-col-el-width: 374.833;\" data-css=\"tve-u-19a0c0c4d85\"><div class=\"tcb-flex-row v-2 tcb-resized tcb--cols--2\" data-css=\"tve-u-19a0c0c4d84\" style=\"\"><div class=\"tcb-flex-col c-33\" style=\"\" data-css=\"tve-u-19a0c0c4d88\"><div class=\"tcb-col\" data-css=\"tve-u-19a0c0c4d8e\" style=\"\"><div class=\"tcb-clear\" data-css=\"tve-u-19a0c0c4d87\"><div class=\"thrv_wrapper thrv_icon tcb-icon-display tcb-local-vars-root\" data-css=\"tve-u-19a0c0c4d86\" style=\"\"><svg class=\"tcb-icon\" viewBox=\"0 0 24 24\" data-id=\"icon-local_phone-duotone\" data-name=\"\"><path fill=\"none\" d=\"M0 0h24v24H0V0z\"><\/path><path opacity=\".3\" d=\"M19 17.47c-.88-.07-1.75-.22-2.6-.45l-1.19 1.19c1.2.41 2.48.67 3.8.75v-1.49zM6.99 7.59c-.24-.83-.39-1.7-.45-2.59h-1.5c.09 1.32.35 2.59.75 3.8l1.2-1.21z\"><\/path><path d=\"M3 4c0 9.39 7.61 17 17 17 .55 0 1-.45 1-1v-3.49c0-.55-.45-1-1-1-1.24 0-2.45-.2-3.57-.57-.1-.04-.21-.05-.31-.05-.26 0-.51.1-.71.29l-2.2 2.2c-2.83-1.45-5.15-3.76-6.59-6.59l2.2-2.2c.28-.28.36-.67.25-1.02C8.7 6.45 8.5 5.25 8.5 4c0-.55-.45-1-1-1H4c-.55 0-1 .45-1 1zm13.4 13.02c.85.24 1.72.39 2.6.45v1.49c-1.32-.09-2.59-.35-3.8-.75l1.2-1.19zM6.54 5c.06.89.21 1.76.45 2.59l-1.2 1.2c-.41-1.2-.67-2.47-.76-3.79h1.51z\"><\/path><\/svg><\/div><\/div><\/div><\/div><div class=\"tcb-flex-col c-66\" style=\"\" data-css=\"tve-u-19a0c0c4d89\"><div class=\"tcb-col\" data-css=\"tve-u-19a0c0c4d8d\" style=\"\"><div class=\"thrv_wrapper thrv_text_element\">\t<p style=\"\" data-css=\"tve-u-19a0c0c4d8a\"><strong>+355 (0)4 2259779<\/strong><\/p><\/div><\/div><\/div><\/div><\/div><div class=\"thrv_wrapper thrv-columns\" style=\"--tcb-col-el-width: 374.833;\" data-css=\"tve-u-19a0c0c4d85\"><div class=\"tcb-flex-row v-2 tcb-resized tcb--cols--2\" data-css=\"tve-u-19a0c0c4d84\" style=\"\"><div class=\"tcb-flex-col c-33\" style=\"\" data-css=\"tve-u-19a0c0c4d88\"><div class=\"tcb-col\" data-css=\"tve-u-19a0c0c4d8e\" style=\"\"><div class=\"tcb-clear\" data-css=\"tve-u-19a0c0c4d87\"><div class=\"thrv_wrapper thrv_icon tcb-icon-display tcb-local-vars-root\" data-css=\"tve-u-19a0c0c4d86\" style=\"\"><svg class=\"tcb-icon\" viewBox=\"0 0 24 24\" data-id=\"icon-mail_outline-duotone\" data-name=\"\"><path fill=\"none\" d=\"M0 0h24v24H0V0z\"><\/path><path d=\"M20 4H4c-1.1 0-1.99.9-1.99 2L2 18c0 1.1.9 2 2 2h16c1.1 0 2-.9 2-2V6c0-1.1-.9-2-2-2zm0 14H4V8l8 5 8-5v10zm-8-7L4 6h16l-8 5z\"><\/path><\/svg><\/div><\/div><\/div><\/div><div class=\"tcb-flex-col c-66\" style=\"\" data-css=\"tve-u-19a0c0c4d89\"><div class=\"tcb-col\" data-css=\"tve-u-19a0c0c4d8d\" style=\"\"><div class=\"thrv_wrapper thrv_text_element\"><p style=\"\" data-css=\"tve-u-19a10cef994\"><strong><span class=\"thrive-shortcode-content\" data-attr-enable_email=\"1\" data-attr-id=\"5\" data-extra_key=\"1\" data-option-inline=\"1\" data-shortcode=\"thrive_global_fields\" data-shortcode-name=\"[Company] Email address\" data-attr-static-link=\"{&quot;className&quot;:&quot;&quot;,&quot;class&quot;:&quot;&quot;,&quot;href&quot;:&quot;mailto:info@amcham.com.al&quot;,&quot;style&quot;:&quot;&quot;,&quot;data-css&quot;:&quot;tve-u-19a10cf1d85&quot;}\">[thrive_global_fields enable_email='1' id='5' inline='1' static-link='{\"className\":\"\",\"class\":\"\",\"href\":\"mailto:info@amcham.com.al\",\"style\":\"\",\"data-css\":\"tve-u-19a10cf1d85\"}' link-css-attr=\"tve-u-19a10cf1d85\"]<\/span><\/strong><\/p><\/div><\/div><\/div><\/div><\/div><\/div><\/div><div class=\"tcb-flex-col\" data-css=\"tve-u-19a0c0c4d8c\" style=\"\"><div class=\"tcb-col\" data-css=\"tve-u-19a0c0c4d8f\" style=\"\"><div class=\"thrv_wrapper thrv_contentbox_shortcode thrv-content-box tve-elem-default-pad\">\n\t<div class=\"tve-content-box-background\" style=\"\" data-css=\"tve-u-19a0c0c4d90\"><\/div>\n\t<div class=\"tve-cb\"><div class=\"thrv_wrapper thrv_custom_html_shortcode\">[fluentform id=\"5\"]<\/div><\/div>\n<\/div><\/div><\/div><\/div><\/div><\/div>\n<\/div><div class=\"thrv_wrapper thrv-page-section tve-height-update\">\n\t<div class=\"tve-page-section-out\"><\/div>\n\t<div class=\"tve-page-section-in tve_empty_dropzone\" data-css=\"tve-u-19a0c0cb486\"><div class=\"thrv_wrapper thrv_text_element\" data-css=\"tve-u-19a0c0cb485\" style=\"\"><h2 class=\"\" data-css=\"tve-u-19a0c0cb484\" style=\"\">Na gjeni n\u00eb hart\u00eb<\/h2><\/div><div class=\"thrv_wrapper thrv-google-map-embedded-code tve-flexible-container\" data-css=\"tve-u-19a0c0cb483\" style=\"\">\n<iframe title=\"Google Map\" frameborder=\"0\" scrolling=\"no\" marginheight=\"0\" marginwidth=\"0\" src=\"https:\/\/www.google.com\/maps\/embed\/v1\/place?key={{THRIVE_GOOGLE_MAPS_API_EMBEDDED_KEY}}&amp;q=Rr.%20Ibrahim%20Rugova%2C%20Sky%20Tower%2C%20Suite%2011-3%2C%20Tirana%2C%20Albania&amp;zoom=14\"><\/iframe>\n<\/div><\/div>\n<\/div><\/div>","tve_custom_css":"@media (min-width: 300px){[data-css=\"tve-u-19a0c0c4d7f\"] { min-width: auto; max-width: 1080px; }[data-css=\"tve-u-19a0c0c4d80\"] { --tve-border-radius: 20px; border-radius: 20px; border: none; --tve-applied-border: none; padding-left: 60px !important; padding-right: 60px !important; margin-left: 40px !important; margin-right: 40px !important; }[data-css=\"tve-u-19a0c0c4d80\"] .tve-page-section-in { justify-content: center; display: flex; flex-direction: column; }[data-css=\"tve-u-19a0c0c4d81\"] { background-image: linear-gradient(0deg, rgb(255, 243, 241) 0%, rgb(236, 242, 248) 100%) !important; background-size: auto !important; background-position: 50% 50% !important; background-attachment: scroll !important; background-repeat: no-repeat !important; --background-image: linear-gradient(0deg,rgb(255,243,241) 0%,rgb(236,242,248) 100%) !important; --background-size: auto !important; --background-position: 50% 50% !important; --background-attachment: scroll !important; --background-repeat: no-repeat !important; --tve-applied-background-image: linear-gradient(0deg,rgb(255,243,241) 0%,rgb(236,242,248) 100%) !important; }:not(#tve) [data-css=\"tve-u-19a0c0c4d82\"] { padding-bottom: 0px !important; margin-bottom: 0px !important; font-size: 42px !important; }:not(#tve) [data-css=\"tve-u-19a0c0c4d83\"] { padding-bottom: 0px !important; margin-bottom: 0px !important; }[data-css=\"tve-u-19a0c0c4d84\"] { padding-top: 0px !important; padding-bottom: 0px !important; margin-left: 0px !important; }[data-css=\"tve-u-19a0c0c4d85\"] { margin-top: 0px !important; }[data-css=\"tve-u-19a0c0c4d84\"] > .tcb-flex-col { padding-left: 0px; }[data-css=\"tve-u-19a0c0c4d86\"] { font-size: 20px; margin-left: auto; margin-right: auto; width: 20px; height: 20px; --tcb-local-color-icon: var(--tcb-color-2); --tcb-local-color-var: var$(--tcb-color-2); --tve-icon-size: 20px; float: left; z-index: 3; position: relative; --tve-alignment: left; margin-top: 0px !important; margin-bottom: 0px !important; }[data-css=\"tve-u-19a0c0c4d87\"]::after { clear: both; }[data-css=\"tve-u-19a0c0c4d88\"] { max-width: 7.79805%; }[data-css=\"tve-u-19a0c0c4d89\"] { max-width: 92.1994%; }:not(#tve) [data-css=\"tve-u-19a0c0c4d8a\"] { font-size: 14px !important; padding-bottom: 0px !important; margin-bottom: 0px !important; }[data-css=\"tve-u-19a0c0c4d8b\"] { max-width: 40%; }[data-css=\"tve-u-19a0c0c4d8c\"] { max-width: 60%; }[data-css=\"tve-u-19a0c0c4d8d\"] { justify-content: center !important; }:not(#tve) [data-css=\"tve-u-19a0c0c4d86\"] > :first-child { color: var(--tcb-color-2); --tve-applied-color: var$(--tcb-color-2); }[data-css=\"tve-u-19a0c0c4d8e\"] { justify-content: center !important; }[data-css=\"tve-u-19a0c0c4d8f\"] { justify-content: center !important; }[data-css=\"tve-u-19a0c0c4d90\"] { --tve-border-radius: 20px; border-radius: 20px; background-image: linear-gradient(var(--tcb-color-1),var(--tcb-color-1)) !important; background-size: auto !important; background-position: 50% 50% !important; background-attachment: scroll !important; background-repeat: no-repeat !important; --background-image: linear-gradient(var(--tcb-color-1),var(--tcb-color-1)) !important; --background-size: auto auto !important; --background-position: 50% 50% !important; --background-attachment: scroll !important; --background-repeat: no-repeat !important; --tve-applied-background-image: linear-gradient(var$(--tcb-color-1),var$(--tcb-color-1)) !important; }[data-css=\"tve-u-19a0c0c4d91\"] { justify-content: center !important; }[data-css=\"tve-u-19a0c0cb483\"] { height: 100vh; width: 90%; --tve-alignment: center; float: none; margin-bottom: 0px !important; margin-left: auto !important; margin-right: auto !important; }:not(#tve) [data-css=\"tve-u-19a0c0cb484\"] { padding-bottom: 0px !important; margin-bottom: 0px !important; font-size: 42px !important; }[data-css=\"tve-u-19a0c0cb485\"] { margin-left: 60px !important; margin-right: 60px !important; margin-top: 40px !important; }[data-css=\"tve-u-19a0c0cb486\"] { min-width: auto; }:not(#tve) [data-css=\"tve-u-19a10cef994\"] { font-size: 14px !important; padding-bottom: 0px !important; margin-bottom: 0px !important; }:not(#tve) [data-css=\"tve-u-19a10cf1d85\"] { font-size: 14px !important; font-weight: var(--g-bold-weight,bold) !important; }}@media (max-width: 1023px){[data-css=\"tve-u-19a0c0c4d80\"] { margin-left: 40px !important; margin-right: 40px !important; padding-left: 20px !important; padding-right: 20px !important; }[data-css=\"tve-u-19a0c0c4d8b\"] { max-width: 50%; }[data-css=\"tve-u-19a0c0c4d8c\"] { max-width: 50%; }}@media (max-width: 767px){[data-css=\"tve-u-19a0c0c4d80\"] { margin-left: 10px !important; margin-right: 10px !important; padding-left: 10px !important; padding-right: 10px !important; }[data-css=\"tve-u-19a0c0cb485\"] { margin-left: 10px !important; margin-right: 10px !important; }}","tve_user_custom_css":"","tve_globals":{"e":"1","font_cls":[]},"tcb2_ready":1,"tcb_editor_enabled":1,"tve_landing_page":"","_tve_header":"","_tve_footer":""},"class_list":["post-28915","page","type-page","status-publish","has-post-thumbnail","hentry","post-wrapper","thrv_wrapper"],"acf":[],"_links":{"self":[{"href":"https:\/\/amcham.com.al\/sq\/wp-json\/wp\/v2\/pages\/28915","targetHints":{"allow":["GET"]}}],"collection":[{"href":"https:\/\/amcham.com.al\/sq\/wp-json\/wp\/v2\/pages"}],"about":[{"href":"https:\/\/amcham.com.al\/sq\/wp-json\/wp\/v2\/types\/page"}],"author":[{"embeddable":true,"href":"https:\/\/amcham.com.al\/sq\/wp-json\/wp\/v2\/users\/5"}],"replies":[{"embeddable":true,"href":"https:\/\/amcham.com.al\/sq\/wp-json\/wp\/v2\/comments?post=28915"}],"version-history":[{"count":0,"href":"https:\/\/amcham.com.al\/sq\/wp-json\/wp\/v2\/pages\/28915\/revisions"}],"wp:featuredmedia":[{"embeddable":true,"href":"https:\/\/amcham.com.al\/sq\/wp-json\/wp\/v2\/media\/37016"}],"wp:attachment":[{"href":"https:\/\/amcham.com.al\/sq\/wp-json\/wp\/v2\/media?parent=28915"}],"curies":[{"name":"wp","href":"https:\/\/api.w.org\/{rel}","templated":true}]}}